{"id":5894,"date":"2018-04-20T01:50:46","date_gmt":"2018-04-19T23:50:46","guid":{"rendered":"http:\/\/work25.lichtstark.com\/rb_wp\/?post_type=product&#038;p=5894"},"modified":"2019-02-04T11:14:13","modified_gmt":"2019-02-04T10:14:13","slug":"gutschein-fuer-eine-schlossmuseumsfuehrung","status":"publish","type":"product","link":"http:\/\/work25.lichtstark.com\/rb_wp\/produkt\/gutschein-fuer-eine-schlossmuseumsfuehrung\/","title":{"rendered":"Gutschein f\u00fcr eine Schlossmuseumsf\u00fchrung"},"content":{"rendered":"<p>Gutschein f\u00fcr eine Schlossmuseumsf\u00fchrung.<\/p>\n<p>Schlossmuseum: Prunkvolle S\u00e4le, faszinierende Waffen, kostbare Kunstwerke, spannende Geschichten<br \/>\n<em>Erwachsener 4 \u20ac, Kind 4 \u20ac (6-15 Jahre, frei f\u00fcr unter 6 Jahre), Familie 12 \u20ac (max. 2 Erwachsene und 2 Kinder)<\/em><\/p>\n","protected":false},"excerpt":{"rendered":"<p>Gutschein f\u00fcr eine Schlossmuseumsf\u00fchrung. Schlossmuseum: Prunkvolle S\u00e4le, faszinierende Waffen, kostbare Kunstwerke, spannende Geschichten Erwachsener 4 \u20ac, Kind 4 \u20ac (6-15 Jahre, frei f\u00fcr unter 6 Jahre), Familie 12 \u20ac (max. 2 Erwachsene und 2 Kinder)<\/p>\n","protected":false},"featured_media":6103,"template":"","meta":[],"_links":{"self":[{"href":"http:\/\/work25.lichtstark.com\/rb_wp\/wp-json\/wp\/v2\/product\/5894"}],"collection":[{"href":"http:\/\/work25.lichtstark.com\/rb_wp\/wp-json\/wp\/v2\/product"}],"about":[{"href":"http:\/\/work25.lichtstark.com\/rb_wp\/wp-json\/wp\/v2\/types\/product"}],"wp:featuredmedia":[{"embeddable":true,"href":"http:\/\/work25.lichtstark.com\/rb_wp\/wp-json\/wp\/v2\/media\/6103"}],"wp:attachment":[{"href":"http:\/\/work25.lichtstark.com\/rb_wp\/wp-json\/wp\/v2\/media?parent=5894"}],"curies":[{"name":"wp","href":"https:\/\/api.w.org\/{rel}","templated":true}]}}