{"id":13945,"date":"2020-12-10T09:16:07","date_gmt":"2020-12-10T08:16:07","guid":{"rendered":"http:\/\/work25.lichtstark.com\/rb_wp\/?post_type=product&#038;p=13945"},"modified":"2020-12-17T10:19:04","modified_gmt":"2020-12-17T09:19:04","slug":"gutschein-saisonkarte-2021-rosenburg-duftkerze-kopie","status":"publish","type":"product","link":"http:\/\/work25.lichtstark.com\/rb_wp\/produkt\/gutschein-saisonkarte-2021-rosenburg-duftkerze-kopie\/","title":{"rendered":"Gutschein Saisonkarte 2021"},"content":{"rendered":"<p>Preise:<br \/>\nErwachsener \u20ac60,&#8211;<br \/>\nKind \u20ac30,&#8211;<br \/>\nFamilie (2 EW 2 Kinder bis 15) \u20ac150,&#8211;<\/p>\n","protected":false},"excerpt":{"rendered":"<p>Eine Saisonkarte f\u00fcr 2021 beinhaltet den Eintritt in die Burg zu allen \u00d6ffnungszeiten, allen Eigenevents, zur historischen Greifvogelvorf\u00fchrung, sowie einen Gutschein f\u00fcr eine Schlossmuseumsf\u00fchrung (exkl. Falknerei zu Pferd + allen Aufzahlungen).<\/p>\n","protected":false},"featured_media":12284,"template":"","meta":[],"_links":{"self":[{"href":"http:\/\/work25.lichtstark.com\/rb_wp\/wp-json\/wp\/v2\/product\/13945"}],"collection":[{"href":"http:\/\/work25.lichtstark.com\/rb_wp\/wp-json\/wp\/v2\/product"}],"about":[{"href":"http:\/\/work25.lichtstark.com\/rb_wp\/wp-json\/wp\/v2\/types\/product"}],"wp:featuredmedia":[{"embeddable":true,"href":"http:\/\/work25.lichtstark.com\/rb_wp\/wp-json\/wp\/v2\/media\/12284"}],"wp:attachment":[{"href":"http:\/\/work25.lichtstark.com\/rb_wp\/wp-json\/wp\/v2\/media?parent=13945"}],"curies":[{"name":"wp","href":"https:\/\/api.w.org\/{rel}","templated":true}]}}