{"id":13884,"date":"2020-12-04T10:07:49","date_gmt":"2020-12-04T09:07:49","guid":{"rendered":"http:\/\/work25.lichtstark.com\/rb_wp\/?post_type=product&#038;p=13884"},"modified":"2020-12-17T12:31:29","modified_gmt":"2020-12-17T11:31:29","slug":"gutschein-saisonkarte-rosenburg-duftkerze","status":"publish","type":"product","link":"http:\/\/work25.lichtstark.com\/rb_wp\/produkt\/gutschein-saisonkarte-rosenburg-duftkerze\/","title":{"rendered":"Gutschein Saisonkarte 2021 + Rosenburg Duftkerze"},"content":{"rendered":"<p>Preise:<br \/>\nErwachsener \u20ac75,&#8211; inkl. 1 Kerze<br \/>\nFamilie (2 EW 2 Kinder bis 15 Jahre) \u20ac165,&#8211; inkl. 1 Kerze<\/p>\n","protected":false},"excerpt":{"rendered":"<p><em>Saisonkarte inkl. Duftkerze<\/em> \u2013 Eine Saisonkarte f\u00fcr 2021 beinhaltet den Eintritt in die Burg zu allen \u00d6ffnungszeiten, allen Eigenevents, zur historischen Greifvogelvorf\u00fchrung, sowie eine Rosenburg Duftkerze und einen Gutschein f\u00fcr eine Schlossmuseumsf\u00fchrung (exkl. Falknerei zu Pferd + allen Aufzahlungen).<\/p>\n","protected":false},"featured_media":13890,"template":"","meta":[],"_links":{"self":[{"href":"http:\/\/work25.lichtstark.com\/rb_wp\/wp-json\/wp\/v2\/product\/13884"}],"collection":[{"href":"http:\/\/work25.lichtstark.com\/rb_wp\/wp-json\/wp\/v2\/product"}],"about":[{"href":"http:\/\/work25.lichtstark.com\/rb_wp\/wp-json\/wp\/v2\/types\/product"}],"wp:featuredmedia":[{"embeddable":true,"href":"http:\/\/work25.lichtstark.com\/rb_wp\/wp-json\/wp\/v2\/media\/13890"}],"wp:attachment":[{"href":"http:\/\/work25.lichtstark.com\/rb_wp\/wp-json\/wp\/v2\/media?parent=13884"}],"curies":[{"name":"wp","href":"https:\/\/api.w.org\/{rel}","templated":true}]}}