{"id":85,"date":"2015-12-13T13:03:56","date_gmt":"2015-12-13T12:03:56","guid":{"rendered":"http:\/\/work25.lichtstark.com\/rb_wp\/?page_id=85"},"modified":"2020-06-17T10:17:14","modified_gmt":"2020-06-17T08:17:14","slug":"schloss-taverne","status":"publish","type":"page","link":"http:\/\/work25.lichtstark.com\/rb_wp\/schloss-taverne\/","title":{"rendered":"Taverne Rosenburg &#038; Grei\u00dflerei"},"content":{"rendered":"<\/div><\/div><\/div><!-- close content main div --><\/div><\/div><div id='av_section_1' class='avia-section main_color avia-section-default avia-shadow avia-full-stretch avia-bg-style-scroll   av-minimum-height av-minimum-height-custom container_wrap fullsize' style = 'background-repeat: no-repeat; background-image: url(http:\/\/work25.lichtstark.com\/rb_wp\/wp-content\/uploads\/2020\/06\/Rosenburg@lichtstark_Pan_x1a4689.jpg); background-attachment: scroll; background-position: center center; ' data-section-bg-repeat='stretch' ><div class='container' style='height:350px'><div class='template-page content  av-content-full alpha units'><div class='post-entry post-entry-type-page post-entry-85'><div class='entry-content-wrapper clearfix'>\n<div class=\"flex_column av_one_full  flex_column_div av-zero-column-padding first  \" style='border-radius:0px; '><p><div style='padding-bottom:10px;' class='av-special-heading av-special-heading-h1  blockquote modern-quote  '><div class ='av-subheading av-subheading_above  ' style='font-size:15px;'><p>Ein Erlebnis f\u00fcr alle Sinne<\/p>\n<\/div><h1 class='av-special-heading-tag '  itemprop=\"headline\"  >Taverne Rosenburg <span class='special_amp'>&amp;<\/span> Greisslerei<\/h1><div class='special-heading-border'><div class='special-heading-inner-border' ><\/div><\/div><\/div><br \/>\n<section class=\"av_textblock_section \"  itemscope=\"itemscope\" itemtype=\"https:\/\/schema.org\/CreativeWork\" ><div class='avia_textblock  '   itemprop=\"text\" ><p style=\"text-align: left;\">Direkt im Schloss befinden sich die Taverne Rosenburg und die Grei\u00dflerei. Hier erwarten Sie ein umfangreiches gastronomisches Angebot sowie h\u00fcbsche Souvenirs.<\/p>\n<\/div><\/section><br \/>\n<div  class='hr hr-short hr-center  '><span class='hr-inner ' ><span class='hr-inner-style'><\/span><\/span><\/div><\/p><\/div>\n<div class=\"flex_column av_one_half  flex_column_div av-zero-column-padding first  \" style='border-radius:0px; '><p><div style='padding-bottom:10px;' class='av-special-heading av-special-heading-h2  blockquote modern-quote   '><h2 class='av-special-heading-tag '  itemprop=\"headline\"  >Taverne Rosenburg<\/h2><div class='special-heading-border'><div class='special-heading-inner-border' ><\/div><\/div><\/div><br \/>\n<section class=\"av_textblock_section \"  itemscope=\"itemscope\" itemtype=\"https:\/\/schema.org\/CreativeWork\" ><div class='avia_textblock  '   itemprop=\"text\" ><h4>Mehr als gutes Essen und Trinken<\/h4>\n<p>Die Taverne wird als Mischung aus Bistro und Caf\u00e9 auf klassischem Preisniveau gef\u00fchrt. Dabei liegt der Fokus auf frische, regionale Produkte in ihrer schmackhaftesten Zubereitung.<\/p>\n<p>Hausgemachte Mehlspeisen, Waldviertler BIO Kaffee, erfrischendes Eis, Kamptaler Spezialit\u00e4ten und ein saisonal wechselndes Angebot werden f\u00fcr die Besucher der Rosenburg, wie auch f\u00fcr jene G\u00e4ste, die nur zum Essen in die Burg kommen m\u00f6chten, angeboten.<\/p>\n<p>Die Taverne Rosenburg ist auch f\u00fcr Gruppen geeignet. Ausfl\u00fcgler, Schulklassen oder Busreisen sind bei uns herzlich willkommen. Gerne machen wir Ihnen hier f\u00fcr Ihre Unternehmungen ein ma\u00dfgeschneidertes Angebot.<\/p>\n<p><b>Besondere Anl\u00e4sse<br \/>\n<\/b>Feste \/ Familienfeiern \/ Firmenfeiern \/ Workshops \/ Seminare<\/p>\n<p>Gerne stehen wir Ihnen bei der Planung f\u00fcr Ihre Feiern zur Verf\u00fcgung. Ob bei uns in der Taverne, im idyllischen Burghof, im ritterlichen Gew\u00f6lbesaal oder in einem der Prunkr\u00e4ume des Schlosses, verw\u00f6hnen wir Sie mit regionalen Spezialit\u00e4ten.<\/p>\n<p><em>Verbinden Sie den Besuch auf Schloss Rosenburg mit einem k\u00f6stlichen Essen in der Taverne Rosenburg.<\/em><\/p>\n<\/div><\/section><br \/>\n<div  class='hr hr-default  '><span class='hr-inner ' ><span class='hr-inner-style'><\/span><\/span><\/div><\/p><\/div><div class=\"flex_column av_two_fifth  av-animated-generic fade-in  flex_column_div   \" style='padding:0px 0px 0px 0px ; border-radius:0px; '><p><div class='avia-gallery  avia-gallery-1 deactivate_avia_lazyload avia_animate_when_visible '  itemprop=\"ImageObject\" itemscope=\"itemscope\" itemtype=\"https:\/\/schema.org\/ImageObject\" ><a class='avia-gallery-big fakeLightbox avianolink noLightbox avia-gallery-big-crop-thumb ' href='http:\/\/work25.lichtstark.com\/rb_wp\/wp-content\/uploads\/2015\/12\/lichtstark.com_FW_8408-1030x687.jpg'  data-onclick='1' title='' ><span class='avia-gallery-big-inner'  itemprop=\"thumbnailUrl\" >\t<img width='495' height='400' src='http:\/\/work25.lichtstark.com\/rb_wp\/wp-content\/uploads\/2015\/12\/lichtstark.com_FW_8408-495x400.jpg' title='lichtstark.com_FW_8408' alt='Schloss Rosenburg' \/><\/span><\/a><div class='avia-gallery-thumb'> <a href='http:\/\/work25.lichtstark.com\/rb_wp\/wp-content\/uploads\/2015\/12\/lichtstark.com_FW_8408-1030x687.jpg' data-rel='gallery-1' data-prev-img='http:\/\/work25.lichtstark.com\/rb_wp\/wp-content\/uploads\/2015\/12\/lichtstark.com_FW_8408-495x400.jpg' class='first_thumb avianolink noLightbox ' data-onclick='1' title=''  itemprop=\"thumbnailUrl\" ><img  src='http:\/\/work25.lichtstark.com\/rb_wp\/wp-content\/uploads\/2015\/12\/lichtstark.com_FW_8408-495x400.jpg' width='495' height='400'  title='lichtstark.com_FW_8408' alt='Schloss Rosenburg' \/><\/a> <a href='http:\/\/work25.lichtstark.com\/rb_wp\/wp-content\/uploads\/2019\/05\/Taverne1-1030x773.jpg' data-rel='gallery-1' data-prev-img='http:\/\/work25.lichtstark.com\/rb_wp\/wp-content\/uploads\/2019\/05\/Taverne1-495x400.jpg' class='avianolink noLightbox ' data-onclick='2' title=''  itemprop=\"thumbnailUrl\" ><img  src='http:\/\/work25.lichtstark.com\/rb_wp\/wp-content\/uploads\/2019\/05\/Taverne1-495x400.jpg' width='495' height='400'  title='Taverne1' alt='' \/><\/a> <a href='http:\/\/work25.lichtstark.com\/rb_wp\/wp-content\/uploads\/2015\/12\/lichtstark.com_FW_8392-1030x687.jpg' data-rel='gallery-1' data-prev-img='http:\/\/work25.lichtstark.com\/rb_wp\/wp-content\/uploads\/2015\/12\/lichtstark.com_FW_8392-495x400.jpg' class='avianolink noLightbox ' data-onclick='3' title=''  itemprop=\"thumbnailUrl\" ><img  src='http:\/\/work25.lichtstark.com\/rb_wp\/wp-content\/uploads\/2015\/12\/lichtstark.com_FW_8392-495x400.jpg' width='495' height='400'  title='lichtstark.com_FW_8392' alt='Renaissanceschloss Rosenburg' \/><\/a> <a href='http:\/\/work25.lichtstark.com\/rb_wp\/wp-content\/uploads\/2015\/12\/lichtstark.com_FW_8407-1030x687.jpg' data-rel='gallery-1' data-prev-img='http:\/\/work25.lichtstark.com\/rb_wp\/wp-content\/uploads\/2015\/12\/lichtstark.com_FW_8407-495x400.jpg' class='avianolink noLightbox ' data-onclick='4' title=''  itemprop=\"thumbnailUrl\" ><img  src='http:\/\/work25.lichtstark.com\/rb_wp\/wp-content\/uploads\/2015\/12\/lichtstark.com_FW_8407-495x400.jpg' width='495' height='400'  title='lichtstark.com_FW_8407' alt='Renaissance Schloss Rosenburg' \/><\/a> <a href='http:\/\/work25.lichtstark.com\/rb_wp\/wp-content\/uploads\/2015\/12\/lichtstark.com_FW_8376-1030x687.jpg' data-rel='gallery-1' data-prev-img='http:\/\/work25.lichtstark.com\/rb_wp\/wp-content\/uploads\/2015\/12\/lichtstark.com_FW_8376-495x400.jpg' class='avianolink noLightbox ' data-onclick='5' title=''  itemprop=\"thumbnailUrl\" ><img  src='http:\/\/work25.lichtstark.com\/rb_wp\/wp-content\/uploads\/2015\/12\/lichtstark.com_FW_8376-495x400.jpg' width='495' height='400'  title='lichtstark.com_FW_8376' alt='Renaissance Schloss Rosenburg' \/><\/a> <a href='http:\/\/work25.lichtstark.com\/rb_wp\/wp-content\/uploads\/2019\/05\/Taverne-x2-1030x773.jpeg' data-rel='gallery-1' data-prev-img='http:\/\/work25.lichtstark.com\/rb_wp\/wp-content\/uploads\/2019\/05\/Taverne-x2-495x400.jpeg' class='first_thumb avianolink noLightbox ' data-onclick='6' title=''  itemprop=\"thumbnailUrl\" ><img  src='http:\/\/work25.lichtstark.com\/rb_wp\/wp-content\/uploads\/2019\/05\/Taverne-x2-495x400.jpeg' width='495' height='400'  title='Taverne x2' alt='' \/><\/a> <a href='http:\/\/work25.lichtstark.com\/rb_wp\/wp-content\/uploads\/2015\/12\/lichtstark.com_FW_8385-1030x687.jpg' data-rel='gallery-1' data-prev-img='http:\/\/work25.lichtstark.com\/rb_wp\/wp-content\/uploads\/2015\/12\/lichtstark.com_FW_8385-495x400.jpg' class='avianolink noLightbox ' data-onclick='7' title=''  itemprop=\"thumbnailUrl\" ><img  src='http:\/\/work25.lichtstark.com\/rb_wp\/wp-content\/uploads\/2015\/12\/lichtstark.com_FW_8385-495x400.jpg' width='495' height='400'  title='lichtstark.com_FW_8385' alt='Renaissance Schloss Rosenburg' \/><\/a> <a href='http:\/\/work25.lichtstark.com\/rb_wp\/wp-content\/uploads\/2015\/12\/lichtstark.com_FW_8391-1030x687.jpg' data-rel='gallery-1' data-prev-img='http:\/\/work25.lichtstark.com\/rb_wp\/wp-content\/uploads\/2015\/12\/lichtstark.com_FW_8391-495x400.jpg' class='avianolink noLightbox ' data-onclick='8' title=''  itemprop=\"thumbnailUrl\" ><img  src='http:\/\/work25.lichtstark.com\/rb_wp\/wp-content\/uploads\/2015\/12\/lichtstark.com_FW_8391-495x400.jpg' width='495' height='400'  title='lichtstark.com_FW_8391' alt='Renaissance Schloss Rosenburg' \/><\/a> <a href='http:\/\/work25.lichtstark.com\/rb_wp\/wp-content\/uploads\/2015\/12\/lichtstark.com_FW_8397-1030x686.jpg' data-rel='gallery-1' data-prev-img='http:\/\/work25.lichtstark.com\/rb_wp\/wp-content\/uploads\/2015\/12\/lichtstark.com_FW_8397-495x400.jpg' class='avianolink noLightbox ' data-onclick='9' title=''  itemprop=\"thumbnailUrl\" ><img  src='http:\/\/work25.lichtstark.com\/rb_wp\/wp-content\/uploads\/2015\/12\/lichtstark.com_FW_8397-495x400.jpg' width='495' height='400'  title='lichtstark.com_FW_8397' alt='Renaissance Schloss Rosenburg' \/><\/a> <a href='http:\/\/work25.lichtstark.com\/rb_wp\/wp-content\/uploads\/2015\/12\/lichtstark.com_FW_8402-1030x687.jpg' data-rel='gallery-1' data-prev-img='http:\/\/work25.lichtstark.com\/rb_wp\/wp-content\/uploads\/2015\/12\/lichtstark.com_FW_8402-495x400.jpg' class='avianolink noLightbox ' data-onclick='10' title=''  itemprop=\"thumbnailUrl\" ><img  src='http:\/\/work25.lichtstark.com\/rb_wp\/wp-content\/uploads\/2015\/12\/lichtstark.com_FW_8402-495x400.jpg' width='495' height='400'  title='lichtstark.com_FW_8402' alt='Renaissance Schloss Rosenburg' \/><\/a> <a href='http:\/\/work25.lichtstark.com\/rb_wp\/wp-content\/uploads\/2015\/12\/lichtstark.com_FW_8400-1030x687.jpg' data-rel='gallery-1' data-prev-img='http:\/\/work25.lichtstark.com\/rb_wp\/wp-content\/uploads\/2015\/12\/lichtstark.com_FW_8400-495x400.jpg' class='first_thumb avianolink noLightbox ' data-onclick='11' title=''  itemprop=\"thumbnailUrl\" ><img  src='http:\/\/work25.lichtstark.com\/rb_wp\/wp-content\/uploads\/2015\/12\/lichtstark.com_FW_8400-495x400.jpg' width='495' height='400'  title='lichtstark.com_FW_8400' alt='Renaissance Schloss Rosenburg' \/><\/a> <a href='http:\/\/work25.lichtstark.com\/rb_wp\/wp-content\/uploads\/2019\/05\/Taverne-x3-1030x773.jpeg' data-rel='gallery-1' data-prev-img='http:\/\/work25.lichtstark.com\/rb_wp\/wp-content\/uploads\/2019\/05\/Taverne-x3-495x400.jpeg' class='avianolink noLightbox ' data-onclick='12' title=''  itemprop=\"thumbnailUrl\" ><img  src='http:\/\/work25.lichtstark.com\/rb_wp\/wp-content\/uploads\/2019\/05\/Taverne-x3-495x400.jpeg' width='495' height='400'  title='Taverne x3' alt='' \/><\/a> <a href='http:\/\/work25.lichtstark.com\/rb_wp\/wp-content\/uploads\/2019\/05\/Taverne-x4-1030x773.jpg' data-rel='gallery-1' data-prev-img='http:\/\/work25.lichtstark.com\/rb_wp\/wp-content\/uploads\/2019\/05\/Taverne-x4-495x400.jpg' class='avianolink noLightbox ' data-onclick='13' title=''  itemprop=\"thumbnailUrl\" ><img  src='http:\/\/work25.lichtstark.com\/rb_wp\/wp-content\/uploads\/2019\/05\/Taverne-x4-495x400.jpg' width='495' height='400'  title='Taverne x4' alt='' \/><\/a> <a href='http:\/\/work25.lichtstark.com\/rb_wp\/wp-content\/uploads\/2019\/05\/Taverne-x2.jpg' data-rel='gallery-1' data-prev-img='http:\/\/work25.lichtstark.com\/rb_wp\/wp-content\/uploads\/2019\/05\/Taverne-x2-495x400.jpg' class='avianolink noLightbox ' data-onclick='14' title=''  itemprop=\"thumbnailUrl\" ><img  src='http:\/\/work25.lichtstark.com\/rb_wp\/wp-content\/uploads\/2019\/05\/Taverne-x2-495x400.jpg' width='495' height='400'  title='Taverne x2' alt='' \/><\/a><\/div><\/div><br \/>\n<div style=' margin-top:5px; margin-bottom:10px;'  class='hr hr-custom hr-center hr-icon-no  '><span class='hr-inner   inner-border-av-border-none' style=' width:50px;' ><span class='hr-inner-style'><\/span><\/span><\/div><\/p><\/div><\/p>\n<div class=\"flex_column av_one_half  flex_column_div av-zero-column-padding first  \" style='border-radius:0px; '><p><div style='padding-bottom:10px;' class='av-special-heading av-special-heading-h2  blockquote modern-quote  '><h2 class='av-special-heading-tag '  itemprop=\"headline\"  >Greisslerei<\/h2><div class='special-heading-border'><div class='special-heading-inner-border' ><\/div><\/div><\/div><br \/>\n<section class=\"av_textblock_section \"  itemscope=\"itemscope\" itemtype=\"https:\/\/schema.org\/CreativeWork\" ><div class='avia_textblock  '   itemprop=\"text\" ><h4>Ausgesuchte Produkte auf h\u00f6chster Qualit\u00e4t<\/h4>\n<p>Direkt im Herzen des Schlosses befindet sich der Burgshop mit auserlesenen Spezialit\u00e4ten und Produkten zum Mitnehmen.<\/p>\n<p><strong>Mehr als Souvenirs und Andenken<\/strong><\/p>\n<p>In der hauseigenen Grei\u00dflerei werden, in der Taverne hausgemachte, regionale Spezialit\u00e4ten, angeboten. Die Produkte stammen allesamt von kleinen Betrieben aus der Umgebung, vorzugsweise in BIO &#8211; Qualit\u00e4t.<\/p>\n<p><strong>Rund um die Rosen<\/strong><\/p>\n<p>Zum Thema &#8222;Rosen&#8220; finden Sie eine gro\u00dfe Auswahl an feinen Rosenburgsouvenirs, wie Rosengel\u00e9e, Rosenhonig, Rosensalze, Rosenzucker, Rosensirup.<br \/>\nGeschenksets und auserlesenes Kunsthandwerk runden das Sortiment der Grei\u00dflerei ab.<\/p>\n<p>Unser freundliches Personal ber\u00e4t Sie gerne.<br \/>\nBei einem Besuch auf Schloss Rosenburg ist Shoppen in der Grei\u00dflerei unverzichtbar.<\/p>\n<\/div><\/section><br \/>\n<div  class='hr hr-short hr-left  '><span class='hr-inner ' ><span class='hr-inner-style'><\/span><\/span><\/div><br \/>\n<div class=\"togglecontainer   toggle_close_all \" >\n<section class=\"av_toggle_section\"  itemscope=\"itemscope\" itemtype=\"https:\/\/schema.org\/CreativeWork\"  >    <div class=\"single_toggle\" data-tags=\"{Alle} \"  >        <p data-fake-id=\"#toggle-id-1\" class=\"toggler activeTitle\"  itemprop=\"headline\"  >Kontakt &amp; Infos<span class=\"toggle_icon\" >        <span class=\"vert_icon\"><\/span><span class=\"hor_icon\"><\/span><\/span><\/p>        <div id=\"toggle-id-1-container\" class=\"toggle_wrap active_tc\"  style='display:block;'>            <div class=\"toggle_content invers-color \"  itemprop=\"text\"   ><p>Taverne Rosenburg<br \/>\nIng. Verena und Ing. Thomas Hagelkruys<br \/>\nTel.: 0664 \/ 4129640<br \/>\n<a href=\"mailto:info@tavernerosenburg.at\">info@tavernerosenburg.at<\/a><br \/>\n<a href=\"http:\/\/www.greisslereirosenburg.at\">www.greisslereirosenburg.at<\/a><br \/>\n<a href=\"http:\/\/www.facebook.com\/GreisslereiRosenburg\">www.facebook.com\/GreisslereiRosenburg<\/a><\/p>\n            <\/div>        <\/div>    <\/div><\/section>\n<\/div><\/p><\/div>\n<div class=\"flex_column av_two_fifth  av-animated-generic fade-in  flex_column_div   \" style='padding:0px 0px 0px 0px ; border-radius:0px; '><p><div class='avia-gallery  avia-gallery-2 deactivate_avia_lazyload avia_animate_when_visible '  itemprop=\"ImageObject\" itemscope=\"itemscope\" itemtype=\"https:\/\/schema.org\/ImageObject\" ><a class='avia-gallery-big fakeLightbox avianolink noLightbox avia-gallery-big-crop-thumb ' href='http:\/\/work25.lichtstark.com\/rb_wp\/wp-content\/uploads\/2019\/05\/Greisslerei1-1030x773.jpeg'  data-onclick='1' title='' ><span class='avia-gallery-big-inner'  itemprop=\"thumbnailUrl\" >\t<img width='495' height='400' src='http:\/\/work25.lichtstark.com\/rb_wp\/wp-content\/uploads\/2019\/05\/Greisslerei1-495x400.jpeg' title='Greisslerei1' alt='' \/><\/span><\/a><div class='avia-gallery-thumb'> <a href='http:\/\/work25.lichtstark.com\/rb_wp\/wp-content\/uploads\/2019\/05\/Greisslerei1-1030x773.jpeg' data-rel='gallery-2' data-prev-img='http:\/\/work25.lichtstark.com\/rb_wp\/wp-content\/uploads\/2019\/05\/Greisslerei1-495x400.jpeg' class='first_thumb avianolink noLightbox ' data-onclick='1' title=''  itemprop=\"thumbnailUrl\" ><img  src='http:\/\/work25.lichtstark.com\/rb_wp\/wp-content\/uploads\/2019\/05\/Greisslerei1-495x400.jpeg' width='495' height='400'  title='Greisslerei1' alt='' \/><\/a> <a href='http:\/\/work25.lichtstark.com\/rb_wp\/wp-content\/uploads\/2019\/05\/Greisslerei-x4-1030x773.jpg' data-rel='gallery-2' data-prev-img='http:\/\/work25.lichtstark.com\/rb_wp\/wp-content\/uploads\/2019\/05\/Greisslerei-x4-495x400.jpg' class='avianolink noLightbox ' data-onclick='2' title=''  itemprop=\"thumbnailUrl\" ><img  src='http:\/\/work25.lichtstark.com\/rb_wp\/wp-content\/uploads\/2019\/05\/Greisslerei-x4-495x400.jpg' width='495' height='400'  title='Greisslerei x4' alt='' \/><\/a> <a href='http:\/\/work25.lichtstark.com\/rb_wp\/wp-content\/uploads\/2019\/05\/Greisslerei-x3-1030x773.jpeg' data-rel='gallery-2' data-prev-img='http:\/\/work25.lichtstark.com\/rb_wp\/wp-content\/uploads\/2019\/05\/Greisslerei-x3-495x400.jpeg' class='avianolink noLightbox ' data-onclick='3' title=''  itemprop=\"thumbnailUrl\" ><img  src='http:\/\/work25.lichtstark.com\/rb_wp\/wp-content\/uploads\/2019\/05\/Greisslerei-x3-495x400.jpeg' width='495' height='400'  title='Greisslerei x3' alt='' \/><\/a> <a href='http:\/\/work25.lichtstark.com\/rb_wp\/wp-content\/uploads\/2019\/05\/greisslerei-x5-1030x773.jpg' data-rel='gallery-2' data-prev-img='http:\/\/work25.lichtstark.com\/rb_wp\/wp-content\/uploads\/2019\/05\/greisslerei-x5-495x400.jpg' class='avianolink noLightbox ' data-onclick='4' title=''  itemprop=\"thumbnailUrl\" ><img  src='http:\/\/work25.lichtstark.com\/rb_wp\/wp-content\/uploads\/2019\/05\/greisslerei-x5-495x400.jpg' width='495' height='400'  title='greisslerei x5' alt='' \/><\/a> <a href='http:\/\/work25.lichtstark.com\/rb_wp\/wp-content\/uploads\/2015\/12\/lichtstark.com_FW_8392-1030x687.jpg' data-rel='gallery-2' data-prev-img='http:\/\/work25.lichtstark.com\/rb_wp\/wp-content\/uploads\/2015\/12\/lichtstark.com_FW_8392-495x400.jpg' class='avianolink noLightbox ' data-onclick='5' title=''  itemprop=\"thumbnailUrl\" ><img  src='http:\/\/work25.lichtstark.com\/rb_wp\/wp-content\/uploads\/2015\/12\/lichtstark.com_FW_8392-495x400.jpg' width='495' height='400'  title='lichtstark.com_FW_8392' alt='Renaissanceschloss Rosenburg' \/><\/a> <a href='http:\/\/work25.lichtstark.com\/rb_wp\/wp-content\/uploads\/2015\/12\/lichtstark.com_FW_8376-1030x687.jpg' data-rel='gallery-2' data-prev-img='http:\/\/work25.lichtstark.com\/rb_wp\/wp-content\/uploads\/2015\/12\/lichtstark.com_FW_8376-495x400.jpg' class='first_thumb avianolink noLightbox ' data-onclick='6' title=''  itemprop=\"thumbnailUrl\" ><img  src='http:\/\/work25.lichtstark.com\/rb_wp\/wp-content\/uploads\/2015\/12\/lichtstark.com_FW_8376-495x400.jpg' width='495' height='400'  title='lichtstark.com_FW_8376' alt='Renaissance Schloss Rosenburg' \/><\/a> <a href='http:\/\/work25.lichtstark.com\/rb_wp\/wp-content\/uploads\/2015\/12\/lichtstark.com_FW_8385-1030x687.jpg' data-rel='gallery-2' data-prev-img='http:\/\/work25.lichtstark.com\/rb_wp\/wp-content\/uploads\/2015\/12\/lichtstark.com_FW_8385-495x400.jpg' class='avianolink noLightbox ' data-onclick='7' title=''  itemprop=\"thumbnailUrl\" ><img  src='http:\/\/work25.lichtstark.com\/rb_wp\/wp-content\/uploads\/2015\/12\/lichtstark.com_FW_8385-495x400.jpg' width='495' height='400'  title='lichtstark.com_FW_8385' alt='Renaissance Schloss Rosenburg' \/><\/a> <a href='http:\/\/work25.lichtstark.com\/rb_wp\/wp-content\/uploads\/2015\/12\/lichtstark.com_FW_8391-1030x687.jpg' data-rel='gallery-2' data-prev-img='http:\/\/work25.lichtstark.com\/rb_wp\/wp-content\/uploads\/2015\/12\/lichtstark.com_FW_8391-495x400.jpg' class='avianolink noLightbox ' data-onclick='8' title=''  itemprop=\"thumbnailUrl\" ><img  src='http:\/\/work25.lichtstark.com\/rb_wp\/wp-content\/uploads\/2015\/12\/lichtstark.com_FW_8391-495x400.jpg' width='495' height='400'  title='lichtstark.com_FW_8391' alt='Renaissance Schloss Rosenburg' \/><\/a> <a href='http:\/\/work25.lichtstark.com\/rb_wp\/wp-content\/uploads\/2015\/12\/lichtstark.com_FW_8397-1030x686.jpg' data-rel='gallery-2' data-prev-img='http:\/\/work25.lichtstark.com\/rb_wp\/wp-content\/uploads\/2015\/12\/lichtstark.com_FW_8397-495x400.jpg' class='avianolink noLightbox ' data-onclick='9' title=''  itemprop=\"thumbnailUrl\" ><img  src='http:\/\/work25.lichtstark.com\/rb_wp\/wp-content\/uploads\/2015\/12\/lichtstark.com_FW_8397-495x400.jpg' width='495' height='400'  title='lichtstark.com_FW_8397' alt='Renaissance Schloss Rosenburg' \/><\/a> <a href='http:\/\/work25.lichtstark.com\/rb_wp\/wp-content\/uploads\/2015\/12\/lichtstark.com_FW_8402-1030x687.jpg' data-rel='gallery-2' data-prev-img='http:\/\/work25.lichtstark.com\/rb_wp\/wp-content\/uploads\/2015\/12\/lichtstark.com_FW_8402-495x400.jpg' class='avianolink noLightbox ' data-onclick='10' title=''  itemprop=\"thumbnailUrl\" ><img  src='http:\/\/work25.lichtstark.com\/rb_wp\/wp-content\/uploads\/2015\/12\/lichtstark.com_FW_8402-495x400.jpg' width='495' height='400'  title='lichtstark.com_FW_8402' alt='Renaissance Schloss Rosenburg' \/><\/a> <a href='http:\/\/work25.lichtstark.com\/rb_wp\/wp-content\/uploads\/2015\/12\/lichtstark.com_FW_8407-1030x687.jpg' data-rel='gallery-2' data-prev-img='http:\/\/work25.lichtstark.com\/rb_wp\/wp-content\/uploads\/2015\/12\/lichtstark.com_FW_8407-495x400.jpg' class='first_thumb avianolink noLightbox ' data-onclick='11' title=''  itemprop=\"thumbnailUrl\" ><img  src='http:\/\/work25.lichtstark.com\/rb_wp\/wp-content\/uploads\/2015\/12\/lichtstark.com_FW_8407-495x400.jpg' width='495' height='400'  title='lichtstark.com_FW_8407' alt='Renaissance Schloss Rosenburg' \/><\/a> <a href='http:\/\/work25.lichtstark.com\/rb_wp\/wp-content\/uploads\/2015\/12\/lichtstark.com_FW_8400-1030x687.jpg' data-rel='gallery-2' data-prev-img='http:\/\/work25.lichtstark.com\/rb_wp\/wp-content\/uploads\/2015\/12\/lichtstark.com_FW_8400-495x400.jpg' class='avianolink noLightbox ' data-onclick='12' title=''  itemprop=\"thumbnailUrl\" ><img  src='http:\/\/work25.lichtstark.com\/rb_wp\/wp-content\/uploads\/2015\/12\/lichtstark.com_FW_8400-495x400.jpg' width='495' height='400'  title='lichtstark.com_FW_8400' alt='Renaissance Schloss Rosenburg' \/><\/a> <a href='http:\/\/work25.lichtstark.com\/rb_wp\/wp-content\/uploads\/2015\/12\/lichtstark.com_FW_8408-1030x687.jpg' data-rel='gallery-2' data-prev-img='http:\/\/work25.lichtstark.com\/rb_wp\/wp-content\/uploads\/2015\/12\/lichtstark.com_FW_8408-495x400.jpg' class='avianolink noLightbox ' data-onclick='13' title=''  itemprop=\"thumbnailUrl\" ><img  src='http:\/\/work25.lichtstark.com\/rb_wp\/wp-content\/uploads\/2015\/12\/lichtstark.com_FW_8408-495x400.jpg' width='495' height='400'  title='lichtstark.com_FW_8408' alt='Schloss Rosenburg' \/><\/a><\/div><\/div><br \/>\n<div style=' margin-top:5px; margin-bottom:10px;'  class='hr hr-custom hr-center hr-icon-no  '><span class='hr-inner   inner-border-av-border-none' style=' width:50px;' ><span class='hr-inner-style'><\/span><\/span><\/div><\/p><\/div>\n<div style=' margin-top:30; margin-bottom:30px;'  class='hr hr-custom hr-center hr-icon-no  '><span class='hr-inner   inner-border-av-border-none' style=' width:50px;' ><span class='hr-inner-style'><\/span><\/span><\/div>\n","protected":false},"excerpt":{"rendered":"","protected":false},"author":2,"featured_media":0,"parent":0,"menu_order":0,"comment_status":"closed","ping_status":"closed","template":"","meta":[],"_links":{"self":[{"href":"http:\/\/work25.lichtstark.com\/rb_wp\/wp-json\/wp\/v2\/pages\/85"}],"collection":[{"href":"http:\/\/work25.lichtstark.com\/rb_wp\/wp-json\/wp\/v2\/pages"}],"about":[{"href":"http:\/\/work25.lichtstark.com\/rb_wp\/wp-json\/wp\/v2\/types\/page"}],"author":[{"embeddable":true,"href":"http:\/\/work25.lichtstark.com\/rb_wp\/wp-json\/wp\/v2\/users\/2"}],"replies":[{"embeddable":true,"href":"http:\/\/work25.lichtstark.com\/rb_wp\/wp-json\/wp\/v2\/comments?post=85"}],"version-history":[{"count":48,"href":"http:\/\/work25.lichtstark.com\/rb_wp\/wp-json\/wp\/v2\/pages\/85\/revisions"}],"predecessor-version":[{"id":11836,"href":"http:\/\/work25.lichtstark.com\/rb_wp\/wp-json\/wp\/v2\/pages\/85\/revisions\/11836"}],"wp:attachment":[{"href":"http:\/\/work25.lichtstark.com\/rb_wp\/wp-json\/wp\/v2\/media?parent=85"}],"curies":[{"name":"wp","href":"https:\/\/api.w.org\/{rel}","templated":true}]}}