{"id":83,"date":"2015-12-13T13:03:18","date_gmt":"2015-12-13T12:03:18","guid":{"rendered":"http:\/\/work25.lichtstark.com\/rb_wp\/?page_id=83"},"modified":"2021-01-12T12:12:40","modified_gmt":"2021-01-12T11:12:40","slug":"kulinarik-uebernachtungen","status":"publish","type":"page","link":"http:\/\/work25.lichtstark.com\/rb_wp\/kulinarik-uebernachtungen\/","title":{"rendered":"Kulinarik &#038; \u00dcbernachtungen"},"content":{"rendered":"<\/div><\/div><\/div><!-- close content main div --><\/div><\/div><div id='av_section_1' class='avia-section main_color avia-section-default avia-shadow avia-full-stretch avia-bg-style-scroll   av-minimum-height av-minimum-height-custom container_wrap fullsize' style = 'background-repeat: no-repeat; background-image: url(http:\/\/work25.lichtstark.com\/rb_wp\/wp-content\/uploads\/2019\/07\/Burg_FW8165_\u00a9Lichtstark-1500x430.jpg); background-attachment: scroll; background-position: center center; ' data-section-bg-repeat='stretch' ><div class='container' style='height:350px'><div class='template-page content  av-content-full alpha units'><div class='post-entry post-entry-type-page post-entry-83'><div class='entry-content-wrapper clearfix'>\n<div class=\"flex_column av_one_full  flex_column_div av-zero-column-padding first  \" style='border-radius:0px; '><p><div style='padding-bottom:10px;' class='av-special-heading av-special-heading-h1  blockquote modern-quote   '><div class ='av-subheading av-subheading_above  ' style='font-size:15px;'><p>Treffpunkt h\u00f6chster Waldviertler Gastlichkeit<\/p>\n<\/div><h1 class='av-special-heading-tag '  itemprop=\"headline\"  >KULINARIK AUF DER ROSENBURG<\/h1><div class='special-heading-border'><div class='special-heading-inner-border' ><\/div><\/div><\/div><br \/>\n<div  class='hr hr-short hr-center  '><span class='hr-inner ' ><span class='hr-inner-style'><\/span><\/span><\/div><\/p><\/div>\n<div class=\"flex_column av_two_fifth  flex_column_div first  \" style='padding:25px 0px 0px 0px ; border-radius:0px; '><p><div style='padding-bottom:10px;' class='av-special-heading av-special-heading-h2  blockquote modern-quote modern-centered   '><div class ='av-subheading av-subheading_above  ' style='font-size:13px;'><p>Wer ganz genie\u00dft, der lebt wirklich.<\/p>\n<\/div><h2 class='av-special-heading-tag '  itemprop=\"headline\"  >Schlossgasthof <span class='special_amp'>&amp;<\/span> Hotel Rosenburg<\/h2><div class='special-heading-border'><div class='special-heading-inner-border' ><\/div><\/div><\/div><br \/>\n<div style=' margin-top:10px; margin-bottom:0;'  class='hr hr-custom hr-center hr-icon-no  '><span class='hr-inner   inner-border-av-border-none' style=' width:50px;' ><span class='hr-inner-style'><\/span><\/span><\/div><br \/>\n<div class='avia-image-container avia_animated_image avia_animate_when_almost_visible right-to-left av-styling-    avia-align-center '  itemprop=\"ImageObject\" itemscope=\"itemscope\" itemtype=\"https:\/\/schema.org\/ImageObject\"  ><div class='avia-image-container-inner'><a href='http:\/\/work25.lichtstark.com\/rb_wp\/schlossgasthof\/' class='avia_image'  ><img class='avia_image ' src='http:\/\/work25.lichtstark.com\/rb_wp\/wp-content\/uploads\/2015\/12\/feiern-5-300x225.jpg' alt='' title='feiern-5'  itemprop=\"thumbnailUrl\"  \/><\/a><\/div><\/div><br \/>\n<span class=\"av_font_icon avia_animate_when_visible  av-icon-style-  avia-icon-pos-center \" style=\"color:#c19a63; border-color:#c19a63;\"><a href='http:\/\/work25.lichtstark.com\/rb_wp\/schlossgasthof\/'   class='av-icon-char' style='font-size:25px;line-height:25px;' aria-hidden='true' data-av_icon='\ue81f' data-av_iconfont='entypo-fontello' data-avia-icon-tooltip=\"&lt;br \/&gt;\nMehr Infos hier&lt;br \/&gt;\n\"><\/a><\/span><\/p><\/div>\n<div class=\"flex_column av_two_fifth  flex_column_div   \" style='padding:25px 0px 0px 0px ; border-radius:0px; '><section class=\"av_textblock_section \"  itemscope=\"itemscope\" itemtype=\"https:\/\/schema.org\/CreativeWork\" ><div class='avia_textblock  '   itemprop=\"text\" ><p style=\"text-align: left;\">Der <strong><a href=\"http:\/\/www.schlossgasthofrosenburg.at\/\">Schlossgasthof &amp; Hotel Rosenburg <\/a><\/strong>bietet vielf\u00e4ltige kulinarische Gen\u00fcsse. Die Jahreszeiten spiegeln sich bewusst in den Speisen wider. Die Zutaten werden haupts\u00e4chlich aus der Region gew\u00e4hlt. Unsere Ritteressen mit Unterhaltung erfreuen sich gro\u00dfer Beliebtheit und werden regelm\u00e4\u00dfig im Gew\u00f6lbesaal veranstaltet. Zusatztermine f\u00fcr Gruppen sind jederzeit buchbar. F\u00fcr romantische \u00dcbernachtungen stehen im Schlossgasthof &amp; Hotel stilvolle Genie\u00dferzimmer, teilweise mit Blick auf das Schloss, zur Verf\u00fcgung.<\/p>\n<\/div><\/section><\/div>\n<div style=' margin-top:30; margin-bottom:30px;'  class='hr hr-custom hr-center hr-icon-no  '><span class='hr-inner   inner-border-av-border-none' style=' width:50px;' ><span class='hr-inner-style'><\/span><\/span><\/div>\n<div  class='hr hr-short hr-center  '><span class='hr-inner ' ><span class='hr-inner-style'><\/span><\/span><\/div>\n<div class=\"flex_column av_two_fifth  flex_column_div av-zero-column-padding first  \" style='border-radius:0px; '><p><div style='padding-bottom:10px;' class='av-special-heading av-special-heading-h2  blockquote modern-quote modern-centered   '><div class ='av-subheading av-subheading_above  ' style='font-size:13px;'><p>Gl\u00fcck ist die Summe sch\u00f6ner Momente<\/p>\n<\/div><h2 class='av-special-heading-tag '  itemprop=\"headline\"  >Taverne <span class='special_amp'>&amp;<\/span> Greisslerei Rosenburg<\/h2><div class='special-heading-border'><div class='special-heading-inner-border' ><\/div><\/div><\/div><br \/>\n<div style=' margin-top:10px; margin-bottom:0;'  class='hr hr-custom hr-center hr-icon-no  '><span class='hr-inner   inner-border-av-border-none' style=' width:50px;' ><span class='hr-inner-style'><\/span><\/span><\/div><br \/>\n<div class='avia-image-container avia_animated_image avia_animate_when_almost_visible right-to-left av-styling-    avia-align-center '  itemprop=\"ImageObject\" itemscope=\"itemscope\" itemtype=\"https:\/\/schema.org\/ImageObject\"  ><div class='avia-image-container-inner'><a href='http:\/\/work25.lichtstark.com\/rb_wp\/schloss-taverne\/' class='avia_image'  ><img class='avia_image ' src='http:\/\/work25.lichtstark.com\/rb_wp\/wp-content\/uploads\/2019\/05\/Greisslerei1-300x225.jpeg' alt='' title='Greisslerei1'  itemprop=\"thumbnailUrl\"  \/><\/a><\/div><\/div><br \/>\n<span class=\"av_font_icon avia_animate_when_visible  av-icon-style-  avia-icon-pos-center \" style=\"color:#c19a63; border-color:#c19a63;\"><a href='http:\/\/work25.lichtstark.com\/rb_wp\/schloss-taverne\/'   class='av-icon-char' style='font-size:25px;line-height:25px;' aria-hidden='true' data-av_icon='\ue81f' data-av_iconfont='entypo-fontello' data-avia-icon-tooltip=\"&lt;br \/&gt;\nMehr Infos hier&lt;br \/&gt;\n\"><\/a><\/span><\/p><\/div>\n<div class=\"flex_column av_two_fifth  flex_column_div av-zero-column-padding   \" style='border-radius:0px; '><section class=\"av_textblock_section \"  itemscope=\"itemscope\" itemtype=\"https:\/\/schema.org\/CreativeWork\" ><div class='avia_textblock  '   itemprop=\"text\" ><p>Die von Familie Hagelkruys gef\u00fchrte <strong><a href=\"http:\/\/www.tavernerosenburg.at\">Taverne Rosenburg<\/a><\/strong> bietet mit ihrem Ambiente im Burghof, einen romantischen Ruhepol f\u00fcr den Genuss eines Waldviertler BIO Kaffees und hausgemachten Mehlspeisen (wie die ber\u00fchmte Honigtorte oder Mohnkuchen mit Schokosauce).<\/p>\n<p>Hier wird regional vom Waldviertler BIO Blondvieh und BIO Turopje Schwein gekocht. Ideal f\u00fcr den Beginn, Ausklang oder zwischendurch eines Besuches des Schlosses. Gerne nehmen wir auch Reservierungen f\u00fcr Ihren Ausflug, eine Veranstaltung oder Feier entgegen.<\/p>\n<p>Im Herzen der Taverne befindet sich die <strong><a href=\"http:\/\/www.greisslereirosenburg.at\">Greisslerei Rosenburg<\/a>.<\/strong><\/p>\n<p>Hier k\u00f6nnen Sie alle Produkte, die in der Taverne ausgeschenkt oder Zutaten, mit denen gekocht wird, f\u00fcr Zuhause mitnehmen. Finden Sie hier Spezialit\u00e4ten von kleinen regionalen Produzenten, Souvenirartikel, Rosenprodukte und Empfehlungen der Taverne Rosenburg.<\/p>\n<\/div><\/section><\/div><div style=' margin-top:30; margin-bottom:30px;'  class='hr hr-custom hr-center hr-icon-no  '><span class='hr-inner   inner-border-av-border-none' style=' width:50px;' ><span class='hr-inner-style'><\/span><\/span><\/div><\/p>\n","protected":false},"excerpt":{"rendered":"","protected":false},"author":2,"featured_media":0,"parent":0,"menu_order":0,"comment_status":"closed","ping_status":"closed","template":"","meta":[],"_links":{"self":[{"href":"http:\/\/work25.lichtstark.com\/rb_wp\/wp-json\/wp\/v2\/pages\/83"}],"collection":[{"href":"http:\/\/work25.lichtstark.com\/rb_wp\/wp-json\/wp\/v2\/pages"}],"about":[{"href":"http:\/\/work25.lichtstark.com\/rb_wp\/wp-json\/wp\/v2\/types\/page"}],"author":[{"embeddable":true,"href":"http:\/\/work25.lichtstark.com\/rb_wp\/wp-json\/wp\/v2\/users\/2"}],"replies":[{"embeddable":true,"href":"http:\/\/work25.lichtstark.com\/rb_wp\/wp-json\/wp\/v2\/comments?post=83"}],"version-history":[{"count":55,"href":"http:\/\/work25.lichtstark.com\/rb_wp\/wp-json\/wp\/v2\/pages\/83\/revisions"}],"predecessor-version":[{"id":3791,"href":"http:\/\/work25.lichtstark.com\/rb_wp\/wp-json\/wp\/v2\/pages\/83\/revisions\/3791"}],"wp:attachment":[{"href":"http:\/\/work25.lichtstark.com\/rb_wp\/wp-json\/wp\/v2\/media?parent=83"}],"curies":[{"name":"wp","href":"https:\/\/api.w.org\/{rel}","templated":true}]}}