{"id":81,"date":"2015-12-13T13:02:13","date_gmt":"2015-12-13T12:02:13","guid":{"rendered":"http:\/\/work25.lichtstark.com\/rb_wp\/?page_id=81"},"modified":"2020-03-03T11:14:14","modified_gmt":"2020-03-03T10:14:14","slug":"events","status":"publish","type":"page","link":"http:\/\/work25.lichtstark.com\/rb_wp\/events\/","title":{"rendered":"Events"},"content":{"rendered":"<\/div><\/div><\/div><!-- close content main div --><\/div><\/div><div id='av_section_1' class='avia-section main_color avia-section-default avia-shadow avia-full-stretch avia-bg-style-scroll   av-minimum-height av-minimum-height-custom container_wrap fullsize' style = 'background-repeat: no-repeat; background-image: url(http:\/\/work25.lichtstark.com\/rb_wp\/wp-content\/uploads\/2015\/12\/rosenburg_Panorama4_facebook-1500x430.jpg); background-attachment: scroll; background-position: center center; ' data-section-bg-repeat='stretch' ><div class='container' style='height:350px'><div class='template-page content  av-content-full alpha units'><div class='post-entry post-entry-type-page post-entry-81'><div class='entry-content-wrapper clearfix'>\n<div class=\"flex_column av_one_full  flex_column_div av-zero-column-padding first  \" style='border-radius:0px; '><p><div style='padding-bottom:10px;' class='av-special-heading av-special-heading-h1  blockquote modern-quote   '><div class ='av-subheading av-subheading_above  ' style='font-size:15px;'><p>Tagen und Feiern<\/p>\n<\/div><h1 class='av-special-heading-tag '  itemprop=\"headline\"  >Events auf Schloss Rosenburg<\/h1><div class='special-heading-border'><div class='special-heading-inner-border' ><\/div><\/div><\/div><br \/>\n<section class=\"av_textblock_section \"  itemscope=\"itemscope\" itemtype=\"https:\/\/schema.org\/CreativeWork\" ><div class='avia_textblock  '   itemprop=\"text\" ><p style=\"text-align: left;\">Sie haben die Ideen f\u00fcr Ihre Events, wir geben Ihnen den Raum. Schloss Rosenburg bietet Ihnen den exklusiven Rahmen f\u00fcr faszinierende Events, pers\u00f6nliche Hochzeitsfeste, eindrucksstarke Firmenfeiern, Produktpr\u00e4sentationen und andere glanzvolle Inszenierungen.<\/p>\n<\/div><\/section><br \/>\n<div  class='hr hr-short hr-center  '><span class='hr-inner ' ><span class='hr-inner-style'><\/span><\/span><\/div><\/p><\/div>\n<div class=\"flex_column av_one_half  flex_column_div av-zero-column-padding first  \" style='border-radius:0px; '><section class=\"av_textblock_section \"  itemscope=\"itemscope\" itemtype=\"https:\/\/schema.org\/CreativeWork\" ><div class='avia_textblock  '   itemprop=\"text\" ><h4>TAGUNGEN auf Schloss Rosenburg<\/h4>\n<p><strong>Inhalte emotional aufgeladen<\/strong><br \/>\nDie Rosenburg bietet auch R\u00e4umlichkeiten und Infrastruktur f\u00fcr Seminare und Tagungen. Nutzen Sie die Energie dieses Kraftplatzes zur Vermittlung Ihres Anliegens.<br \/>\nDie Prunkr\u00e4ume k\u00f6nnen von Mai &#8211; September als R\u00e4umlichkeiten f\u00fcr Ihre Tagungen genutzt werden. F\u00fcr die kulinarische Betreuung sorgt das Team des Schlossschenke Rosenburg.<br \/>\nAbgestimmt auf die Art der Veranstaltung eignet sich die alte Bibliothek mit der einzigartigen Holzdecke besonders gut f\u00fcr Tagungen, Kongresse oder Vortr\u00e4ge. Der alte Sitzungsaal und das Bergfriedzimmer bieten sich aufgrund der Gr\u00f6\u00dfe speziell f\u00fcr Besprechungen im kleineren Kreis an. Die Altane kann als zus\u00e4tzlicher Aufenthaltsraum bei Veranstaltungen oder f\u00fcr Kaffeepausen genutzt werden.<\/p>\n<h4><\/h4>\n<\/div><\/section><br \/>\n<div  class='hr hr-short hr-left  '><span class='hr-inner ' ><span class='hr-inner-style'><\/span><\/span><\/div><\/p><\/div><div class=\"flex_column av_one_half  flex_column_div av-zero-column-padding   \" style='border-radius:0px; '><section class=\"av_textblock_section \"  itemscope=\"itemscope\" itemtype=\"https:\/\/schema.org\/CreativeWork\" ><div class='avia_textblock  '   itemprop=\"text\" ><h4>FIRMENFEIERN<\/h4>\n<p><strong>Historisches Ambiente f\u00fcr Ihren Anlass<\/strong><br \/>\nF\u00fcr Ihre Firmenfeier steht die Rosenburg gerne zur Verf\u00fcgung. Nutzen Sie die Prunkr\u00e4umlichkeiten, die G\u00e4rten, die 4.800 m\u00b2 gro\u00dfe Terrasse oder den 5.000 m\u00b2 gro\u00dfen Turnierhof.<\/p>\n<p>Betriebs- bzw. Team-Building-Ausfl\u00fcge gibt es die M\u00f6glichkeit auch den angrenzenden Erlebnispark Rosenburg zu nutzen.<br \/>\nMehr Informationen dazu finden Sie hier:<\/p>\n<p><a href=\"http:\/\/www.erlebnisparkrosenburg.at\/teambuilding\/\" target=\"_blank\" rel=\"noopener\">http:\/\/www.erlebnisparkrosenburg.at\/teambuilding\/<\/a><\/p>\n<\/div><\/section><br \/>\n<div  class='hr hr-short hr-left  '><span class='hr-inner ' ><span class='hr-inner-style'><\/span><\/span><\/div><\/p><\/div><\/p>\n<div style=' margin-top:30; margin-bottom:30px;'  class='hr hr-custom hr-center hr-icon-no  '><span class='hr-inner   inner-border-av-border-none' style=' width:50px;' ><span class='hr-inner-style'><\/span><\/span><\/div>\n","protected":false},"excerpt":{"rendered":"","protected":false},"author":2,"featured_media":0,"parent":0,"menu_order":0,"comment_status":"closed","ping_status":"closed","template":"","meta":[],"_links":{"self":[{"href":"http:\/\/work25.lichtstark.com\/rb_wp\/wp-json\/wp\/v2\/pages\/81"}],"collection":[{"href":"http:\/\/work25.lichtstark.com\/rb_wp\/wp-json\/wp\/v2\/pages"}],"about":[{"href":"http:\/\/work25.lichtstark.com\/rb_wp\/wp-json\/wp\/v2\/types\/page"}],"author":[{"embeddable":true,"href":"http:\/\/work25.lichtstark.com\/rb_wp\/wp-json\/wp\/v2\/users\/2"}],"replies":[{"embeddable":true,"href":"http:\/\/work25.lichtstark.com\/rb_wp\/wp-json\/wp\/v2\/comments?post=81"}],"version-history":[{"count":20,"href":"http:\/\/work25.lichtstark.com\/rb_wp\/wp-json\/wp\/v2\/pages\/81\/revisions"}],"predecessor-version":[{"id":10335,"href":"http:\/\/work25.lichtstark.com\/rb_wp\/wp-json\/wp\/v2\/pages\/81\/revisions\/10335"}],"wp:attachment":[{"href":"http:\/\/work25.lichtstark.com\/rb_wp\/wp-json\/wp\/v2\/media?parent=81"}],"curies":[{"name":"wp","href":"https:\/\/api.w.org\/{rel}","templated":true}]}}