{"id":5798,"date":"2018-04-20T00:38:49","date_gmt":"2018-04-19T22:38:49","guid":{"rendered":"http:\/\/work25.lichtstark.com\/rb_wp\/?page_id=5798"},"modified":"2020-06-08T00:08:14","modified_gmt":"2020-06-07T22:08:14","slug":"agb","status":"publish","type":"page","link":"http:\/\/work25.lichtstark.com\/rb_wp\/agb\/","title":{"rendered":"AGB"},"content":{"rendered":"<p>\u200b<\/p>\n<p><strong>Allgemeine Gesch\u00e4fts- und Nutzungsbedingungen der Internet-Plattform \u201eWebshop Renaissanceschloss Rosenburg\u201c<\/strong><\/p>\n<p>&nbsp;<\/p>\n<p>1. Allgemeines<br \/>\n1.1.<br \/>\nDiese Allgemeinen Gesch\u00e4ftsbedingungen gelten f\u00fcr E-Ticketing-Vertr\u00e4ge, die \u00fcber die Internet-Plattform des Renaissanceschlosses Rosenburg, vertreten durch Herrn Dipl. Ing. Markus Hoyos, (im Folgenden \u201eSchlo\u00df Rosenburg\u201c) mit Endverbrauchern (im Folgenden \u201eKunden\u201c) geschlossen werden.<br \/>\n1.2.<br \/>\nSchlo\u00df Rosenburg stellt eine Plattform zur Verf\u00fcgung, \u00fcber die Kunden Tickets f\u00fcr Veranstaltungen und Besichtigungen des Schlo\u00dfes Rosenburg online kaufen k\u00f6nnen. Dabei k\u00f6nnen im Zuge eines Bestellvorgangs mehrere E-Tickets erworben werden; diesfalls gelten die folgenden Bestimmungen sinngem\u00e4\u00df f\u00fcr alle E-Tickets.<br \/>\n1.3.<br \/>\nDer Vertrag \u00fcber den Erwerb eines Tickets wird direkt zwischen dem Schlo\u00df Rosenburg und dem Kunden abgeschlossen.<br \/>\n1.4.<br \/>\nDurch Anklicken der Schaltfl\u00e4che \u201eweiter\u201c macht der Kunde ein Angebot zum Abschluss eines E-Ticketing-Vertrages an Schlo\u00df Rosenburg. Dieses Angebot wird durch \u00dcbermittlung eines Best\u00e4tigungs-Emails, dem ein Link zum ausdruckbaren E-Ticket beigef\u00fcgt ist, angenommen. Damit kommt der E-Ticketing-Vertrag zustande. Die \u00dcbergabe erfolgt beim Kunden durch Ausdruck des bestellten E-Tickets. Das E-Ticket kann dabei auch am Ende des Bestellvorgangs aus dem Internet-Browser ausgedruckt werden. Der Kunde tr\u00e4gt die alleinige Verantwortung f\u00fcr einen vollst\u00e4ndigen und leserlichen Ausdruck des E-Tickets.<br \/>\n1.5.<br \/>\nDie E-Tickets sind nur f\u00fcr die im Zuge des Ticketkaufs spezifizierten Besichtigungs- oder Veranstaltungstermine oder Besichtigungszeitr\u00e4ume g\u00fcltig. Im Fall, dass konkrete Termine zur Auswahl stehen, kann der Kunde die gew\u00fcnschten Termine bei Ticketbestellung aus den jeweils verf\u00fcgbaren Terminangeboten ausw\u00e4hlen. Eine Terminverschiebung ist nach Vertragsabschluss nicht mehr m\u00f6glich.<br \/>\n1.6.<br \/>\nEine Einl\u00f6sung des E-Tickets ist nur zu dem ausgew\u00e4hlten Termin (Datum, gegebenenfalls Zeitraum) oder innerhalb des jeweiligen Einl\u00f6sungs-Zeitraums des E-Tickets m\u00f6glich. Eine versp\u00e4tete Einl\u00f6sung ist nicht m\u00f6glich \u2013 das E-Ticket wird in diesem Fall ung\u00fcltig.<br \/>\n1.7.<br \/>\nDer Kunde hat f\u00fcr die Inanspruchnahme der gebuchten Dienstleistung (Besichtigung, Tour, Veranstaltung etc.) einen Ausdruck seines E-Tickets vor Beginn der Dienstleistung vorzuweisen. Das E-Ticket wird dabei entsprechend den technischen Vorkehrungen (z.B. Drehkreuze, elektronische oder manuelle Entwertung durch Aufsichtspersonal) des jeweiligen Betreibers entwertet. Bei Tickets, die gleichzeitig zur Inanspruchnahme mehrerer Dienstleistungen berechtigen (Kombi-Tickets), erfolgt die Entwertung entsprechend den Zutritten zu den jeweiligen Dienstleistungen. Es gilt das Prinzip des ersten Zutritts, d.h. nach einer Entwertung des E-Tickets im Zuge des ersten Zutritts zu einer Dienstleistung kann mit demselben E-Ticket kein weiterer Zutritt zu derselben Dienstleistung gew\u00e4hrt werden (davon unber\u00fchrt sind bei Kombi-Tickets Zutritte zu Dienstleistungen, f\u00fcr die das Ticket noch nicht entwertet wurde). Ung\u00fcltige oder bereits entwertete Tickets berechtigen nicht zur Inanspruchnahme der gebuchten Dienstleistung.<br \/>\n1.8.<br \/>\nDer Kunde ist nicht berechtigt, mehrere Ausdrucke desselben E-Tickets herzustellen oder das E-Ticket in welcher Form auch immer zu vervielf\u00e4ltigen, zu reproduzieren oder weiterzusenden. Der Kunde hat sein E-Ticket sorgf\u00e4ltig zu verwahren, um einen Missbrauch zu vermeiden.<br \/>\n1.9.<br \/>\nMit der Verwendung des E-Tickets akzeptiert der Kunde auch die Hausordnung des Schlo\u00dfes Rosenburg.<br \/>\n1.10.<br \/>\nBei den \u00fcber das Schlo\u00df Rosenburg angebotenen Dienstleistungen handelt es sich um Freizeit-Dienstleistungen iSd \u00a7 5 c Abs 4 Z 2 KSchG, die zu einem bestimmten Zeitpunkt oder innerhalb eines genau angegebenen Zeitraums erbracht werden. Der Kunde hat daher kein R\u00fccktrittsrecht (\u00a7 5f Z 7 KSchG).<br \/>\n1.11.<br \/>\nDer Kunde anerkennt durch Anklicken der Erkl\u00e4rung \u201eIch habe die AGB gelesen und stimme zu\u201c die G\u00fcltigkeit dieser Allgemeinen Gesch\u00e4ftsbedingungen des Schlo\u00dfes Rosenburg, die dem Kunden mit gesondertem Link unmittelbar bei der Erkl\u00e4rung \u201eIch habe die AGB gelesen und stimme zu\u201c vor Vertragsabschluss zur Verf\u00fcgung gestellt werden. Das Schlo\u00df Rosenburg kontrahiert nur zu diesen geltenden ABG\u2019s.<br \/>\n2. Zahlung<br \/>\n2.1.<br \/>\nDie Zahlung der bestellten E-Tickets erfolgt \u00fcber das E-Payment-Modul von Wirecard. Dabei werden diverse Kreditkarten und Sofort\u00fcberweisung akzeptiert. Andere Zahlungsarten sind nicht m\u00f6glich.<br \/>\n2.2.<br \/>\nSollte eine Zahlung vor Besichtigungsbeginn r\u00fcckbelastet werden, verliert das E-Ticket seine G\u00fcltigkeit.<br \/>\n3. Preise<br \/>\n3.1.<br \/>\nAlle im E-Ticketing-System angef\u00fchrten Preise sind Euro-Preise inkl. USt.<br \/>\n3.2.<br \/>\nBei Inanspruchnahme von erm\u00e4\u00dfigten Preisen, etwa f\u00fcr Kindertickets, hat die Legitimation f\u00fcr den Preisnachlass vor Besichtigungsbeginn zu erfolgen.<br \/>\n4. Leistungsst\u00f6rungen und Haftung<br \/>\n4.1<br \/>\nSchlo\u00df Rosenburg haftet dem Kunden nicht f\u00fcr Sch\u00e4den aus der unbefugten Vervielf\u00e4ltigung oder dem Missbrauch seines E-Tickets, es sei denn, dass Schlo\u00df Rosenburg diesen Schaden zumindest grob fahrl\u00e4ssig verursacht hat.<br \/>\n4.2<br \/>\nSchlo\u00df Rosenburg ist f\u00fcr allf\u00e4llige Probleme beim Ausdruck des E-Tickets durch den Kunden nicht verantwortlich. Ebenso ist Schlo\u00df Rosenburg nicht f\u00fcr die Richtigkeit und Funktionsf\u00e4higkeit der vom Kunden angegebenen Email-Adresse sowie allf\u00e4llige Probleme, die sich aus einer fehlerhaft bekannt gegebenen oder nicht funktionierenden Email-Adresse ergeben, verantwortlich.<br \/>\n4.3<br \/>\nF\u00fcr Verzug oder Unm\u00f6glichkeit der gebuchten Dienstleistung haftet Schlo\u00df Rosenburg.<br \/>\n5. Datenschutz<br \/>\n5.1<br \/>\nSchlo\u00df Rosenburg setzt f\u00fcr die \u00dcbertragung von Kundendaten ein sicheres \u00dcbertragungsverfahren (SSL) ein. Dadurch soll ein h\u00f6chstm\u00f6glicher Sicherheitsstandard erreicht werden. Dennoch kann Schlo\u00df Rosenburg f\u00fcr Angriffe von Hackern keine Verantwortung \u00fcbernehmen.<br \/>\n5.2<br \/>\nDie vom Kunden im Zuge des E-Ticketing-Vertragsabschlusses bekannt gegebenen Daten (Email-Adresse, gebuchte Dienstleistung) werden von Schlo\u00df Rosenburg zum Zweck der Vertragsabwicklung elektronisch erhoben, verarbeitet und genutzt.<br \/>\n6. Website-Nutzung<br \/>\n6.1<br \/>\nSchlo\u00df Rosenburg gestattet dem Kunden die Nutzung seiner Websites zum Zweck des Erwerbs von E-Tickets. Dem Kunden ist es nicht gestattet, Inhalte der Websites von Schlo\u00df Rosenburg zu vervielf\u00e4ltigen, \u00f6ffentlich zur Verf\u00fcgung zu stellen oder in anderer Weise zu verwerten.<br \/>\n6.2<br \/>\nSchlo\u00df Rosenburg ist nicht verantwortlich f\u00fcr Websites, zu denen Links von Schlo\u00df Rosenburg -Websites bestehen.<br \/>\n6.3<br \/>\nSchlo\u00df Rosenburg gew\u00e4hrleistet nicht, dass der Betrieb seiner Website von Fehlern und Unterbrechungen ungest\u00f6rt ist. Schlo\u00df Rosenburg wird sich bem\u00fchen, soweit dies technisch nach vern\u00fcnftigen Ma\u00dfst\u00e4ben m\u00f6glich ist, den Betrieb seiner Website frei von Fehlern und Unterbrechungen zu halten. Schlo\u00df Rosenburg haftet jedoch nicht daf\u00fcr, dass die Bestellung von E-Tickets \u00fcber die Website jederzeit m\u00f6glich ist. Schlo\u00df Rosenburg ist berechtigt, die Website zeitweilig offline zu nehmen oder ihre Leistungen sonst zu beschr\u00e4nken, wenn dies aus Gr\u00fcnden der Sicherheit oder zum Zweck der Durchf\u00fchrung technischer Ma\u00dfnahmen (insbes. Wartungsarbeiten) erforderlich ist.<br \/>\n6.4<br \/>\nSchlo\u00df Rosenburg kann nicht gew\u00e4hrleisten, dass die Website frei von Viren oder anderen St\u00f6rungserregern ist. F\u00fcr Sch\u00e4den aus St\u00f6rungen, Viren, Fehlern und Unterbrechungen haftet Schlo\u00df Rosenburg nur, wenn Schlo\u00df Rosenburg St\u00f6rung, Virenbefall, Fehler oder Unterbrechung vors\u00e4tzlich oder grob fahrl\u00e4ssig herbeigef\u00fchrt hat.<br \/>\n7. Sonstige Bestimmungen<br \/>\n7.1<br \/>\nDie Ung\u00fcltigkeit einzelner Bestimmungen dieser Allgemeinen Gesch\u00e4ftsbedingungen ber\u00fchrt die G\u00fcltigkeit der weiteren Bestimmungen nicht.<br \/>\n7.2<br \/>\nSchriftliche Erkl\u00e4rungen (insbesondere das Best\u00e4tigungs-Email mit dem E-Ticket) gelten als zugegangen, wenn sie an die zuletzt vom Kunden bekannt gegebene Email-Adresse gesandt werden.<br \/>\n7.3<br \/>\nEs gelten nur schriftliche Vereinbarungen. Die Ab\u00e4nderung der Allgemeinen Gesch\u00e4ftsbedingungen bedarf ebenso der Schriftform. Dies gilt auch f\u00fcr ein Abgehen von dem Schriftformgebot. M\u00fcndliche Absprachen haben keine rechtliche Bindung.<br \/>\n7.4<br \/>\nAuf dieses Vertragsverh\u00e4ltnis kommt \u00f6sterreichisches Recht zur Anwendung.<br \/>\nStand: November 2017<\/p>\n","protected":false},"excerpt":{"rendered":"<p>\u200b Allgemeine Gesch\u00e4fts- und Nutzungsbedingungen der Internet-Plattform \u201eWebshop Renaissanceschloss Rosenburg\u201c &nbsp; 1. Allgemeines 1.1. Diese Allgemeinen Gesch\u00e4ftsbedingungen gelten f\u00fcr E-Ticketing-Vertr\u00e4ge, die \u00fcber die Internet-Plattform des Renaissanceschlosses Rosenburg, vertreten durch Herrn Dipl. Ing. Markus Hoyos, (im Folgenden \u201eSchlo\u00df Rosenburg\u201c) mit Endverbrauchern (im Folgenden \u201eKunden\u201c) geschlossen werden. 1.2. Schlo\u00df Rosenburg stellt eine Plattform zur Verf\u00fcgung, \u00fcber die [&hellip;]<\/p>\n","protected":false},"author":2,"featured_media":0,"parent":0,"menu_order":0,"comment_status":"closed","ping_status":"closed","template":"","meta":[],"_links":{"self":[{"href":"http:\/\/work25.lichtstark.com\/rb_wp\/wp-json\/wp\/v2\/pages\/5798"}],"collection":[{"href":"http:\/\/work25.lichtstark.com\/rb_wp\/wp-json\/wp\/v2\/pages"}],"about":[{"href":"http:\/\/work25.lichtstark.com\/rb_wp\/wp-json\/wp\/v2\/types\/page"}],"author":[{"embeddable":true,"href":"http:\/\/work25.lichtstark.com\/rb_wp\/wp-json\/wp\/v2\/users\/2"}],"replies":[{"embeddable":true,"href":"http:\/\/work25.lichtstark.com\/rb_wp\/wp-json\/wp\/v2\/comments?post=5798"}],"version-history":[{"count":3,"href":"http:\/\/work25.lichtstark.com\/rb_wp\/wp-json\/wp\/v2\/pages\/5798\/revisions"}],"predecessor-version":[{"id":11697,"href":"http:\/\/work25.lichtstark.com\/rb_wp\/wp-json\/wp\/v2\/pages\/5798\/revisions\/11697"}],"wp:attachment":[{"href":"http:\/\/work25.lichtstark.com\/rb_wp\/wp-json\/wp\/v2\/media?parent=5798"}],"curies":[{"name":"wp","href":"https:\/\/api.w.org\/{rel}","templated":true}]}}