{"id":508,"date":"2016-01-18T12:36:37","date_gmt":"2016-01-18T11:36:37","guid":{"rendered":"http:\/\/work25.lichtstark.com\/rb_wp\/?page_id=508"},"modified":"2020-03-18T09:41:43","modified_gmt":"2020-03-18T08:41:43","slug":"ritteressen","status":"publish","type":"page","link":"http:\/\/work25.lichtstark.com\/rb_wp\/ritteressen\/","title":{"rendered":"Ritteressen"},"content":{"rendered":"<\/div><\/div><\/div><!-- close content main div --><\/div><\/div><div id='av_section_1' class='avia-section main_color avia-section-default avia-shadow avia-full-stretch avia-bg-style-scroll   av-minimum-height av-minimum-height-custom container_wrap fullsize' style = 'background-repeat: no-repeat; background-image: url(http:\/\/work25.lichtstark.com\/rb_wp\/wp-content\/uploads\/2016\/01\/ritteressen\u00a9lichtstark-1.jpg); background-attachment: scroll; background-position: center center; ' data-section-bg-repeat='stretch' ><div class='container' style='height:350px'><div class='template-page content  av-content-full alpha units'><div class='post-entry post-entry-type-page post-entry-508'><div class='entry-content-wrapper clearfix'>\n<div class=\"flex_column av_one_full  flex_column_div av-zero-column-padding first  \" style='border-radius:0px; '><p><div style='padding-bottom:10px;' class='av-special-heading av-special-heading-h1  blockquote modern-quote   '><div class ='av-subheading av-subheading_above  ' style='font-size:15px;'><p>Delikat Tafeln wie zur Zeit der Renaissance im einmaligen Ambiente<\/p>\n<\/div><h1 class='av-special-heading-tag '  itemprop=\"headline\"  >Das Rosenburger Rittermahl <\/h1><div class='special-heading-border'><div class='special-heading-inner-border' ><\/div><\/div><\/div><br \/>\n<section class=\"av_textblock_section \"  itemscope=\"itemscope\" itemtype=\"https:\/\/schema.org\/CreativeWork\" ><div class='avia_textblock  '   itemprop=\"text\" ><p style=\"text-align: left;\">Geschichte hautnah erleben und beim Rittermahl auch schmecken. Ein historisch-kulinarischer Streifzug durch die Tischsitten, Tafelgebr\u00e4uche und Speisen des Mittelalters.<\/p>\n<blockquote>\n<p style=\"text-align: left;\"><\/blockquote>\n<\/div><\/section><br \/>\n<div  class='hr hr-short hr-center  '><span class='hr-inner ' ><span class='hr-inner-style'><\/span><\/span><\/div><\/p><\/div>\n<div class=\"flex_column av_one_half  flex_column_div av-zero-column-padding first  \" style='border-radius:0px; '><section class=\"av_textblock_section \"  itemscope=\"itemscope\" itemtype=\"https:\/\/schema.org\/CreativeWork\" ><div class='avia_textblock  '   itemprop=\"text\" ><h4><span style=\"color: #993300;\">Gott zum Gru\u00dfe edle Herren und Damen, stolze Ritter und M\u00e4gde, vornehmen Prinzen und Prinzessinnen aus edlem Geschlecht!<\/span><\/h4>\n<p>Es ist uns eine Freude Euch zu unserem exquisiten Rosenburger Rittermahl in dem historischen Gew\u00f6lbesaal einzuladen.<\/p>\n<p>Im Schein tausender Kerzen taucht Ihr ein ins Mittelalter und erlebt Geschichte hautnah. Ihr erlebt einen historisch-kulinarischer Streifzug durch die Tischsitten, Tafelbr\u00e4uche und Speisen des Mittelalters. \u00a0Ein einzigartiges Programm wird Euch durch das edle Mahl begleiten, K\u00fcnstler aus nah und fern werden Euch belustigen und unterhalten.<\/p>\n<p>Das Mahl startet mit einem selbstgebrannten HonigSchnaps im BurgInnenHof, nach dem HandWaschRitual folgt die feierliche Einkleidung in die original Rosenburger Waffenr\u00f6cke durch die flei\u00dfigen Rosenburger TavernenM\u00e4gde. Unser Kastellan f\u00fchrt Euch mit seinen erheiternden Spr\u00fcchen und Musik &amp; Tanz durch den Abend. Es folgt zu Tische die Kurzeinf\u00fchrung in die Tischsitten und Gebr\u00e4uche des Mittelalters. \u201eAll Voll\u201c &#8211; der Trinkspruch des Mittelalters, hallt bei selbstgebrautem Met&amp; HonigBier durch die Hallen, aber auch klassische Weine, Biere und Antialkoholische Getr\u00e4nke werden vom TavernenWirt gereicht. Speis &amp; Trank &#8211; nach original Rezepten ausgew\u00e4hlt, meisterlich gekocht und pr\u00e4sentiert &#8211; folgen in festlich und pomp\u00f6s aufgetragenen G\u00e4ngen in Begleitung von Tafelmusik. Gegessen wird originalgetreu nur mit Messer, L\u00f6ffel und Hand.<\/p>\n<p>Nach einem reichhaltigen Essen und einem unterhaltsamen Abend bieten f\u00fcr Gruppen ab 6 Personen gegen Aufpreis eine Verkostung von verschiedensten Mittelalterlichen Met Honigweinen an. Dieser spezielle Sommelier-Event wird durch unseren Imkermeister und TavernenWirt exklusiv f\u00fcr unsere G\u00e4ste Schlossk\u00fcche in stimmungsvoller Ambiente in der Alten durchgef\u00fchrt.<\/p>\n<p>Das Rosenburger Rittermahl findet open End statt und klingt gem\u00fctlich im Gew\u00f6lbesaal, in der Taverne oder im BurgInnenhof aus!<\/p>\n<p><strong>\u00a0<\/strong><\/p>\n<h4><\/h4>\n<\/div><\/section><br \/>\n<div  class='hr hr-short hr-left  '><span class='hr-inner ' ><span class='hr-inner-style'><\/span><\/span><\/div><br \/>\n<section class=\"av_textblock_section \"  itemscope=\"itemscope\" itemtype=\"https:\/\/schema.org\/CreativeWork\" ><div class='avia_textblock  '   itemprop=\"text\" ><h2 style=\"text-align: center;\"><span style=\"color: #993300;\"><strong>Men\u00fc<\/strong><\/span><\/h2>\n<p style=\"text-align: center;\">Gemeinsamer Umtrunk im BurgInnenhof<\/p>\n<p style=\"text-align: center;\"><span style=\"color: #993300;\"><strong>Vorspeisen auf dem gro\u00dfen Brettl<\/strong><\/span><\/p>\n<p style=\"text-align: center;\">Gef\u00fcllte Eier von Rosenburger Bauern<\/p>\n<p style=\"text-align: center;\">HonigKrustenSchinken aus dem R\u00e4ucherofen<\/p>\n<p style=\"text-align: center;\">Hausgemachte Pasteten und Aufstriche<\/p>\n<p style=\"text-align: center;\">Waldviertler TopfenKas mit Kr\u00e4utern<\/p>\n<p style=\"text-align: center;\">Saisonale Schmankerln zum Durchprobieren<\/p>\n<p style=\"text-align: center;\">Laib Bauernbrot vom B\u00e4ckermeister Burger<\/p>\n<p style=\"text-align: center;\"><span style=\"color: #993300;\"><strong>Hauptspeisen<\/strong><\/span><\/p>\n<p style=\"text-align: center;\">Tafelspitz im Gem\u00fcsetopf<\/p>\n<p style=\"text-align: center;\">G\u00b4schmackige Ripperln und Schweinshaxen vom Grill<\/p>\n<p style=\"text-align: center;\">BurgBraten vom Schwein<\/p>\n<p style=\"text-align: center;\">Waldviertler W\u00fcrsteln im Topf<\/p>\n<p style=\"text-align: center;\">FreilandHendl in Gew\u00fcrzSauce<\/p>\n<p style=\"text-align: center;\">Kn\u00f6delvariationen<\/p>\n<p style=\"text-align: center;\">Linsentopf<\/p>\n<p style=\"text-align: center;\">Verschiedenste Salate wie Kraut, Blatt etc.<\/p>\n<p style=\"text-align: center;\"><span style=\"color: #993300;\"><strong>Nachspeisen<\/strong><\/span><\/p>\n<p style=\"text-align: center;\">Originale Waldviertler Mohnnudeln<\/p>\n<p style=\"text-align: center;\">Mohntorte nach Tavernenart<\/p>\n<p style=\"text-align: center;\">Honigtorte<\/p>\n<\/div><\/section><\/p><\/div>\n<div class=\"flex_column av_two_fifth  av-animated-generic fade-in  flex_column_div   \" style='padding:0px 0px 0px 0px ; border-radius:0px; '><p><br \/>\n<div style=' margin-top:10; margin-bottom:5;'  class='hr hr-custom hr-left hr-icon-no  '><span class='hr-inner   inner-border-av-border-none' style=' width:50px;' ><span class='hr-inner-style'><\/span><\/span><\/div><br \/>\n<div class='avia-gallery  avia-gallery-1 deactivate_avia_lazyload avia_animate_when_visible '  itemprop=\"ImageObject\" itemscope=\"itemscope\" itemtype=\"https:\/\/schema.org\/ImageObject\" ><a class='avia-gallery-big fakeLightbox avianolink noLightbox avia-gallery-big-crop-thumb ' href='http:\/\/work25.lichtstark.com\/rb_wp\/wp-content\/uploads\/2016\/01\/FW_4339-1030x705.jpg'  data-onclick='1' title='' ><span class='avia-gallery-big-inner'  itemprop=\"thumbnailUrl\" >\t<img width='495' height='400' src='http:\/\/work25.lichtstark.com\/rb_wp\/wp-content\/uploads\/2016\/01\/FW_4339-495x400.jpg' title='_FW_4339' alt='Ritteressen Schloss Rosenburg' \/><\/span><\/a><div class='avia-gallery-thumb'> <a href='http:\/\/work25.lichtstark.com\/rb_wp\/wp-content\/uploads\/2016\/01\/FW_4339-1030x705.jpg' data-rel='gallery-1' data-prev-img='http:\/\/work25.lichtstark.com\/rb_wp\/wp-content\/uploads\/2016\/01\/FW_4339-495x400.jpg' class='first_thumb avianolink noLightbox ' data-onclick='1' title=''  itemprop=\"thumbnailUrl\" ><img  src='http:\/\/work25.lichtstark.com\/rb_wp\/wp-content\/uploads\/2016\/01\/FW_4339-495x400.jpg' width='495' height='400'  title='_FW_4339' alt='Ritteressen Schloss Rosenburg' \/><\/a> <a href='http:\/\/work25.lichtstark.com\/rb_wp\/wp-content\/uploads\/2016\/01\/FW_4335-1030x705.jpg' data-rel='gallery-1' data-prev-img='http:\/\/work25.lichtstark.com\/rb_wp\/wp-content\/uploads\/2016\/01\/FW_4335-495x400.jpg' class='avianolink noLightbox ' data-onclick='2' title=''  itemprop=\"thumbnailUrl\" ><img  src='http:\/\/work25.lichtstark.com\/rb_wp\/wp-content\/uploads\/2016\/01\/FW_4335-495x400.jpg' width='495' height='400'  title='_FW_4335' alt='Ritteressen Schloss Rosenburg' \/><\/a> <a href='http:\/\/work25.lichtstark.com\/rb_wp\/wp-content\/uploads\/2016\/01\/FW_4338-1030x705.jpg' data-rel='gallery-1' data-prev-img='http:\/\/work25.lichtstark.com\/rb_wp\/wp-content\/uploads\/2016\/01\/FW_4338-495x400.jpg' class='avianolink noLightbox ' data-onclick='3' title=''  itemprop=\"thumbnailUrl\" ><img  src='http:\/\/work25.lichtstark.com\/rb_wp\/wp-content\/uploads\/2016\/01\/FW_4338-495x400.jpg' width='495' height='400'  title='_FW_4338' alt='Ritteressen Schloss Rosenburg' \/><\/a> <a href='http:\/\/work25.lichtstark.com\/rb_wp\/wp-content\/uploads\/2016\/01\/FW_4341-1030x705.jpg' data-rel='gallery-1' data-prev-img='http:\/\/work25.lichtstark.com\/rb_wp\/wp-content\/uploads\/2016\/01\/FW_4341-495x400.jpg' class='avianolink noLightbox ' data-onclick='4' title=''  itemprop=\"thumbnailUrl\" ><img  src='http:\/\/work25.lichtstark.com\/rb_wp\/wp-content\/uploads\/2016\/01\/FW_4341-495x400.jpg' width='495' height='400'  title='_FW_4341' alt='' \/><\/a> <a href='http:\/\/work25.lichtstark.com\/rb_wp\/wp-content\/uploads\/2016\/01\/FW_4348-1030x705.jpg' data-rel='gallery-1' data-prev-img='http:\/\/work25.lichtstark.com\/rb_wp\/wp-content\/uploads\/2016\/01\/FW_4348-495x400.jpg' class='avianolink noLightbox ' data-onclick='5' title=''  itemprop=\"thumbnailUrl\" ><img  src='http:\/\/work25.lichtstark.com\/rb_wp\/wp-content\/uploads\/2016\/01\/FW_4348-495x400.jpg' width='495' height='400'  title='_FW_4348' alt='Ritteressen Schloss Rosenburg' \/><\/a> <a href='http:\/\/work25.lichtstark.com\/rb_wp\/wp-content\/uploads\/2016\/01\/FW_4351-1030x705.jpg' data-rel='gallery-1' data-prev-img='http:\/\/work25.lichtstark.com\/rb_wp\/wp-content\/uploads\/2016\/01\/FW_4351-495x400.jpg' class='avianolink noLightbox ' data-onclick='6' title=''  itemprop=\"thumbnailUrl\" ><img  src='http:\/\/work25.lichtstark.com\/rb_wp\/wp-content\/uploads\/2016\/01\/FW_4351-495x400.jpg' width='495' height='400'  title='_FW_4351' alt='Ritteressen Schloss Rosenburg' \/><\/a> <a href='http:\/\/work25.lichtstark.com\/rb_wp\/wp-content\/uploads\/2016\/01\/FW_4360-1030x705.jpg' data-rel='gallery-1' data-prev-img='http:\/\/work25.lichtstark.com\/rb_wp\/wp-content\/uploads\/2016\/01\/FW_4360-495x400.jpg' class='avianolink noLightbox ' data-onclick='7' title=''  itemprop=\"thumbnailUrl\" ><img  src='http:\/\/work25.lichtstark.com\/rb_wp\/wp-content\/uploads\/2016\/01\/FW_4360-495x400.jpg' width='495' height='400'  title='_FW_4360' alt='Ritteressen Schloss Rosenburg' \/><\/a> <a href='http:\/\/work25.lichtstark.com\/rb_wp\/wp-content\/uploads\/2016\/01\/FW_4349-1030x705.jpg' data-rel='gallery-1' data-prev-img='http:\/\/work25.lichtstark.com\/rb_wp\/wp-content\/uploads\/2016\/01\/FW_4349-495x400.jpg' class='first_thumb avianolink noLightbox ' data-onclick='8' title=''  itemprop=\"thumbnailUrl\" ><img  src='http:\/\/work25.lichtstark.com\/rb_wp\/wp-content\/uploads\/2016\/01\/FW_4349-495x400.jpg' width='495' height='400'  title='_FW_4349' alt='Ritteressen Schloss Rosenburg' \/><\/a> <a href='http:\/\/work25.lichtstark.com\/rb_wp\/wp-content\/uploads\/2016\/01\/FW_4366-1030x705.jpg' data-rel='gallery-1' data-prev-img='http:\/\/work25.lichtstark.com\/rb_wp\/wp-content\/uploads\/2016\/01\/FW_4366-495x400.jpg' class='avianolink noLightbox ' data-onclick='9' title=''  itemprop=\"thumbnailUrl\" ><img  src='http:\/\/work25.lichtstark.com\/rb_wp\/wp-content\/uploads\/2016\/01\/FW_4366-495x400.jpg' width='495' height='400'  title='_FW_4366' alt='Ritteressen Schloss Rosenburg' \/><\/a> <a href='http:\/\/work25.lichtstark.com\/rb_wp\/wp-content\/uploads\/2016\/01\/FW_4367-1030x705.jpg' data-rel='gallery-1' data-prev-img='http:\/\/work25.lichtstark.com\/rb_wp\/wp-content\/uploads\/2016\/01\/FW_4367-495x400.jpg' class='avianolink noLightbox ' data-onclick='10' title=''  itemprop=\"thumbnailUrl\" ><img  src='http:\/\/work25.lichtstark.com\/rb_wp\/wp-content\/uploads\/2016\/01\/FW_4367-495x400.jpg' width='495' height='400'  title='_FW_4367' alt='' \/><\/a> <a href='http:\/\/work25.lichtstark.com\/rb_wp\/wp-content\/uploads\/2016\/01\/FW_4418-1030x705.jpg' data-rel='gallery-1' data-prev-img='http:\/\/work25.lichtstark.com\/rb_wp\/wp-content\/uploads\/2016\/01\/FW_4418-495x400.jpg' class='avianolink noLightbox ' data-onclick='11' title=''  itemprop=\"thumbnailUrl\" ><img  src='http:\/\/work25.lichtstark.com\/rb_wp\/wp-content\/uploads\/2016\/01\/FW_4418-495x400.jpg' width='495' height='400'  title='_FW_4418' alt='Ritteressen Schloss Rosenburg' \/><\/a> <a href='http:\/\/work25.lichtstark.com\/rb_wp\/wp-content\/uploads\/2016\/01\/FW_4437-1030x705.jpg' data-rel='gallery-1' data-prev-img='http:\/\/work25.lichtstark.com\/rb_wp\/wp-content\/uploads\/2016\/01\/FW_4437-495x400.jpg' class='avianolink noLightbox ' data-onclick='12' title=''  itemprop=\"thumbnailUrl\" ><img  src='http:\/\/work25.lichtstark.com\/rb_wp\/wp-content\/uploads\/2016\/01\/FW_4437-495x400.jpg' width='495' height='400'  title='_FW_4437' alt='Ritteressen Schloss Rosenburg' \/><\/a><\/div><\/div><\/p><\/div>\n<div style=' margin-top:30; margin-bottom:30px;'  class='hr hr-custom hr-center hr-icon-no  '><span class='hr-inner   inner-border-av-border-none' style=' width:50px;' ><span class='hr-inner-style'><\/span><\/span><\/div>\n<div class=\"flex_column av_three_fifth  flex_column_div av-zero-column-padding first  \" style='border-radius:0px; '><div class='avia-icon-list-container  '><ul class='avia-icon-list avia-icon-list-left av-iconlist-big avia_animate_when_almost_visible'>\n<li><div  style='background-color:#c19a63; ' class='iconlist_icon  avia-font-entypo-fontello'><span class='iconlist-char ' aria-hidden='true' data-av_icon='\ue81f' data-av_iconfont='entypo-fontello'><\/span><\/div><article class=\"article-icon-entry \"  itemscope=\"itemscope\" itemtype=\"https:\/\/schema.org\/CreativeWork\" ><div class='iconlist_content_wrap'><header class=\"entry-content-header\"><h4 class='av_iconlist_title iconlist_title av_inherit_color '  itemprop=\"headline\"   style='color:#0a0a0a; '>Ritteressen Termine &amp; Informationen<\/h4><\/header><div class='iconlist_content  '  itemprop=\"text\"  ><p><span style=\"color: #000000;\"><strong>Termine 2020<\/strong><\/span><\/p>\n<p>02. Mai, ab 19:00 Uhr<br \/>\n19. Juni, ab 19:00 Uhr<br \/>\n7. August, ab 19:00 Uhr<br \/>\n21. August, ab 19:00 Uhr<br \/>\n18. September, ab 19:00 Uhr<br \/>\n3. Oktober, ab 19:00 Uhr\u200b<\/p>\n<p><span style=\"color: #000000;\"><strong><em>Voranmeldung erforderlich!<\/em><\/strong><\/span><\/p>\n<p><span style=\"color: #000000;\"><strong>Preisinformation<\/strong><\/span><br \/>\n<span style=\"color: #000000;\">Erwachsene \u20ac 45.-<\/span><br \/>\n<span style=\"color: #000000;\">Kinder bis 6 Jahre gratis<\/span><br \/>\n<span style=\"color: #000000;\">Kinder 7 \u2013 14 Jahre \u20ac 15,-<\/span><br \/>\nPreise inkl. Unterhaltung, Musik und Essen<\/p>\n<p>Zus\u00e4tzliche Verkostung der Met Honigweine mit unserem TavernenWirt im Anschlu\u00df ( exklusiv ab 6 Personen) \u20ac 10,-<br \/>\nPreise inkl. Unterhaltung, Musik und Essen<\/p>\n<p><strong>Information &amp; Anmeldung<\/strong><br \/>\nTischreservierung unbedingt notwendig unter:<\/p>\n<p>Taverne Rosenburg<\/p>\n<p>Familie Hagelkruys<br \/>\nTel. +43 (0) 664 4129630<br \/>\nE-Mail:\u00a0<a href=\"mailto:info@tavernerosenburg.at\">info@tavernerosenburg.at<\/a><\/p>\n<\/div><\/div><footer class=\"entry-footer\"><\/footer><\/article><div class='iconlist-timeline'><\/div><\/li>\n<\/ul><\/div><\/div>\n","protected":false},"excerpt":{"rendered":"","protected":false},"author":2,"featured_media":0,"parent":0,"menu_order":0,"comment_status":"closed","ping_status":"closed","template":"","meta":[],"_links":{"self":[{"href":"http:\/\/work25.lichtstark.com\/rb_wp\/wp-json\/wp\/v2\/pages\/508"}],"collection":[{"href":"http:\/\/work25.lichtstark.com\/rb_wp\/wp-json\/wp\/v2\/pages"}],"about":[{"href":"http:\/\/work25.lichtstark.com\/rb_wp\/wp-json\/wp\/v2\/types\/page"}],"author":[{"embeddable":true,"href":"http:\/\/work25.lichtstark.com\/rb_wp\/wp-json\/wp\/v2\/users\/2"}],"replies":[{"embeddable":true,"href":"http:\/\/work25.lichtstark.com\/rb_wp\/wp-json\/wp\/v2\/comments?post=508"}],"version-history":[{"count":52,"href":"http:\/\/work25.lichtstark.com\/rb_wp\/wp-json\/wp\/v2\/pages\/508\/revisions"}],"predecessor-version":[{"id":10760,"href":"http:\/\/work25.lichtstark.com\/rb_wp\/wp-json\/wp\/v2\/pages\/508\/revisions\/10760"}],"wp:attachment":[{"href":"http:\/\/work25.lichtstark.com\/rb_wp\/wp-json\/wp\/v2\/media?parent=508"}],"curies":[{"name":"wp","href":"https:\/\/api.w.org\/{rel}","templated":true}]}}