{"id":443,"date":"2016-01-17T19:19:15","date_gmt":"2016-01-17T18:19:15","guid":{"rendered":"http:\/\/work25.lichtstark.com\/rb_wp\/?page_id=443"},"modified":"2020-11-16T12:58:39","modified_gmt":"2020-11-16T11:58:39","slug":"info","status":"publish","type":"page","link":"http:\/\/work25.lichtstark.com\/rb_wp\/info\/","title":{"rendered":"Info"},"content":{"rendered":"<\/div><\/div><\/div><!-- close content main div --><\/div><\/div><div id='av_section_1' class='avia-section main_color avia-section-default avia-shadow avia-full-stretch avia-bg-style-scroll   av-minimum-height av-minimum-height-custom container_wrap fullsize' style = 'background-repeat: no-repeat; background-image: url(http:\/\/work25.lichtstark.com\/rb_wp\/wp-content\/uploads\/2015\/12\/lichtstark.com_FW_8145-1500x430.jpg); background-attachment: scroll; background-position: center center; ' data-section-bg-repeat='stretch' ><div class='container' style='height:350px'><div class='template-page content  av-content-full alpha units'><div class='post-entry post-entry-type-page post-entry-443'><div class='entry-content-wrapper clearfix'>\n<div class=\"flex_column av_one_full  flex_column_div av-zero-column-padding first  \" style='border-radius:0px; '><p><div style='padding-bottom:10px;font-size:30px;' class='av-special-heading av-special-heading-h1  blockquote modern-quote  av-inherit-size '><div class ='av-subheading av-subheading_above  ' style='font-size:15px;'><p>Renaissanceschloss Rosenburg<\/p>\n<\/div><h1 class='av-special-heading-tag '  itemprop=\"headline\"  >Besucherinformationen Saison 2021<\/h1><div class='special-heading-border'><div class='special-heading-inner-border' ><\/div><\/div><\/div><br \/>\n<div  class='hr hr-short hr-center  '><span class='hr-inner ' ><span class='hr-inner-style'><\/span><\/span><\/div><\/p><\/div>\n<div class=\"flex_column av_one_half  flex_column_div first  \" style='padding:5 10 5 5 ; border-radius:0px; '><section class=\"av_textblock_section \"  itemscope=\"itemscope\" itemtype=\"https:\/\/schema.org\/CreativeWork\" ><div class='avia_textblock  '   itemprop=\"text\" ><h4>N\u00e4chste Veranstaltung:<\/h4>\n<\/div><\/section><br \/>\n<div style=' margin-top:10 px; margin-bottom:0 px;'  class='hr hr-custom hr-left hr-icon-no  '><span class='hr-inner   inner-border-av-border-none' style=' width:50px;' ><span class='hr-inner-style'><\/span><\/span><\/div><br \/>\n<\/p><\/div>\n<div class=\"flex_column av_one_fifth  flex_column_div   \" style='padding:50 0px 0px 0px ; border-radius:0px; '><p><div style=' margin-top:20; margin-bottom:30px;'  class='hr hr-custom hr-left hr-icon-no  '><span class='hr-inner   inner-border-av-border-none' style=' width:50px;' ><span class='hr-inner-style'><\/span><\/span><\/div><br \/>\n<div class='avia-image-container  av-styling-    avia-align-center '  itemprop=\"ImageObject\" itemscope=\"itemscope\" itemtype=\"https:\/\/schema.org\/ImageObject\"  ><div class='avia-image-container-inner'><img class='avia_image ' src='http:\/\/work25.lichtstark.com\/rb_wp\/wp-content\/uploads\/2015\/12\/Free-Wi-Fi.gif' alt='Schloss Rosenburg freies WLAN' title='Free-Wi-Fi'   itemprop=\"thumbnailUrl\"  \/><\/div><\/div><br \/>\n<section class=\"av_textblock_section \"  itemscope=\"itemscope\" itemtype=\"https:\/\/schema.org\/CreativeWork\" ><div class='avia_textblock  '  style='font-size:10px; '  itemprop=\"text\" ><p style=\"text-align: center;\"><span style=\"color: #c19a63;\"><span style=\"color: #000000;\">Sie wollen Ihre Fotos gleich in die Sozialen Netzwerke stellen? <\/span><br \/>\n<span style=\"color: #000000;\"> Kein Problem, wir bieten <strong>freies WLAN<\/strong> auf der gesamten Burganalage<\/span><br \/>\n<\/span><\/p>\n<\/div><\/section><\/p><\/div>\n<div class=\"flex_column av_one_fifth  flex_column_div   \" style='padding:50 0px 0px 0px ; border-radius:0px; '><p><div style=' margin-top:20; margin-bottom:30px;'  class='hr hr-custom hr-left hr-icon-no  '><span class='hr-inner   inner-border-av-border-none' style=' width:50px;' ><span class='hr-inner-style'><\/span><\/span><\/div><br \/>\n<div class='avia-image-container  av-styling-    avia-align-center '  itemprop=\"ImageObject\" itemscope=\"itemscope\" itemtype=\"https:\/\/schema.org\/ImageObject\"  ><div class='avia-image-container-inner'><img class='avia_image ' src='http:\/\/work25.lichtstark.com\/rb_wp\/wp-content\/uploads\/2015\/12\/Hunde_Willkommmen_2ai_0-80x80.png' alt='' title='Hunde_Willkommmen_2ai_0'   itemprop=\"thumbnailUrl\"  \/><\/div><\/div><br \/>\n<section class=\"av_textblock_section \"  itemscope=\"itemscope\" itemtype=\"https:\/\/schema.org\/CreativeWork\" ><div class='avia_textblock  '  style='font-size:10px; '  itemprop=\"text\" ><p style=\"text-align: center;\"><span style=\"color: #c19a63;\">Auf der Rosenburg sind Hunde<br \/>\nan der Leine erlaubt!<\/span><\/p>\n<\/div><\/section><br \/>\n<div class='avia-image-container  av-styling-    avia-align-center '  itemprop=\"ImageObject\" itemscope=\"itemscope\" itemtype=\"https:\/\/schema.org\/ImageObject\"  ><div class='avia-image-container-inner'><a href='http:\/\/www.top-ausflug.at\/' class='avia_image'   target=\"_blank\" ><img class='avia_image ' src='http:\/\/work25.lichtstark.com\/rb_wp\/wp-content\/uploads\/2015\/12\/Logo_TAZ-80x80.png' alt='' title='Logo_TAZ'  itemprop=\"thumbnailUrl\"  \/><\/a><\/div><\/div><\/p><\/div>\n<div class=\"flex_column av_one_half  flex_column_div first  \" style='padding:50 0px 0px 0px ; border-radius:0px; '><p><span class=\"av_font_icon avia_animate_when_visible  av-icon-style-  avia-icon-pos-left \" style=\"color:#c19a63; border-color:#c19a63;\"><span class='av-icon-char' style='font-size:25px;line-height:25px;' aria-hidden='true' data-av_icon='\ue825' data-av_iconfont='entypo-fontello' ><\/span><\/span><br \/>\n<div style=' margin-top:0px; margin-bottom:5px;'  class='hr hr-custom hr-left hr-icon-no  '><span class='hr-inner   inner-border-av-border-none' style=' width:50px;' ><span class='hr-inner-style'><\/span><\/span><\/div><br \/>\n<section class=\"av_textblock_section \"  itemscope=\"itemscope\" itemtype=\"https:\/\/schema.org\/CreativeWork\" ><div class='avia_textblock  '  style='font-size:15px; '  itemprop=\"text\" ><h4><strong>Saison 2021 von 03. April bis 31. Oktober<\/strong><\/h4>\n<\/div><\/section><br \/>\n<div class='avia-data-table-wrap avia_responsive_table'><table class='avia-table avia-data-table avia-table-1  avia_pricing_default '  itemscope=\"itemscope\" itemtype=\"https:\/\/schema.org\/Table\" ><tbody><tr class=''><td class=''>\u00d6ffnungszeiten<\/td><td class=''>2021<\/td><\/tr><tr class=''><td class=''>April, Mai &amp; Oktober:<\/td><td class=''>Freitag bis Sonntag &amp; Feiertage<br \/>\nvon 9:30 &#8211; 17:00 Uhr<\/td><\/tr><tr class=''><td class=''>Juni bis September:<\/td><td class=''>Mittwoch bis Montag (Dienstag Ruhetag!)<br \/>\nvon 09:30 Uhr bis 17:00 Uhr<br \/>\n<\/td><\/tr><tr class=''><td class=''>Gilt f\u00fcr die ganze Saison:<\/td><td class=''>Gegen Voranmeldung sperren wir gerne auch au\u00dferhalb der \u00d6ffnungszeiten f\u00fcr Ihre Gruppe von mindestens 60 Personen auf. W\u00e4hrend der Saison ist unser Schloss jeden Feiertag f\u00fcr Sie ge\u00f6ffnet.<br \/>\nLetzter Einlass f\u00fcr Tagesg\u00e4ste 16:30.<\/td><\/tr><\/tbody><\/table><\/div><style type='text\/css'><\/style><\/p><\/div><div class=\"flex_column av_one_half  flex_column_div av-zero-column-padding   \" style='border-radius:0px; '><p><div style=' margin-top:30; margin-bottom:30px;'  class='hr hr-custom hr-left hr-icon-no  '><span class='hr-inner   inner-border-av-border-none' style=' width:50px;' ><span class='hr-inner-style'><\/span><\/span><\/div><br \/>\n<section class=\"av_textblock_section \"  itemscope=\"itemscope\" itemtype=\"https:\/\/schema.org\/CreativeWork\" ><div class='avia_textblock  '   itemprop=\"text\" ><h4><strong>Termine: Falknerei zu Pferd<\/strong><\/h4>\n<\/div><\/section><br \/>\n<div class='avia-data-table-wrap avia_scrollable_table'><table class='avia-table avia-data-table avia-table-2  avia_pricing_minimal '  itemscope=\"itemscope\" itemtype=\"https:\/\/schema.org\/Table\" ><tbody><tr class=''><td class=''>April<\/td><td class='avia-center-col'>Mai<\/td><td class='avia-center-col'>Juni<\/td><td class='avia-center-col'>Juli<\/td><td class='avia-center-col'>Aug.<\/td><td class='avia-center-col'>Sept.<\/td><td class='avia-center-col'>Okt.<\/td><\/tr><tr class=''><td class=''>24.<\/td><td class='avia-center-col'>23.<\/td><td class='avia-center-col'>26.<\/td><td class='avia-center-col'>24.<\/td><td class='avia-center-col'>28.<\/td><td class='avia-center-col'>25.<\/td><td class='avia-center-col'>30.<\/td><\/tr><tr class=''><td class=''>25.<\/td><td class='avia-center-col'>24.<\/td><td class='avia-center-col'>27.<\/td><td class='avia-center-col'>25.<\/td><td class='avia-center-col'>29.<\/td><td class='avia-center-col'>28.<\/td><td class='avia-center-col'>31.<\/td><\/tr><\/tbody><\/table><\/div><\/p><\/div><\/p>\n","protected":false},"excerpt":{"rendered":"","protected":false},"author":2,"featured_media":0,"parent":0,"menu_order":0,"comment_status":"closed","ping_status":"closed","template":"","meta":[],"_links":{"self":[{"href":"http:\/\/work25.lichtstark.com\/rb_wp\/wp-json\/wp\/v2\/pages\/443"}],"collection":[{"href":"http:\/\/work25.lichtstark.com\/rb_wp\/wp-json\/wp\/v2\/pages"}],"about":[{"href":"http:\/\/work25.lichtstark.com\/rb_wp\/wp-json\/wp\/v2\/types\/page"}],"author":[{"embeddable":true,"href":"http:\/\/work25.lichtstark.com\/rb_wp\/wp-json\/wp\/v2\/users\/2"}],"replies":[{"embeddable":true,"href":"http:\/\/work25.lichtstark.com\/rb_wp\/wp-json\/wp\/v2\/comments?post=443"}],"version-history":[{"count":69,"href":"http:\/\/work25.lichtstark.com\/rb_wp\/wp-json\/wp\/v2\/pages\/443\/revisions"}],"predecessor-version":[{"id":13754,"href":"http:\/\/work25.lichtstark.com\/rb_wp\/wp-json\/wp\/v2\/pages\/443\/revisions\/13754"}],"wp:attachment":[{"href":"http:\/\/work25.lichtstark.com\/rb_wp\/wp-json\/wp\/v2\/media?parent=443"}],"curies":[{"name":"wp","href":"https:\/\/api.w.org\/{rel}","templated":true}]}}