{"id":412,"date":"2016-01-16T12:00:06","date_gmt":"2016-01-16T11:00:06","guid":{"rendered":"http:\/\/work25.lichtstark.com\/rb_wp\/?page_id=412"},"modified":"2021-01-07T10:07:14","modified_gmt":"2021-01-07T09:07:14","slug":"gartenanlagen","status":"publish","type":"page","link":"http:\/\/work25.lichtstark.com\/rb_wp\/gartenanlagen\/","title":{"rendered":"Gartenanlagen"},"content":{"rendered":"<\/div><\/div><\/div><!-- close content main div --><\/div><\/div><div id='av_section_1' class='avia-section main_color avia-section-default avia-shadow avia-full-stretch avia-bg-style-scroll   av-minimum-height av-minimum-height-custom container_wrap fullsize' style = 'background-repeat: no-repeat; background-image: url(http:\/\/work25.lichtstark.com\/rb_wp\/wp-content\/uploads\/2016\/01\/rosenwand_lichtstark.com_FW_8702.jpg); background-attachment: scroll; background-position: center center; ' data-section-bg-repeat='stretch' ><div class='container' style='height:350px'><div class='template-page content  av-content-full alpha units'><div class='post-entry post-entry-type-page post-entry-412'><div class='entry-content-wrapper clearfix'>\n<div class=\"flex_column av_one_full  flex_column_div av-zero-column-padding first  \" style='border-radius:0px; '><p><div style='padding-bottom:10px;' class='av-special-heading av-special-heading-h1  blockquote modern-quote   '><div class ='av-subheading av-subheading_above  ' style='font-size:15px;'><p>Rosen und Romantik<\/p>\n<\/div><h1 class='av-special-heading-tag '  itemprop=\"headline\"  >DIE G\u00c4RTEN DER ROSENBURG<\/h1><div class='special-heading-border'><div class='special-heading-inner-border' ><\/div><\/div><\/div><br \/>\n<section class=\"av_textblock_section \"  itemscope=\"itemscope\" itemtype=\"https:\/\/schema.org\/CreativeWork\" ><div class='avia_textblock  '   itemprop=\"text\" ><p style=\"text-align: left;\">Die Rosenburg hat ihr Angebot um neue, liebevoll gestaltete G\u00e4rten erweitert. Romantik und Rosen stehen dabei im Mittelpunkt. Vier eigenst\u00e4ndige Gartenabschnitte mit vier unterschiedlichen Themen laden zum Besuch ein. Sie entf\u00fchren in eine Welt der Ruhe und Besinnlichkeit. Beeindruckend sind sicherlich die ROSENWAND, der ROSENGARTEN und der\u00a0DAVID AUSTIN\u00a0Schaurosengarten.<\/p>\n<\/div><\/section><br \/>\n<div  class='hr hr-short hr-center  '><span class='hr-inner ' ><span class='hr-inner-style'><\/span><\/span><\/div><\/p><\/div>\n<div class=\"flex_column av_one_third  flex_column_div av-zero-column-padding first  \" style='border-radius:0px; '><section class=\"av_textblock_section \"  itemscope=\"itemscope\" itemtype=\"https:\/\/schema.org\/CreativeWork\" ><div class='avia_textblock  '   itemprop=\"text\" ><h4><strong>Die Rosenwand<\/strong><\/h4>\n<p>Der \u00e4lteste erhaltene\u00a0Turnierhof ist eine der Hauptattraktionen der Rosenburg. Auf der Westseite, \u00fcber eine Gesamtl\u00e4nge von 120 Metern, erstreckt sich die Kletterrosenwand. In der Bl\u00fctezeit erwecken die zahlreichen Bl\u00fcten den Eindruck einer imposanten Rosenwand.<\/p>\n<p>Die zahlreichen Sitznischen zwischen dem roten Bl\u00fctenmeer laden zum Verweilen ein und der Gehweg entlang der Rosenwand geleitet den Besucher in den romantischen alten Rosengarten.<\/p>\n<p>Die gegen\u00fcberliegende Seite des Turnierhofs\u00a0wird von\u00a0alten Wildrosenst\u00f6cken ges\u00e4umt, die sich durch ihren Duft und die gro\u00dfen Hagebutten im Herbst auszeichnen.<\/p>\n<h4><\/h4>\n<\/div><\/section><\/div><div class=\"flex_column av_one_third  flex_column_div   \" style='padding:50px 0px 0px 0px ; border-radius:0px; '><div class='avia-image-container  av-styling-    avia-align-center '  itemprop=\"ImageObject\" itemscope=\"itemscope\" itemtype=\"https:\/\/schema.org\/ImageObject\"  ><div class='avia-image-container-inner'><img class='avia_image ' src='http:\/\/work25.lichtstark.com\/rb_wp\/wp-content\/uploads\/2016\/01\/rosenwand\u00a9lichtstark_FW_0374-495x400.jpg' alt='' title='rosenwand\u00a9lichtstark_FW_0374'   itemprop=\"thumbnailUrl\"  \/><\/div><\/div><\/div><\/p>\n<div class=\"flex_column av_one_third  flex_column_div av-zero-column-padding   \" style='border-radius:0px; '><article class=\"iconbox iconbox_top main_color    \"  itemscope=\"itemscope\" itemtype=\"https:\/\/schema.org\/CreativeWork\" ><div class=\"iconbox_content\"><header class=\"entry-content-header\"><div class=\"iconbox_icon heading-color \" aria-hidden='true' data-av_icon='\ue8b8' data-av_iconfont='entypo-fontello'  ><\/div><h3 class='iconbox_content_title '  itemprop=\"headline\"  >Schaugartentage<\/h3><\/header><div class='iconbox_content_container  '  itemprop=\"text\"  ><p><span style=\"color: #800000;\">15. &amp; 16. Mai<\/span><br \/>\n<span style=\"color: #800000;\"> 19. &amp; 20. Juni<\/span><br \/>\n<span style=\"color: #800000;\"> 25. &amp; 26 September<\/span><\/p>\n<p>Gemeinsam mit unserem Partner &#8222;Natur im Garten&#8220; lassen wir unsere Gartenanlagen wieder neu erbl\u00fchen.<br \/>\nAuch heuer nimmt die Rosenburg wieder an 3 Wochenenden an den SCHAUGARTENTAGEN teil. Der Fokus liegt dabei ganz bei unseren Rosen und Gartenanlagen, die f\u00fcr Garten- &amp; Rosenliebhaber eine besondere Inspiration zur Gestaltung ihres eigenen Gartens darstellen.<\/p>\n<p>An diesen 3 Wochenenden haben Sie die M\u00f6glichkeit an einer exklusiven Gartenf\u00fchrung (Dauer ca. 50 Minuten) teilzunehmen.<\/p>\n<\/div><\/div><footer class=\"entry-footer\"><\/footer><\/article><\/div>\n<div  class='hr hr-short hr-center  '><span class='hr-inner ' ><span class='hr-inner-style'><\/span><\/span><\/div>\n<div class=\"flex_column av_one_half  flex_column_div av-zero-column-padding first  \" style='border-radius:0px; '><section class=\"av_textblock_section \"  itemscope=\"itemscope\" itemtype=\"https:\/\/schema.org\/CreativeWork\" ><div class='avia_textblock  '   itemprop=\"text\" ><h4><strong>Der\u00a0alte Rosengarten <\/strong><\/h4>\n<p><strong>Rosen und Romantik<\/strong><br \/>\nSchloss Rosenburg geh\u00f6rte zu den ersten Schl\u00f6ssern in Nieder\u00f6sterreich,\u00a0die einen eigenen Rosengarten angelegt haben. Dieser befindet sich auf einem historischen Platz,\u00a0der schon zur Zeit der Renaissance als Lust- und Wandelgarten genutzt wurde.<\/p>\n<p>Dieser Teil des Gartens, gelegen im ehemaligen Burggraben, besticht durch die nat\u00fcrliche Anmut von Strauchrosen und Beetrosen, die in einer harmonischen Komposition mit klassischen Rosenbegleitern wie Frauenmantel, Storchenschnabel und Katzenminze einhergehen. Blumen, bl\u00fchende Stauden und kleine Geh\u00f6lze runden das Arrangement ab. Versteckte Sitznischen, umrankt von duftenden Rosen, laden hier zum Entspannen und Tr\u00e4umen ein. Ein kleiner Springbrunnen in der Mitte der Sichtachse unterstreicht die sanfte Atmosph\u00e4re. Leise Hintergrundmusik l\u00e4sst Besucher abschalten und alles um sich herum vergessen.<\/p>\n<p><strong>Romantische Rosen in Kombination mit Unterpflanzung<\/strong><br \/>\nIm alten Rosengarten ist eine wunderbare Kombination von romantischen Duftrosen und einer ausgewogenen Unterbepflanzung mit Stauden und Gr\u00e4sern gelungen. Hier k\u00f6nnen sich Rosenliebhaber Inspirationen f\u00fcr die Neu- oder Umgestaltung des eigenen Gartens holen.<\/p>\n<\/div><\/section><br \/>\n<div  class='hr hr-short hr-left  '><span class='hr-inner ' ><span class='hr-inner-style'><\/span><\/span><\/div><\/p><\/div>\n<div class=\"flex_column av_two_fifth  flex_column_div   \" style='padding:50px 0px 0px 0px ; border-radius:0px; '><div class='avia-image-container  av-styling-    avia-align-center '  itemprop=\"ImageObject\" itemscope=\"itemscope\" itemtype=\"https:\/\/schema.org\/ImageObject\"  ><div class='avia-image-container-inner'><img class='avia_image ' src='http:\/\/work25.lichtstark.com\/rb_wp\/wp-content\/uploads\/2016\/01\/alter-rosen-garten\u00a9lichtstark_FW_0489-1-495x400.jpg' alt='' title='alter-rosen-garten\u00a9lichtstark_FW_0489'   itemprop=\"thumbnailUrl\"  \/><\/div><\/div><\/div>\n<div class=\"flex_column av_one_half  flex_column_div av-zero-column-padding first  \" style='border-radius:0px; '><section class=\"av_textblock_section \"  itemscope=\"itemscope\" itemtype=\"https:\/\/schema.org\/CreativeWork\" ><div class='avia_textblock  '   itemprop=\"text\" ><div>\n<h4><strong>Der Kr\u00e4utergarten<\/strong><\/h4>\n<p><strong>Heimische Kr\u00e4uter am Seerosenteich<\/strong><br \/>\nDirekt vor dem Eingang zur alten Schlossk\u00fcche befindet sich der Kr\u00e4utergarten, dessen Kr\u00e4uter in der K\u00fcche der Schloss Taverne auch heute noch Verwendung finden. Zentrum des Kr\u00e4utergartens bildet ein Seerosenteich. Darum angeordnet sind vier Beete mit verschiedenen Kr\u00e4utern.<br \/>\nNeben den klassischen K\u00fcchenkr\u00e4utern finden sich hier auch spezielle Duft- und Medizinalkr\u00e4uter. Die Bepflanzung wird j\u00e4hrlich ver\u00e4ndert und versucht, das breite Spektrum der verschiedensten heimischen Kr\u00e4uter zu zeigen.<\/p>\n<\/div>\n<\/div><\/section><br \/>\n<div  class='hr hr-short hr-left  '><span class='hr-inner ' ><span class='hr-inner-style'><\/span><\/span><\/div><\/p><\/div>\n<div class=\"flex_column av_two_fifth  flex_column_div   \" style='padding:50px 0px 0px 0px ; border-radius:0px; '><div class='avia-image-container  av-styling-    avia-align-center '  itemprop=\"ImageObject\" itemscope=\"itemscope\" itemtype=\"https:\/\/schema.org\/ImageObject\"  ><div class='avia-image-container-inner'><img class='avia_image ' src='http:\/\/work25.lichtstark.com\/rb_wp\/wp-content\/uploads\/2016\/01\/seerosengarten\u00a9lichtstark-495x400.jpg' alt='Schloss Rosenburg' title='Rosenburg'   itemprop=\"thumbnailUrl\"  \/><\/div><\/div><\/div>\n<div style=' margin-top:30; margin-bottom:30px;'  class='hr hr-custom hr-center hr-icon-no  '><span class='hr-inner   inner-border-av-border-none' style=' width:50px;' ><span class='hr-inner-style'><\/span><\/span><\/div>\n<div class=\"flex_column av_one_half  flex_column_div av-zero-column-padding first  \" style='border-radius:0px; '><section class=\"av_textblock_section \"  itemscope=\"itemscope\" itemtype=\"https:\/\/schema.org\/CreativeWork\" ><div class='avia_textblock  '   itemprop=\"text\" ><h4><strong>Der DAVID AUSTIN Schaurosengarten<\/strong><\/h4>\n<div><strong>Sehen und riechen<\/strong><\/div>\n<div><\/div>\n<div>Seit M\u00e4rz 2012 verf\u00fcgt das Schloss Rosenburg \u00fcber einen Schaurosengarten, der komplett den Rosenz\u00fcchtungen des legend\u00e4ren britischen Meisterz\u00fcchter David Austin gewidmet ist und nach seinem Konzept angelegt worden ist. Ein solcher Garten ist einzigartig in \u00d6sterreich. Mehr als 500 Englische Rosen wurden hier in Gruppen von drei bis f\u00fcnf St\u00fcck derselben Sorte auf den neu angelegten Terrassen arrangiert.<\/div>\n<div>\n<p>So entstehen aus den Einzelrosen gro\u00dfe B\u00fcsche, die die Sch\u00f6nheit der einzigartigen und v\u00f6llig verschiedenen Rosenbl\u00fcten voll zur Geltung bringen. Ob der Blick von oben \u00fcber die Terrassen hinunter oder von unten heraufgerichtet wird \u2013 es ist immer ein \u00fcberw\u00e4ltigender Anblick. W\u00e4hrend der Hauptbl\u00fcte Anfang Juni zeigen diese ihre volle Pracht. In windstillen Momenten entfaltet sich der bezaubernde Duft dieser wunderbaren Rosen.<\/p>\n<\/div>\n<div><\/div>\n<div><\/div>\n<div><strong>David Austin<\/strong><\/div>\n<div><\/div>\n<div>\n<p>Die Rosenzucht bei David Austin Roses hat eine \u00fcber 50-j\u00e4hrige Geschichte. Aus dieser Erfahrung wurden \u00fcber die Jahre Rosen kreiert, bei denen sich der delikate Charme und die Wuchsform alter Rosen mit der breiten Farbpalette der \u00f6fter bl\u00fchenden modernen Rosen verbinden. Eine Spezialit\u00e4t der in England beheimateten Rosenzucht sind alte englische Duftrosen, welche auch als romantische Rosen bezeichnet werden. Diese wundersch\u00f6nen Rosen werden vor allem wegen ihrer herrlich gef\u00fcllten Bl\u00fctenformen gesch\u00e4tzt, die von tief schalenf\u00f6rmig bis zur perfekten Rosettenform reichen. Ihr Duftspektrum reicht vom Aroma der Teerose, \u00fcber Moschus, Myrrhe und fruchtig bis hin zum unverkennbaren Duft alter Rosen. Eine reiche Farbpalette erg\u00e4nzt die Vorz\u00fcge dieser Rosenarten.<\/p>\n<\/div>\n<div><\/div>\n<div><\/div>\n<div>\n<div><\/div>\n<div><\/div>\n<p><strong>Sortenvielfalt und Rarit\u00e4ten<\/strong><\/p>\n<\/div>\n<div><\/div>\n<div>Die lange Z\u00fcchtertradition von David Austin hat eine sehr gro\u00dfe F\u00fclle an Sorten hervorgebracht. Diese unterscheiden sich sowohl in Wuchs, Bl\u00fctenfarbe, Bl\u00fctenform und nat\u00fcrlich im Duft. Neben Strauch- und Kletterrosen sind die legend\u00e4ren Rumbler-Rosen bei Rosenliebhaber besonders beliebt und begehrt. Rumbler k\u00f6nnen bis zu 8 Meter hoch klettern und werden sehr gerne als optische Erg\u00e4nzung an gro\u00dfe B\u00e4ume gepflanzt. Die Rose klettert in die Baumkrone und bildet dort wahre Bl\u00fctenkaskaden. Zu den Rosenrarit\u00e4ten z\u00e4hlen r\u00fcckgez\u00fcchtete Rosen, die in Aussehen und Duft den uralten Sorten aus dem Mittelalter sehr nahe kommen.<\/div>\n<div><\/div>\n<\/div><\/section><br \/>\n<div  class='hr hr-short hr-left  '><span class='hr-inner ' ><span class='hr-inner-style'><\/span><\/span><\/div><\/p><\/div>\n<div class=\"flex_column av_two_fifth  flex_column_div   \" style='padding:0 0px 0px 0px ; border-radius:0px; '><div id='av-masonry-1' class='av-masonry  noHover av-flex-size av-no-gap av-hover-overlay- av-masonry-col-flexible av-caption-always av-caption-style- av-masonry-gallery     '  ><div class='av-masonry-container isotope av-js-disabled ' ><div class='av-masonry-entry isotope-item av-masonry-item-no-image '><\/div><a href=\"http:\/\/work25.lichtstark.com\/rb_wp\/wp-content\/uploads\/2016\/01\/FW_7460.jpg\" id='av-masonry-1-item-1944' data-av-masonry-item='1944' class='av-masonry-entry isotope-item post-1944 attachment type-attachment status-inherit hentry  av-masonry-item-with-image' title=\"\"  itemprop=\"thumbnailUrl\" ><div class='av-inner-masonry-sizer'><\/div><figure class='av-inner-masonry main_color'><div class=\"av-masonry-outerimage-container\"><div class=\"av-masonry-image-container\" style=\"background-image: url(http:\/\/work25.lichtstark.com\/rb_wp\/wp-content\/uploads\/2016\/01\/FW_7460-705x470.jpg);\"><img src=\"http:\/\/work25.lichtstark.com\/rb_wp\/wp-content\/uploads\/2016\/01\/FW_7460-705x470.jpg\" title=\"_FW_7460\" alt=\"\" \/><\/div><\/div><\/figure><\/a><!--end av-masonry entry--><a href=\"http:\/\/work25.lichtstark.com\/rb_wp\/wp-content\/uploads\/2016\/01\/FW_7469.jpg\" id='av-masonry-1-item-1949' data-av-masonry-item='1949' class='av-masonry-entry isotope-item post-1949 attachment type-attachment status-inherit hentry  av-masonry-item-with-image' title=\"\"  itemprop=\"thumbnailUrl\" ><div class='av-inner-masonry-sizer'><\/div><figure class='av-inner-masonry main_color'><div class=\"av-masonry-outerimage-container\"><div class=\"av-masonry-image-container\" style=\"background-image: url(http:\/\/work25.lichtstark.com\/rb_wp\/wp-content\/uploads\/2016\/01\/FW_7469-705x470.jpg);\"><img src=\"http:\/\/work25.lichtstark.com\/rb_wp\/wp-content\/uploads\/2016\/01\/FW_7469-705x470.jpg\" title=\"_FW_7469\" alt=\"\" \/><\/div><\/div><\/figure><\/a><!--end av-masonry entry--><a href=\"http:\/\/work25.lichtstark.com\/rb_wp\/wp-content\/uploads\/2016\/01\/IMG_5057.jpg\" id='av-masonry-1-item-1549' data-av-masonry-item='1549' class='av-masonry-entry isotope-item post-1549 attachment type-attachment status-inherit hentry  av-masonry-item-with-image' title=\"\"  itemprop=\"thumbnailUrl\" ><div class='av-inner-masonry-sizer'><\/div><figure class='av-inner-masonry main_color'><div class=\"av-masonry-outerimage-container\"><div class=\"av-masonry-image-container\" style=\"background-image: url(http:\/\/work25.lichtstark.com\/rb_wp\/wp-content\/uploads\/2016\/01\/IMG_5057-705x470.jpg);\"><img src=\"http:\/\/work25.lichtstark.com\/rb_wp\/wp-content\/uploads\/2016\/01\/IMG_5057-705x470.jpg\" title=\"IMG_5057\" alt=\"\" \/><\/div><\/div><\/figure><\/a><!--end av-masonry entry--><a href=\"http:\/\/work25.lichtstark.com\/rb_wp\/wp-content\/uploads\/2016\/01\/IMG_8078.jpg\" id='av-masonry-1-item-1548' data-av-masonry-item='1548' class='av-masonry-entry isotope-item post-1548 attachment type-attachment status-inherit hentry  av-masonry-item-with-image' title=\"\"  itemprop=\"thumbnailUrl\" ><div class='av-inner-masonry-sizer'><\/div><figure class='av-inner-masonry main_color'><div class=\"av-masonry-outerimage-container\"><div class=\"av-masonry-image-container\" style=\"background-image: url(http:\/\/work25.lichtstark.com\/rb_wp\/wp-content\/uploads\/2016\/01\/IMG_8078-705x470.jpg);\"><img src=\"http:\/\/work25.lichtstark.com\/rb_wp\/wp-content\/uploads\/2016\/01\/IMG_8078-705x470.jpg\" title=\"IMG_8078\" alt=\"\" \/><\/div><\/div><\/figure><\/a><!--end av-masonry entry--><a href=\"http:\/\/work25.lichtstark.com\/rb_wp\/wp-content\/uploads\/2016\/01\/FW_7465.jpg\" id='av-masonry-1-item-1946' data-av-masonry-item='1946' class='av-masonry-entry isotope-item post-1946 attachment type-attachment status-inherit hentry  av-masonry-item-with-image' title=\"\"  itemprop=\"thumbnailUrl\" ><div class='av-inner-masonry-sizer'><\/div><figure class='av-inner-masonry main_color'><div class=\"av-masonry-outerimage-container\"><div class=\"av-masonry-image-container\" style=\"background-image: url(http:\/\/work25.lichtstark.com\/rb_wp\/wp-content\/uploads\/2016\/01\/FW_7465-705x470.jpg);\"><img src=\"http:\/\/work25.lichtstark.com\/rb_wp\/wp-content\/uploads\/2016\/01\/FW_7465-705x470.jpg\" title=\"_FW_7465\" alt=\"\" \/><\/div><\/div><\/figure><\/a><!--end av-masonry entry--><a href=\"http:\/\/work25.lichtstark.com\/rb_wp\/wp-content\/uploads\/2016\/01\/IMG_8004.jpg\" id='av-masonry-1-item-1543' data-av-masonry-item='1543' class='av-masonry-entry isotope-item post-1543 attachment type-attachment status-inherit hentry  av-masonry-item-with-image' title=\"\"  itemprop=\"thumbnailUrl\" ><div class='av-inner-masonry-sizer'><\/div><figure class='av-inner-masonry main_color'><div class=\"av-masonry-outerimage-container\"><div class=\"av-masonry-image-container\" style=\"background-image: url(http:\/\/work25.lichtstark.com\/rb_wp\/wp-content\/uploads\/2016\/01\/IMG_8004.jpg);\"><img src=\"http:\/\/work25.lichtstark.com\/rb_wp\/wp-content\/uploads\/2016\/01\/IMG_8004.jpg\" title=\"IMG_8004\" alt=\"\" \/><\/div><\/div><\/figure><\/a><!--end av-masonry entry--><a href=\"http:\/\/work25.lichtstark.com\/rb_wp\/wp-content\/uploads\/2016\/01\/FW_7468.jpg\" id='av-masonry-1-item-1948' data-av-masonry-item='1948' class='av-masonry-entry isotope-item post-1948 attachment type-attachment status-inherit hentry  av-masonry-item-with-image' title=\"\"  itemprop=\"thumbnailUrl\" ><div class='av-inner-masonry-sizer'><\/div><figure class='av-inner-masonry main_color'><div class=\"av-masonry-outerimage-container\"><div class=\"av-masonry-image-container\" style=\"background-image: url(http:\/\/work25.lichtstark.com\/rb_wp\/wp-content\/uploads\/2016\/01\/FW_7468.jpg);\"><img src=\"http:\/\/work25.lichtstark.com\/rb_wp\/wp-content\/uploads\/2016\/01\/FW_7468.jpg\" title=\"_FW_7468\" alt=\"\" \/><\/div><\/div><\/figure><\/a><!--end av-masonry entry--><a href=\"http:\/\/work25.lichtstark.com\/rb_wp\/wp-content\/uploads\/2016\/01\/IMG_8046.jpg\" id='av-masonry-1-item-1547' data-av-masonry-item='1547' class='av-masonry-entry isotope-item post-1547 attachment type-attachment status-inherit hentry  av-masonry-item-with-image' title=\"\"  itemprop=\"thumbnailUrl\" ><div class='av-inner-masonry-sizer'><\/div><figure class='av-inner-masonry main_color'><div class=\"av-masonry-outerimage-container\"><div class=\"av-masonry-image-container\" style=\"background-image: url(http:\/\/work25.lichtstark.com\/rb_wp\/wp-content\/uploads\/2016\/01\/IMG_8046-705x470.jpg);\"><img src=\"http:\/\/work25.lichtstark.com\/rb_wp\/wp-content\/uploads\/2016\/01\/IMG_8046-705x470.jpg\" title=\"IMG_8046\" alt=\"\" \/><\/div><\/div><\/figure><\/a><!--end av-masonry entry--><a href=\"http:\/\/work25.lichtstark.com\/rb_wp\/wp-content\/uploads\/2016\/01\/IMG_8045.jpg\" id='av-masonry-1-item-1546' data-av-masonry-item='1546' class='av-masonry-entry isotope-item post-1546 attachment type-attachment status-inherit hentry  av-masonry-item-with-image' title=\"\"  itemprop=\"thumbnailUrl\" ><div class='av-inner-masonry-sizer'><\/div><figure class='av-inner-masonry main_color'><div class=\"av-masonry-outerimage-container\"><div class=\"av-masonry-image-container\" style=\"background-image: url(http:\/\/work25.lichtstark.com\/rb_wp\/wp-content\/uploads\/2016\/01\/IMG_8045-705x470.jpg);\"><img src=\"http:\/\/work25.lichtstark.com\/rb_wp\/wp-content\/uploads\/2016\/01\/IMG_8045-705x470.jpg\" title=\"IMG_8045\" alt=\"\" \/><\/div><\/div><\/figure><\/a><!--end av-masonry entry--><\/div><a class='av-masonry-pagination av-masonry-load-more' href='#load-more'  data-ids='1944,1949,1549,1548,1946,1543,1948,1547,1546,1942,1943,1545,1544,1955,1539,1537,1536,1552,1540,779,1535,1212,1931,1932,1933,1934,1953,1936,1937,1938,1939,1940,1941,1945,1947,1950,1951,1952,1954'  data-action=''  data-link='category'  data-post_type='post, page, attachment, revision, nav_menu_item, custom_css, customize_changeset, oembed_cache, user_request, wp_block, wp_template, wp_template_part, wp_global_styles, wp_navigation, product, product_variation, shop_order, shop_order_refund, tribe_venue, tribe_organizer, tribe_events, tribe-ea-record, deleted_event, portfolio, avia_framework_post'  data-items='9'  data-size='flex'  data-gap='no'  data-overlay_fx=''  data-offset='0'  data-container_links='active'  data-container_class='av-masonry-gallery  '  data-paginate='load_more'  data-caption_elements='none'  data-caption_display='always'  data-caption_styling=''  data-wc_prod_visible=''  data-prod_order_by=''  data-prod_order=''  data-sort='no'  data-columns='flexible'  data-auto_ratio='1.7'  data-set_breadcrumb='1'  data-custom_markup=''  data-query_orderby='date'  data-query_order='DESC'  data-color=''  data-custom_bg=''  data-custom_class=''  data-orientation=''  data-avno='6c3eee8bed'>Mehr laden<\/a><\/div><\/div>\n<div class=\"flex_column av_one_half  flex_column_div av-zero-column-padding first  \" style='border-radius:0px; '><div class='avia-image-container  av-styling-    avia-align-center '  itemprop=\"ImageObject\" itemscope=\"itemscope\" itemtype=\"https:\/\/schema.org\/ImageObject\"  ><div class='avia-image-container-inner'><img class='avia_image ' src='http:\/\/work25.lichtstark.com\/rb_wp\/wp-content\/uploads\/2020\/08\/David-Austin-Schaurosen-Garten.jpg' alt='' title='David Austin Schaurosen Garten'   itemprop=\"thumbnailUrl\"  \/><\/div><\/div><\/div>\n","protected":false},"excerpt":{"rendered":"","protected":false},"author":2,"featured_media":0,"parent":0,"menu_order":0,"comment_status":"closed","ping_status":"closed","template":"","meta":[],"_links":{"self":[{"href":"http:\/\/work25.lichtstark.com\/rb_wp\/wp-json\/wp\/v2\/pages\/412"}],"collection":[{"href":"http:\/\/work25.lichtstark.com\/rb_wp\/wp-json\/wp\/v2\/pages"}],"about":[{"href":"http:\/\/work25.lichtstark.com\/rb_wp\/wp-json\/wp\/v2\/types\/page"}],"author":[{"embeddable":true,"href":"http:\/\/work25.lichtstark.com\/rb_wp\/wp-json\/wp\/v2\/users\/2"}],"replies":[{"embeddable":true,"href":"http:\/\/work25.lichtstark.com\/rb_wp\/wp-json\/wp\/v2\/comments?post=412"}],"version-history":[{"count":57,"href":"http:\/\/work25.lichtstark.com\/rb_wp\/wp-json\/wp\/v2\/pages\/412\/revisions"}],"predecessor-version":[{"id":14141,"href":"http:\/\/work25.lichtstark.com\/rb_wp\/wp-json\/wp\/v2\/pages\/412\/revisions\/14141"}],"wp:attachment":[{"href":"http:\/\/work25.lichtstark.com\/rb_wp\/wp-json\/wp\/v2\/media?parent=412"}],"curies":[{"name":"wp","href":"https:\/\/api.w.org\/{rel}","templated":true}]}}