{"id":4035,"date":"2018-04-19T10:41:26","date_gmt":"2018-04-19T08:41:26","guid":{"rendered":"http:\/\/work25.lichtstark.com\/rb_wp\/?page_id=4035"},"modified":"2020-09-10T09:30:17","modified_gmt":"2020-09-10T07:30:17","slug":"sonderausstellung","status":"publish","type":"page","link":"http:\/\/work25.lichtstark.com\/rb_wp\/sonderausstellung\/","title":{"rendered":"Sonderausstellung &#8222;Reisetageb\u00fccher erwachen zum Leben&#8220;"},"content":{"rendered":"<\/div><\/div><\/div><!-- close content main div --><\/div><\/div><div id='av_section_1' class='avia-section main_color avia-section-default avia-shadow avia-full-stretch avia-bg-style-scroll   av-minimum-height av-minimum-height-custom container_wrap fullsize' style = 'background-repeat: no-repeat; background-image: url(http:\/\/work25.lichtstark.com\/rb_wp\/wp-content\/uploads\/2020\/05\/SA20_Rosenburg@Lichtstark-11-1210x423.jpg); background-attachment: scroll; background-position: top left; ' data-section-bg-repeat='stretch' ><div class='container' style='height:350px'><div class='template-page content  av-content-full alpha units'><div class='post-entry post-entry-type-page post-entry-4035'><div class='entry-content-wrapper clearfix'>\n<div class=\"flex_column av_one_full  flex_column_div av-zero-column-padding first  \" style='border-radius:0px; '><p><div style='padding-bottom:10px;' class='av-special-heading av-special-heading-h1  blockquote modern-quote   '><h1 class='av-special-heading-tag '  itemprop=\"headline\"  >REISETAGEB\u00dcCHER erwachen zum Leben<\/h1><div class ='av-subheading av-subheading_below  ' style='font-size:15px;'><p>Die Afrika-Expedition des Schlossherrn der Rosenburg im 19. Jahrhundert<\/p>\n<\/div><div class='special-heading-border'><div class='special-heading-inner-border' ><\/div><\/div><\/div><br \/>\n<div  class='hr hr-default  '><span class='hr-inner ' ><span class='hr-inner-style'><\/span><\/span><\/div><\/p><\/div>\n<div class=\"flex_column av_two_fifth  flex_column_div av-zero-column-padding first  \" style='border-radius:0px; '><p><section class=\"av_textblock_section \"  itemscope=\"itemscope\" itemtype=\"https:\/\/schema.org\/CreativeWork\" ><div class='avia_textblock  '   itemprop=\"text\" ><p><em>Ausstellungskuratorinnen:<br \/>\nClaudia Rapberger und Daniela Horvath<\/em><\/p>\n<hr \/>\n<p>Nach dem tragischen fr\u00fchen Tod seiner \u00fcber alles geliebten Gemahlin zog es den ehemaligen Schlossherrn der Rosenburg, Reichsgraf Ernst Carl Hoyos-Sprinzenstein, st\u00e4rker denn je hinaus in die Ferne. Auf der Suche nach Bew\u00e4hrung und Abenteuern begab er sich in bislang noch unerforschte Erdteile.<\/p>\n<p>Im November 1893 trat er, angezogen vom afrikanischen Zauber, eine Reise nach Somaliland an. Er dokumentierte seine Erlebnisse in zahlreichen Aufzeichnungen, die von der Familie Hoyos \u00fcber Jahrzehnte hinweg aufbewahrt wurden. Als korrespondierendes Mitglied der k. k. Geographischen Gesellschaft brachte er von seinen Expeditionen topographisches als auch naturwissenschaftliches Datenmaterial mit.<\/p>\n<p>In der aktuellen Sonderausstellung werden bislang noch nie ver\u00f6ffentliche Dokumente aus dem Privatarchiv der Familie Graf Hoyos vorgestellt. Neben den pers\u00f6nlichen Einsichten \u00fcber seine Reise im 19. Jahrhundert gibt es auch vieles \u00fcber Karawanenstra\u00dfen, Safari-Ausr\u00fcstung und die Gefahren der Expedition zu erfahren. Diese Themen werden in R\u00e4umen vorgestellt, die bisher f\u00fcr Besucher nicht zug\u00e4nglich waren. Die Ausstellung bietet interaktive Stationen und ist somit bestens geeignet f\u00fcr Entdecker und Entdeckerinnen jeden Alters.<\/p>\n<hr \/>\n<h6><\/h6>\n<\/div><\/section><br \/>\n<div style=' margin-top:30px; margin-bottom:30px;'  class='hr hr-custom hr-center hr-icon-yes  '><span class='hr-inner   inner-border-av-border-thin' style=' width:50px; border-color:#ffffff;' ><span class='hr-inner-style'><\/span><\/span><span class='av-seperator-icon'  aria-hidden='true' data-av_icon='\ue808' data-av_iconfont='entypo-fontello'><\/span><span class='hr-inner   inner-border-av-border-thin' style=' width:50px; border-color:#ffffff;' ><span class='hr-inner-style'><\/span><\/span><\/div><br \/>\n<section class=\"av_textblock_section \"  itemscope=\"itemscope\" itemtype=\"https:\/\/schema.org\/CreativeWork\" ><div class='avia_textblock  '   itemprop=\"text\" ><h3><\/h3>\n<p>Die Ausstellung kann an allen \u00d6ffnungstagen besucht werden. Weiters bieten wir gef\u00fchrte F\u00fchrungen von unseren erfahrenen Kulturvermittlern an \u2013 nur gegen Voranmeldung.<\/p>\n<\/div><\/section><br \/>\n<div  class='hr hr-default  '><span class='hr-inner ' ><span class='hr-inner-style'><\/span><\/span><\/div><br \/>\n<section class=\"av_textblock_section \"  itemscope=\"itemscope\" itemtype=\"https:\/\/schema.org\/CreativeWork\" ><div class='avia_textblock  '   itemprop=\"text\" ><h3>Laden Sie die Rosenburg APP<\/h3>\n<\/div><\/section><br \/>\n<div style=' margin-top:30; margin-bottom:30px;'  class='hr hr-custom hr-center hr-icon-no  '><span class='hr-inner   inner-border-av-border-none' style=' width:50px;' ><span class='hr-inner-style'><\/span><\/span><\/div><br \/>\n<div class='avia-image-container  av-styling-    avia-align-center '  itemprop=\"ImageObject\" itemscope=\"itemscope\" itemtype=\"https:\/\/schema.org\/ImageObject\"  ><div class='avia-image-container-inner'><img class='avia_image ' src='http:\/\/work25.lichtstark.com\/rb_wp\/wp-content\/uploads\/2017\/05\/iPhone7plus-11.05.2017-12.21.27_iphone7plusgold_portrait-300x300.png' alt='' title='iPhone7plus 11.05.2017, 12.21.27_iphone7plusgold_portrait'   itemprop=\"thumbnailUrl\"  \/><\/div><\/div><br \/>\n<div class='avia-image-container  av-styling-    avia-align-center '  itemprop=\"ImageObject\" itemscope=\"itemscope\" itemtype=\"https:\/\/schema.org\/ImageObject\"  ><div class='avia-image-container-inner'><a href='https:\/\/play.google.com\/store\/apps\/details?id=com.fluxguide.rosenburg' class='avia_image'   target=\"_blank\" ><img class='avia_image ' src='http:\/\/work25.lichtstark.com\/rb_wp\/wp-content\/uploads\/2017\/05\/Badge_Google-e1524254757890.png' alt='' title='Badge_Google'  itemprop=\"thumbnailUrl\"  \/><\/a><\/div><\/div><br \/>\n<div class='avia-image-container  av-styling-    avia-align-center '  itemprop=\"ImageObject\" itemscope=\"itemscope\" itemtype=\"https:\/\/schema.org\/ImageObject\"  ><div class='avia-image-container-inner'><a href='https:\/\/itunes.apple.com\/us\/app\/renaissanceschloss-rosenburg\/id1217811816?l=de&amp;ls=1&amp;mt=8' class='avia_image'   target=\"_blank\" ><img class='avia_image ' src='http:\/\/work25.lichtstark.com\/rb_wp\/wp-content\/uploads\/2017\/05\/Badge_Apple.jpg' alt='' title='App_Store_Badge_135x40_Master_062012'  itemprop=\"thumbnailUrl\"  \/><\/a><\/div><\/div><\/p><\/div><div class=\"flex_column av_two_fifth  flex_column_div av-zero-column-padding   \" style='border-radius:0px; '><p><div class='avia-image-container avia_animated_image avia_animate_when_almost_visible bottom-to-top av-styling-    avia-align-center '  itemprop=\"ImageObject\" itemscope=\"itemscope\" itemtype=\"https:\/\/schema.org\/ImageObject\"  ><div class='avia-image-container-inner'><img class='avia_image ' src='http:\/\/work25.lichtstark.com\/rb_wp\/wp-content\/uploads\/2020\/05\/Plakat_A2ohne-267x300.jpg' alt='' title='Soderausstellung Schloss Rosenburg'   itemprop=\"thumbnailUrl\"  \/><\/div><\/div><br \/>\n<div class='avia-gallery  avia-gallery-1 avia_lazyload avia_animate_when_visible '  itemprop=\"ImageObject\" itemscope=\"itemscope\" itemtype=\"https:\/\/schema.org\/ImageObject\" ><a class='avia-gallery-big fakeLightbox lightbox avia-gallery-big-crop-thumb ' href='http:\/\/work25.lichtstark.com\/rb_wp\/wp-content\/uploads\/2020\/05\/SA20_Rosenburg@Lichtstark-14-1030x705.jpg'  data-onclick='1' title='' ><span class='avia-gallery-big-inner'  itemprop=\"thumbnailUrl\" >\t<img width='495' height='400' src='http:\/\/work25.lichtstark.com\/rb_wp\/wp-content\/uploads\/2020\/05\/SA20_Rosenburg@Lichtstark-14-495x400.jpg' title='SA20_Rosenburg@Lichtstark 14' alt='' \/><\/span><\/a><div class='avia-gallery-thumb'> <a href='http:\/\/work25.lichtstark.com\/rb_wp\/wp-content\/uploads\/2020\/05\/SA20_Rosenburg@Lichtstark-14-1030x705.jpg' data-rel='gallery-1' data-prev-img='http:\/\/work25.lichtstark.com\/rb_wp\/wp-content\/uploads\/2020\/05\/SA20_Rosenburg@Lichtstark-14-495x400.jpg' class='first_thumb lightbox ' data-onclick='1' title=''  itemprop=\"thumbnailUrl\" ><img  src='http:\/\/work25.lichtstark.com\/rb_wp\/wp-content\/uploads\/2020\/05\/SA20_Rosenburg@Lichtstark-14-180x180.jpg' width='180' height='180'  title='SA20_Rosenburg@Lichtstark 14' alt='' \/><\/a> <a href='http:\/\/work25.lichtstark.com\/rb_wp\/wp-content\/uploads\/2020\/05\/sonderausstellung_rosenburg@Lichtstark_X1A4640-1030x705.jpg' data-rel='gallery-1' data-prev-img='http:\/\/work25.lichtstark.com\/rb_wp\/wp-content\/uploads\/2020\/05\/sonderausstellung_rosenburg@Lichtstark_X1A4640-495x400.jpg' class='lightbox ' data-onclick='2' title=''  itemprop=\"thumbnailUrl\" ><img  src='http:\/\/work25.lichtstark.com\/rb_wp\/wp-content\/uploads\/2020\/05\/sonderausstellung_rosenburg@Lichtstark_X1A4640-180x180.jpg' width='180' height='180'  title='sonderausstellung_rosenburg@Lichtstark_X1A4640' alt='' \/><\/a> <a href='http:\/\/work25.lichtstark.com\/rb_wp\/wp-content\/uploads\/2020\/05\/SA20_Rosenburg@Lichtstark-3-1030x705.jpg' data-rel='gallery-1' data-prev-img='http:\/\/work25.lichtstark.com\/rb_wp\/wp-content\/uploads\/2020\/05\/SA20_Rosenburg@Lichtstark-3-495x400.jpg' class='lightbox ' data-onclick='3' title=''  itemprop=\"thumbnailUrl\" ><img  src='http:\/\/work25.lichtstark.com\/rb_wp\/wp-content\/uploads\/2020\/05\/SA20_Rosenburg@Lichtstark-3-180x180.jpg' width='180' height='180'  title='SA20_Rosenburg@Lichtstark 3' alt='' \/><\/a> <a href='http:\/\/work25.lichtstark.com\/rb_wp\/wp-content\/uploads\/2020\/05\/SA20_Rosenburg@Lichtstark-4-1030x705.jpg' data-rel='gallery-1' data-prev-img='http:\/\/work25.lichtstark.com\/rb_wp\/wp-content\/uploads\/2020\/05\/SA20_Rosenburg@Lichtstark-4-495x400.jpg' class='lightbox ' data-onclick='4' title=''  itemprop=\"thumbnailUrl\" ><img  src='http:\/\/work25.lichtstark.com\/rb_wp\/wp-content\/uploads\/2020\/05\/SA20_Rosenburg@Lichtstark-4-180x180.jpg' width='180' height='180'  title='SA20_Rosenburg@Lichtstark 4' alt='' \/><\/a> <a href='http:\/\/work25.lichtstark.com\/rb_wp\/wp-content\/uploads\/2020\/05\/SA20_Rosenburg@Lichtstark-8-1030x705.jpg' data-rel='gallery-1' data-prev-img='http:\/\/work25.lichtstark.com\/rb_wp\/wp-content\/uploads\/2020\/05\/SA20_Rosenburg@Lichtstark-8-495x400.jpg' class='lightbox ' data-onclick='5' title=''  itemprop=\"thumbnailUrl\" ><img  src='http:\/\/work25.lichtstark.com\/rb_wp\/wp-content\/uploads\/2020\/05\/SA20_Rosenburg@Lichtstark-8-180x180.jpg' width='180' height='180'  title='SA20_Rosenburg@Lichtstark 8' alt='' \/><\/a> <a href='http:\/\/work25.lichtstark.com\/rb_wp\/wp-content\/uploads\/2020\/05\/SA20_Rosenburg@Lichtstark-10-1030x705.jpg' data-rel='gallery-1' data-prev-img='http:\/\/work25.lichtstark.com\/rb_wp\/wp-content\/uploads\/2020\/05\/SA20_Rosenburg@Lichtstark-10-495x400.jpg' class='first_thumb lightbox ' data-onclick='6' title=''  itemprop=\"thumbnailUrl\" ><img  src='http:\/\/work25.lichtstark.com\/rb_wp\/wp-content\/uploads\/2020\/05\/SA20_Rosenburg@Lichtstark-10-180x180.jpg' width='180' height='180'  title='SA20_Rosenburg@Lichtstark 10' alt='' \/><\/a> <a href='http:\/\/work25.lichtstark.com\/rb_wp\/wp-content\/uploads\/2020\/05\/SA20_Rosenburg@Lichtstark-12-1030x705.jpg' data-rel='gallery-1' data-prev-img='http:\/\/work25.lichtstark.com\/rb_wp\/wp-content\/uploads\/2020\/05\/SA20_Rosenburg@Lichtstark-12-495x400.jpg' class='lightbox ' data-onclick='7' title=''  itemprop=\"thumbnailUrl\" ><img  src='http:\/\/work25.lichtstark.com\/rb_wp\/wp-content\/uploads\/2020\/05\/SA20_Rosenburg@Lichtstark-12-180x180.jpg' width='180' height='180'  title='SA20_Rosenburg@Lichtstark 12' alt='' \/><\/a> <a href='http:\/\/work25.lichtstark.com\/rb_wp\/wp-content\/uploads\/2020\/05\/SA20_Rosenburg@Lichtstark-20-1030x705.jpg' data-rel='gallery-1' data-prev-img='http:\/\/work25.lichtstark.com\/rb_wp\/wp-content\/uploads\/2020\/05\/SA20_Rosenburg@Lichtstark-20-495x400.jpg' class='lightbox ' data-onclick='8' title=''  itemprop=\"thumbnailUrl\" ><img  src='http:\/\/work25.lichtstark.com\/rb_wp\/wp-content\/uploads\/2020\/05\/SA20_Rosenburg@Lichtstark-20-180x180.jpg' width='180' height='180'  title='SA20_Rosenburg@Lichtstark 20' alt='' \/><\/a> <a href='http:\/\/work25.lichtstark.com\/rb_wp\/wp-content\/uploads\/2020\/05\/SA20_Rosenburg@Lichtstark-15-1030x705.jpg' data-rel='gallery-1' data-prev-img='http:\/\/work25.lichtstark.com\/rb_wp\/wp-content\/uploads\/2020\/05\/SA20_Rosenburg@Lichtstark-15-495x400.jpg' class='lightbox ' data-onclick='9' title=''  itemprop=\"thumbnailUrl\" ><img  src='http:\/\/work25.lichtstark.com\/rb_wp\/wp-content\/uploads\/2020\/05\/SA20_Rosenburg@Lichtstark-15-180x180.jpg' width='180' height='180'  title='SA20_Rosenburg@Lichtstark 15' alt='' \/><\/a> <a href='http:\/\/work25.lichtstark.com\/rb_wp\/wp-content\/uploads\/2020\/05\/SA20_Rosenburg@Lichtstark-1030x705.jpg' data-rel='gallery-1' data-prev-img='http:\/\/work25.lichtstark.com\/rb_wp\/wp-content\/uploads\/2020\/05\/SA20_Rosenburg@Lichtstark-495x400.jpg' class='lightbox ' data-onclick='10' title=''  itemprop=\"thumbnailUrl\" ><img  src='http:\/\/work25.lichtstark.com\/rb_wp\/wp-content\/uploads\/2020\/05\/SA20_Rosenburg@Lichtstark-180x180.jpg' width='180' height='180'  title='SA20_Rosenburg@Lichtstark' alt='' \/><\/a> <a href='http:\/\/work25.lichtstark.com\/rb_wp\/wp-content\/uploads\/2020\/05\/sonderausstellung_rosenburg@Lichtstark_X1A4598-1030x705.jpg' data-rel='gallery-1' data-prev-img='http:\/\/work25.lichtstark.com\/rb_wp\/wp-content\/uploads\/2020\/05\/sonderausstellung_rosenburg@Lichtstark_X1A4598-495x400.jpg' class='first_thumb lightbox ' data-onclick='11' title=''  itemprop=\"thumbnailUrl\" ><img  src='http:\/\/work25.lichtstark.com\/rb_wp\/wp-content\/uploads\/2020\/05\/sonderausstellung_rosenburg@Lichtstark_X1A4598-180x180.jpg' width='180' height='180'  title='sonderausstellung_rosenburg@Lichtstark_X1A4598' alt='' \/><\/a> <a href='http:\/\/work25.lichtstark.com\/rb_wp\/wp-content\/uploads\/2020\/05\/sonderausstellung_rosenburg@Lichtstark_X1A4622-1030x705.jpg' data-rel='gallery-1' data-prev-img='http:\/\/work25.lichtstark.com\/rb_wp\/wp-content\/uploads\/2020\/05\/sonderausstellung_rosenburg@Lichtstark_X1A4622-495x400.jpg' class='lightbox ' data-onclick='12' title=''  itemprop=\"thumbnailUrl\" ><img  src='http:\/\/work25.lichtstark.com\/rb_wp\/wp-content\/uploads\/2020\/05\/sonderausstellung_rosenburg@Lichtstark_X1A4622-180x180.jpg' width='180' height='180'  title='sonderausstellung_rosenburg@Lichtstark_X1A4622' alt='' \/><\/a> <a href='http:\/\/work25.lichtstark.com\/rb_wp\/wp-content\/uploads\/2020\/05\/sonderausstellung_rosenburg@Lichtstark_X1A4623-1030x705.jpg' data-rel='gallery-1' data-prev-img='http:\/\/work25.lichtstark.com\/rb_wp\/wp-content\/uploads\/2020\/05\/sonderausstellung_rosenburg@Lichtstark_X1A4623-495x400.jpg' class='lightbox ' data-onclick='13' title=''  itemprop=\"thumbnailUrl\" ><img  src='http:\/\/work25.lichtstark.com\/rb_wp\/wp-content\/uploads\/2020\/05\/sonderausstellung_rosenburg@Lichtstark_X1A4623-180x180.jpg' width='180' height='180'  title='sonderausstellung_rosenburg@Lichtstark_X1A4623' alt='' \/><\/a> <a href='http:\/\/work25.lichtstark.com\/rb_wp\/wp-content\/uploads\/2020\/05\/sonderausstellung_rosenburg@Lichtstark_X1A4625-1030x705.jpg' data-rel='gallery-1' data-prev-img='http:\/\/work25.lichtstark.com\/rb_wp\/wp-content\/uploads\/2020\/05\/sonderausstellung_rosenburg@Lichtstark_X1A4625-495x400.jpg' class='lightbox ' data-onclick='14' title=''  itemprop=\"thumbnailUrl\" ><img  src='http:\/\/work25.lichtstark.com\/rb_wp\/wp-content\/uploads\/2020\/05\/sonderausstellung_rosenburg@Lichtstark_X1A4625-180x180.jpg' width='180' height='180'  title='sonderausstellung_rosenburg@Lichtstark_X1A4625' alt='' \/><\/a> <a href='http:\/\/work25.lichtstark.com\/rb_wp\/wp-content\/uploads\/2020\/05\/sonderausstellung_rosenburg@Lichtstark_X1A4597-1030x705.jpg' data-rel='gallery-1' data-prev-img='http:\/\/work25.lichtstark.com\/rb_wp\/wp-content\/uploads\/2020\/05\/sonderausstellung_rosenburg@Lichtstark_X1A4597-495x400.jpg' class='lightbox ' data-onclick='15' title=''  itemprop=\"thumbnailUrl\" ><img  src='http:\/\/work25.lichtstark.com\/rb_wp\/wp-content\/uploads\/2020\/05\/sonderausstellung_rosenburg@Lichtstark_X1A4597-180x180.jpg' width='180' height='180'  title='sonderausstellung_rosenburg@Lichtstark_X1A4597' alt='' \/><\/a><\/div><\/div><\/p><\/div><\/p>\n","protected":false},"excerpt":{"rendered":"","protected":false},"author":2,"featured_media":0,"parent":0,"menu_order":0,"comment_status":"closed","ping_status":"closed","template":"","meta":[],"_links":{"self":[{"href":"http:\/\/work25.lichtstark.com\/rb_wp\/wp-json\/wp\/v2\/pages\/4035"}],"collection":[{"href":"http:\/\/work25.lichtstark.com\/rb_wp\/wp-json\/wp\/v2\/pages"}],"about":[{"href":"http:\/\/work25.lichtstark.com\/rb_wp\/wp-json\/wp\/v2\/types\/page"}],"author":[{"embeddable":true,"href":"http:\/\/work25.lichtstark.com\/rb_wp\/wp-json\/wp\/v2\/users\/2"}],"replies":[{"embeddable":true,"href":"http:\/\/work25.lichtstark.com\/rb_wp\/wp-json\/wp\/v2\/comments?post=4035"}],"version-history":[{"count":40,"href":"http:\/\/work25.lichtstark.com\/rb_wp\/wp-json\/wp\/v2\/pages\/4035\/revisions"}],"predecessor-version":[{"id":9327,"href":"http:\/\/work25.lichtstark.com\/rb_wp\/wp-json\/wp\/v2\/pages\/4035\/revisions\/9327"}],"wp:attachment":[{"href":"http:\/\/work25.lichtstark.com\/rb_wp\/wp-json\/wp\/v2\/media?parent=4035"}],"curies":[{"name":"wp","href":"https:\/\/api.w.org\/{rel}","templated":true}]}}