{"id":158,"date":"2015-12-13T14:19:17","date_gmt":"2015-12-13T13:19:17","guid":{"rendered":"http:\/\/work25.lichtstark.com\/rb_wp\/?page_id=158"},"modified":"2020-06-05T08:47:17","modified_gmt":"2020-06-05T06:47:17","slug":"kinder","status":"publish","type":"page","link":"http:\/\/work25.lichtstark.com\/rb_wp\/kinder\/","title":{"rendered":"Kinder"},"content":{"rendered":"<\/div><\/div><\/div><!-- close content main div --><\/div><\/div><div id='av_section_1' class='avia-section main_color avia-section-default avia-shadow avia-full-stretch avia-bg-style-scroll   av-minimum-height av-minimum-height-custom container_wrap fullsize' style = 'background-repeat: no-repeat; background-image: url(http:\/\/work25.lichtstark.com\/rb_wp\/wp-content\/uploads\/2015\/12\/kindergruppe_W150895@lichtstark.om_.jpg); background-attachment: scroll; background-position: center center; ' data-section-bg-repeat='stretch' ><div class='container' style='height:350px'><div class='template-page content  av-content-full alpha units'><div class='post-entry post-entry-type-page post-entry-158'><div class='entry-content-wrapper clearfix'>\n<div class=\"flex_column av_one_full  flex_column_div av-zero-column-padding first  \" style='border-radius:0px; '><p><div style='padding-bottom:10px;' class='av-special-heading av-special-heading-h1  blockquote modern-quote   '><div class ='av-subheading av-subheading_above  ' style='font-size:15px;'><p>Themenfeiern<\/p>\n<\/div><h1 class='av-special-heading-tag '  itemprop=\"headline\"  >Bunte Kinderwelt <\/h1><div class='special-heading-border'><div class='special-heading-inner-border' ><\/div><\/div><\/div><br \/>\n<section class=\"av_textblock_section \"  itemscope=\"itemscope\" itemtype=\"https:\/\/schema.org\/CreativeWork\" ><div class='avia_textblock  '   itemprop=\"text\" ><p style=\"text-align: left;\">Ganz nach dem Motto Geschichte sp\u00fcren &#8211; Tradition erleben, ist die Rosenburg bestens geeignet, Kultur und Spa\u00df<br \/>\nmiteinander zu verbinden.<br \/>\nVeranstaltungen und Events wie das Historische Burgtreiben oder das Ritterturnier entf\u00fchren die Zeit des Mittelalters und vermitteln einen Einblick in die Welt der Ritter mit ihren spektakul\u00e4ren K\u00e4mpfen.<\/p>\n<\/div><\/section><br \/>\n<div  class='hr hr-short hr-center  '><span class='hr-inner ' ><span class='hr-inner-style'><\/span><\/span><\/div><\/p><\/div><div class=\"flex_column av_one_half  flex_column_div av-zero-column-padding first  \" style='border-radius:0px; '><p><section class=\"av_textblock_section \"  itemscope=\"itemscope\" itemtype=\"https:\/\/schema.org\/CreativeWork\" ><div class='avia_textblock  '   itemprop=\"text\" ><p><strong>Spa\u00df und Kultur in der Welt der Rosenburg<\/strong><\/p>\n<div><\/div>\n<div>Mit den laufend stattfindenden Events ist die Rosenburg das perfekte Ausflugsziel f\u00fcr Familien und Kinder. Neben den Events bietet die Rosenburg Packages f\u00fcr Kindergeburtstage an. Diese speziell f\u00fcr Kinder zugeschnittenen Aktivprogramme mit verschiedenen Themenschwerpunkten, sind wetterunabh\u00e4ngig und jederzeit buchbar. Ob Prinzessin, Detektiv oder abenteuerliches Klettern im angrenzenden Erlebnispark Rosenburg, f\u00fcr jeden Geschmack und Wunsch findet sich die passende Feier.<\/div>\n<div><a href=\"http:\/\/work25.lichtstark.com\/rb_wp\/index.php\/geburtstagsfeiern\/\"><strong><em>Die Geburtstagsfeiern<\/em><\/strong><\/a> verbinden Spa\u00df und Spannung, kreatives Denken, Kinderschminken und nat\u00fcrlich Geschenke f\u00fcr die Geburtstagskinder und sorgen f\u00fcr unterhaltsame Stunden.<\/div>\n<h4><\/h4>\n<\/div><\/section><br \/>\n<div  class='hr hr-short hr-left  '><span class='hr-inner ' ><span class='hr-inner-style'><\/span><\/span><\/div><\/p><\/div><div class=\"flex_column av_one_half  flex_column_div   \" style='padding:50px 0px 0px 0px ; border-radius:0px; '><div class='avia-gallery  avia-gallery-1 avia_lazyload avia_animate_when_visible '  itemprop=\"ImageObject\" itemscope=\"itemscope\" itemtype=\"https:\/\/schema.org\/ImageObject\" ><a class='avia-gallery-big fakeLightbox lightbox avia-gallery-big-crop-thumb ' href='http:\/\/work25.lichtstark.com\/rb_wp\/wp-content\/uploads\/2015\/12\/\u00a9lichtstark_V5J6062-1030x705.jpg'  data-onclick='1' title='' ><span class='avia-gallery-big-inner'  itemprop=\"thumbnailUrl\" >\t<img width='495' height='400' src='http:\/\/work25.lichtstark.com\/rb_wp\/wp-content\/uploads\/2015\/12\/\u00a9lichtstark_V5J6062-495x400.jpg' title='\u00a9lichtstark_V5J6062' alt='' \/><\/span><\/a><div class='avia-gallery-thumb'> <a href='http:\/\/work25.lichtstark.com\/rb_wp\/wp-content\/uploads\/2015\/12\/\u00a9lichtstark_V5J6062-1030x705.jpg' data-rel='gallery-1' data-prev-img='http:\/\/work25.lichtstark.com\/rb_wp\/wp-content\/uploads\/2015\/12\/\u00a9lichtstark_V5J6062-495x400.jpg' class='first_thumb lightbox ' data-onclick='1' title=''  itemprop=\"thumbnailUrl\" ><img  src='http:\/\/work25.lichtstark.com\/rb_wp\/wp-content\/uploads\/2015\/12\/\u00a9lichtstark_V5J6062-495x400.jpg' width='495' height='400'  title='\u00a9lichtstark_V5J6062' alt='' \/><\/a> <a href='http:\/\/work25.lichtstark.com\/rb_wp\/wp-content\/uploads\/2015\/12\/V5J6551-1030x705.jpg' data-rel='gallery-1' data-prev-img='http:\/\/work25.lichtstark.com\/rb_wp\/wp-content\/uploads\/2015\/12\/V5J6551-495x400.jpg' class='lightbox ' data-onclick='2' title=''  itemprop=\"thumbnailUrl\" ><img  src='http:\/\/work25.lichtstark.com\/rb_wp\/wp-content\/uploads\/2015\/12\/V5J6551-495x400.jpg' width='495' height='400'  title='_V5J6551' alt='' \/><\/a> <a href='http:\/\/work25.lichtstark.com\/rb_wp\/wp-content\/uploads\/2015\/12\/Lichtstark\u00a9_FW_4901-1030x705.jpg' data-rel='gallery-1' data-prev-img='http:\/\/work25.lichtstark.com\/rb_wp\/wp-content\/uploads\/2015\/12\/Lichtstark\u00a9_FW_4901-495x400.jpg' class='lightbox ' data-onclick='3' title=''  itemprop=\"thumbnailUrl\" ><img  src='http:\/\/work25.lichtstark.com\/rb_wp\/wp-content\/uploads\/2015\/12\/Lichtstark\u00a9_FW_4901-495x400.jpg' width='495' height='400'  title='Lichtstark\u00a9_FW_4901' alt='' \/><\/a> <a href='http:\/\/work25.lichtstark.com\/rb_wp\/wp-content\/uploads\/2015\/12\/V5J6007-1030x705.jpg' data-rel='gallery-1' data-prev-img='http:\/\/work25.lichtstark.com\/rb_wp\/wp-content\/uploads\/2015\/12\/V5J6007-495x400.jpg' class='lightbox ' data-onclick='4' title=''  itemprop=\"thumbnailUrl\" ><img  src='http:\/\/work25.lichtstark.com\/rb_wp\/wp-content\/uploads\/2015\/12\/V5J6007-495x400.jpg' width='495' height='400'  title='_V5J6007' alt='' \/><\/a> <a href='http:\/\/work25.lichtstark.com\/rb_wp\/wp-content\/uploads\/2015\/12\/Lichtstark\u00a9_FW_5291-1-1030x705.jpg' data-rel='gallery-1' data-prev-img='http:\/\/work25.lichtstark.com\/rb_wp\/wp-content\/uploads\/2015\/12\/Lichtstark\u00a9_FW_5291-1-495x400.jpg' class='lightbox ' data-onclick='5' title=''  itemprop=\"thumbnailUrl\" ><img  src='http:\/\/work25.lichtstark.com\/rb_wp\/wp-content\/uploads\/2015\/12\/Lichtstark\u00a9_FW_5291-1-495x400.jpg' width='495' height='400'  title='Lichtstark\u00a9_FW_5291' alt='' \/><\/a> <a href='http:\/\/work25.lichtstark.com\/rb_wp\/wp-content\/uploads\/2015\/12\/V5J6294-2-1030x705.jpg' data-rel='gallery-1' data-prev-img='http:\/\/work25.lichtstark.com\/rb_wp\/wp-content\/uploads\/2015\/12\/V5J6294-2-495x400.jpg' class='first_thumb lightbox ' data-onclick='6' title=''  itemprop=\"thumbnailUrl\" ><img  src='http:\/\/work25.lichtstark.com\/rb_wp\/wp-content\/uploads\/2015\/12\/V5J6294-2-495x400.jpg' width='495' height='400'  title='_V5J6294-2' alt='' \/><\/a> <a href='http:\/\/work25.lichtstark.com\/rb_wp\/wp-content\/uploads\/2015\/12\/Lichtstark\u00a9_FW_5185-1030x705.jpg' data-rel='gallery-1' data-prev-img='http:\/\/work25.lichtstark.com\/rb_wp\/wp-content\/uploads\/2015\/12\/Lichtstark\u00a9_FW_5185-495x400.jpg' class='lightbox ' data-onclick='7' title=''  itemprop=\"thumbnailUrl\" ><img  src='http:\/\/work25.lichtstark.com\/rb_wp\/wp-content\/uploads\/2015\/12\/Lichtstark\u00a9_FW_5185-495x400.jpg' width='495' height='400'  title='Lichtstark\u00a9_FW_5185' alt='' \/><\/a> <a href='http:\/\/work25.lichtstark.com\/rb_wp\/wp-content\/uploads\/2015\/12\/Lichtstark\u00a9_FW_5179-1030x705.jpg' data-rel='gallery-1' data-prev-img='http:\/\/work25.lichtstark.com\/rb_wp\/wp-content\/uploads\/2015\/12\/Lichtstark\u00a9_FW_5179-495x400.jpg' class='lightbox ' data-onclick='8' title=''  itemprop=\"thumbnailUrl\" ><img  src='http:\/\/work25.lichtstark.com\/rb_wp\/wp-content\/uploads\/2015\/12\/Lichtstark\u00a9_FW_5179-495x400.jpg' width='495' height='400'  title='Lichtstark\u00a9_FW_5179' alt='' \/><\/a> <a href='http:\/\/work25.lichtstark.com\/rb_wp\/wp-content\/uploads\/2015\/12\/Lichtstark\u00a9_FW_5223-1030x705.jpg' data-rel='gallery-1' data-prev-img='http:\/\/work25.lichtstark.com\/rb_wp\/wp-content\/uploads\/2015\/12\/Lichtstark\u00a9_FW_5223-495x400.jpg' class='lightbox ' data-onclick='9' title=''  itemprop=\"thumbnailUrl\" ><img  src='http:\/\/work25.lichtstark.com\/rb_wp\/wp-content\/uploads\/2015\/12\/Lichtstark\u00a9_FW_5223-495x400.jpg' width='495' height='400'  title='Lichtstark\u00a9_FW_5223' alt='' \/><\/a> <a href='http:\/\/work25.lichtstark.com\/rb_wp\/wp-content\/uploads\/2015\/12\/Lichtstark\u00a9_FW_4920-1030x705.jpg' data-rel='gallery-1' data-prev-img='http:\/\/work25.lichtstark.com\/rb_wp\/wp-content\/uploads\/2015\/12\/Lichtstark\u00a9_FW_4920-495x400.jpg' class='lightbox ' data-onclick='10' title=''  itemprop=\"thumbnailUrl\" ><img  src='http:\/\/work25.lichtstark.com\/rb_wp\/wp-content\/uploads\/2015\/12\/Lichtstark\u00a9_FW_4920-495x400.jpg' width='495' height='400'  title='Lichtstark\u00a9_FW_4920' alt='' \/><\/a><\/div><\/div><\/div><\/p>\n<div style=' margin-top:30; margin-bottom:30px;'  class='hr hr-custom hr-center hr-icon-no  '><span class='hr-inner   inner-border-av-border-none' style=' width:50px;' ><span class='hr-inner-style'><\/span><\/span><\/div>\n","protected":false},"excerpt":{"rendered":"","protected":false},"author":2,"featured_media":0,"parent":0,"menu_order":0,"comment_status":"closed","ping_status":"closed","template":"","meta":[],"_links":{"self":[{"href":"http:\/\/work25.lichtstark.com\/rb_wp\/wp-json\/wp\/v2\/pages\/158"}],"collection":[{"href":"http:\/\/work25.lichtstark.com\/rb_wp\/wp-json\/wp\/v2\/pages"}],"about":[{"href":"http:\/\/work25.lichtstark.com\/rb_wp\/wp-json\/wp\/v2\/types\/page"}],"author":[{"embeddable":true,"href":"http:\/\/work25.lichtstark.com\/rb_wp\/wp-json\/wp\/v2\/users\/2"}],"replies":[{"embeddable":true,"href":"http:\/\/work25.lichtstark.com\/rb_wp\/wp-json\/wp\/v2\/comments?post=158"}],"version-history":[{"count":12,"href":"http:\/\/work25.lichtstark.com\/rb_wp\/wp-json\/wp\/v2\/pages\/158\/revisions"}],"predecessor-version":[{"id":722,"href":"http:\/\/work25.lichtstark.com\/rb_wp\/wp-json\/wp\/v2\/pages\/158\/revisions\/722"}],"wp:attachment":[{"href":"http:\/\/work25.lichtstark.com\/rb_wp\/wp-json\/wp\/v2\/media?parent=158"}],"curies":[{"name":"wp","href":"https:\/\/api.w.org\/{rel}","templated":true}]}}