{"id":150,"date":"2015-12-13T14:08:55","date_gmt":"2015-12-13T13:08:55","guid":{"rendered":"http:\/\/work25.lichtstark.com\/rb_wp\/?page_id=150"},"modified":"2020-07-07T10:56:13","modified_gmt":"2020-07-07T08:56:13","slug":"falknereimuseum","status":"publish","type":"page","link":"http:\/\/work25.lichtstark.com\/rb_wp\/falknereimuseum\/","title":{"rendered":"Falknereimuseum"},"content":{"rendered":"<\/div><\/div><\/div><!-- close content main div --><\/div><\/div><div id='av_section_1' class='avia-section main_color avia-section-default avia-shadow avia-full-stretch avia-bg-style-scroll   av-minimum-height av-minimum-height-custom container_wrap fullsize' style = 'background-repeat: no-repeat; background-image: url(http:\/\/work25.lichtstark.com\/rb_wp\/wp-content\/uploads\/2015\/12\/falknerei_2605\u00a9RfW_lichtstark.jpg); background-attachment: scroll; background-position: center center; ' data-section-bg-repeat='stretch' ><div class='container' style='height:350px'><div class='template-page content  av-content-full alpha units'><div class='post-entry post-entry-type-page post-entry-150'><div class='entry-content-wrapper clearfix'>\n<div class=\"flex_column av_one_full  flex_column_div av-zero-column-padding first  \" style='border-radius:0px; '><p><div style='padding-bottom:10px;' class='av-special-heading av-special-heading-h1  blockquote modern-quote   '><div class ='av-subheading av-subheading_above  ' style='font-size:15px;'><p>Geschichte der Falknerei<\/p>\n<\/div><h1 class='av-special-heading-tag '  itemprop=\"headline\"  >Das Falknereimuseum<\/h1><div class='special-heading-border'><div class='special-heading-inner-border' ><\/div><\/div><\/div><br \/>\n<section class=\"av_textblock_section \"  itemscope=\"itemscope\" itemtype=\"https:\/\/schema.org\/CreativeWork\" ><div class='avia_textblock  '   itemprop=\"text\" ><p style=\"text-align: left;\">Im Falknereimuseum des Schloss Rosenburg erh\u00e4lt der Besucher einen Querschnitt durch die Geschichte der Falknerei. Neben wunderbar erhaltenen Exemplaren von alten Gew\u00e4ndern sieht man auch eine Reihe von Pr\u00e4paraten von Greifv\u00f6geln.<\/p>\n<\/div><\/section><br \/>\n<div  class='hr hr-short hr-center  '><span class='hr-inner ' ><span class='hr-inner-style'><\/span><\/span><\/div><\/p><\/div>\n<div class=\"flex_column av_one_half  flex_column_div av-zero-column-padding first  \" style='border-radius:0px; '><section class=\"av_textblock_section \"  itemscope=\"itemscope\" itemtype=\"https:\/\/schema.org\/CreativeWork\" ><div class='avia_textblock  '   itemprop=\"text\" ><blockquote>\n<p><strong>Falknerf\u00fchrungen durch das Falknereimuseum<br \/>\n<\/strong>Im Anschluss an die Flugvorf\u00fchrung historische Falknerei f\u00fchrt Sie ein FalknerIn durch das Falknereimuseum. <strong>F\u00fchrung gegen Voranmeldung.<\/strong><br \/>\nAufpreis: \u20ac 4,00 pro Person \/ an allen \u00d6ffnungstagen:<\/p>\n<p><strong>Information und Voranmeldung<\/strong><br \/>\nTel.: + 43 664 874 18 49 oder +43\u00a02982 2911<\/p>\n<\/blockquote>\n<\/div><\/section><\/div><div class=\"flex_column av_two_fifth  flex_column_div av-zero-column-padding   \" style='border-radius:0px; '><div  class='avia-video avia-video-16-9   '  itemprop=\"video\" itemtype=\"https:\/\/schema.org\/VideoObject\" ><div class='avia-iframe-wrap'><iframe width=\"1500\" height=\"844\" src=\"https:\/\/www.youtube.com\/embed\/1Q0dVyNWAbA?feature=oembed\" frameborder=\"0\" allowfullscreen><\/iframe><\/div><\/div><\/div><\/p>\n<div class=\"flex_column av_two_fifth  flex_column_div av-zero-column-padding first  \" style='border-radius:0px; '><div class='avia-gallery  avia-gallery-1 deactivate_avia_lazyload avia_animate_when_visible '  itemprop=\"ImageObject\" itemscope=\"itemscope\" itemtype=\"https:\/\/schema.org\/ImageObject\" ><a class='avia-gallery-big fakeLightbox lightbox avia-gallery-big-crop-thumb ' href='http:\/\/work25.lichtstark.com\/rb_wp\/wp-content\/uploads\/2015\/12\/FW_2535\u00a9RfW_lichtstark-1030x687.jpg'  data-onclick='1' title='' ><span class='avia-gallery-big-inner'  itemprop=\"thumbnailUrl\" >\t<img width='495' height='400' src='http:\/\/work25.lichtstark.com\/rb_wp\/wp-content\/uploads\/2015\/12\/FW_2535\u00a9RfW_lichtstark-495x400.jpg' title='_FW_2535\u00a9RfW_lichtstark' alt='Falknerei Museum Schloss Rosenburg' \/><\/span><\/a><div class='avia-gallery-thumb'> <a href='http:\/\/work25.lichtstark.com\/rb_wp\/wp-content\/uploads\/2015\/12\/FW_2535\u00a9RfW_lichtstark-1030x687.jpg' data-rel='gallery-1' data-prev-img='http:\/\/work25.lichtstark.com\/rb_wp\/wp-content\/uploads\/2015\/12\/FW_2535\u00a9RfW_lichtstark-495x400.jpg' class='first_thumb lightbox ' data-onclick='1' title=''  itemprop=\"thumbnailUrl\" ><img  src='http:\/\/work25.lichtstark.com\/rb_wp\/wp-content\/uploads\/2015\/12\/FW_2535\u00a9RfW_lichtstark-495x400.jpg' width='495' height='400'  title='_FW_2535\u00a9RfW_lichtstark' alt='Falknerei Museum Schloss Rosenburg' \/><\/a> <a href='http:\/\/work25.lichtstark.com\/rb_wp\/wp-content\/uploads\/2015\/12\/FW_2611\u00a9RfW_lichtstark-1030x687.jpg' data-rel='gallery-1' data-prev-img='http:\/\/work25.lichtstark.com\/rb_wp\/wp-content\/uploads\/2015\/12\/FW_2611\u00a9RfW_lichtstark-495x400.jpg' class='lightbox ' data-onclick='2' title=''  itemprop=\"thumbnailUrl\" ><img  src='http:\/\/work25.lichtstark.com\/rb_wp\/wp-content\/uploads\/2015\/12\/FW_2611\u00a9RfW_lichtstark-495x400.jpg' width='495' height='400'  title='_FW_2611\u00a9RfW_lichtstark' alt='Falknerei Museum Schloss Rosenburg' \/><\/a> <a href='http:\/\/work25.lichtstark.com\/rb_wp\/wp-content\/uploads\/2015\/12\/FW_2541\u00a9RfW_lichtstark-1030x687.jpg' data-rel='gallery-1' data-prev-img='http:\/\/work25.lichtstark.com\/rb_wp\/wp-content\/uploads\/2015\/12\/FW_2541\u00a9RfW_lichtstark-495x400.jpg' class='lightbox ' data-onclick='3' title=''  itemprop=\"thumbnailUrl\" ><img  src='http:\/\/work25.lichtstark.com\/rb_wp\/wp-content\/uploads\/2015\/12\/FW_2541\u00a9RfW_lichtstark-495x400.jpg' width='495' height='400'  title='_FW_2541\u00a9RfW_lichtstark' alt='Falknerei Museum Schloss Rosenburg' \/><\/a> <a href='http:\/\/work25.lichtstark.com\/rb_wp\/wp-content\/uploads\/2015\/12\/FW_2555\u00a9RfW_lichtstark-1030x687.jpg' data-rel='gallery-1' data-prev-img='http:\/\/work25.lichtstark.com\/rb_wp\/wp-content\/uploads\/2015\/12\/FW_2555\u00a9RfW_lichtstark-495x400.jpg' class='lightbox ' data-onclick='4' title=''  itemprop=\"thumbnailUrl\" ><img  src='http:\/\/work25.lichtstark.com\/rb_wp\/wp-content\/uploads\/2015\/12\/FW_2555\u00a9RfW_lichtstark-495x400.jpg' width='495' height='400'  title='_FW_2555\u00a9RfW_lichtstark' alt='Falknerei Museum Schloss Rosenburg' \/><\/a> <a href='http:\/\/work25.lichtstark.com\/rb_wp\/wp-content\/uploads\/2015\/12\/FW_2556\u00a9RfW_lichtstark-1030x687.jpg' data-rel='gallery-1' data-prev-img='http:\/\/work25.lichtstark.com\/rb_wp\/wp-content\/uploads\/2015\/12\/FW_2556\u00a9RfW_lichtstark-495x400.jpg' class='lightbox ' data-onclick='5' title=''  itemprop=\"thumbnailUrl\" ><img  src='http:\/\/work25.lichtstark.com\/rb_wp\/wp-content\/uploads\/2015\/12\/FW_2556\u00a9RfW_lichtstark-495x400.jpg' width='495' height='400'  title='_FW_2556\u00a9RfW_lichtstark' alt='Falknerei Museum Schloss Rosenburg' \/><\/a> <a href='http:\/\/work25.lichtstark.com\/rb_wp\/wp-content\/uploads\/2015\/12\/FW_2562\u00a9RfW_lichtstark-1030x687.jpg' data-rel='gallery-1' data-prev-img='http:\/\/work25.lichtstark.com\/rb_wp\/wp-content\/uploads\/2015\/12\/FW_2562\u00a9RfW_lichtstark-495x400.jpg' class='lightbox ' data-onclick='6' title=''  itemprop=\"thumbnailUrl\" ><img  src='http:\/\/work25.lichtstark.com\/rb_wp\/wp-content\/uploads\/2015\/12\/FW_2562\u00a9RfW_lichtstark-495x400.jpg' width='495' height='400'  title='_FW_2562\u00a9RfW_lichtstark' alt='Falknerei Museum Schloss Rosenburg' \/><\/a> <a href='http:\/\/work25.lichtstark.com\/rb_wp\/wp-content\/uploads\/2015\/12\/FW_2568\u00a9RfW_lichtstark-1030x687.jpg' data-rel='gallery-1' data-prev-img='http:\/\/work25.lichtstark.com\/rb_wp\/wp-content\/uploads\/2015\/12\/FW_2568\u00a9RfW_lichtstark-495x400.jpg' class='lightbox ' data-onclick='7' title='Falknerei Museum Schloss Rosenburg'  itemprop=\"thumbnailUrl\" ><img data-avia-tooltip='Falknerei Museum Schloss Rosenburg' src='http:\/\/work25.lichtstark.com\/rb_wp\/wp-content\/uploads\/2015\/12\/FW_2568\u00a9RfW_lichtstark-495x400.jpg' width='495' height='400'  title='_FW_2568\u00a9RfW_lichtstark' alt='Falknerei Museum Schloss Rosenburg' \/><\/a> <a href='http:\/\/work25.lichtstark.com\/rb_wp\/wp-content\/uploads\/2015\/12\/FW_2571\u00a9RfW_lichtstark-1030x687.jpg' data-rel='gallery-1' data-prev-img='http:\/\/work25.lichtstark.com\/rb_wp\/wp-content\/uploads\/2015\/12\/FW_2571\u00a9RfW_lichtstark-495x400.jpg' class='first_thumb lightbox ' data-onclick='8' title='Falknerei Museum Schloss Rosenburg'  itemprop=\"thumbnailUrl\" ><img data-avia-tooltip='Falknerei Museum Schloss Rosenburg' src='http:\/\/work25.lichtstark.com\/rb_wp\/wp-content\/uploads\/2015\/12\/FW_2571\u00a9RfW_lichtstark-495x400.jpg' width='495' height='400'  title='_FW_2571\u00a9RfW_lichtstark' alt='Falknerei Museum Schloss Rosenburg' \/><\/a> <a href='http:\/\/work25.lichtstark.com\/rb_wp\/wp-content\/uploads\/2015\/12\/FW_2575\u00a9RfW_lichtstark-1030x687.jpg' data-rel='gallery-1' data-prev-img='http:\/\/work25.lichtstark.com\/rb_wp\/wp-content\/uploads\/2015\/12\/FW_2575\u00a9RfW_lichtstark-495x400.jpg' class='lightbox ' data-onclick='9' title=''  itemprop=\"thumbnailUrl\" ><img  src='http:\/\/work25.lichtstark.com\/rb_wp\/wp-content\/uploads\/2015\/12\/FW_2575\u00a9RfW_lichtstark-495x400.jpg' width='495' height='400'  title='_FW_2575\u00a9RfW_lichtstark' alt='Falknerei Museum Schloss Rosenburg' \/><\/a> <a href='http:\/\/work25.lichtstark.com\/rb_wp\/wp-content\/uploads\/2015\/12\/FW_2613\u00a9RfW_lichtstark-1030x687.jpg' data-rel='gallery-1' data-prev-img='http:\/\/work25.lichtstark.com\/rb_wp\/wp-content\/uploads\/2015\/12\/FW_2613\u00a9RfW_lichtstark-495x400.jpg' class='lightbox ' data-onclick='10' title=''  itemprop=\"thumbnailUrl\" ><img  src='http:\/\/work25.lichtstark.com\/rb_wp\/wp-content\/uploads\/2015\/12\/FW_2613\u00a9RfW_lichtstark-495x400.jpg' width='495' height='400'  title='_FW_2613\u00a9RfW_lichtstark' alt='' \/><\/a> <a href='http:\/\/work25.lichtstark.com\/rb_wp\/wp-content\/uploads\/2015\/12\/FW_2578\u00a9RfW_lichtstark-1030x687.jpg' data-rel='gallery-1' data-prev-img='http:\/\/work25.lichtstark.com\/rb_wp\/wp-content\/uploads\/2015\/12\/FW_2578\u00a9RfW_lichtstark-495x400.jpg' class='lightbox ' data-onclick='11' title=''  itemprop=\"thumbnailUrl\" ><img  src='http:\/\/work25.lichtstark.com\/rb_wp\/wp-content\/uploads\/2015\/12\/FW_2578\u00a9RfW_lichtstark-495x400.jpg' width='495' height='400'  title='_FW_2578\u00a9RfW_lichtstark' alt='Falknerei Museum Schloss Rosenburg' \/><\/a> <a href='http:\/\/work25.lichtstark.com\/rb_wp\/wp-content\/uploads\/2015\/12\/FW_2582\u00a9RfW_lichtstark-1030x687.jpg' data-rel='gallery-1' data-prev-img='http:\/\/work25.lichtstark.com\/rb_wp\/wp-content\/uploads\/2015\/12\/FW_2582\u00a9RfW_lichtstark-495x400.jpg' class='lightbox ' data-onclick='12' title=''  itemprop=\"thumbnailUrl\" ><img  src='http:\/\/work25.lichtstark.com\/rb_wp\/wp-content\/uploads\/2015\/12\/FW_2582\u00a9RfW_lichtstark-495x400.jpg' width='495' height='400'  title='_FW_2582\u00a9RfW_lichtstark' alt='Falknerei Museum Schloss Rosenburg' \/><\/a> <a href='http:\/\/work25.lichtstark.com\/rb_wp\/wp-content\/uploads\/2015\/12\/FW_2587\u00a9RfW_lichtstark-1030x687.jpg' data-rel='gallery-1' data-prev-img='http:\/\/work25.lichtstark.com\/rb_wp\/wp-content\/uploads\/2015\/12\/FW_2587\u00a9RfW_lichtstark-495x400.jpg' class='lightbox ' data-onclick='13' title=''  itemprop=\"thumbnailUrl\" ><img  src='http:\/\/work25.lichtstark.com\/rb_wp\/wp-content\/uploads\/2015\/12\/FW_2587\u00a9RfW_lichtstark-495x400.jpg' width='495' height='400'  title='_FW_2587\u00a9RfW_lichtstark' alt='Falknerei Museum Schloss Rosenburg' \/><\/a> <a href='http:\/\/work25.lichtstark.com\/rb_wp\/wp-content\/uploads\/2015\/12\/FW_2591\u00a9RfW_lichtstark-1030x687.jpg' data-rel='gallery-1' data-prev-img='http:\/\/work25.lichtstark.com\/rb_wp\/wp-content\/uploads\/2015\/12\/FW_2591\u00a9RfW_lichtstark-495x400.jpg' class='lightbox ' data-onclick='14' title=''  itemprop=\"thumbnailUrl\" ><img  src='http:\/\/work25.lichtstark.com\/rb_wp\/wp-content\/uploads\/2015\/12\/FW_2591\u00a9RfW_lichtstark-495x400.jpg' width='495' height='400'  title='_FW_2591\u00a9RfW_lichtstark' alt='Falknerei Museum Schloss Rosenburg' \/><\/a> <a href='http:\/\/work25.lichtstark.com\/rb_wp\/wp-content\/uploads\/2015\/12\/FW_2594\u00a9RfW_lichtstark-1030x687.jpg' data-rel='gallery-1' data-prev-img='http:\/\/work25.lichtstark.com\/rb_wp\/wp-content\/uploads\/2015\/12\/FW_2594\u00a9RfW_lichtstark-495x400.jpg' class='first_thumb lightbox ' data-onclick='15' title=''  itemprop=\"thumbnailUrl\" ><img  src='http:\/\/work25.lichtstark.com\/rb_wp\/wp-content\/uploads\/2015\/12\/FW_2594\u00a9RfW_lichtstark-495x400.jpg' width='495' height='400'  title='_FW_2594\u00a9RfW_lichtstark' alt='Falknerei Museum Schloss Rosenburg' \/><\/a> <a href='http:\/\/work25.lichtstark.com\/rb_wp\/wp-content\/uploads\/2015\/12\/FW_2596\u00a9RfW_lichtstark-1030x687.jpg' data-rel='gallery-1' data-prev-img='http:\/\/work25.lichtstark.com\/rb_wp\/wp-content\/uploads\/2015\/12\/FW_2596\u00a9RfW_lichtstark-495x400.jpg' class='lightbox ' data-onclick='16' title=''  itemprop=\"thumbnailUrl\" ><img  src='http:\/\/work25.lichtstark.com\/rb_wp\/wp-content\/uploads\/2015\/12\/FW_2596\u00a9RfW_lichtstark-495x400.jpg' width='495' height='400'  title='_FW_2596\u00a9RfW_lichtstark' alt='Falknerei Museum Schloss Rosenburg' \/><\/a> <a href='http:\/\/work25.lichtstark.com\/rb_wp\/wp-content\/uploads\/2015\/12\/FW_2598\u00a9RfW_lichtstark-1030x687.jpg' data-rel='gallery-1' data-prev-img='http:\/\/work25.lichtstark.com\/rb_wp\/wp-content\/uploads\/2015\/12\/FW_2598\u00a9RfW_lichtstark-495x400.jpg' class='lightbox ' data-onclick='17' title=''  itemprop=\"thumbnailUrl\" ><img  src='http:\/\/work25.lichtstark.com\/rb_wp\/wp-content\/uploads\/2015\/12\/FW_2598\u00a9RfW_lichtstark-495x400.jpg' width='495' height='400'  title='_FW_2598\u00a9RfW_lichtstark' alt='Falknerei Museum Schloss Rosenburg' \/><\/a> <a href='http:\/\/work25.lichtstark.com\/rb_wp\/wp-content\/uploads\/2015\/12\/FW_2601\u00a9RfW_lichtstark-1030x687.jpg' data-rel='gallery-1' data-prev-img='http:\/\/work25.lichtstark.com\/rb_wp\/wp-content\/uploads\/2015\/12\/FW_2601\u00a9RfW_lichtstark-495x400.jpg' class='lightbox ' data-onclick='18' title=''  itemprop=\"thumbnailUrl\" ><img  src='http:\/\/work25.lichtstark.com\/rb_wp\/wp-content\/uploads\/2015\/12\/FW_2601\u00a9RfW_lichtstark-495x400.jpg' width='495' height='400'  title='_FW_2601\u00a9RfW_lichtstark' alt='Falknerei Museum Schloss Rosenburg' \/><\/a> <a href='http:\/\/work25.lichtstark.com\/rb_wp\/wp-content\/uploads\/2015\/12\/FW_2606\u00a9RfW_lichtstark-1030x687.jpg' data-rel='gallery-1' data-prev-img='http:\/\/work25.lichtstark.com\/rb_wp\/wp-content\/uploads\/2015\/12\/FW_2606\u00a9RfW_lichtstark-495x400.jpg' class='lightbox ' data-onclick='19' title=''  itemprop=\"thumbnailUrl\" ><img  src='http:\/\/work25.lichtstark.com\/rb_wp\/wp-content\/uploads\/2015\/12\/FW_2606\u00a9RfW_lichtstark-495x400.jpg' width='495' height='400'  title='_FW_2606\u00a9RfW_lichtstark' alt='Falknerei Museum Schloss Rosenburg' \/><\/a> <a href='http:\/\/work25.lichtstark.com\/rb_wp\/wp-content\/uploads\/2015\/12\/FW_2608\u00a9RfW_lichtstark-1030x687.jpg' data-rel='gallery-1' data-prev-img='http:\/\/work25.lichtstark.com\/rb_wp\/wp-content\/uploads\/2015\/12\/FW_2608\u00a9RfW_lichtstark-495x400.jpg' class='lightbox ' data-onclick='20' title=''  itemprop=\"thumbnailUrl\" ><img  src='http:\/\/work25.lichtstark.com\/rb_wp\/wp-content\/uploads\/2015\/12\/FW_2608\u00a9RfW_lichtstark-495x400.jpg' width='495' height='400'  title='_FW_2608\u00a9RfW_lichtstark' alt='Falknerei Museum Schloss Rosenburg' \/><\/a> <a href='http:\/\/work25.lichtstark.com\/rb_wp\/wp-content\/uploads\/2015\/12\/FW_2610\u00a9RfW_lichtstark-1030x687.jpg' data-rel='gallery-1' data-prev-img='http:\/\/work25.lichtstark.com\/rb_wp\/wp-content\/uploads\/2015\/12\/FW_2610\u00a9RfW_lichtstark-495x400.jpg' class='lightbox ' data-onclick='21' title=''  itemprop=\"thumbnailUrl\" ><img  src='http:\/\/work25.lichtstark.com\/rb_wp\/wp-content\/uploads\/2015\/12\/FW_2610\u00a9RfW_lichtstark-495x400.jpg' width='495' height='400'  title='_FW_2610\u00a9RfW_lichtstark' alt='Falknerei Museum Schloss Rosenburg' \/><\/a><\/div><\/div><\/div>\n<div style='height:50px' class='hr hr-invisible  '><span class='hr-inner ' ><span class='hr-inner-style'><\/span><\/span><\/div>\n","protected":false},"excerpt":{"rendered":"","protected":false},"author":2,"featured_media":0,"parent":0,"menu_order":0,"comment_status":"closed","ping_status":"closed","template":"","meta":[],"_links":{"self":[{"href":"http:\/\/work25.lichtstark.com\/rb_wp\/wp-json\/wp\/v2\/pages\/150"}],"collection":[{"href":"http:\/\/work25.lichtstark.com\/rb_wp\/wp-json\/wp\/v2\/pages"}],"about":[{"href":"http:\/\/work25.lichtstark.com\/rb_wp\/wp-json\/wp\/v2\/types\/page"}],"author":[{"embeddable":true,"href":"http:\/\/work25.lichtstark.com\/rb_wp\/wp-json\/wp\/v2\/users\/2"}],"replies":[{"embeddable":true,"href":"http:\/\/work25.lichtstark.com\/rb_wp\/wp-json\/wp\/v2\/comments?post=150"}],"version-history":[{"count":35,"href":"http:\/\/work25.lichtstark.com\/rb_wp\/wp-json\/wp\/v2\/pages\/150\/revisions"}],"predecessor-version":[{"id":11968,"href":"http:\/\/work25.lichtstark.com\/rb_wp\/wp-json\/wp\/v2\/pages\/150\/revisions\/11968"}],"wp:attachment":[{"href":"http:\/\/work25.lichtstark.com\/rb_wp\/wp-json\/wp\/v2\/media?parent=150"}],"curies":[{"name":"wp","href":"https:\/\/api.w.org\/{rel}","templated":true}]}}