{"id":146,"date":"2015-12-13T14:07:40","date_gmt":"2015-12-13T13:07:40","guid":{"rendered":"http:\/\/work25.lichtstark.com\/rb_wp\/?page_id=146"},"modified":"2018-12-06T09:26:56","modified_gmt":"2018-12-06T08:26:56","slug":"falknerei-erleben","status":"publish","type":"page","link":"http:\/\/work25.lichtstark.com\/rb_wp\/falknerei-erleben\/","title":{"rendered":"Falknerei erleben"},"content":{"rendered":"<\/div><\/div><\/div><!-- close content main div --><\/div><\/div><div id='av_section_1' class='avia-section main_color avia-section-default avia-shadow avia-full-stretch avia-bg-style-scroll   av-minimum-height av-minimum-height-custom container_wrap fullsize' style = 'background-repeat: no-repeat; background-image: url(http:\/\/work25.lichtstark.com\/rb_wp\/wp-content\/uploads\/2015\/12\/falkner_garja\u00a9lichtstark_5034.jpg); background-attachment: scroll; background-position: center center; ' data-section-bg-repeat='stretch' ><div class='container' style='height:350px'><div class='template-page content  av-content-full alpha units'><div class='post-entry post-entry-type-page post-entry-146'><div class='entry-content-wrapper clearfix'>\n<div class=\"flex_column av_one_full  flex_column_div av-zero-column-padding first  \" style='border-radius:0px; '><p><div style='padding-bottom:10px;' class='av-special-heading av-special-heading-h1  blockquote modern-quote   '><div class ='av-subheading av-subheading_above  ' style='font-size:15px;'><p>Erlebnispackages f\u00fcr interessierte Besucher<\/p>\n<\/div><h1 class='av-special-heading-tag '  itemprop=\"headline\"  >Falknerei erleben<\/h1><div class='special-heading-border'><div class='special-heading-inner-border' ><\/div><\/div><\/div><br \/>\n<section class=\"av_textblock_section \"  itemscope=\"itemscope\" itemtype=\"https:\/\/schema.org\/CreativeWork\" ><div class='avia_textblock  '   itemprop=\"text\" ><p style=\"text-align: left;\">Unter dem Motto bieten die Falknerinnen und Falkner von Schloss Rosenburg eine Reihe von Erlebnissen rund um ihre Arbeit mit den Greifv\u00f6geln.<\/p>\n<\/div><\/section><br \/>\n<div  class='hr hr-short hr-center  '><span class='hr-inner ' ><span class='hr-inner-style'><\/span><\/span><\/div><\/p><\/div>\n<div class=\"flex_column av_one_half  flex_column_div av-zero-column-padding first  \" style='border-radius:0px; '><section class=\"av_textblock_section \"  itemscope=\"itemscope\" itemtype=\"https:\/\/schema.org\/CreativeWork\" ><div class='avia_textblock  '   itemprop=\"text\" ><h4>Falknertag erleben<\/h4>\n<p>Begleiten Sie unsere Falknerinnen und Falkner einen ganzen Tag bei ihrer Arbeit auf der Rosenburg. Erleben Sie die Greifv\u00f6gel aus\u00a0n\u00e4chster N\u00e4he und\u00a0sp\u00fcren Sie ihre Kraft, Anmut und Eleganz.<br \/>\n<strong>Schenken Sie Gutscheine f\u00fcr:<\/strong> Falknerei erleben!<br \/>\nDieses Angebot ist w\u00e4hrend der Saison und \u00d6ffnungszeiten erh\u00e4ltlich.<\/p>\n<\/div><\/section><br \/>\n<div class=\"togglecontainer   toggle_close_all \" >\n<section class=\"av_toggle_section\"  itemscope=\"itemscope\" itemtype=\"https:\/\/schema.org\/CreativeWork\"  >    <div class=\"single_toggle\" data-tags=\"{Alle} \"  >        <p data-fake-id=\"#toggle-id-1\" class=\"toggler \"  itemprop=\"headline\"  >Info: Falknertag erleben<span class=\"toggle_icon\" >        <span class=\"vert_icon\"><\/span><span class=\"hor_icon\"><\/span><\/span><\/p>        <div id=\"toggle-id-1-container\" class=\"toggle_wrap \"  >            <div class=\"toggle_content invers-color \"  itemprop=\"text\"   ><p><span style=\"color: #000000;\"><strong>Preis:\u00a0\u00a0<\/strong> \u20ac 140,00 pro Person<\/span><br \/>\n<span style=\"color: #000000;\"> <strong>Geeignet:<\/strong> Erwachsene und auch f\u00fcr Kinder ab 10 Jahre<\/span><br \/>\n<span style=\"color: #000000;\"><strong>Info, Buchung, Gutscheine: <\/strong><br \/>\n<a href=\"http:\/\/work25.lichtstark.com\/rb_wp\/index.php\/anfrageformular-falkenhof\/\" target=\"_blank\" rel=\"noopener\">Per Formular \u21d2<\/a> oder Tel.: + 43 664 874 18 49<\/span><\/p>\n            <\/div>        <\/div>    <\/div><\/section>\n<\/div><\/p><\/div>\n<div class=\"flex_column av_one_half  flex_column_div   \" style='padding:50 0px 0px 0px ; border-radius:0px; '><section class=\"av_textblock_section \"  itemscope=\"itemscope\" itemtype=\"https:\/\/schema.org\/CreativeWork\" ><div class='avia_textblock  '   itemprop=\"text\" ><h4>In die Falknerei eintauchen<\/h4>\n<p>Lernen Sie einen Nachmittag lang\u00a0unsere Greifv\u00f6gel und Falknereigrunds\u00e4tze kennen.\u00a0Helfen Sie beim t\u00e4glichen Training.<br \/>\n<strong>Schenken Sie Gutscheine f\u00fcr:<\/strong> In der Falknerei eintauchen.<br \/>\nDieses Angebot ist w\u00e4hrend des ganzen Jahres erh\u00e4ltlich.<\/p>\n<\/div><\/section><br \/>\n<div class=\"togglecontainer   toggle_close_all \" >\n<section class=\"av_toggle_section\"  itemscope=\"itemscope\" itemtype=\"https:\/\/schema.org\/CreativeWork\"  >    <div class=\"single_toggle\" data-tags=\"{Alle} \"  >        <p data-fake-id=\"#toggle-id-2\" class=\"toggler \"  itemprop=\"headline\"  >Info: In der Falknerei eintauchen<span class=\"toggle_icon\" >        <span class=\"vert_icon\"><\/span><span class=\"hor_icon\"><\/span><\/span><\/p>        <div id=\"toggle-id-2-container\" class=\"toggle_wrap \"  >            <div class=\"toggle_content invers-color \"  itemprop=\"text\"   ><p><span style=\"color: #000000;\"><strong>Preis:<\/strong>\u00a0\u00a0 \u20ac 160,- pro Person<\/span><br \/>\n<span style=\"color: #000000;\"> <strong>Geeignet:<\/strong> F\u00fcr Erwachsene und auch f\u00fcr Kinder ab 15 Jahre<\/span><br \/>\n<strong>Info, Buchung, Gutscheine: <\/strong><br \/>\n<a href=\"http:\/\/work25.lichtstark.com\/rb_wp\/index.php\/anfrageformular-falkenhof\/\" target=\"_blank\" rel=\"noopener\">Per Formular \u21d2<\/a> oder Tel.: + 43 664 874 18 49<\/p>\n            <\/div>        <\/div>    <\/div><\/section>\n<\/div><\/p><\/div>\n<div class=\"flex_column av_one_half  flex_column_div av-zero-column-padding first  \" style='border-radius:0px; '><section class=\"av_textblock_section \"  itemscope=\"itemscope\" itemtype=\"https:\/\/schema.org\/CreativeWork\" ><div class='avia_textblock  '   itemprop=\"text\" ><h4>Fotopoint: Ein Foto mit einem Greifvogel<\/h4>\n<p>Wir zeigen Ihnen, wie\u00a0man einen Greifvogel richtig auf der\u00a0Faust \u00a0h\u00e4lt. Sie k\u00f6nnen ein Kost\u00fcm leihen und schl\u00fcpfen in die Rolle eines Falkners.<br \/>\nDanach werden Fotos mit der\u00a0mitgebrachten Kamera gemacht.<br \/>\n<strong>Schenken Sie Gutscheine f\u00fcr:<\/strong> Fotopoint, Foto mit einem Greifvogel.<br \/>\nDieses Angebot ist w\u00e4hrend des ganzen Jahres erh\u00e4ltlich.<\/p>\n<\/div><\/section><br \/>\n<div class=\"togglecontainer   toggle_close_all \" >\n<section class=\"av_toggle_section\"  itemscope=\"itemscope\" itemtype=\"https:\/\/schema.org\/CreativeWork\"  >    <div class=\"single_toggle\" data-tags=\"{Alle} \"  >        <p data-fake-id=\"#toggle-id-3\" class=\"toggler \"  itemprop=\"headline\"  >Info: Fotopoint: Foto mit einem Greifvogel<span class=\"toggle_icon\" >        <span class=\"vert_icon\"><\/span><span class=\"hor_icon\"><\/span><\/span><\/p>        <div id=\"toggle-id-3-container\" class=\"toggle_wrap \"  >            <div class=\"toggle_content invers-color \"  itemprop=\"text\"   ><p><span style=\"color: #000000;\"><strong>Dauer:<\/strong>\u00a0 ca. 1,5 Stunden vor oder nach der Flugvorf\u00fchrung<\/span><br \/>\n<span style=\"color: #000000;\"> <strong>Geeignet:<\/strong> F\u00fcr Erwachsene und auch f\u00fcr Kinder\u00a0ab 10 Jahren<br \/>\n<\/span><strong>Preis:<\/strong> \u20ac 50,00 pro Person<br \/>\n<span style=\"color: #000000;\"> <strong>Info, Buchung, Gutscheine:<br \/>\n<\/strong><a href=\"http:\/\/work25.lichtstark.com\/rb_wp\/index.php\/anfrageformular-falkenhof\/\" target=\"_blank\" rel=\"noopener\">Per Formular \u21d2<\/a> oder Tel.: + 43 664 874 18 49<\/span><\/p>\n            <\/div>        <\/div>    <\/div><\/section>\n<\/div><\/p><\/div>\n<div class=\"flex_column av_one_half  flex_column_div av-zero-column-padding   \" style='border-radius:0px; '><section class=\"av_textblock_section \"  itemscope=\"itemscope\" itemtype=\"https:\/\/schema.org\/CreativeWork\" ><div class='avia_textblock  '   itemprop=\"text\" ><h4>Fotoworkshop<\/h4>\n<p>Der Workshop f\u00fcr Fotografiebegeisterte.<br \/>\nIn diesem Workshop erhalten Sie die M\u00f6glichkeit, die wunderbaren Greifv\u00f6gel freifliegend und vor dem historischen Hintergrund von Schloss Rosenburg zu fotografieren.<\/p>\n<p>Flugszenen mit unterschiedlichen Greifv\u00f6geln bis hin zu Detailaufnahmen dieser beeindruckenden Gesch\u00f6pfe, erm\u00f6glichen besondere Fotos f\u00fcr Hobby- und Profifotografen oder Fotoclubmitglieder.<br \/>\n<strong>Schenken Sie Gutscheine f\u00fcr:<\/strong> Fotoworkshop<br \/>\nDieses Angebot ist\u00a0w\u00e4hrend des\u00a0ganzen Jahres erh\u00e4ltlich.<\/p>\n<\/div><\/section><br \/>\n<div class=\"togglecontainer   toggle_close_all \" >\n<section class=\"av_toggle_section\"  itemscope=\"itemscope\" itemtype=\"https:\/\/schema.org\/CreativeWork\"  >    <div class=\"single_toggle\" data-tags=\"{Alle} \"  >        <p data-fake-id=\"#toggle-id-4\" class=\"toggler \"  itemprop=\"headline\"  >Info: Fotoworkshop<span class=\"toggle_icon\" >        <span class=\"vert_icon\"><\/span><span class=\"hor_icon\"><\/span><\/span><\/p>        <div id=\"toggle-id-4-container\" class=\"toggle_wrap \"  >            <div class=\"toggle_content invers-color \"  itemprop=\"text\"   ><p><span style=\"color: #000000;\"><strong>Preis: <\/strong>Je nach Dauer und Anzahl der Personen und Greifv\u00f6gel<\/span><br \/>\n<span style=\"color: #000000;\"><strong> Info, Buchung, Gutscheine: <\/strong><\/span><br \/>\n<span style=\"color: #000000;\">F\u00fcr weitere Informationen:<\/span><br \/>\n<span style=\"color: #000000;\"> 0664 874 18 49 <\/span><\/p>\n            <\/div>        <\/div>    <\/div><\/section>\n<\/div><\/p><\/div><div class=\"flex_column av_one_half  flex_column_div av-zero-column-padding first  \" style='border-radius:0px; '><section class=\"av_textblock_section \"  itemscope=\"itemscope\" itemtype=\"https:\/\/schema.org\/CreativeWork\" ><div class='avia_textblock  '   itemprop=\"text\" ><h4>Falknerei f\u00fcr Schulen und Kindergarten<\/h4>\n<p>Speziell f\u00fcr die Schulen und Kinderg\u00e4rten\u00a0bieten wir\u00a0zus\u00e4tzlich zur t\u00e4glichen Vorf\u00fchrungen auch F\u00fchrungen durch das\u00a0Falknereimuseum, die Zuchtstation und das Labor.\u00a0Dabei erhalten\u00a0die Kinder altersgerechte und ausf\u00fchrliche Informationen \u00fcber\u00a0die Geschichte, den Alltag, die Haltung, Pflege, Tiermerkmale, Zucht usw.\u00a0der Greifv\u00f6gel.<br \/>\nDieses Angebot ist\u00a0w\u00e4hrend des\u00a0ganzen Jahres erh\u00e4ltlich.<\/p>\n<\/div><\/section><br \/>\n<div class=\"togglecontainer   toggle_close_all \" >\n<section class=\"av_toggle_section\"  itemscope=\"itemscope\" itemtype=\"https:\/\/schema.org\/CreativeWork\"  >    <div class=\"single_toggle\" data-tags=\"{Alle} \"  >        <p data-fake-id=\"#toggle-id-5\" class=\"toggler \"  itemprop=\"headline\"  >Info: Falknerei f\u00fcr Schulen u. Kinderg\u00e4rten<span class=\"toggle_icon\" >        <span class=\"vert_icon\"><\/span><span class=\"hor_icon\"><\/span><\/span><\/p>        <div id=\"toggle-id-5-container\" class=\"toggle_wrap \"  >            <div class=\"toggle_content invers-color \"  itemprop=\"text\"   ><p><span style=\"color: #000000;\"><strong>Preis:<\/strong> Nach Absprache, je nach Umfang, Dauer, Zahl der angemeldeten Personen<\/span><br \/>\n<span style=\"color: #000000;\"><strong>Info, Buchung, Gutscheine: <\/strong><br \/>\n<a href=\"http:\/\/work25.lichtstark.com\/rb_wp\/index.php\/anfrageformular-falkenhof\/\" target=\"_blank\" rel=\"noopener\">Per Formular \u21d2<\/a> oder Tel.: + 43 664 874 18 49<\/span><\/p>\n            <\/div>        <\/div>    <\/div><\/section>\n<\/div><\/p><\/div><\/p>\n<div class=\"flex_column av_one_half  flex_column_div av-zero-column-padding   \" style='border-radius:0px; '><section class=\"av_textblock_section \"  itemscope=\"itemscope\" itemtype=\"https:\/\/schema.org\/CreativeWork\" ><div class='avia_textblock  '   itemprop=\"text\" ><h4>Geburtstagsfeier mit Greifv\u00f6geln auf der Rosenburg<\/h4>\n<p>Sie haben Geburtstag! Wir gratulieren Ihnen gerne w\u00e4hrend der Flugvorf\u00fchrung und \u00fcberraschen mit einem Geschenk.<br \/>\nDanach erhalten Sie und Ihre G\u00e4ste eine Privatf\u00fchrung mit Besichtigung der Volieren und Zuchtstation.<br \/>\n<strong>Schenken Sie Gutscheine f\u00fcr:<\/strong> Geburtstagsfeier mit Greifv\u00f6geln auf der\u00a0Rosenburg.<br \/>\nDieses Angebot ist w\u00e4hrend der Saison und in den \u00d6ffnungszeiten erh\u00e4ltlich.<\/p>\n<\/div><\/section><br \/>\n<div class=\"togglecontainer   toggle_close_all \" >\n<section class=\"av_toggle_section\"  itemscope=\"itemscope\" itemtype=\"https:\/\/schema.org\/CreativeWork\"  >    <div class=\"single_toggle\" data-tags=\"{Alle} \"  >        <p data-fake-id=\"#toggle-id-6\" class=\"toggler \"  itemprop=\"headline\"  >Info: Geburtstagsfeier mit Greifv\u00f6geln auf Rosenburg<span class=\"toggle_icon\" >        <span class=\"vert_icon\"><\/span><span class=\"hor_icon\"><\/span><\/span><\/p>        <div id=\"toggle-id-6-container\" class=\"toggle_wrap \"  >            <div class=\"toggle_content invers-color \"  itemprop=\"text\"   ><p><span style=\"color: #000000;\"><strong>Preis: <\/strong>\u20ac 40,00<\/span><br \/>\n<span style=\"color: #000000;\"> <strong>Geeignet:<\/strong> F\u00fcr Erwachsene aber auch f\u00fcr kleine Kinder und Jugendliche w\u00e4hlbar<\/span><br \/>\n<span style=\"color: #000000;\"><strong>Info, Buchung, Gutscheine: <\/strong><br \/>\n<a href=\"http:\/\/work25.lichtstark.com\/rb_wp\/index.php\/anfrageformular-falkenhof\/\" target=\"_blank\" rel=\"noopener\">Per Formular \u21d2<\/a> oder Tel.: + 43 664 874 18 49<\/span><\/p>\n            <\/div>        <\/div>    <\/div><\/section>\n<\/div><\/p><\/div>\n<div style=' margin-top:30px; margin-bottom:30px;'  class='hr hr-custom hr-center hr-icon-no  '><span class='hr-inner   inner-border-av-border-none' style=' width:50px;' ><span class='hr-inner-style'><\/span><\/span><\/div>\n<div style='padding-bottom:10px;' class='av-special-heading av-special-heading-h2  blockquote modern-quote modern-centered   '><h2 class='av-special-heading-tag '  itemprop=\"headline\"  >F\u00fcr Profi Falkner <\/h2><div class ='av-subheading av-subheading_below  ' style='font-size:15px;'><p>oder interessierte Personen<\/p>\n<\/div><div class='special-heading-border'><div class='special-heading-inner-border' ><\/div><\/div><\/div>\n<div style=' margin-top:15px; margin-bottom:15px;'  class='hr hr-custom hr-center hr-icon-no  '><span class='hr-inner   inner-border-av-border-none' style=' width:50px;' ><span class='hr-inner-style'><\/span><\/span><\/div>\n<div class=\"flex_column av_one_half  flex_column_div av-zero-column-padding first  \" style='border-radius:0px; '><section class=\"av_textblock_section \"  itemscope=\"itemscope\" itemtype=\"https:\/\/schema.org\/CreativeWork\" ><div class='avia_textblock  '   itemprop=\"text\" ><h4>Orientierungskurs Beizjagd<\/h4>\n<p>Wir bieten\u00a0einen dreit\u00e4gigen Kurs f\u00fcr Falkneranf\u00e4nger mit oder ohne Falknereipr\u00fcfung.<br \/>\nInhalt des Kurses: Informationen mit praktischer \u00dcbung\u00a0f\u00fcr die Greifvogelhaltung, Falknereizubeh\u00f6r, rechtliche Grundlagen, Umgang mit dem Greifvogel bis zum Flugtraining unterschiedlicher Greifv\u00f6gel.<br \/>\n<strong>Schenken Sie Gutscheine f\u00fcr:<\/strong> Orientierungskurs Beizjagd<br \/>\nDieses Angebot ist\u00a0w\u00e4hrend des\u00a0ganzen Jahres erh\u00e4ltlich.<\/p>\n<\/div><\/section><br \/>\n<div class=\"togglecontainer   toggle_close_all \" >\n<section class=\"av_toggle_section\"  itemscope=\"itemscope\" itemtype=\"https:\/\/schema.org\/CreativeWork\"  >    <div class=\"single_toggle\" data-tags=\"{Alle} \"  >        <p data-fake-id=\"#toggle-id-7\" class=\"toggler \"  itemprop=\"headline\"  >Info: Orientierungskurs Beizjagd<span class=\"toggle_icon\" >        <span class=\"vert_icon\"><\/span><span class=\"hor_icon\"><\/span><\/span><\/p>        <div id=\"toggle-id-7-container\" class=\"toggle_wrap \"  >            <div class=\"toggle_content invers-color \"  itemprop=\"text\"   ><p><span style=\"color: #000000;\"><strong>Preis:<\/strong> \u20ac 450,00<\/span><br \/>\n<span style=\"color: #000000;\"><strong>Info, Buchung, Gutscheine: <\/strong><br \/>\n<a href=\"http:\/\/work25.lichtstark.com\/rb_wp\/index.php\/anfrageformular-falkenhof\/\" target=\"_blank\" rel=\"noopener\">Per Formular \u21d2<\/a> oder Tel.: + 43 664 874 18 49<\/span><\/p>\n            <\/div>        <\/div>    <\/div><\/section>\n<\/div><\/p><\/div>\n<div class=\"flex_column av_one_half  flex_column_div av-zero-column-padding   \" style='border-radius:0px; '><section class=\"av_textblock_section \"  itemscope=\"itemscope\" itemtype=\"https:\/\/schema.org\/CreativeWork\" ><div class='avia_textblock  '   itemprop=\"text\" ><h4>Praxiskurs Beizjagd Basis<\/h4>\n<p>Sind Sie Falkner und haben Sie\u00a0bereits Greifv\u00f6gel?<br \/>\nNehmen Sie an unserem Kurs teil und bringen Sie Ihren Vogel mit. Wir \u00fcbermitteln Informationen \u00fcber Pflege, Hygiene, Trainingsmethoden, Kenntnisse \u00fcber Zubeh\u00f6r, rechtliche Grundlagen und praktische Beizjagdkunde.<br \/>\n<strong>Schenken Sie Gutscheine f\u00fcr:<\/strong> Praxiskurs Beizjagd Basis.<br \/>\nDieses Angebot ist von August bis M\u00e4rz erh\u00e4ltlich.<\/p>\n<\/div><\/section><br \/>\n<div class=\"togglecontainer   toggle_close_all \" >\n<section class=\"av_toggle_section\"  itemscope=\"itemscope\" itemtype=\"https:\/\/schema.org\/CreativeWork\"  >    <div class=\"single_toggle\" data-tags=\"{Alle} \"  >        <p data-fake-id=\"#toggle-id-8\" class=\"toggler \"  itemprop=\"headline\"  >Info: Praxiskurs Beizjagd Basis<span class=\"toggle_icon\" >        <span class=\"vert_icon\"><\/span><span class=\"hor_icon\"><\/span><\/span><\/p>        <div id=\"toggle-id-8-container\" class=\"toggle_wrap \"  >            <div class=\"toggle_content invers-color \"  itemprop=\"text\"   ><p><span style=\"color: #000000;\"><strong>Preis:<\/strong> \u20ac 800,00<\/span><br \/>\n<span style=\"color: #000000;\"> <strong>Dauer:<\/strong> 5 Tage<\/span><br \/>\n<span style=\"color: #000000;\"><strong>Info, Buchung, Gutscheine: <\/strong><br \/>\n<a href=\"http:\/\/work25.lichtstark.com\/rb_wp\/index.php\/anfrageformular-falkenhof\/\" target=\"_blank\" rel=\"noopener\">Per Formular \u21d2<\/a> oder Tel.: + 43 664 874 18 49<\/span><\/p>\n<p><span style=\"color: #000000;\">Nat\u00fcrlich kann man dieses Package auch \u00fcber einen l\u00e4ngeren Zeitraum und nach Absprache w\u00e4hlen.<\/span><\/p>\n            <\/div>        <\/div>    <\/div><\/section>\n<\/div><\/p><\/div>\n<div class=\"flex_column av_one_half  flex_column_div av-zero-column-padding first  \" style='border-radius:0px; '><div class='avia-image-container  av-styling-    avia-align-center '  itemprop=\"ImageObject\" itemscope=\"itemscope\" itemtype=\"https:\/\/schema.org\/ImageObject\"  ><div class='avia-image-container-inner'><img class='avia_image ' src='http:\/\/work25.lichtstark.com\/rb_wp\/wp-content\/uploads\/2015\/12\/15370131_10154872214139679_3415725955410323976_o-199x300.jpg' alt='' title='15370131_10154872214139679_3415725955410323976_o'   itemprop=\"thumbnailUrl\"  \/><\/div><\/div><\/div>\n<div class=\"flex_column av_one_half  flex_column_div av-zero-column-padding   \" style='border-radius:0px; '><div class='avia-image-container  av-styling-    avia-align-center '  itemprop=\"ImageObject\" itemscope=\"itemscope\" itemtype=\"https:\/\/schema.org\/ImageObject\"  ><div class='avia-image-container-inner'><img class='avia_image ' src='http:\/\/work25.lichtstark.com\/rb_wp\/wp-content\/uploads\/2015\/12\/15384522_10154872216439679_3367713107844959121_o-300x199.jpg' alt='' title=''   itemprop=\"thumbnailUrl\"  \/><\/div><\/div><\/div>\n<div style=' margin-top:30px; margin-bottom:30px;'  class='hr hr-custom hr-center hr-icon-no  '><span class='hr-inner   inner-border-av-border-none' style=' width:50px;' ><span class='hr-inner-style'><\/span><\/span><\/div>\n","protected":false},"excerpt":{"rendered":"","protected":false},"author":2,"featured_media":0,"parent":0,"menu_order":0,"comment_status":"closed","ping_status":"closed","template":"","meta":[],"_links":{"self":[{"href":"http:\/\/work25.lichtstark.com\/rb_wp\/wp-json\/wp\/v2\/pages\/146"}],"collection":[{"href":"http:\/\/work25.lichtstark.com\/rb_wp\/wp-json\/wp\/v2\/pages"}],"about":[{"href":"http:\/\/work25.lichtstark.com\/rb_wp\/wp-json\/wp\/v2\/types\/page"}],"author":[{"embeddable":true,"href":"http:\/\/work25.lichtstark.com\/rb_wp\/wp-json\/wp\/v2\/users\/2"}],"replies":[{"embeddable":true,"href":"http:\/\/work25.lichtstark.com\/rb_wp\/wp-json\/wp\/v2\/comments?post=146"}],"version-history":[{"count":65,"href":"http:\/\/work25.lichtstark.com\/rb_wp\/wp-json\/wp\/v2\/pages\/146\/revisions"}],"predecessor-version":[{"id":13744,"href":"http:\/\/work25.lichtstark.com\/rb_wp\/wp-json\/wp\/v2\/pages\/146\/revisions\/13744"}],"wp:attachment":[{"href":"http:\/\/work25.lichtstark.com\/rb_wp\/wp-json\/wp\/v2\/media?parent=146"}],"curies":[{"name":"wp","href":"https:\/\/api.w.org\/{rel}","templated":true}]}}