{"id":144,"date":"2015-12-13T14:07:11","date_gmt":"2015-12-13T13:07:11","guid":{"rendered":"http:\/\/work25.lichtstark.com\/rb_wp\/?page_id=144"},"modified":"2020-11-16T12:40:03","modified_gmt":"2020-11-16T11:40:03","slug":"vorfuehrungen","status":"publish","type":"page","link":"http:\/\/work25.lichtstark.com\/rb_wp\/vorfuehrungen\/","title":{"rendered":"Historische Falknerei"},"content":{"rendered":"<\/div><\/div><\/div><!-- close content main div --><\/div><\/div><div id='av_section_1' class='avia-section main_color avia-section-default avia-shadow avia-full-stretch avia-bg-style-scroll   av-minimum-height av-minimum-height-custom container_wrap fullsize' style = 'background-repeat: no-repeat; background-image: url(http:\/\/work25.lichtstark.com\/rb_wp\/wp-content\/uploads\/2015\/12\/adler\u00a9lichtstark__W153466.jpg); background-attachment: scroll; background-position: center center; ' data-section-bg-repeat='stretch' ><div class='container' style='height:350px'><div class='template-page content  av-content-full alpha units'><div class='post-entry post-entry-type-page post-entry-144'><div class='entry-content-wrapper clearfix'>\n<div class=\"flex_column av_one_full  flex_column_div av-zero-column-padding first  \" style='border-radius:0px; '><div style='padding-bottom:10px;' class='av-special-heading av-special-heading-h1  blockquote modern-quote  '><div class ='av-subheading av-subheading_above  ' style='font-size:15px;'><p>UNESCO Weltkulturerbe<\/p>\n<\/div><h1 class='av-special-heading-tag '  itemprop=\"headline\"  >Historische Falknerei <\/h1><div class='special-heading-border'><div class='special-heading-inner-border' ><\/div><\/div><\/div><\/div>\n<section class=\"av_textblock_section \"  itemscope=\"itemscope\" itemtype=\"https:\/\/schema.org\/CreativeWork\" ><div class='avia_textblock  '   itemprop=\"text\" ><blockquote>\n<p style=\"text-align: justify;\">Seit 2012 geh\u00f6rt die historische Falknerei zum immateriellen UNESCO Weltkulturerbe.<\/p>\n<\/blockquote>\n<p style=\"text-align: justify;\">Auf Schloss Rosenburg wird die uralte Tradition der Falknerei noch gelebt. Der Falkenhof auf Schloss Rosenburg ist schon seit Jahren um den Erhalt dieser uralten Tradition bem\u00fcht, bei der die Flugk\u00fcnste dieser majest\u00e4tischen V\u00f6gel bei den stattfindenden Freiflugvorf\u00fchrungen hautnah erlebt werden k\u00f6nnen.<\/p>\n<\/div><\/section>\n<div  class='hr hr-short hr-center  '><span class='hr-inner ' ><span class='hr-inner-style'><\/span><\/span><\/div>\n<div class=\"flex_column av_one_half  flex_column_div av-zero-column-padding first  \" style='border-radius:0px; '><section class=\"av_textblock_section \"  itemscope=\"itemscope\" itemtype=\"https:\/\/schema.org\/CreativeWork\" ><div class='avia_textblock  '   itemprop=\"text\" ><h3>Falknereivorf\u00fchrungen<\/h3>\n<p>Bei einer exklusiven Greifvogelvorf\u00fchrung in historischen Gew\u00e4ndern erleben Sie die Leichtigkeit des Fliegens und begegnen dem K\u00f6nig der L\u00fcfte. Schon in \u00e4ltesten Zeugnissen unserer Zeit gilt der Adler als Seelenvogel \u2013 ihm zu begegnen verhei\u00dft Gl\u00fcck.<\/p>\n<p>Die Schwerpunkte der Arbeit auf der Rosenburg bilden seit 1987 neben der allgemeinen Greifvogelkunde die Zucht, und die Darstellung der historischen Falknerei w\u00e4hrend der Freiflugvorf\u00fchrungen.<\/p>\n<p>Im Rahmen der Vorf\u00fchrung erfahren unsere Besucher mehr \u00fcber die historische Entwicklung der Falknerei, \u00fcber verschiedene Zuchtprogramme zur Erhaltung der Artenvielfalt und nat\u00fcrlich auch \u00fcber die nat\u00fcrlichen Verhaltensweisen und Lebensr\u00e4ume der verschiedenen Greifv\u00f6gel.<\/p>\n<h4>Nachhaltige Jagdtradition<\/h4>\n<p>Falknerei wird im Kontext der geschichtlichen Verwendungen und Traditionen pr\u00e4sentiert. Damit\u00a0ist die historische Falknerei ein Sprachrohr der engagierten \u00d6ffentlichkeitsarbeit, f\u00fcr die Achtung der Greifv\u00f6gel, f\u00fcr die Erhaltung und Neuschaffung von Lebensr\u00e4umen und f\u00fcr die Beizjagd als nachhaltige Jagdart. Auf dem Renaissanceschloss Rosenburg werden Ausz\u00fcge aus der falknerischen Arbeit in Renaissancekost\u00fcmen und historischem Ambiente gezeigt.<\/p>\n<p>In Erg\u00e4nzung dazu empfiehlt sich ein Besuch im Falknereimuseum von Schloss Rosenburg.<\/p>\n<h4><\/h4>\n<\/div><\/section><br \/>\n<div  class='hr hr-short hr-left  '><span class='hr-inner ' ><span class='hr-inner-style'><\/span><\/span><\/div><\/p><\/div>\n<div class=\"flex_column av_one_half  av-animated-generic fade-in  flex_column_div   \" style='padding:50 0px 0px 0px ; border-radius:0px; '><div class='avia-icon-list-container  '><ul class='avia-icon-list avia-icon-list-left av-iconlist-big avia_animate_when_almost_visible'>\n<li><div  style='background-color:#ffffff; border:1px solid #c19a63; color:#c19a63; ' class='iconlist_icon  avia-font-entypo-fontello'><span class='iconlist-char ' aria-hidden='true' data-av_icon='\ue81e' data-av_iconfont='entypo-fontello'><\/span><\/div><article class=\"article-icon-entry \"  itemscope=\"itemscope\" itemtype=\"https:\/\/schema.org\/CreativeWork\" ><div class='iconlist_content_wrap'><header class=\"entry-content-header\"><h4 class='av_iconlist_title iconlist_title  '  itemprop=\"headline\"  >Greifvogelvorf\u00fchrung<\/h4><\/header><div class='iconlist_content  '  itemprop=\"text\"  ><p><span style=\"color: #000000;\">Dauer: ca. 40 Minuten<\/span><br \/>\n<span style=\"color: #000000;\">Die Arbeit mit Falken, Adlern und anderen Gro\u00df-Greifv\u00f6geln<\/span><\/p>\n<p><span style=\"color: #000000;\"><strong>Greifvogelvorf\u00fchrung<br \/>\n<\/strong>&#8222;Historische Falknerei&#8220; des Renaissancefalkenhofes Rosenburg<\/span><br \/>\n<span style=\"color: #000000;\"> Jeweils um 11:00 u. 15:00 Uhr<\/span><\/p>\n<p><span style=\"color: #000000;\"><strong>Sondervorf\u00fchrungen\u00a0 &#8222;Historische Falknerei zu Pferd&#8220;<\/strong><\/span><br \/>\n<span style=\"color: #000000;\"> eine historische Zeitreise durch das Mittelalter &amp; die Renaissance\u00a0und die Falknerei heute.<\/span><br \/>\n<span style=\"color: #000000;\"> An Vorf\u00fchrungstagen jeweils um 11:00 und 15:00 Uhr<\/span><\/p>\n<p><span style=\"color: #000000;\"><strong>F\u00fchrungen durch das Falknereimuseum<br \/>\n<\/strong>Im Anschluss an die Flugvorf\u00fchrung historische Falknerei f\u00fchrt Sie ein FalknerIn durch das Falknereimuseum. F\u00fchrung ab 15 Personen vor Ort oder gegen Voranmeldung.<\/span><br \/>\n<span style=\"color: #000000;\"> Aufpreis: \u20ac 4,00 pro Person \/ Mi &#8211; So: 16:00 Uhr<\/span><\/p>\n<p><span style=\"color: #000000;\">Selbstverst\u00e4ndlich kann eine Vorf\u00fchrung zu Ihrem<\/span><br \/>\n<span style=\"color: #000000;\"> gew\u00fcnschten Terminen exklusiv f\u00fcr Sie und Ihre G\u00e4ste stattfinden.<\/span><\/p>\n<p><span style=\"color: #000000;\">Anfragen unter<\/span><br \/>\n<span style=\"color: #000000;\"> Tel. + 43 664 874 18 49<\/span><br \/>\n<span style=\"color: #000000;\"> oder <a style=\"color: #000000;\" href=\"http:\/\/work25.lichtstark.com\/rb_wp\/index.php\/anfrageformular-falkenhof\/\" target=\"_blank\" rel=\"noopener\">Per Formular \u21d2<\/a><\/span><\/p>\n<\/div><\/div><footer class=\"entry-footer\"><\/footer><\/article><div class='iconlist-timeline'><\/div><\/li>\n<\/ul><\/div><\/div>\n<div  data-size='featured'  data-lightbox_size='large'  data-animation='slide'  data-ids='1885'  data-video_counter='0'  data-autoplay='false'  data-bg_slider='false'  data-slide_height=''  data-handle='av_slideshow'  data-interval='5'  data-class=' '  data-css_id=''  data-scroll_down=''  data-control_layout=''  data-custom_markup=''  data-perma_caption=''  data-autoplay_stopper=''  data-image_attachment=''  data-min_height='0px'  data-default-height='28.6666666667'  class='avia-slideshow avia-slideshow-1  av-default-height-applied avia-slideshow-featured av_slideshow   avia-slide-slider '  itemprop=\"ImageObject\" itemscope=\"itemscope\" itemtype=\"https:\/\/schema.org\/ImageObject\" ><ul class='avia-slideshow-inner' style='padding-bottom: 28.6666666667%;'><li  class=' av-single-slide slide-1 ' ><div data-rel='slideshow-1' class='avia-slide-wrap'  ><img src='http:\/\/work25.lichtstark.com\/rb_wp\/wp-content\/uploads\/2015\/12\/besucher-historische-falknerei_FW_7318.jpg' width='1500' height='430' title='besucher historische falknerei_FW_7318' alt=''  itemprop=\"thumbnailUrl\"   \/><\/div><\/li><\/ul><\/div>\n<div class=\"flex_column av_one_half  flex_column_div av-zero-column-padding first  \" style='border-radius:0px; '><section class=\"av_textblock_section \"  itemscope=\"itemscope\" itemtype=\"https:\/\/schema.org\/CreativeWork\" ><div class='avia_textblock  '   itemprop=\"text\" ><h2>Falknerei zu Pferd<\/h2>\n<p>Im Rahmen der Sondervorf\u00fchrungen \u201eFalknerei zu Pferd\u201c haben Besucher die M\u00f6glichkeit, das einzigartige Zusammenspiel von Greifv\u00f6geln, Pferden und Jagdhunden im einmaligen Ambiente von Schloss Rosenburg hautnah zu erleben. Die Falknerinnen und Falkner in historischen Kost\u00fcmen bieten einen authentischen Einblick in die Falknerei zur Zeit der Renaissance, eine Zeit der absoluten Hochbl\u00fcte der europ\u00e4ischen Falknerei.<\/p>\n<\/div><\/section><br \/>\n<div style=' margin-top:30; margin-bottom:30px;'  class='hr hr-custom hr-left hr-icon-no  '><span class='hr-inner   inner-border-av-border-none' style=' width:50px;' ><span class='hr-inner-style'><\/span><\/span><\/div><br \/>\n<section class=\"av_textblock_section \"  itemscope=\"itemscope\" itemtype=\"https:\/\/schema.org\/CreativeWork\" ><div class='avia_textblock  '   itemprop=\"text\" ><h4><strong>Termine 2021: Falknerei zu Pferd<\/strong><\/h4>\n<\/div><\/section><br \/>\n<div class='avia-data-table-wrap avia_scrollable_table'><table class='avia-table avia-data-table avia-table-1  avia_pricing_minimal '  itemscope=\"itemscope\" itemtype=\"https:\/\/schema.org\/Table\" ><tbody><tr class=''><td class=''>April<\/td><td class='avia-center-col'>Mai<\/td><td class='avia-center-col'>Juni<\/td><td class='avia-center-col'>Juli<\/td><td class='avia-center-col'>Aug.<\/td><td class='avia-center-col'>Sept.<\/td><td class='avia-center-col'>Okt.<\/td><\/tr><tr class=''><td class=''>24.<\/td><td class='avia-center-col'>23.<\/td><td class='avia-center-col'>26.<\/td><td class='avia-center-col'>24.<\/td><td class='avia-center-col'>28.<\/td><td class='avia-center-col'>25.<\/td><td class='avia-center-col'>30.<\/td><\/tr><tr class=''><td class=''>25.<\/td><td class='avia-center-col'>24.<\/td><td class='avia-center-col'>27.<\/td><td class='avia-center-col'>25.<\/td><td class='avia-center-col'>29.<\/td><td class='avia-center-col'>26.<\/td><td class='avia-center-col'>31.<\/td><\/tr><\/tbody><\/table><\/div><br \/>\n<div style=' margin-top:30; margin-bottom:30px;'  class='hr hr-custom hr-left hr-icon-no  '><span class='hr-inner   inner-border-av-border-none' style=' width:50px;' ><span class='hr-inner-style'><\/span><\/span><\/div><br \/>\n<div class='avia-gallery  avia-gallery-1 avia_lazyload avia_animate_when_visible '  itemprop=\"ImageObject\" itemscope=\"itemscope\" itemtype=\"https:\/\/schema.org\/ImageObject\" ><a class='avia-gallery-big fakeLightbox lightbox avia-gallery-big-crop-thumb ' href='http:\/\/work25.lichtstark.com\/rb_wp\/wp-content\/uploads\/2015\/12\/Lichtstark\u00a9_FW_7552.jpg'  data-onclick='1' title='' ><span class='avia-gallery-big-inner'  itemprop=\"thumbnailUrl\" >\t<img width='495' height='400' src='http:\/\/work25.lichtstark.com\/rb_wp\/wp-content\/uploads\/2015\/12\/Lichtstark\u00a9_FW_7552-495x400.jpg' title='Lichtstark\u00a9_FW_7552' alt='' \/><\/span><\/a><div class='avia-gallery-thumb'> <a href='http:\/\/work25.lichtstark.com\/rb_wp\/wp-content\/uploads\/2015\/12\/Lichtstark\u00a9_FW_7552.jpg' data-rel='gallery-1' data-prev-img='http:\/\/work25.lichtstark.com\/rb_wp\/wp-content\/uploads\/2015\/12\/Lichtstark\u00a9_FW_7552-495x400.jpg' class='first_thumb lightbox ' data-onclick='1' title=''  itemprop=\"thumbnailUrl\" ><img  src='http:\/\/work25.lichtstark.com\/rb_wp\/wp-content\/uploads\/2015\/12\/Lichtstark\u00a9_FW_7552-495x400.jpg' width='495' height='400'  title='Lichtstark\u00a9_FW_7552' alt='' \/><\/a> <a href='http:\/\/work25.lichtstark.com\/rb_wp\/wp-content\/uploads\/2015\/12\/Lichtstark\u00a9_FW_7584.jpg' data-rel='gallery-1' data-prev-img='http:\/\/work25.lichtstark.com\/rb_wp\/wp-content\/uploads\/2015\/12\/Lichtstark\u00a9_FW_7584-495x400.jpg' class='lightbox ' data-onclick='2' title=''  itemprop=\"thumbnailUrl\" ><img  src='http:\/\/work25.lichtstark.com\/rb_wp\/wp-content\/uploads\/2015\/12\/Lichtstark\u00a9_FW_7584-495x400.jpg' width='495' height='400'  title='Lichtstark\u00a9_FW_7584' alt='' \/><\/a> <a href='http:\/\/work25.lichtstark.com\/rb_wp\/wp-content\/uploads\/2015\/12\/Lichtstark\u00a9_FW_7606.jpg' data-rel='gallery-1' data-prev-img='http:\/\/work25.lichtstark.com\/rb_wp\/wp-content\/uploads\/2015\/12\/Lichtstark\u00a9_FW_7606-495x400.jpg' class='lightbox ' data-onclick='3' title=''  itemprop=\"thumbnailUrl\" ><img  src='http:\/\/work25.lichtstark.com\/rb_wp\/wp-content\/uploads\/2015\/12\/Lichtstark\u00a9_FW_7606-495x400.jpg' width='495' height='400'  title='Lichtstark\u00a9_FW_7606' alt='' \/><\/a><\/div><\/div><\/p><\/div>\n","protected":false},"excerpt":{"rendered":"","protected":false},"author":2,"featured_media":0,"parent":0,"menu_order":0,"comment_status":"closed","ping_status":"closed","template":"","meta":[],"_links":{"self":[{"href":"http:\/\/work25.lichtstark.com\/rb_wp\/wp-json\/wp\/v2\/pages\/144"}],"collection":[{"href":"http:\/\/work25.lichtstark.com\/rb_wp\/wp-json\/wp\/v2\/pages"}],"about":[{"href":"http:\/\/work25.lichtstark.com\/rb_wp\/wp-json\/wp\/v2\/types\/page"}],"author":[{"embeddable":true,"href":"http:\/\/work25.lichtstark.com\/rb_wp\/wp-json\/wp\/v2\/users\/2"}],"replies":[{"embeddable":true,"href":"http:\/\/work25.lichtstark.com\/rb_wp\/wp-json\/wp\/v2\/comments?post=144"}],"version-history":[{"count":64,"href":"http:\/\/work25.lichtstark.com\/rb_wp\/wp-json\/wp\/v2\/pages\/144\/revisions"}],"predecessor-version":[{"id":13745,"href":"http:\/\/work25.lichtstark.com\/rb_wp\/wp-json\/wp\/v2\/pages\/144\/revisions\/13745"}],"wp:attachment":[{"href":"http:\/\/work25.lichtstark.com\/rb_wp\/wp-json\/wp\/v2\/media?parent=144"}],"curies":[{"name":"wp","href":"https:\/\/api.w.org\/{rel}","templated":true}]}}