{"id":127,"date":"2015-12-13T13:29:41","date_gmt":"2015-12-13T12:29:41","guid":{"rendered":"http:\/\/work25.lichtstark.com\/rb_wp\/?page_id=127"},"modified":"2020-06-08T09:28:27","modified_gmt":"2020-06-08T07:28:27","slug":"veranstaltungen-2","status":"publish","type":"page","link":"http:\/\/work25.lichtstark.com\/rb_wp\/veranstaltungen-2\/","title":{"rendered":"Veranstaltungen"},"content":{"rendered":"<\/div><\/div><\/div><!-- close content main div --><\/div><\/div><div id='av_section_1' class='avia-section main_color avia-section-default avia-shadow avia-full-stretch avia-bg-style-scroll   av-minimum-height av-minimum-height-custom container_wrap fullsize' style = 'background-repeat: no-repeat; background-image: url(http:\/\/work25.lichtstark.com\/rb_wp\/wp-content\/uploads\/2015\/12\/Burgtreiben_Panorama2\u00a9lichtstark.jpg); background-attachment: scroll; background-position: center center; ' data-section-bg-repeat='stretch' ><div class='container' style='height:350px'><div class='template-page content  av-content-full alpha units'><div class='post-entry post-entry-type-page post-entry-127'><div class='entry-content-wrapper clearfix'>\n<div class=\"flex_column av_one_full  flex_column_div av-zero-column-padding first  \" style='border-radius:0px; '><div style='padding-bottom:10px;' class='av-special-heading av-special-heading-h1  blockquote modern-quote  '><div class ='av-subheading av-subheading_above  ' style='font-size:15px;'><p>Authentische, spannende und abwechslungsreiche<\/p>\n<\/div><h1 class='av-special-heading-tag '  itemprop=\"headline\"  >Veranstaltungen<\/h1><div class='special-heading-border'><div class='special-heading-inner-border' ><\/div><\/div><\/div><\/div>\n<section class=\"av_textblock_section \"  itemscope=\"itemscope\" itemtype=\"https:\/\/schema.org\/CreativeWork\" ><div class='avia_textblock  '   itemprop=\"text\" ><p style=\"text-align: left;\">Schloss Rosenburg ist bekannt f\u00fcr seine authentischen, spannenden und abwechslungsreichen Veranstaltungen. W\u00e4hrend der Saison finden laufend Events mit verschiedenen Themenschwerpunkten f\u00fcr die gesamte Familie und jedes Alter statt.<\/p>\n<\/div><\/section>\n<div  class='hr hr-short hr-center  '><span class='hr-inner ' ><span class='hr-inner-style'><\/span><\/span><\/div>\n<div class=\"flex_column av_one_half  flex_column_div av-zero-column-padding first  \" style='border-radius:0px; '><p><section class=\"av_textblock_section \"  itemscope=\"itemscope\" itemtype=\"https:\/\/schema.org\/CreativeWork\" ><div class='avia_textblock  '   itemprop=\"text\" ><p>Ein Besuch des <strong>Waldviertler Ostermarktes<\/strong> zu Fr\u00fchlingsbeginn, die beliebten <strong>Rosen- und Gartentage<\/strong> f\u00fcr alle Blumenliebhaber oder der <strong>Waldviertler Christkindlmarkt<\/strong> mit seinem besonderen Ambiente, den vielen Handwerksk\u00fcnstlern und kulinarischen K\u00f6stlichkeiten der Region begeistert j\u00e4hrlich viele Besucher.<br \/>\nF\u00fcr alle Fans des mittelalterlichen Lebens wird das <strong>Historische Burgtreiben<\/strong> und das <strong>Ritterturnier<\/strong> mit seinen spektakul\u00e4ren Ritterk\u00e4mpfen zu Pferd veranstaltet. Dabei verwandelt sich die Rosenburg in eine mittelalterliche Burg in der man Ritter und Knappen hautnah erleben kann.<br \/>\nBegleitet werden unsere Veranstaltungen immer von kulinarischen Spezialit\u00e4ten und einem passenden Rahmenprogramm f\u00fcr die ganze Familie.<\/p>\n<h4><\/h4>\n<\/div><\/section><br \/>\n<div  class='hr hr-short hr-left  '><span class='hr-inner ' ><span class='hr-inner-style'><\/span><\/span><\/div><br \/>\n<section class=\"av_textblock_section \"  itemscope=\"itemscope\" itemtype=\"https:\/\/schema.org\/CreativeWork\" ><div class='avia_textblock  '   itemprop=\"text\" ><p>In unserem Veranstaltungskalender finden Sie neben unseren Eigenevents auch die Termine f\u00fcr die beliebten Ritteressen, das Sommertheater oder\u00a0verschiedene andere Veranstaltungen. Verschaffen Sie sich einen \u00dcberblick!<\/p>\n<\/div><\/section><br \/>\n<div  class='hr hr-short hr-left  '><span class='hr-inner ' ><span class='hr-inner-style'><\/span><\/span><\/div><br \/>\n<section class=\"av_textblock_section \"  itemscope=\"itemscope\" itemtype=\"https:\/\/schema.org\/CreativeWork\" ><div class='avia_textblock  '   itemprop=\"text\" ><p><strong>Anmeldungsbedingungen und Informationen f\u00fcr Aussteller und H\u00e4ndler:<br \/>\n<\/strong>Die Informationen f\u00fcr interessierte Aussteller und H\u00e4ndler finden Sie unter den <a href=\"http:\/\/work25.lichtstark.com\/rb_wp\/downloads\/\" target=\"_blank\" rel=\"noopener\">Downloads<\/a>.<\/p>\n<\/div><\/section><\/p><\/div>\n<div class=\"flex_column av_one_half  flex_column_div   \" style='padding:50 0px 0px 0px ; border-radius:0px; '><section class=\"av_textblock_section \"  itemscope=\"itemscope\" itemtype=\"https:\/\/schema.org\/CreativeWork\" ><div class='avia_textblock  '   itemprop=\"text\" ><h4><strong>Die n\u00e4chsten Veranstaltungen<\/strong><\/h4>\n<\/div><\/section><br \/>\n<div style=' margin-top:30px; margin-bottom:30px;'  class='hr hr-custom hr-center hr-icon-no  '><span class='hr-inner   inner-border-av-border-thin' style=' width:50px;' ><span class='hr-inner-style'><\/span><\/span><\/div><br \/>\n<\/p><\/div>\n","protected":false},"excerpt":{"rendered":"","protected":false},"author":2,"featured_media":0,"parent":0,"menu_order":0,"comment_status":"closed","ping_status":"closed","template":"","meta":[],"_links":{"self":[{"href":"http:\/\/work25.lichtstark.com\/rb_wp\/wp-json\/wp\/v2\/pages\/127"}],"collection":[{"href":"http:\/\/work25.lichtstark.com\/rb_wp\/wp-json\/wp\/v2\/pages"}],"about":[{"href":"http:\/\/work25.lichtstark.com\/rb_wp\/wp-json\/wp\/v2\/types\/page"}],"author":[{"embeddable":true,"href":"http:\/\/work25.lichtstark.com\/rb_wp\/wp-json\/wp\/v2\/users\/2"}],"replies":[{"embeddable":true,"href":"http:\/\/work25.lichtstark.com\/rb_wp\/wp-json\/wp\/v2\/comments?post=127"}],"version-history":[{"count":38,"href":"http:\/\/work25.lichtstark.com\/rb_wp\/wp-json\/wp\/v2\/pages\/127\/revisions"}],"predecessor-version":[{"id":14266,"href":"http:\/\/work25.lichtstark.com\/rb_wp\/wp-json\/wp\/v2\/pages\/127\/revisions\/14266"}],"wp:attachment":[{"href":"http:\/\/work25.lichtstark.com\/rb_wp\/wp-json\/wp\/v2\/media?parent=127"}],"curies":[{"name":"wp","href":"https:\/\/api.w.org\/{rel}","templated":true}]}}