{"id":115,"date":"2015-12-13T13:23:11","date_gmt":"2015-12-13T12:23:11","guid":{"rendered":"http:\/\/work25.lichtstark.com\/rb_wp\/?page_id=115"},"modified":"2020-11-16T14:09:08","modified_gmt":"2020-11-16T13:09:08","slug":"oeffnungszeiten-preise","status":"publish","type":"page","link":"http:\/\/work25.lichtstark.com\/rb_wp\/oeffnungszeiten-preise\/","title":{"rendered":"\u00d6ffnungszeiten &#038; Preise"},"content":{"rendered":"<\/div><\/div><\/div><!-- close content main div --><\/div><\/div><div id='av_section_1' class='avia-section main_color avia-section-default avia-shadow avia-full-stretch avia-bg-style-scroll   av-minimum-height av-minimum-height-custom container_wrap fullsize' style = 'background-repeat: no-repeat; background-image: url(http:\/\/work25.lichtstark.com\/rb_wp\/wp-content\/uploads\/2015\/12\/lichtstark.com_FW_8145-1500x430.jpg); background-attachment: scroll; background-position: center center; ' data-section-bg-repeat='stretch' ><div class='container' style='height:350px'><div class='template-page content  av-content-full alpha units'><div class='post-entry post-entry-type-page post-entry-115'><div class='entry-content-wrapper clearfix'>\n<div class=\"flex_column av_one_full  flex_column_div av-zero-column-padding first  \" style='border-radius:0px; '><p><div style='padding-bottom:10px;font-size:30px;' class='av-special-heading av-special-heading-h1  blockquote modern-quote  av-inherit-size '><div class ='av-subheading av-subheading_above  ' style='font-size:15px;'><p>Renaissanceschloss Rosenburg<\/p>\n<\/div><h1 class='av-special-heading-tag '  itemprop=\"headline\"  >Besucherinformation Saison 2021<\/h1><div class='special-heading-border'><div class='special-heading-inner-border' ><\/div><\/div><\/div><br \/>\n<div  class='hr hr-short hr-center  '><span class='hr-inner ' ><span class='hr-inner-style'><\/span><\/span><\/div><\/p><\/div>\n<div class=\"flex_column av_one_half  flex_column_div first  \" style='padding:5 10 5 5 ; border-radius:0px; '><section class=\"av_textblock_section \"  itemscope=\"itemscope\" itemtype=\"https:\/\/schema.org\/CreativeWork\" ><div class='avia_textblock  '   itemprop=\"text\" ><h4>N\u00e4chste Veranstaltung:<\/h4>\n<\/div><\/section><br \/>\n<div style=' margin-top:10 px; margin-bottom:0 px;'  class='hr hr-custom hr-left hr-icon-no  '><span class='hr-inner   inner-border-av-border-none' style=' width:50px;' ><span class='hr-inner-style'><\/span><\/span><\/div><br \/>\n<\/p><\/div>\n<div class=\"flex_column av_one_fifth  flex_column_div   \" style='padding:50 0px 0px 0px ; border-radius:0px; '><p><div style=' margin-top:20; margin-bottom:30px;'  class='hr hr-custom hr-left hr-icon-no  '><span class='hr-inner   inner-border-av-border-none' style=' width:50px;' ><span class='hr-inner-style'><\/span><\/span><\/div><br \/>\n<div class='avia-image-container  av-styling-    avia-align-center '  itemprop=\"ImageObject\" itemscope=\"itemscope\" itemtype=\"https:\/\/schema.org\/ImageObject\"  ><div class='avia-image-container-inner'><img class='avia_image ' src='http:\/\/work25.lichtstark.com\/rb_wp\/wp-content\/uploads\/2015\/12\/Free-Wi-Fi.gif' alt='Schloss Rosenburg freies WLAN' title='Free-Wi-Fi'   itemprop=\"thumbnailUrl\"  \/><\/div><\/div><br \/>\n<section class=\"av_textblock_section \"  itemscope=\"itemscope\" itemtype=\"https:\/\/schema.org\/CreativeWork\" ><div class='avia_textblock  '  style='font-size:10px; '  itemprop=\"text\" ><p style=\"text-align: center;\"><span style=\"color: #c19a63;\"><span style=\"color: #000000;\">Sie wollen Ihre Fotos gleich in die Sozialen Netzwerke stellen? <\/span><br \/>\n<span style=\"color: #000000;\"> Kein Problem, wir bieten <strong>freies WLAN<\/strong> auf der gesamten Burganalage<\/span><br \/>\n<\/span><\/p>\n<\/div><\/section><\/p><\/div>\n<div class=\"flex_column av_one_fifth  flex_column_div   \" style='padding:50 0px 0px 0px ; border-radius:0px; '><p><div style=' margin-top:20; margin-bottom:30px;'  class='hr hr-custom hr-left hr-icon-no  '><span class='hr-inner   inner-border-av-border-none' style=' width:50px;' ><span class='hr-inner-style'><\/span><\/span><\/div><br \/>\n<div class='avia-image-container  av-styling-    avia-align-center '  itemprop=\"ImageObject\" itemscope=\"itemscope\" itemtype=\"https:\/\/schema.org\/ImageObject\"  ><div class='avia-image-container-inner'><img class='avia_image ' src='http:\/\/work25.lichtstark.com\/rb_wp\/wp-content\/uploads\/2015\/12\/Hunde_Willkommmen_2ai_0-80x80.png' alt='' title='Hunde_Willkommmen_2ai_0'   itemprop=\"thumbnailUrl\"  \/><\/div><\/div><br \/>\n<section class=\"av_textblock_section \"  itemscope=\"itemscope\" itemtype=\"https:\/\/schema.org\/CreativeWork\" ><div class='avia_textblock  '  style='font-size:10px; '  itemprop=\"text\" ><p style=\"text-align: center;\"><span style=\"color: #c19a63;\">Auf der Rosenburg sind Hunde<br \/>\nan der Leine erlaubt!<\/span><\/p>\n<\/div><\/section><br \/>\n<div class='avia-image-container  av-styling-    avia-align-center '  itemprop=\"ImageObject\" itemscope=\"itemscope\" itemtype=\"https:\/\/schema.org\/ImageObject\"  ><div class='avia-image-container-inner'><a href='http:\/\/www.top-ausflug.at\/' class='avia_image'   target=\"_blank\" ><img class='avia_image ' src='http:\/\/work25.lichtstark.com\/rb_wp\/wp-content\/uploads\/2015\/12\/Logo_TAZ-80x80.png' alt='' title='Logo_TAZ'  itemprop=\"thumbnailUrl\"  \/><\/a><\/div><\/div><\/p><\/div>\n<div class=\"flex_column av_one_half  flex_column_div first  \" style='padding:50 0px 0px 0px ; border-radius:0px; '><p><span class=\"av_font_icon avia_animate_when_visible  av-icon-style-  avia-icon-pos-left \" style=\"color:#c19a63; border-color:#c19a63;\"><span class='av-icon-char' style='font-size:25px;line-height:25px;' aria-hidden='true' data-av_icon='\ue825' data-av_iconfont='entypo-fontello' ><\/span><\/span><br \/>\n<div style=' margin-top:0px; margin-bottom:5px;'  class='hr hr-custom hr-left hr-icon-no  '><span class='hr-inner   inner-border-av-border-none' style=' width:50px;' ><span class='hr-inner-style'><\/span><\/span><\/div><br \/>\n<section class=\"av_textblock_section \"  itemscope=\"itemscope\" itemtype=\"https:\/\/schema.org\/CreativeWork\" ><div class='avia_textblock  '  style='font-size:15px; '  itemprop=\"text\" ><h4><strong>Saison 2021 von 3. April bis 31. Oktober<\/strong><\/h4>\n<\/div><\/section><br \/>\n<div class='avia-data-table-wrap avia_responsive_table'><table class='avia-table avia-data-table avia-table-1  avia_pricing_default '  itemscope=\"itemscope\" itemtype=\"https:\/\/schema.org\/Table\" ><tbody><tr class=''><td class=''>\u00d6ffnungszeiten<\/td><td class=''>2021<\/td><\/tr><tr class=''><td class=''>April, Mai, Juni &amp; Oktober<\/td><td class=''>Freitag bis Sonntag &amp; Feiertage<br \/>\nvon 9:30 &#8211; 17:00 Uhr<\/td><\/tr><tr class=''><td class=''>Juli bis September:<\/td><td class=''>Mittwoch bis Montag (Dienstag Ruhetag!)<br \/>\nvon 09:30 Uhr bis 17:00 Uhr<br \/>\n<\/td><\/tr><tr class=''><td class=''>Gilt f\u00fcr die ganze Saison:<\/td><td class=''>Gegen Voranmeldung sperren wir gerne auch au\u00dferhalb der \u00d6ffnungszeiten f\u00fcr Ihre Gruppe von mindestens 60 Personen auf. W\u00e4hrend der Saison ist unser Schloss jeden Feiertag f\u00fcr Sie ge\u00f6ffnet.<\/td><\/tr><\/tbody><\/table><\/div><style type='text\/css'><\/style><\/p><\/div><div class=\"flex_column av_one_half  flex_column_div av-zero-column-padding   \" style='border-radius:0px; '><p><div style=' margin-top:30; margin-bottom:30px;'  class='hr hr-custom hr-left hr-icon-no  '><span class='hr-inner   inner-border-av-border-none' style=' width:50px;' ><span class='hr-inner-style'><\/span><\/span><\/div><br \/>\n<section class=\"av_textblock_section \"  itemscope=\"itemscope\" itemtype=\"https:\/\/schema.org\/CreativeWork\" ><div class='avia_textblock  '   itemprop=\"text\" ><h4><strong>Termine: Falknerei zu Pferd<\/strong><\/h4>\n<\/div><\/section><br \/>\n<div class='avia-data-table-wrap avia_scrollable_table'><table class='avia-table avia-data-table avia-table-2  avia_pricing_minimal '  itemscope=\"itemscope\" itemtype=\"https:\/\/schema.org\/Table\" ><tbody><tr class=''><td class=''>April<\/td><td class='avia-center-col'>Mai<\/td><td class='avia-center-col'>Juni<\/td><td class='avia-center-col'>Juli<\/td><td class='avia-center-col'>Aug.<\/td><td class='avia-center-col'>Sept.<\/td><td class='avia-center-col'>Okt.<\/td><\/tr><tr class=''><td class=''>24.<\/td><td class='avia-center-col'>23.<\/td><td class='avia-center-col'>26.<\/td><td class='avia-center-col'>24.<\/td><td class='avia-center-col'>28.<\/td><td class='avia-center-col'>25.<\/td><td class='avia-center-col'>30.<\/td><\/tr><tr class=''><td class=''>25.<\/td><td class='avia-center-col'>24.<\/td><td class='avia-center-col'>27.<\/td><td class='avia-center-col'>25.<\/td><td class='avia-center-col'>29.<\/td><td class='avia-center-col'>26.<\/td><td class='avia-center-col'>31.<\/td><\/tr><\/tbody><\/table><\/div><\/p><\/div><\/p>\n<div class=\"flex_column av_three_fourth  flex_column_div av-zero-column-padding first  \" style='border-radius:0px; '><p><span class=\"av_font_icon avia_animate_when_visible  av-icon-style-  avia-icon-pos-left \" style=\"color:#c19a63; border-color:#c19a63;\"><span class='av-icon-char' style='font-size:25px;line-height:25px;' aria-hidden='true' data-av_icon='\ue849' data-av_iconfont='entypo-fontello' ><\/span><\/span><br \/>\n<section class=\"av_textblock_section \"  itemscope=\"itemscope\" itemtype=\"https:\/\/schema.org\/CreativeWork\" ><div class='avia_textblock  '   itemprop=\"text\" ><div class='avia-button-wrap avia-button-center '><a href='http:\/\/work25.lichtstark.com\/rb_wp\/tickets-gutscheine\/' class='avia-button   avia-icon_select-yes-left-icon avia-color-theme-color avia-size-large avia-position-center '   ><span class='avia_button_icon avia_button_icon_left ' aria-hidden='true' data-av_icon='\ue8cb' data-av_iconfont='entypo-fontello'><\/span><span class='avia_iconbox_title' >TICKETS KAUFEN<\/span><\/a><\/div>\n<hr \/>\n<\/div><\/section><br \/>\n<div class='avia-data-table-wrap avia_scrollable_table'><table class='avia-table avia-data-table avia-table-3  avia_pricing_minimal '  itemscope=\"itemscope\" itemtype=\"https:\/\/schema.org\/Table\" ><tbody><tr class=''><td class=''>Preise<\/td><td class=''>G\u00e4rten \/ Historische Falknerei \/ Falknereimuseum \/ Prunkr\u00e4ume<\/td><\/tr><tr class=''><td class=''>Erwachsene<\/td><td class=''>EUR 15,00<\/td><\/tr><tr class=''><td class=''>Kinder<br \/>\n6 &#8211; 15 Jahre<br \/>\n<\/td><td class=''>EUR 8,00<\/td><\/tr><tr class=''><td class=''>Familie: 2 Erw. mit<br \/>\nmax. 2 Kinder<\/td><td class=''>EUR 36,00<\/td><\/tr><tr class=''><td class=''>Senioren ab 60 Jahre \/ 65 Jahre mit Ausweis<br \/>\nOberstufensch\u00fcler u. Studenten bis 26 Jahre mit Ausweis<br \/>\nGruppen ab 20 Pers.<br \/>\nPersonen mit Behinderung mit Ausweis (freier Eintritt f\u00fcr eingetragene Begleitperson)<br \/>\n<\/td><td class=''>EUR 12,00<\/td><\/tr><tr class=''><td class=''>SAISONKARTE<br \/>\nexkl. F\u00fchrungen und<br \/>\nhistorische Falknerei zu Pferd<\/td><td class=''><\/td><\/tr><tr class=''><td class=''>Erwachsene<\/td><td class=''>EUR 50,00<\/td><\/tr><tr class=''><td class=''>Kinder<br \/>\n6-15 Jahre<\/td><td class=''>EUR 20,00<\/td><\/tr><tr class=''><td class=''>Familie<\/td><td class=''>EUR 80,00<\/td><\/tr><\/tbody><\/table><\/div><br \/>\n<div class='avia-data-table-wrap avia_scrollable_table'><table class='avia-table avia-data-table avia-table-4  avia_pricing_minimal '  itemscope=\"itemscope\" itemtype=\"https:\/\/schema.org\/Table\" ><tbody><tr class=''><td class=''>Aufpreis<\/td><td class=''>F\u00fchrung Schlossmuseum inkl. Waffenkammer<\/td><td class=''>F\u00fchrung Falknereimuseum<\/td><td class=''>Historische Falknerei zu Pferd<\/td><\/tr><tr class=''><td class=''>Erwachsene<\/td><td class=''>+ EUR 4,00<\/td><td class=''>+ EUR 4,00<\/td><td class=''>+ EUR 5,00<\/td><\/tr><tr class=''><td class=''>Kinder<br \/>\n6 &#8211; 15 Jahre<br \/>\n<\/td><td class=''>+ EUR 4,00<\/td><td class=''>+ EUR 4,00<\/td><td class=''>+ EUR 5,00<\/td><\/tr><tr class=''><td class=''>Familie: 2 Erw. mit<br \/>\nmax. 2 Kinder<\/td><td class=''>+ EUR 12,00<\/td><td class=''>+ EUR 12,00<\/td><td class=''>+ EUR 15,00<\/td><\/tr><tr class=''><td class=''>Senioren, Studenten, Gruppen ab 20 Pers.<\/td><td class=''>+ EUR 4,00<\/td><td class=''>+ EUR 4,00<\/td><td class=''>+ EUR 5,00<\/td><\/tr><\/tbody><\/table><\/div><br \/>\n<div class='avia-data-table-wrap avia_scrollable_table'><table class='avia-table avia-data-table avia-table-5  avia_pricing_minimal '  itemscope=\"itemscope\" itemtype=\"https:\/\/schema.org\/Table\" ><tbody><tr class=''><td class=''>Kombiticket:<br \/>\nErlebnispark \/ Rosenburg<\/td><td class=''>Tageskarte<br \/>\nBurg und KP<\/td><\/tr><tr class=''><td class=''>Kinder 6 &#8211; 9 Jahre<\/td><td class=''>EUR 20,00<\/td><\/tr><tr class=''><td class=''>Jugendliche<br \/>\n10 &#8211; 18 Jahre<br \/>\n<\/td><td class=''>EUR 24,00<\/td><\/tr><tr class=''><td class=''>Erwachsene<\/td><td class=''>EUR 36,00<\/td><\/tr><\/tbody><\/table><\/div><br \/>\n<section class=\"av_textblock_section \"  itemscope=\"itemscope\" itemtype=\"https:\/\/schema.org\/CreativeWork\" ><div class='avia_textblock  '   itemprop=\"text\" ><p>An der Kassa der Rosenburg sowie in der Schloss Taverne gibt es die M\u00f6glichkeit mit allen g\u00e4ngigen Bankomat- und Kreditkarten zu bezahlen.<\/p>\n<\/div><\/section><br \/>\n<div class='avia-icon-list-container  '><ul class='avia-icon-list avia-icon-list-left av-iconlist-big avia_animate_when_almost_visible'>\n<li><div  style='background-color:#c19a63; ' class='iconlist_icon  avia-font-entypo-fontello'><span class='iconlist-char ' aria-hidden='true' data-av_icon='\ue81f' data-av_iconfont='entypo-fontello'><\/span><\/div><article class=\"article-icon-entry av-iconlist-empty\"  itemscope=\"itemscope\" itemtype=\"https:\/\/schema.org\/CreativeWork\" ><div class='iconlist_content_wrap'><header class=\"entry-content-header\"><\/header><div class='iconlist_content  '  itemprop=\"text\"  ><\/div><\/div><footer class=\"entry-footer\"><\/footer><\/article><div class='iconlist-timeline'><\/div><\/li>\n<\/ul><\/div><br \/>\n<section class=\"av_textblock_section \"  itemscope=\"itemscope\" itemtype=\"https:\/\/schema.org\/CreativeWork\" ><div class='avia_textblock  '   itemprop=\"text\" ><p><strong><b>F\u00fchrungen durch das Schlossmuseum*<br \/>\n<\/b> <\/strong>Fixe F\u00fchrungen auf Deutsch w\u00e4hrend der \u00d6ffnungszeiten Freitag bis Sonntag.<br \/>\nJeweils um 9:45, 12:00, 13:45 Uhr und 16:00 Uhr<br \/>\nIm September Montag, Mittwoch und Donnerstag Jeweils um 9:45, 12:00, 13:45 Uhr<\/p>\n<p>*Auf Grund der aktuellen gesetlichen Einschr\u00e4nkungen ist ein Mund-Nasenschutz im Zuge der F\u00fchrungen f\u00fcr unsere G\u00e4ste verpflichtend zu tragen.<\/p>\n<p><em>Eine kostenlose App mit Audioguide bietet die M\u00f6glichkeit die F\u00fchrungen auf Deutsch, Tschechisch, Englisch &amp; Spanisch zu h\u00f6ren. App an der Kassa oder \u00fcber die Homepage runterladen.<\/em> <a href=\"http:\/\/work25.lichtstark.com\/rb_wp\/app\/\" target=\"_blank\" rel=\"noopener\">Link zu App \u21d2<\/a><\/p>\n<p><strong><br \/>\n<strong>Gruppenf\u00fchrungen nach Absprache und Voranmeldung.<\/strong><em><br \/>\n<\/em><strong>Gruppenf\u00fchrungen sind auch in Englisch, Franz\u00f6sisch oder Tschechisch nach Anmeldung m\u00f6glich.<\/strong><\/strong><\/p>\n<p>Aufgrund des gro\u00dfen Wertes der Sammlung und der zahlreich ausgestellten Unikate ist die Ausstellung nur mit F\u00fchrung (im Eintrittspreis\u00a0nicht inkludiert) zug\u00e4nglich.<\/p>\n<p>Das Falknereimuseum und die Sonderausstellung k\u00f6nnen auch ohne pers\u00f6nliche F\u00fchrung jederzeit besucht werden.<\/p>\n<p><strong>Gegen Voranmeldung<\/strong> bieten wir die pers\u00f6nlichen F\u00fchrungen auch <strong>zu anderen Zeiten und <\/strong><strong>in anderen Sprachen<\/strong> an (z.B. Englisch, Tschechisch).<\/p>\n<p>Weiteres bieten wir folgende pers\u00f6nliche F\u00fchrungen an (ab 20 Personen, \u20ac4 pro Person):<\/p>\n<p>\u2022 Falknerei Museum: &#8222;Blick hinter die Kulissen&#8220;<br \/>\n\u2022 Gartenanlagen<br \/>\n\u2022 Waffensammlung (gr\u00f6\u00dfte private Waffensammlung in Nieder\u00f6sterreich)<br \/>\n\u2022 Kinder \/ Familienf\u00fchrung<\/p>\n<p>\u2022 Sonderausstellung &#8222;REISETAGEB\u00dcCHER erwachen zum Leben.&#8220;<\/p>\n<hr \/>\n<p><strong>Greifvogelvorf\u00fchrung<br \/>\n<\/strong>&#8222;Historische Falknerei&#8220; des Renaissancefalkenhofes Rosenburg<br \/>\nJeweils um 11:00 u. 15:00 Uhr<\/p>\n<hr \/>\n<p><strong>Sondervorf\u00fchrungen\u00a0 &#8222;Historische Falknerei zu Pferd&#8220;<\/strong><br \/>\neine historische Zeitreise durch das Mittelalter &amp; die Renaissance\u00a0und die Falknerei heute.<br \/>\nAn Vorf\u00fchrungstagen (siehe oben) jeweils um 11:00 und 15:00 Uhr<\/p>\n<hr \/>\n<p><strong>F\u00fchrungen durch das Falknereimuseum<br \/>\n<\/strong>Im Anschluss an die Flugvorf\u00fchrung historische Falknerei f\u00fchrt Sie ein FalknerIn durch das Falknereimuseum. F\u00fchrung ab 15 Personen gegen Voranmeldung.<br \/>\nAufpreis: \u20ac 4,00 pro Person \/ An allen \u00d6ffnungstagen: 16:00 Uhr<\/p>\n<hr \/>\n<p><strong>Information f\u00fcr Rollstuhlfahrer und Personen mit Gehbehinderung!<br \/>\n<span style=\"color: #000000;\">Leider kann man nicht alle unsere Angebote barrierefrei nutzen.<\/span><\/strong><br \/>\nAufgrund des Denkmalschutzes existieren keine Rampen und Lifte. Die Museumsr\u00e4ume sind nur \u00fcber Stufen erreichbar.<\/p>\n<p><strong><span style=\"color: #000000;\">Folgende Bereiche und Angebote der Rosenburg sind barrierefrei zu erreichen:<\/span><\/strong><\/p>\n<ul>\n<li>Greifvogelflugvorf\u00fchrung (\u00fcber den Seiteneingang, bitte geben Sie an der Kassa Bescheid)<\/li>\n<li>Falknereimuseum (Vorsicht, hier befinden sich zwei Stufen)<\/li>\n<li>Gastgarten<\/li>\n<li>Schloss Taverne<\/li>\n<li>Schlossgasthof<\/li>\n<li>Toiletten im Burghof, am Parkplatz und im Schlossgasthof<\/li>\n<\/ul>\n<hr \/>\n<p><strong>Ausleihm\u00f6glichkeit f\u00fcr Babytragetaschen<\/strong><br \/>\nAufgrund des Denkmalschutzes\u00a0kann das Schlossmuseum nicht mit dem Kinderwagen besichtigt werden. Deshalb bieten wir die M\u00f6glichkeit eine Baby\/Kleinkinder-Tragetasche an der Kasse auszuleihen.<br \/>\nGegen Hinterlegung eines Ausweises oder einer Kaution k\u00f6nnen die Tragetaschen f\u00fcr die Dauer des Aufenthaltes im Schloss geliehen werden.<\/p>\n<hr \/>\n<p><strong>Presse<br \/>\n<\/strong>Gratis Eintritt f\u00fcr Personen mit Presseausweis (inkl. 1 Begleitperson)<\/p>\n<hr \/>\n<p><strong>Die Eintrittsgelder<br \/>\n<\/strong>flie\u00dfen zu 100 % in den Erhalt der Rosenburg.<br \/>\nEinst wie heute erfolgt die Finanzierung aller Ma\u00dfnahmen fast ausschlie\u00dflich auf privater Basis. Ein Teil der daf\u00fcr notwendigen finanziellen Mittel wird durch die Eintrittsgelder aufgebracht.<\/p>\n<\/div><\/section><\/p><\/div>\n<div style=' margin-top:50; margin-bottom:30px;'  class='hr hr-custom hr-left hr-icon-no  '><span class='hr-inner   inner-border-av-border-none' style=' width:50px;' ><span class='hr-inner-style'><\/span><\/span><\/div>\n<div class='av-countdown-timer  av-align-center av-colored-style '  data-year='2016' data-month='3' data-day='01' data-hour='10' data-minute='0' data-interval='3600000' data-maximum='5' ><span class='av-countdown-timer-inner'><span class='av-countdown-cell av-countdown-weeks'><span class='av-countdown-cell-inner'><span class='av-countdown-time ' data-upate-width='weeks' style=''>0<\/span><span class='av-countdown-time-label ' data-label='Woche' data-label-multi='Wochen'>Wochen<\/span><\/span><\/span><span class='av-countdown-cell av-countdown-days'><span class='av-countdown-cell-inner'><span class='av-countdown-time ' data-upate-width='days' style=''>0<\/span><span class='av-countdown-time-label ' data-label='Tag' data-label-multi='Tage'>Tage<\/span><\/span><\/span><span class='av-countdown-cell av-countdown-hours'><span class='av-countdown-cell-inner'><span class='av-countdown-time ' data-upate-width='hours' style=''>0<\/span><span class='av-countdown-time-label ' data-label='Stunde' data-label-multi='Stunden'>Stunden<\/span><\/span><\/span><\/span><\/div>\n","protected":false},"excerpt":{"rendered":"","protected":false},"author":2,"featured_media":0,"parent":0,"menu_order":0,"comment_status":"closed","ping_status":"closed","template":"","meta":[],"_links":{"self":[{"href":"http:\/\/work25.lichtstark.com\/rb_wp\/wp-json\/wp\/v2\/pages\/115"}],"collection":[{"href":"http:\/\/work25.lichtstark.com\/rb_wp\/wp-json\/wp\/v2\/pages"}],"about":[{"href":"http:\/\/work25.lichtstark.com\/rb_wp\/wp-json\/wp\/v2\/types\/page"}],"author":[{"embeddable":true,"href":"http:\/\/work25.lichtstark.com\/rb_wp\/wp-json\/wp\/v2\/users\/2"}],"replies":[{"embeddable":true,"href":"http:\/\/work25.lichtstark.com\/rb_wp\/wp-json\/wp\/v2\/comments?post=115"}],"version-history":[{"count":176,"href":"http:\/\/work25.lichtstark.com\/rb_wp\/wp-json\/wp\/v2\/pages\/115\/revisions"}],"predecessor-version":[{"id":3573,"href":"http:\/\/work25.lichtstark.com\/rb_wp\/wp-json\/wp\/v2\/pages\/115\/revisions\/3573"}],"wp:attachment":[{"href":"http:\/\/work25.lichtstark.com\/rb_wp\/wp-json\/wp\/v2\/media?parent=115"}],"curies":[{"name":"wp","href":"https:\/\/api.w.org\/{rel}","templated":true}]}}