{"id":103,"date":"2015-12-13T13:14:00","date_gmt":"2015-12-13T12:14:00","guid":{"rendered":"http:\/\/work25.lichtstark.com\/rb_wp\/?page_id=103"},"modified":"2017-08-24T09:17:16","modified_gmt":"2017-08-24T07:17:16","slug":"geschichte-der-rosenburg","status":"publish","type":"page","link":"http:\/\/work25.lichtstark.com\/rb_wp\/geschichte-der-rosenburg\/","title":{"rendered":"Geschichte der Rosenburg"},"content":{"rendered":"<\/div><\/div><\/div><!-- close content main div --><\/div><\/div><div id='av_section_1' class='avia-section main_color avia-section-default avia-shadow avia-full-stretch avia-bg-style-scroll   av-minimum-height av-minimum-height-custom container_wrap fullsize' style = 'background-repeat: no-repeat; background-image: url(http:\/\/work25.lichtstark.com\/rb_wp\/wp-content\/uploads\/2015\/12\/geschichte_rosenburg.jpg); background-attachment: scroll; background-position: center center; ' data-section-bg-repeat='stretch' ><div class='container' style='height:350px'><div class='template-page content  av-content-full alpha units'><div class='post-entry post-entry-type-page post-entry-103'><div class='entry-content-wrapper clearfix'>\n<div class=\"flex_column av_one_full  flex_column_div av-zero-column-padding first  \" style='border-radius:0px; '><p><div style='padding-bottom:10px;' class='av-special-heading av-special-heading-h1  blockquote modern-quote   '><div class ='av-subheading av-subheading_above  ' style='font-size:15px;'><p>Zeitdokument des Wandels<\/p>\n<\/div><h1 class='av-special-heading-tag '  itemprop=\"headline\"  >Die Geschichte der Rosenburg<\/h1><div class='special-heading-border'><div class='special-heading-inner-border' ><\/div><\/div><\/div><br \/>\n<section class=\"av_textblock_section \"  itemscope=\"itemscope\" itemtype=\"https:\/\/schema.org\/CreativeWork\" ><div class='avia_textblock  '   itemprop=\"text\" ><p style=\"text-align: left;\">Das Waldviertel, die stille, reizvolle Landschaft, mit gro\u00dfen zusammenh\u00e4ngenden Waldgebieten birgt in seiner herben Sch\u00f6nheit viele romantische und malerische Sehensw\u00fcrdigkeiten. Die Burgen und Schl\u00f6sser haben \u00fcber Jahrhunderte das wirtschaftliche und soziale Leben der Region gepr\u00e4gt. Eine der bedeutendsten Anlagen ist die Rosenburg.<\/p>\n<\/div><\/section><br \/>\n<div  class='hr hr-short hr-center  '><span class='hr-inner ' ><span class='hr-inner-style'><\/span><\/span><\/div><\/p><\/div>\n<div class=\"flex_column av_one_half  flex_column_div av-zero-column-padding first  \" style='border-radius:0px; '><p><section class=\"av_textblock_section \"  itemscope=\"itemscope\" itemtype=\"https:\/\/schema.org\/CreativeWork\" ><div class='avia_textblock  '   itemprop=\"text\" ><p><strong>Bereits in vorgeschichtlicher Zeit waren weite Teile des Kamptales und des Horner Beckens beg\u00fcnstigte Siedlungsr\u00e4ume.<\/strong><\/p>\n<p>Noch im Mittelalter war das Waldviertel ein Teil des gro\u00dfen Nordwaldes der die drei gro\u00dfen Siedlungsgebiete, bayrisch-\u00f6sterreichische Donauebene, den Raum Weinviertel und S\u00fcdm\u00e4hren und den b\u00f6hmischen Kessel trennte. Dem Kamp kam eine bedeutende Stellung als Verkehrsanbindung an die naturgegebene Verkehrsader, der Donau, zu.<\/p>\n<p>Vor rund 1000 Jahren begann man mit der Besiedelung dieses schwer zug\u00e4nglichen Gebietes unter der F\u00fchrung der babenbergischen Markgrafen. Mehrere hochfreie Adelsgeschlechter leiteten die Kolonisation ein und begr\u00fcndeten damit eine Anzahl von Grafschaften. Ein markantes Beispiel ist im Bereich des Horner Beckens das Gebiet der m\u00e4chtigen Grafen von Poigen-Hohenburg-Wildberg. Um 1156 wurde das \u201ePoigreich\u201c mit der zum Herzogtum erhobenen Mark vereinigt; und auch der rot-wei\u00df-rote Balkenschild von den Babenbergern \u00fcbernommen.<br \/>\nIm Bereich der Grenze am Kamp zwischen Poigreich und den babenbergischen Siedlungen mit den Zentren, dem Benediktinerstift Altenburg und dem Burgenkomplex Gars Thunau wurde erstmals 1175 die Rosenburg urkundlich erw\u00e4hnt. Als Besitzer wird ein Gozwin de Rosenberg genannt, der Name der auch f\u00fcr die Namensgebung ausschlaggebend ist.<\/p>\n<\/div><\/section><br \/>\n<div  class='hr hr-default  '><span class='hr-inner ' ><span class='hr-inner-style'><\/span><\/span><\/div><br \/>\n<div class='avia-gallery  avia-gallery-1 avia_lazyload avia_animate_when_visible '  itemprop=\"ImageObject\" itemscope=\"itemscope\" itemtype=\"https:\/\/schema.org\/ImageObject\" ><a class='avia-gallery-big fakeLightbox lightbox avia-gallery-big-crop-thumb ' href='http:\/\/work25.lichtstark.com\/rb_wp\/wp-content\/uploads\/2015\/12\/rosenburg-825x1030.jpg'  data-onclick='1' title='' ><span class='avia-gallery-big-inner'  itemprop=\"thumbnailUrl\" >\t<img width='495' height='400' src='http:\/\/work25.lichtstark.com\/rb_wp\/wp-content\/uploads\/2015\/12\/rosenburg-495x400.jpg' title='rosenburg' alt='' \/><\/span><\/a><div class='avia-gallery-thumb'> <a href='http:\/\/work25.lichtstark.com\/rb_wp\/wp-content\/uploads\/2015\/12\/rosenburg-825x1030.jpg' data-rel='gallery-1' data-prev-img='http:\/\/work25.lichtstark.com\/rb_wp\/wp-content\/uploads\/2015\/12\/rosenburg-495x400.jpg' class='first_thumb lightbox ' data-onclick='1' title=''  itemprop=\"thumbnailUrl\" ><img  src='http:\/\/work25.lichtstark.com\/rb_wp\/wp-content\/uploads\/2015\/12\/rosenburg-495x400.jpg' width='495' height='400'  title='rosenburg' alt='' \/><\/a> <a href='http:\/\/work25.lichtstark.com\/rb_wp\/wp-content\/uploads\/2015\/12\/rosenburg_karte2_lichtstark-1030x562.jpg' data-rel='gallery-1' data-prev-img='http:\/\/work25.lichtstark.com\/rb_wp\/wp-content\/uploads\/2015\/12\/rosenburg_karte2_lichtstark-495x400.jpg' class='lightbox ' data-onclick='2' title='Schloss Rosenburg \/ Erlbnispark Rosenburg \/ Schlossgasthof Rosenburg'  itemprop=\"thumbnailUrl\" ><img data-avia-tooltip='Schloss Rosenburg \/ Erlbnispark Rosenburg \/ Schlossgasthof Rosenburg' src='http:\/\/work25.lichtstark.com\/rb_wp\/wp-content\/uploads\/2015\/12\/rosenburg_karte2_lichtstark-495x400.jpg' width='495' height='400'  title='rosenburg_karte2_lichtstark.com_FW_8145' alt='' \/><\/a><\/div><\/div><\/p><\/div><div class=\"flex_column av_one_half  flex_column_div   \" style='padding:50 0px 0px 0px ; border-radius:0px; '><p><section class=\"av_textblock_section \"  itemscope=\"itemscope\" itemtype=\"https:\/\/schema.org\/CreativeWork\" ><div class='avia_textblock  '   itemprop=\"text\" ><p>WICHTIGE EREIGNISSE<\/p>\n<\/div><\/section><br \/>\n<div class='avia-icon-list-container  '><ul class='avia-icon-list avia-icon-list-left av-iconlist-big avia_animate_when_almost_visible'>\n<li><div  style='background-color:#c19a63; ' class='iconlist_icon  avia-font-entypo-fontello'><span class='iconlist-char ' aria-hidden='true' data-av_icon='\ue828' data-av_iconfont='entypo-fontello'><\/span><\/div><article class=\"article-icon-entry \"  itemscope=\"itemscope\" itemtype=\"https:\/\/schema.org\/CreativeWork\" ><div class='iconlist_content_wrap'><header class=\"entry-content-header\"><h4 class='av_iconlist_title iconlist_title  '  itemprop=\"headline\"  >1175<\/h4><\/header><div class='iconlist_content  '  itemprop=\"text\"  ><p>Erste urkundliche Erw\u00e4hnung &#8222;Gozwin de Rosenberg&#8220;. Das Geschlecht der Rosenbergs lenkte die Geschicke der Rosenburg bis ins fr\u00fche 14. Jahrhundert.<\/p>\n<\/div><\/div><footer class=\"entry-footer\"><\/footer><\/article><div class='iconlist-timeline'><\/div><\/li>\n<li><div  style='background-color:#c19a63; ' class='iconlist_icon  avia-font-entypo-fontello'><span class='iconlist-char ' aria-hidden='true' data-av_icon='\ue828' data-av_iconfont='entypo-fontello'><\/span><\/div><article class=\"article-icon-entry \"  itemscope=\"itemscope\" itemtype=\"https:\/\/schema.org\/CreativeWork\" ><div class='iconlist_content_wrap'><header class=\"entry-content-header\"><h4 class='av_iconlist_title iconlist_title  '  itemprop=\"headline\"  >1478<\/h4><\/header><div class='iconlist_content  '  itemprop=\"text\"  ><p>Zubau der Kapelle durch die Familie Roggendorf.<\/p>\n<\/div><\/div><footer class=\"entry-footer\"><\/footer><\/article><div class='iconlist-timeline'><\/div><\/li>\n<li><div  style='background-color:#c19a63; ' class='iconlist_icon  avia-font-entypo-fontello'><span class='iconlist-char ' aria-hidden='true' data-av_icon='\ue828' data-av_iconfont='entypo-fontello'><\/span><\/div><article class=\"article-icon-entry \"  itemscope=\"itemscope\" itemtype=\"https:\/\/schema.org\/CreativeWork\" ><div class='iconlist_content_wrap'><header class=\"entry-content-header\"><h4 class='av_iconlist_title iconlist_title  '  itemprop=\"headline\"  >1487<\/h4><\/header><div class='iconlist_content  '  itemprop=\"text\"  ><p>Die Gebr\u00fcder Grabner erwerben die Rosenburg. Umbau von der mittelalterlichen Wehrburg in ein Renaissanceschloss. Die Rosenburg bleibt bis 1604 im Besitz der Familie Grabner.<\/p>\n<\/div><\/div><footer class=\"entry-footer\"><\/footer><\/article><div class='iconlist-timeline'><\/div><\/li>\n<li><div  style='background-color:#c19a63; ' class='iconlist_icon  avia-font-entypo-fontello'><span class='iconlist-char ' aria-hidden='true' data-av_icon='\ue828' data-av_iconfont='entypo-fontello'><\/span><\/div><article class=\"article-icon-entry \"  itemscope=\"itemscope\" itemtype=\"https:\/\/schema.org\/CreativeWork\" ><div class='iconlist_content_wrap'><header class=\"entry-content-header\"><h4 class='av_iconlist_title iconlist_title  '  itemprop=\"headline\"  >Anf. 17. Jhdt.<\/h4><\/header><div class='iconlist_content  '  itemprop=\"text\"  ><p>Vinzenz Muschinger erwirbt das Schloss und l\u00e4sst den Turnierhof erbauen. Der Turnierhof ist heute der gr\u00f6\u00dfte, noch erhaltene Turnierhof Europas.<\/p>\n<\/div><\/div><footer class=\"entry-footer\"><\/footer><\/article><div class='iconlist-timeline'><\/div><\/li>\n<li><div  style='background-color:#c19a63; ' class='iconlist_icon  avia-font-entypo-fontello'><span class='iconlist-char ' aria-hidden='true' data-av_icon='\ue828' data-av_iconfont='entypo-fontello'><\/span><\/div><article class=\"article-icon-entry \"  itemscope=\"itemscope\" itemtype=\"https:\/\/schema.org\/CreativeWork\" ><div class='iconlist_content_wrap'><header class=\"entry-content-header\"><h4 class='av_iconlist_title iconlist_title  '  itemprop=\"headline\"  >1681<\/h4><\/header><div class='iconlist_content  '  itemprop=\"text\"  ><p>Heirat von Leopold Karl Hoyos und Maria Regina von Sprinzenstein. Die Burg geht in den Besitz der Familie Hoyos \u00fcber, einer Adelsfamilie aus der Region Burgos in Spanien.<\/p>\n<\/div><\/div><footer class=\"entry-footer\"><\/footer><\/article><div class='iconlist-timeline'><\/div><\/li>\n<\/ul><\/div><\/p><\/div><\/p>\n<div style=' margin-top:30; margin-bottom:30px;'  class='hr hr-custom hr-center hr-icon-no  '><span class='hr-inner   inner-border-av-border-none' style=' width:50px;' ><span class='hr-inner-style'><\/span><\/span><\/div>\n","protected":false},"excerpt":{"rendered":"","protected":false},"author":2,"featured_media":0,"parent":0,"menu_order":0,"comment_status":"closed","ping_status":"closed","template":"","meta":[],"_links":{"self":[{"href":"http:\/\/work25.lichtstark.com\/rb_wp\/wp-json\/wp\/v2\/pages\/103"}],"collection":[{"href":"http:\/\/work25.lichtstark.com\/rb_wp\/wp-json\/wp\/v2\/pages"}],"about":[{"href":"http:\/\/work25.lichtstark.com\/rb_wp\/wp-json\/wp\/v2\/types\/page"}],"author":[{"embeddable":true,"href":"http:\/\/work25.lichtstark.com\/rb_wp\/wp-json\/wp\/v2\/users\/2"}],"replies":[{"embeddable":true,"href":"http:\/\/work25.lichtstark.com\/rb_wp\/wp-json\/wp\/v2\/comments?post=103"}],"version-history":[{"count":36,"href":"http:\/\/work25.lichtstark.com\/rb_wp\/wp-json\/wp\/v2\/pages\/103\/revisions"}],"predecessor-version":[{"id":7659,"href":"http:\/\/work25.lichtstark.com\/rb_wp\/wp-json\/wp\/v2\/pages\/103\/revisions\/7659"}],"wp:attachment":[{"href":"http:\/\/work25.lichtstark.com\/rb_wp\/wp-json\/wp\/v2\/media?parent=103"}],"curies":[{"name":"wp","href":"https:\/\/api.w.org\/{rel}","templated":true}]}}