{"id":101,"date":"2015-12-13T13:12:48","date_gmt":"2015-12-13T12:12:48","guid":{"rendered":"http:\/\/work25.lichtstark.com\/rb_wp\/?page_id=101"},"modified":"2017-08-15T17:54:09","modified_gmt":"2017-08-15T15:54:09","slug":"familie-hoyos","status":"publish","type":"page","link":"http:\/\/work25.lichtstark.com\/rb_wp\/familie-hoyos\/","title":{"rendered":"Familie Hoyos"},"content":{"rendered":"<\/div><\/div><\/div><!-- close content main div --><\/div><\/div><div id='av_section_1' class='avia-section main_color avia-section-default avia-shadow avia-full-stretch avia-bg-style-scroll   av-minimum-height av-minimum-height-custom container_wrap fullsize' style = 'background-repeat: no-repeat; background-image: url(http:\/\/work25.lichtstark.com\/rb_wp\/wp-content\/uploads\/2015\/12\/lichtstark_V5J3760-1500x430.jpg); background-attachment: scroll; background-position: center center; ' data-section-bg-repeat='stretch' ><div class='container' style='height:350px'><div class='template-page content  av-content-full alpha units'><div class='post-entry post-entry-type-page post-entry-101'><div class='entry-content-wrapper clearfix'>\n<div class=\"flex_column av_one_full  flex_column_div av-zero-column-padding first  \" style='border-radius:0px; '><p><div style='padding-bottom:10px;' class='av-special-heading av-special-heading-h1  blockquote modern-quote   '><div class ='av-subheading av-subheading_above  ' style='font-size:15px;'><p>DI Markus Hoyos<\/p>\n<\/div><h1 class='av-special-heading-tag '  itemprop=\"headline\"  >DER HAUSHERR<\/h1><div class='special-heading-border'><div class='special-heading-inner-border' ><\/div><\/div><\/div><br \/>\n<section class=\"av_textblock_section \"  itemscope=\"itemscope\" itemtype=\"https:\/\/schema.org\/CreativeWork\" ><div class='avia_textblock  '   itemprop=\"text\" ><p style=\"text-align: left;\">Das Schloss Rosenburg ist seit 1681 im Besitz der Familie Hoyos. Graf Ernst Karl Hoyos-Sprinzenstein f\u00fchrte in den Jahren von 1859 bis 1875 die wohl aufw\u00e4ndigsten Restaurierungsarbeiten in der Geschichte der Rosenburg durch. Im Jahre 1987 wurden dann abermals im Zuge der Vorbereitung der Landesausstellung 1990 wieder gro\u00dfe Teile der Schlossanlage erneuert und saniert. Seit dieser Zeit werden j\u00e4hrlich weitere Instandsetzungsarbeiten durchgef\u00fchrt. Dies hat dazu gef\u00fchrt, dass Schloss Rosenburg heute eines der am besten erhaltenen Renaissanceschl\u00f6sser in \u00d6sterreich ist und sehr gerne als Kulisse f\u00fcr nationale und internationale Filmproduktionen verwendet wird.<\/p>\n<blockquote>\n<p style=\"text-align: left;\">Einst wie heute erfolgt die Finanzierung aller Ma\u00dfnahmen fast ausschlie\u00dflich auf privater Basis. Ein Teil der daf\u00fcr notwendigen finanziellen Mittel wird durch die Eintrittsgelder aufgebracht.<\/p>\n<\/blockquote>\n<\/div><\/section><br \/>\n<div  class='hr hr-short hr-center  '><span class='hr-inner ' ><span class='hr-inner-style'><\/span><\/span><\/div><\/p><\/div><div class=\"flex_column av_one_half  flex_column_div av-zero-column-padding first  \" style='border-radius:0px; '><section class=\"av_textblock_section \"  itemscope=\"itemscope\" itemtype=\"https:\/\/schema.org\/CreativeWork\" ><div class='avia_textblock  '   itemprop=\"text\" ><h4>Herzlich willkommen!<\/h4>\n<p><strong>Geschichte sp\u00fcren \u2013 Tradition<\/strong> (er)<strong>leben<\/strong><\/p>\n<p>Dieses Motto haben wir uns zum Leitsatz f\u00fcr das Besuchererlebnis auf Schloss Rosenburg gemacht. Seien es die neu gestalteten Ausstellungsr\u00e4ume \u00fcber die Geschichte unserer Familie, sei es die gr\u00f6\u00dfte im Privatbesitz befindliche Waffensammlung oder seien es die t\u00e4glich an den \u00d6ffnungstagen stattfindenden historischen Falknereivorf\u00fchrungen. Alles hat einen historischen Bezug und soll dazu beitragen, Geschichte hautnah erleben zu k\u00f6nnen. In diesem Zusammenhang sei auch auf unsere Feste wie das Historische Burgtreiben im Fr\u00fchjahr oder das Rosenburger Ritterturnier im Herbst verwiesen.<\/p>\n<p>Wir freuen uns auf Ihren Besuch und w\u00fcnschen Ihnen einen<br \/>\nunvergesslichen Aufenthalt auf Schloss Rosenburg.<\/p>\n<p>Ihre<br \/>\nFamilie Markus Hoyos<\/p>\n<\/div><\/section><br \/>\n<div  class='hr hr-short hr-left  '><span class='hr-inner ' ><span class='hr-inner-style'><\/span><\/span><\/div><\/p><\/div><\/p>\n<div class=\"flex_column av_one_half  flex_column_div   \" style='padding:0px 0px 0px 0px ; border-radius:0px; '><p><div class='avia-image-container  av-styling-    avia-align-center '  itemprop=\"ImageObject\" itemscope=\"itemscope\" itemtype=\"https:\/\/schema.org\/ImageObject\"  ><div class='avia-image-container-inner'><img class='avia_image ' src='http:\/\/work25.lichtstark.com\/rb_wp\/wp-content\/uploads\/2015\/12\/Fam.-Hoyos\u00a9Foto-Andraschek-Horn.jpg' alt='Familie Hoyos' title='Familie Hoyos \/ Foto-Andraschek-Horn'   itemprop=\"thumbnailUrl\"  \/><\/div><\/div><br \/>\n<section class=\"av_textblock_section \"  itemscope=\"itemscope\" itemtype=\"https:\/\/schema.org\/CreativeWork\" ><div class='avia_textblock  '  style='font-size:10px; '  itemprop=\"text\" ><p style=\"text-align: right;\">Foto: Andraschek Horn<\/p>\n<\/div><\/section><\/p><\/div>\n<div class=\"flex_column av_one_half  flex_column_div av-zero-column-padding first  \" style='border-radius:0px; '><p><section class=\"av_textblock_section \"  itemscope=\"itemscope\" itemtype=\"https:\/\/schema.org\/CreativeWork\" ><div class='avia_textblock  '   itemprop=\"text\" ><p><strong>Familiengeschichte mit Tradition<\/strong><\/p>\n<p>Der Ursprung der Familie Hoyos liegt im Gebiet Burgos in Altkastilien dem Kernland von Spanien. Der Herzschild des Familienwappens mit den zwei goldenen Drachenk\u00f6pfen weist auf diesen geographischen Raum hin.<\/p>\n<hr \/>\n<p>Erste schriftliche Zeugnisse Hoyos\u2019scher Familienherkunft bilden die beiden abgefassten Adelsproben von 1527 und 1532, die h\u00f6chstwahrscheinlich zur Aufnahme in einen spanischen Ritterorden gedient haben. Die S\u00f6hne von Juan de Hoyos (1481 \u2013 1538), Anton und Hans kamen im Gefolge Erzherzog Ferdinands, des nachmaligen Kaisers, von Spanien \u00fcber Triest und K\u00e4rnten, ca. 1525 nach Nieder\u00f6sterreich. Auch die nachfolgenden Familienmitglieder unterst\u00fctzten den jungen Ferdinand und auch alle nachfolgenden Herrscher des Hauses \u00d6sterreich in zentralen Fragen der Politik und der Wahrung des katholischen Glaubens.<\/p>\n<\/div><\/section><br \/>\n<div  class='hr hr-short hr-left  '><span class='hr-inner ' ><span class='hr-inner-style'><\/span><\/span><\/div><\/p><\/div>\n<div class=\"flex_column av_one_half  av-animated-generic fade-in  flex_column_div av-zero-column-padding   \" style='border-radius:0px; '><p><div class='avia-image-container  av-styling-    avia-align-center '  itemprop=\"ImageObject\" itemscope=\"itemscope\" itemtype=\"https:\/\/schema.org\/ImageObject\"  ><div class='avia-image-container-inner'><img class='avia_image ' src='http:\/\/work25.lichtstark.com\/rb_wp\/wp-content\/uploads\/2015\/12\/Hoyos-Wappen-300x291.png' alt='Familie Hoyos Schloss Rosenburg' title='Familie Hoyos Wappen'   itemprop=\"thumbnailUrl\"  \/><\/div><\/div><br \/>\n<section class=\"av_textblock_section \"  itemscope=\"itemscope\" itemtype=\"https:\/\/schema.org\/CreativeWork\" ><div class='avia_textblock  '  style='font-size:10px; '  itemprop=\"text\" ><p style=\"text-align: center;\">Die Geschichte der Familien Hoyos<br \/>\nals \u2192 PDF downloaden.<\/p>\n<p style=\"text-align: center;\"><a href=\"http:\/\/work25.lichtstark.com\/rb_wp\/wp-content\/uploads\/2016\/01\/geschichte_hoyos.pdf\" target=\"_blank\" rel=\"attachment wp-att-1257\"><img loading=\"lazy\" class=\"wp-image-1257 size-full aligncenter\" src=\"http:\/\/work25.lichtstark.com\/rb_wp\/wp-content\/uploads\/2015\/12\/pdf-icon.png\" alt=\"pdf-icon\" width=\"45\" height=\"50\" \/><\/a><\/p>\n<\/div><\/section><\/p><\/div>\n<div style=' margin-top:30; margin-bottom:30px;'  class='hr hr-custom hr-center hr-icon-no  '><span class='hr-inner   inner-border-av-border-none' style=' width:50px;' ><span class='hr-inner-style'><\/span><\/span><\/div>\n","protected":false},"excerpt":{"rendered":"","protected":false},"author":2,"featured_media":0,"parent":0,"menu_order":0,"comment_status":"closed","ping_status":"closed","template":"","meta":[],"_links":{"self":[{"href":"http:\/\/work25.lichtstark.com\/rb_wp\/wp-json\/wp\/v2\/pages\/101"}],"collection":[{"href":"http:\/\/work25.lichtstark.com\/rb_wp\/wp-json\/wp\/v2\/pages"}],"about":[{"href":"http:\/\/work25.lichtstark.com\/rb_wp\/wp-json\/wp\/v2\/types\/page"}],"author":[{"embeddable":true,"href":"http:\/\/work25.lichtstark.com\/rb_wp\/wp-json\/wp\/v2\/users\/2"}],"replies":[{"embeddable":true,"href":"http:\/\/work25.lichtstark.com\/rb_wp\/wp-json\/wp\/v2\/comments?post=101"}],"version-history":[{"count":43,"href":"http:\/\/work25.lichtstark.com\/rb_wp\/wp-json\/wp\/v2\/pages\/101\/revisions"}],"predecessor-version":[{"id":13864,"href":"http:\/\/work25.lichtstark.com\/rb_wp\/wp-json\/wp\/v2\/pages\/101\/revisions\/13864"}],"wp:attachment":[{"href":"http:\/\/work25.lichtstark.com\/rb_wp\/wp-json\/wp\/v2\/media?parent=101"}],"curies":[{"name":"wp","href":"https:\/\/api.w.org\/{rel}","templated":true}]}}