{"id":5917,"date":"2018-04-20T01:50:46","date_gmt":"2018-04-19T23:50:46","guid":{"rendered":"http:\/\/work25.lichtstark.com\/rb_wp\/produkt\/gutschein-fuer-eine-schlossmuseumsfuehrung\/"},"modified":"2018-04-20T18:32:39","modified_gmt":"2018-04-20T16:32:39","slug":"poukaz-na-prohlidku-hradniho-muzea","status":"publish","type":"product","link":"http:\/\/work25.lichtstark.com\/rb_wp\/cs\/produkt\/poukaz-na-prohlidku-hradniho-muzea\/","title":{"rendered":"Poukaz na prohl\u00eddku hradn\u00edho muzea"},"content":{"rendered":"<p>Hradn\u00ed muzeum: n\u00e1dhern\u00e9 s\u00e1ly, fascinuj\u00edc\u00ed zbran\u011b, vz\u00e1cn\u00e9 um\u011bleck\u00e1 d\u00edla, vzru\u0161uj\u00edc\u00ed p\u0159\u00edb\u011bhy<\/p>\n","protected":false},"excerpt":{"rendered":"<p>Hradn\u00ed muzeum: n\u00e1dhern\u00e9 s\u00e1ly, fascinuj\u00edc\u00ed zbran\u011b, vz\u00e1cn\u00e9 um\u011bleck\u00e1 d\u00edla, vzru\u0161uj\u00edc\u00ed p\u0159\u00edb\u011bhy<\/p>\n","protected":false},"featured_media":6104,"template":"","meta":[],"_links":{"self":[{"href":"http:\/\/work25.lichtstark.com\/rb_wp\/cs\/wp-json\/wp\/v2\/product\/5917"}],"collection":[{"href":"http:\/\/work25.lichtstark.com\/rb_wp\/cs\/wp-json\/wp\/v2\/product"}],"about":[{"href":"http:\/\/work25.lichtstark.com\/rb_wp\/cs\/wp-json\/wp\/v2\/types\/product"}],"wp:featuredmedia":[{"embeddable":true,"href":"http:\/\/work25.lichtstark.com\/rb_wp\/cs\/wp-json\/wp\/v2\/media\/6104"}],"wp:attachment":[{"href":"http:\/\/work25.lichtstark.com\/rb_wp\/cs\/wp-json\/wp\/v2\/media?parent=5917"}],"curies":[{"name":"wp","href":"https:\/\/api.w.org\/{rel}","templated":true}]}}