{"id":5907,"date":"2018-04-20T01:53:52","date_gmt":"2018-04-19T23:53:52","guid":{"rendered":"http:\/\/work25.lichtstark.com\/rb_wp\/produkt\/gutschein-fuer-einen-kindergeburtstag-auf-schloss-rosenburg\/"},"modified":"2018-04-20T18:26:12","modified_gmt":"2018-04-20T16:26:12","slug":"poukaz-na-narozeniny-deti-ve-schloss-rosenburg","status":"publish","type":"product","link":"http:\/\/work25.lichtstark.com\/rb_wp\/cs\/produkt\/poukaz-na-narozeniny-deti-ve-schloss-rosenburg\/","title":{"rendered":"Poukaz na narozeniny d\u011bt\u00ed ve Schloss Rosenburg"},"content":{"rendered":"<p>Vyberte si mezi t\u00e9maty &#8220;Princ \/ Princezna&#8221; nebo &#8220;Detektivn\u00ed kancel\u00e1\u0159 Rosenburg&#8221;.<\/p>\n<p>Voucher obsahuje d\u011btskou narozeninovou oslavu ve Schloss Rosenburg s maxim\u00e1ln\u011b 8 d\u011btmi (v\u010detn\u011b narozenin). Ka\u017ed\u00e9 dal\u0161\u00ed d\u00edt\u011b stoj\u00ed 23,00 \u20ac.<\/p>\n<p>Dort stoj\u00ed dal\u0161\u00edch 55,00 \u20ac<\/p>\n<p>Doba oslavy narozenin cca 150 min.<br \/>\nVstupenky a pouk\u00e1zky<\/p>\n","protected":false},"excerpt":{"rendered":"<p>Vyberte si mezi t\u00e9maty &#8220;Princ \/ Princezna&#8221; nebo &#8220;Detektivn\u00ed kancel\u00e1\u0159 Rosenburg&#8221;. Voucher obsahuje d\u011btskou narozeninovou oslavu ve Schloss Rosenburg s maxim\u00e1ln\u011b 8 d\u011btmi (v\u010detn\u011b narozenin). Ka\u017ed\u00e9 dal\u0161\u00ed d\u00edt\u011b stoj\u00ed 23,00 \u20ac. Dort stoj\u00ed dal\u0161\u00edch 55,00 \u20ac Doba oslavy narozenin cca 150 min. Vstupenky a pouk\u00e1zky<\/p>\n","protected":false},"featured_media":6112,"template":"","meta":[],"_links":{"self":[{"href":"http:\/\/work25.lichtstark.com\/rb_wp\/cs\/wp-json\/wp\/v2\/product\/5907"}],"collection":[{"href":"http:\/\/work25.lichtstark.com\/rb_wp\/cs\/wp-json\/wp\/v2\/product"}],"about":[{"href":"http:\/\/work25.lichtstark.com\/rb_wp\/cs\/wp-json\/wp\/v2\/types\/product"}],"wp:featuredmedia":[{"embeddable":true,"href":"http:\/\/work25.lichtstark.com\/rb_wp\/cs\/wp-json\/wp\/v2\/media\/6112"}],"wp:attachment":[{"href":"http:\/\/work25.lichtstark.com\/rb_wp\/cs\/wp-json\/wp\/v2\/media?parent=5907"}],"curies":[{"name":"wp","href":"https:\/\/api.w.org\/{rel}","templated":true}]}}