{"id":5818,"date":"2018-04-20T00:59:02","date_gmt":"2018-04-19T22:59:02","guid":{"rendered":"http:\/\/work25.lichtstark.com\/rb_wp\/tickets-gutscheine\/"},"modified":"2020-06-08T20:45:02","modified_gmt":"2020-06-08T18:45:02","slug":"tickets-gutscheine","status":"publish","type":"page","link":"http:\/\/work25.lichtstark.com\/rb_wp\/cs\/tickets-gutscheine\/","title":{"rendered":"Vstupenky a pouk\u00e1zky"},"content":{"rendered":"<\/div><\/div><\/div><!-- close content main div --><\/div><\/div><div id='av_section_1' class='avia-section main_color avia-section-default avia-shadow avia-bg-style-scroll   av-arrow-down-section container_wrap fullsize' style = 'background-repeat: no-repeat; background-image: url(http:\/\/work25.lichtstark.com\/rb_wp\/wp-content\/uploads\/2018\/04\/Rosenburg_R16-1500x430.png); background-attachment: scroll; background-position: center center; ' data-section-bg-repeat='no-repeat' ><div class='container' ><div class='template-page content  av-content-full alpha units'><div class='post-entry post-entry-type-page post-entry-5818'><div class='entry-content-wrapper clearfix'>\n<section class=\"av_textblock_section \"  itemscope=\"itemscope\" itemtype=\"https:\/\/schema.org\/CreativeWork\" ><div class='avia_textblock  '   itemprop=\"text\" ><h2 style=\"text-align: center;\">Tickets &amp; Gutscheine<\/h2>\n<\/div><\/section>\n<div class=\"flex_column av_one_fifth  flex_column_div av-zero-column-padding first  \" style='border-radius:0px; '><\/div><div class=\"flex_column av_one_fifth  flex_column_div av-zero-column-padding   \" style='border-radius:0px; '><section class=\"av_textblock_section \"  itemscope=\"itemscope\" itemtype=\"https:\/\/schema.org\/CreativeWork\" ><div class='avia_textblock  '   itemprop=\"text\" ><h3 style=\"text-align: center;\"><a style=\"color: #5083c2;\" href=\"#tagestickets\">VSTUPENKY<\/a><\/h3>\n<\/div><\/section><\/div><div class=\"flex_column av_one_fifth  flex_column_div av-zero-column-padding   \" style='border-radius:0px; '><section class=\"av_textblock_section \"  itemscope=\"itemscope\" itemtype=\"https:\/\/schema.org\/CreativeWork\" ><div class='avia_textblock  '   itemprop=\"text\" ><h3 style=\"text-align: center;\"><a style=\"color: #5083c2;\" href=\"#events\">UD\u00c1LOSTI<\/a><\/h3>\n<\/div><\/section><\/div><div class=\"flex_column av_one_fifth  flex_column_div av-zero-column-padding   \" style='border-radius:0px; '><section class=\"av_textblock_section \"  itemscope=\"itemscope\" itemtype=\"https:\/\/schema.org\/CreativeWork\" ><div class='avia_textblock  '   itemprop=\"text\" ><h3 style=\"text-align: center;\"><a style=\"color: #5083c2;\" href=\"#gutscheine\">POUK\u00c1ZKY<\/a><\/h3>\n<\/div><\/section><\/div><div class=\"flex_column av_one_fifth  flex_column_div av-zero-column-padding   \" style='border-radius:0px; '><\/div>\n\n<\/div><\/div><\/div><!-- close content main div --><\/div><div class='av-extra-border-element border-extra-arrow-down'><div class='av-extra-border-outer'><div class='av-extra-border-inner'  style='background-color:#ffffff;' ><\/div><\/div><\/div><\/div><div id='av_section_2' class='avia-section main_color avia-section-default avia-shadow avia-bg-style-scroll   av-arrow-down-section container_wrap fullsize' style = 'background-color: #f7f7f7; '  ><div class='container' ><div class='template-page content  av-content-full alpha units'><div class='post-entry post-entry-type-page post-entry-5818'><div class='entry-content-wrapper clearfix'>\n<section class=\"av_textblock_section \"  itemscope=\"itemscope\" itemtype=\"https:\/\/schema.org\/CreativeWork\" ><div class='avia_textblock  '   itemprop=\"text\" ><p><a name=\"tagestickets\"><\/a><\/p>\n<div style=\"height: 50px;\"><\/div>\n<\/div><\/section>\n<div style='padding-bottom:10px;' class='av-special-heading av-special-heading-h2  blockquote modern-quote  '><h2 class='av-special-heading-tag '  itemprop=\"headline\"  >VSTUPENKY<\/h2><div class='special-heading-border'><div class='special-heading-inner-border' ><\/div><\/div><\/div>\n<div class=\"flex_column av_one_full  flex_column_div av-zero-column-padding first  \" style='border-radius:0px; '><p><section class=\"av_textblock_section \"  itemscope=\"itemscope\" itemtype=\"https:\/\/schema.org\/CreativeWork\" ><div class='avia_textblock  '   itemprop=\"text\" ><div class='av_fullwidth first flex_column av-catalogue-column  '><div class='av-catalogue-container av-catalogue-container-woo' ><ul class='av-catalogue-list'><li><a  href=\"http:\/\/work25.lichtstark.com\/rb_wp\/cs\/produkt\/denni-vstupenka-schloss-rosenburg-vcetne-historickeho-sokolnictvi\/\" data-product_id=\"5999\" data-product_sku=\"ET_EINTRITT\" class=\"av-catalogue-item  product_type_variable\"><img width=\"180\" height=\"180\" src=\"http:\/\/work25.lichtstark.com\/rb_wp\/wp-content\/uploads\/2018\/04\/ET_EINTRITT-180x180.jpg\" class=\"av-catalogue-image av-cart-update-image av-catalogue-image-yes wp-post-image wp-post-image\" alt=\"\" loading=\"lazy\" srcset=\"http:\/\/work25.lichtstark.com\/rb_wp\/wp-content\/uploads\/2018\/04\/ET_EINTRITT-180x180.jpg 180w, http:\/\/work25.lichtstark.com\/rb_wp\/wp-content\/uploads\/2018\/04\/ET_EINTRITT-80x80.jpg 80w, http:\/\/work25.lichtstark.com\/rb_wp\/wp-content\/uploads\/2018\/04\/ET_EINTRITT-36x36.jpg 36w, http:\/\/work25.lichtstark.com\/rb_wp\/wp-content\/uploads\/2018\/04\/ET_EINTRITT-100x100.jpg 100w, http:\/\/work25.lichtstark.com\/rb_wp\/wp-content\/uploads\/2018\/04\/ET_EINTRITT-450x450.jpg 450w\" sizes=\"(max-width: 180px) 100vw, 180px\" \/><div class='av-catalogue-item-inner'><div class='av-catalogue-title-container'><div class='av-catalogue-title av-cart-update-title'>Denn\u00ed vstupenka Schloss Rosenburg v\u010detn\u011b historick\u00e9ho sokolnictv\u00ed<\/div><div class='av-catalogue-price av-cart-update-price'><\/div><\/div><div class='av-catalogue-content'><\/div><\/div><\/a><\/li><li><a  href=\"http:\/\/work25.lichtstark.com\/rb_wp\/cs\/produkt\/denni-vstupenka-schloss-rosenburg-vcetne-historickeho-sokolnictvi-na-koni\/\" data-product_id=\"5991\" data-product_sku=\"ET_EINTRITT_PFERD\" class=\"av-catalogue-item  product_type_variable\"><img width=\"180\" height=\"180\" src=\"http:\/\/work25.lichtstark.com\/rb_wp\/wp-content\/uploads\/2018\/04\/ET_EINTRITT_PFERD-180x180.jpg\" class=\"av-catalogue-image av-cart-update-image av-catalogue-image-yes wp-post-image wp-post-image\" alt=\"\" loading=\"lazy\" srcset=\"http:\/\/work25.lichtstark.com\/rb_wp\/wp-content\/uploads\/2018\/04\/ET_EINTRITT_PFERD-180x180.jpg 180w, http:\/\/work25.lichtstark.com\/rb_wp\/wp-content\/uploads\/2018\/04\/ET_EINTRITT_PFERD-80x80.jpg 80w, http:\/\/work25.lichtstark.com\/rb_wp\/wp-content\/uploads\/2018\/04\/ET_EINTRITT_PFERD-36x36.jpg 36w, http:\/\/work25.lichtstark.com\/rb_wp\/wp-content\/uploads\/2018\/04\/ET_EINTRITT_PFERD-100x100.jpg 100w, http:\/\/work25.lichtstark.com\/rb_wp\/wp-content\/uploads\/2018\/04\/ET_EINTRITT_PFERD-450x450.jpg 450w\" sizes=\"(max-width: 180px) 100vw, 180px\" \/><div class='av-catalogue-item-inner'><div class='av-catalogue-title-container'><div class='av-catalogue-title av-cart-update-title'>Denn\u00ed vstupenka Schloss Rosenburg v\u010detn\u011b historick\u00e9ho sokolnictv\u00ed na koni.<\/div><div class='av-catalogue-price av-cart-update-price'><\/div><\/div><div class='av-catalogue-content'><\/div><\/div><\/a><\/li><\/ul><\/div><\/div>\n<\/div><\/section><br \/>\n<section class=\"av_textblock_section \"  itemscope=\"itemscope\" itemtype=\"https:\/\/schema.org\/CreativeWork\" ><div class='avia_textblock  '   itemprop=\"text\" ><p><strong><span style=\"text-align: left; color: #333333; text-transform: none; text-indent: 0px; letter-spacing: normal; font-family: Georgia,'Times New Roman','Bitstream Charter',Times,serif; font-size: 16px; font-style: normal; font-variant: normal; text-decoration: none; word-spacing: 0px; display: inline !important; white-space: normal; cursor: text; orphans: 2; float: none; -webkit-text-stroke-width: 0px; background-color: transparent;\">Historick\u00e9 sokolnictv\u00ed na koni se v\u017edy kon\u00e1 v n\u00e1sleduj\u00edc\u00edch term\u00ednech v 11:00 a 15:00 hodin.<br \/>\n<\/span><\/strong><\/p>\n<p><span style=\"text-align: left; color: #333333; text-transform: none; text-indent: 0px; letter-spacing: normal; font-family: Georgia,'Times New Roman','Bitstream Charter',Times,serif; font-size: 16px; font-style: normal; font-variant: normal; text-decoration: none; word-spacing: 0px; display: inline !important; white-space: normal; cursor: text; orphans: 2; float: none; -webkit-text-stroke-width: 0px; background-color: transparent;\">Term\u00edny 2020:<br \/>\n<\/span> 31. kv\u011btna a 1. \u010dervna<br \/>\n27. a 28. \u010dervna<br \/>\n25. a 26. \u010dervence<br \/>\n29. a 30. srpna<br \/>\n26. a 27. z\u00e1\u0159\u00ed<br \/>\n25. a 26. \u0159\u00edjna<\/p>\n<\/div><\/section><\/p><\/div>\n\n<\/div><\/div><\/div><!-- close content main div --><\/div><div class='av-extra-border-element border-extra-arrow-down'><div class='av-extra-border-outer'><div class='av-extra-border-inner'  style='background-color:#f7f7f7;' ><\/div><\/div><\/div><\/div><div id='av_section_3' class='avia-section main_color avia-section-default avia-shadow avia-bg-style-scroll   av-arrow-down-section container_wrap fullsize' style = 'background-color: #ffffff; '  ><div class='container' ><div class='template-page content  av-content-full alpha units'><div class='post-entry post-entry-type-page post-entry-5818'><div class='entry-content-wrapper clearfix'>\n<section class=\"av_textblock_section \"  itemscope=\"itemscope\" itemtype=\"https:\/\/schema.org\/CreativeWork\" ><div class='avia_textblock  '   itemprop=\"text\" ><p><a name=\"events\"><\/a><\/p>\n<div style=\"height: 50px;\"><\/div>\n<\/div><\/section>\n<div style='padding-bottom:10px;' class='av-special-heading av-special-heading-h2  blockquote modern-quote   '><h2 class='av-special-heading-tag '  itemprop=\"headline\"  >UD\u00c1LOSTI<\/h2><div class='special-heading-border'><div class='special-heading-inner-border' ><\/div><\/div><\/div>\n<div class=\"flex_column av_one_full  flex_column_div av-zero-column-padding first  \" style='border-radius:0px; '><section class=\"av_textblock_section \"  itemscope=\"itemscope\" itemtype=\"https:\/\/schema.org\/CreativeWork\" ><div class='avia_textblock  '   itemprop=\"text\" ><div class='av_fullwidth first flex_column av-catalogue-column  '><div class='av-catalogue-container av-catalogue-container-woo' ><ul class='av-catalogue-list'><\/ul><\/div><\/div>\n<\/div><\/section><\/div><\/div><\/div><\/div><!-- close content main div --><\/div><div class='av-extra-border-element border-extra-arrow-down'><div class='av-extra-border-outer'><div class='av-extra-border-inner'  style='background-color:#ffffff;' ><\/div><\/div><\/div><\/div><div id='av_section_4' class='avia-section main_color avia-section-default avia-shadow avia-bg-style-scroll   av-arrow-down-section container_wrap fullsize' style = 'background-color: #f7f7f7; '  ><div class='container' ><div class='template-page content  av-content-full alpha units'><div class='post-entry post-entry-type-page post-entry-5818'><div class='entry-content-wrapper clearfix'>\n<section class=\"av_textblock_section \"  itemscope=\"itemscope\" itemtype=\"https:\/\/schema.org\/CreativeWork\" ><div class='avia_textblock  '   itemprop=\"text\" ><p><a name=\"gutscheine\"><\/a><\/p>\n<div style=\"height: 50px;\"><\/div>\n<\/div><\/section>\n<div style='padding-bottom:10px;' class='av-special-heading av-special-heading-h2  blockquote modern-quote  '><h2 class='av-special-heading-tag '  itemprop=\"headline\"  >POUK\u00c1ZKY<\/h2><div class='special-heading-border'><div class='special-heading-inner-border' ><\/div><\/div><\/div>\n<div class=\"flex_column av_one_full  flex_column_div av-zero-column-padding first  \" style='border-radius:0px; '><section class=\"av_textblock_section \"  itemscope=\"itemscope\" itemtype=\"https:\/\/schema.org\/CreativeWork\" ><div class='avia_textblock  '   itemprop=\"text\" ><div class='av_fullwidth first flex_column av-catalogue-column  '><div class='av-catalogue-container av-catalogue-container-woo' ><ul class='av-catalogue-list'><li><a  href=\"http:\/\/work25.lichtstark.com\/rb_wp\/cs\/produkt\/voucher-schloss-rosenburg-vcetne-historickeho-sokolnictvi\/\" data-product_id=\"5925\" data-product_sku=\"GUT_EINTRITT\" class=\"av-catalogue-item  product_type_simple\"><img width=\"180\" height=\"180\" src=\"http:\/\/work25.lichtstark.com\/rb_wp\/wp-content\/uploads\/2016\/10\/W150498-180x180.jpg\" class=\"av-catalogue-image av-cart-update-image av-catalogue-image-yes wp-post-image wp-post-image\" alt=\"\" loading=\"lazy\" srcset=\"http:\/\/work25.lichtstark.com\/rb_wp\/wp-content\/uploads\/2016\/10\/W150498-180x180.jpg 180w, http:\/\/work25.lichtstark.com\/rb_wp\/wp-content\/uploads\/2016\/10\/W150498-80x80.jpg 80w, http:\/\/work25.lichtstark.com\/rb_wp\/wp-content\/uploads\/2016\/10\/W150498-36x36.jpg 36w, http:\/\/work25.lichtstark.com\/rb_wp\/wp-content\/uploads\/2016\/10\/W150498-120x120.jpg 120w, http:\/\/work25.lichtstark.com\/rb_wp\/wp-content\/uploads\/2016\/10\/W150498-450x450.jpg 450w\" sizes=\"(max-width: 180px) 100vw, 180px\" \/><div class='av-catalogue-item-inner'><div class='av-catalogue-title-container'><div class='av-catalogue-title av-cart-update-title'>Voucher Schloss Rosenburg v\u010detn\u011b historick\u00e9ho sokolnictv\u00ed<\/div><div class='av-catalogue-price av-cart-update-price'><\/div><\/div><div class='av-catalogue-content'><\/div><\/div><\/a><\/li><li><a  href=\"http:\/\/work25.lichtstark.com\/rb_wp\/cs\/produkt\/poukaz-na-prohlidku-hradniho-muzea\/\" data-product_id=\"5917\" data-product_sku=\"GUT_MUSEUM\" class=\"av-catalogue-item  product_type_simple\"><img width=\"180\" height=\"180\" src=\"http:\/\/work25.lichtstark.com\/rb_wp\/wp-content\/uploads\/2018\/04\/ET_GS_AZ_SMF-180x180.jpg\" class=\"av-catalogue-image av-cart-update-image av-catalogue-image-yes wp-post-image wp-post-image\" alt=\"\" loading=\"lazy\" srcset=\"http:\/\/work25.lichtstark.com\/rb_wp\/wp-content\/uploads\/2018\/04\/ET_GS_AZ_SMF-180x180.jpg 180w, http:\/\/work25.lichtstark.com\/rb_wp\/wp-content\/uploads\/2018\/04\/ET_GS_AZ_SMF-80x80.jpg 80w, http:\/\/work25.lichtstark.com\/rb_wp\/wp-content\/uploads\/2018\/04\/ET_GS_AZ_SMF-36x36.jpg 36w, http:\/\/work25.lichtstark.com\/rb_wp\/wp-content\/uploads\/2018\/04\/ET_GS_AZ_SMF-100x100.jpg 100w, http:\/\/work25.lichtstark.com\/rb_wp\/wp-content\/uploads\/2018\/04\/ET_GS_AZ_SMF-450x450.jpg 450w\" sizes=\"(max-width: 180px) 100vw, 180px\" \/><div class='av-catalogue-item-inner'><div class='av-catalogue-title-container'><div class='av-catalogue-title av-cart-update-title'>Poukaz na prohl\u00eddku hradn\u00edho muzea<\/div><div class='av-catalogue-price av-cart-update-price'><\/div><\/div><div class='av-catalogue-content'><\/div><\/div><\/a><\/li><li><a  href=\"http:\/\/work25.lichtstark.com\/rb_wp\/cs\/produkt\/poukaz-na-narozeniny-deti-ve-schloss-rosenburg\/\" data-product_id=\"5907\" data-product_sku=\"GUT_KIBU\" class=\"av-catalogue-item  product_type_variable\"><img width=\"180\" height=\"180\" src=\"http:\/\/work25.lichtstark.com\/rb_wp\/wp-content\/uploads\/2018\/04\/ET_GS_KIGEBU-180x180.jpg\" class=\"av-catalogue-image av-cart-update-image av-catalogue-image-yes wp-post-image wp-post-image\" alt=\"\" loading=\"lazy\" srcset=\"http:\/\/work25.lichtstark.com\/rb_wp\/wp-content\/uploads\/2018\/04\/ET_GS_KIGEBU-180x180.jpg 180w, http:\/\/work25.lichtstark.com\/rb_wp\/wp-content\/uploads\/2018\/04\/ET_GS_KIGEBU-80x80.jpg 80w, http:\/\/work25.lichtstark.com\/rb_wp\/wp-content\/uploads\/2018\/04\/ET_GS_KIGEBU-36x36.jpg 36w, http:\/\/work25.lichtstark.com\/rb_wp\/wp-content\/uploads\/2018\/04\/ET_GS_KIGEBU-100x100.jpg 100w, http:\/\/work25.lichtstark.com\/rb_wp\/wp-content\/uploads\/2018\/04\/ET_GS_KIGEBU-450x450.jpg 450w\" sizes=\"(max-width: 180px) 100vw, 180px\" \/><div class='av-catalogue-item-inner'><div class='av-catalogue-title-container'><div class='av-catalogue-title av-cart-update-title'>Poukaz na narozeniny d\u011bt\u00ed ve Schloss Rosenburg<\/div><div class='av-catalogue-price av-cart-update-price'><\/div><\/div><div class='av-catalogue-content'><\/div><\/div><\/a><\/li><\/ul><\/div><\/div>\n<\/div><\/section><\/div>\n<\/p>\n","protected":false},"excerpt":{"rendered":"","protected":false},"author":2,"featured_media":0,"parent":0,"menu_order":0,"comment_status":"closed","ping_status":"closed","template":"","meta":[],"_links":{"self":[{"href":"http:\/\/work25.lichtstark.com\/rb_wp\/cs\/wp-json\/wp\/v2\/pages\/5818"}],"collection":[{"href":"http:\/\/work25.lichtstark.com\/rb_wp\/cs\/wp-json\/wp\/v2\/pages"}],"about":[{"href":"http:\/\/work25.lichtstark.com\/rb_wp\/cs\/wp-json\/wp\/v2\/types\/page"}],"author":[{"embeddable":true,"href":"http:\/\/work25.lichtstark.com\/rb_wp\/cs\/wp-json\/wp\/v2\/users\/2"}],"replies":[{"embeddable":true,"href":"http:\/\/work25.lichtstark.com\/rb_wp\/cs\/wp-json\/wp\/v2\/comments?post=5818"}],"version-history":[{"count":28,"href":"http:\/\/work25.lichtstark.com\/rb_wp\/cs\/wp-json\/wp\/v2\/pages\/5818\/revisions"}],"predecessor-version":[{"id":11767,"href":"http:\/\/work25.lichtstark.com\/rb_wp\/cs\/wp-json\/wp\/v2\/pages\/5818\/revisions\/11767"}],"wp:attachment":[{"href":"http:\/\/work25.lichtstark.com\/rb_wp\/cs\/wp-json\/wp\/v2\/media?parent=5818"}],"curies":[{"name":"wp","href":"https:\/\/api.w.org\/{rel}","templated":true}]}}