{"id":2342,"date":"2017-03-14T15:28:23","date_gmt":"2017-03-14T14:28:23","guid":{"rendered":"http:\/\/work25.lichtstark.com\/rb_wp\/cs\/?page_id=2342"},"modified":"2017-03-14T15:28:41","modified_gmt":"2017-03-14T14:28:41","slug":"deti","status":"publish","type":"page","link":"http:\/\/work25.lichtstark.com\/rb_wp\/cs\/deti\/","title":{"rendered":"D\u011bti"},"content":{"rendered":"<\/div><\/div><\/div><!-- close content main div --><\/div><\/div><div id='av_section_1' class='avia-section main_color avia-section-default avia-shadow avia-full-stretch avia-bg-style-scroll   av-minimum-height av-minimum-height-custom container_wrap fullsize' style = 'background-repeat: no-repeat; background-image: url(http:\/\/work25.lichtstark.com\/rb_wp\/wp-content\/uploads\/2015\/12\/kindergruppe_W150895@lichtstark.om_.jpg); background-attachment: scroll; background-position: center center; ' data-section-bg-repeat='stretch' ><div class='container' style='height:350px'><div class='template-page content  av-content-full alpha units'><div class='post-entry post-entry-type-page post-entry-2342'><div class='entry-content-wrapper clearfix'>\n<div class=\"flex_column av_one_full  flex_column_div av-zero-column-padding first  \" style='border-radius:0px; '><p><div style='padding-bottom:10px;' class='av-special-heading av-special-heading-h1  blockquote modern-quote  '><div class ='av-subheading av-subheading_above  ' style='font-size:15px;'><p>Tematick\u00e9 oslavy<\/p>\n<\/div><h1 class='av-special-heading-tag '  itemprop=\"headline\"  >Pestrobarevn\u00fd sv\u011bt d\u011bt\u00ed<\/h1><div class='special-heading-border'><div class='special-heading-inner-border' ><\/div><\/div><\/div><br \/>\n<section class=\"av_textblock_section \"  itemscope=\"itemscope\" itemtype=\"https:\/\/schema.org\/CreativeWork\" ><div class='avia_textblock  '   itemprop=\"text\" ><p style=\"text-align: left;\">Zcela podle hesla Poc\u00edtit d\u011bjiny \u2013 za\u017e\u00edt tradici, je z\u00e1mek Rosenburg ide\u00e1ln\u00edm m\u00edstem pro spojen\u00ed kultury a z\u00e1bavy.<br \/>\nAkce jako Historick\u00fd hradn\u00ed rej nebo Ryt\u00ed\u0159sk\u00fd turnaj V\u00e1s p\u0159enesou do doby st\u0159edov\u011bku a umo\u017en\u00ed V\u00e1m nahl\u00e9dnout do sv\u011bta ryt\u00ed\u0159\u016f a jejich spektakul\u00e1rn\u00edch boj\u016f.<\/p>\n<\/div><\/section><br \/>\n<div  class='hr hr-short hr-center  '><span class='hr-inner ' ><span class='hr-inner-style'><\/span><\/span><\/div><\/p><\/div><div class=\"flex_column av_one_half  flex_column_div av-zero-column-padding first  \" style='border-radius:0px; '><p><section class=\"av_textblock_section \"  itemscope=\"itemscope\" itemtype=\"https:\/\/schema.org\/CreativeWork\" ><div class='avia_textblock  '   itemprop=\"text\" ><p><strong>Z\u00e1bava a kultura ve sv\u011bt\u011b Rosenburgu<br \/>\n<\/strong>D\u00edky pr\u016fb\u011b\u017en\u011b se konaj\u00edc\u00edm akc\u00edm je Rosenburg ide\u00e1ln\u00edm v\u00fdletn\u00edm c\u00edlem pro rodiny a d\u011bti. Krom\u011b akc\u00ed nab\u00edz\u00ed z\u00e1mek Rosenburg tak\u00e9 bal\u00ed\u010dky pro d\u011btsk\u00e9 narozeninov\u00e9 oslavy. Tyto aktivn\u00ed programy, speci\u00e1ln\u011b p\u0159ipraven\u00fdmi pro d\u011bti, lze objednat kdykoli, nez\u00e1visle na po\u010das\u00ed. Princezny, detektivov\u00e9, nebo dobrodru\u017en\u00e9 lezen\u00ed v\u00a0p\u0159ilehl\u00e9m Z\u00e1\u017eitkov\u00e9m parku Rosenburg, najde se zde ta spr\u00e1vn\u00e1 oslava pro ka\u017ed\u00fd vkus a ka\u017ed\u00e9 p\u0159\u00e1n\u00ed.<\/p>\n<p><a href=\"http:\/\/Narozeninov\u00e9 oslavy\">Narozeninov\u00e9 oslavy<\/a> spojuj\u00ed z\u00e1bavu a nap\u011bt\u00ed, kreativn\u00ed my\u0161len\u00ed, l\u00ed\u010den\u00ed d\u011bt\u00ed a p\u0159irozen\u011b d\u00e1rky pro oslavence a postaraj\u00ed se o hodiny nabit\u00e9 z\u00e1bavou.<\/p>\n<div><\/div>\n<h4><\/h4>\n<\/div><\/section><br \/>\n<div  class='hr hr-short hr-left  '><span class='hr-inner ' ><span class='hr-inner-style'><\/span><\/span><\/div><\/p><\/div><div class=\"flex_column av_one_half  flex_column_div   \" style='padding:50px 0px 0px 0px ; border-radius:0px; '><div class='avia-gallery  avia-gallery-1 avia_lazyload avia_animate_when_visible '  itemprop=\"ImageObject\" itemscope=\"itemscope\" itemtype=\"https:\/\/schema.org\/ImageObject\" ><a class='avia-gallery-big fakeLightbox lightbox avia-gallery-big-crop-thumb ' href='http:\/\/work25.lichtstark.com\/rb_wp\/wp-content\/uploads\/2015\/12\/\u00a9lichtstark_V5J6062-1030x705.jpg'  data-onclick='1' title='' ><span class='avia-gallery-big-inner'  itemprop=\"thumbnailUrl\" >\t<img width='495' height='400' src='http:\/\/work25.lichtstark.com\/rb_wp\/wp-content\/uploads\/2015\/12\/\u00a9lichtstark_V5J6062-495x400.jpg' title='\u00a9lichtstark_V5J6062' alt='' \/><\/span><\/a><div class='avia-gallery-thumb'> <a href='http:\/\/work25.lichtstark.com\/rb_wp\/wp-content\/uploads\/2015\/12\/\u00a9lichtstark_V5J6062-1030x705.jpg' data-rel='gallery-1' data-prev-img='http:\/\/work25.lichtstark.com\/rb_wp\/wp-content\/uploads\/2015\/12\/\u00a9lichtstark_V5J6062-495x400.jpg' class='first_thumb lightbox ' data-onclick='1' title=''  itemprop=\"thumbnailUrl\" ><img  src='http:\/\/work25.lichtstark.com\/rb_wp\/wp-content\/uploads\/2015\/12\/\u00a9lichtstark_V5J6062-495x400.jpg' width='495' height='400'  title='\u00a9lichtstark_V5J6062' alt='' \/><\/a> <a href='http:\/\/work25.lichtstark.com\/rb_wp\/wp-content\/uploads\/2015\/12\/V5J6551-1030x705.jpg' data-rel='gallery-1' data-prev-img='http:\/\/work25.lichtstark.com\/rb_wp\/wp-content\/uploads\/2015\/12\/V5J6551-495x400.jpg' class='lightbox ' data-onclick='2' title=''  itemprop=\"thumbnailUrl\" ><img  src='http:\/\/work25.lichtstark.com\/rb_wp\/wp-content\/uploads\/2015\/12\/V5J6551-495x400.jpg' width='495' height='400'  title='_V5J6551' alt='' \/><\/a> <a href='http:\/\/work25.lichtstark.com\/rb_wp\/wp-content\/uploads\/2015\/12\/Lichtstark\u00a9_FW_4901-1030x705.jpg' data-rel='gallery-1' data-prev-img='http:\/\/work25.lichtstark.com\/rb_wp\/wp-content\/uploads\/2015\/12\/Lichtstark\u00a9_FW_4901-495x400.jpg' class='lightbox ' data-onclick='3' title=''  itemprop=\"thumbnailUrl\" ><img  src='http:\/\/work25.lichtstark.com\/rb_wp\/wp-content\/uploads\/2015\/12\/Lichtstark\u00a9_FW_4901-495x400.jpg' width='495' height='400'  title='Lichtstark\u00a9_FW_4901' alt='' \/><\/a> <a href='http:\/\/work25.lichtstark.com\/rb_wp\/wp-content\/uploads\/2015\/12\/V5J6007-1030x705.jpg' data-rel='gallery-1' data-prev-img='http:\/\/work25.lichtstark.com\/rb_wp\/wp-content\/uploads\/2015\/12\/V5J6007-495x400.jpg' class='lightbox ' data-onclick='4' title=''  itemprop=\"thumbnailUrl\" ><img  src='http:\/\/work25.lichtstark.com\/rb_wp\/wp-content\/uploads\/2015\/12\/V5J6007-495x400.jpg' width='495' height='400'  title='_V5J6007' alt='' \/><\/a> <a href='http:\/\/work25.lichtstark.com\/rb_wp\/wp-content\/uploads\/2015\/12\/Lichtstark\u00a9_FW_5291-1-1030x705.jpg' data-rel='gallery-1' data-prev-img='http:\/\/work25.lichtstark.com\/rb_wp\/wp-content\/uploads\/2015\/12\/Lichtstark\u00a9_FW_5291-1-495x400.jpg' class='lightbox ' data-onclick='5' title=''  itemprop=\"thumbnailUrl\" ><img  src='http:\/\/work25.lichtstark.com\/rb_wp\/wp-content\/uploads\/2015\/12\/Lichtstark\u00a9_FW_5291-1-495x400.jpg' width='495' height='400'  title='Lichtstark\u00a9_FW_5291' alt='' \/><\/a> <a href='http:\/\/work25.lichtstark.com\/rb_wp\/wp-content\/uploads\/2015\/12\/V5J6294-2-1030x705.jpg' data-rel='gallery-1' data-prev-img='http:\/\/work25.lichtstark.com\/rb_wp\/wp-content\/uploads\/2015\/12\/V5J6294-2-495x400.jpg' class='first_thumb lightbox ' data-onclick='6' title=''  itemprop=\"thumbnailUrl\" ><img  src='http:\/\/work25.lichtstark.com\/rb_wp\/wp-content\/uploads\/2015\/12\/V5J6294-2-495x400.jpg' width='495' height='400'  title='_V5J6294-2' alt='' \/><\/a> <a href='http:\/\/work25.lichtstark.com\/rb_wp\/wp-content\/uploads\/2015\/12\/Lichtstark\u00a9_FW_5185-1030x705.jpg' data-rel='gallery-1' data-prev-img='http:\/\/work25.lichtstark.com\/rb_wp\/wp-content\/uploads\/2015\/12\/Lichtstark\u00a9_FW_5185-495x400.jpg' class='lightbox ' data-onclick='7' title=''  itemprop=\"thumbnailUrl\" ><img  src='http:\/\/work25.lichtstark.com\/rb_wp\/wp-content\/uploads\/2015\/12\/Lichtstark\u00a9_FW_5185-495x400.jpg' width='495' height='400'  title='Lichtstark\u00a9_FW_5185' alt='' \/><\/a> <a href='http:\/\/work25.lichtstark.com\/rb_wp\/wp-content\/uploads\/2015\/12\/Lichtstark\u00a9_FW_5179-1030x705.jpg' data-rel='gallery-1' data-prev-img='http:\/\/work25.lichtstark.com\/rb_wp\/wp-content\/uploads\/2015\/12\/Lichtstark\u00a9_FW_5179-495x400.jpg' class='lightbox ' data-onclick='8' title=''  itemprop=\"thumbnailUrl\" ><img  src='http:\/\/work25.lichtstark.com\/rb_wp\/wp-content\/uploads\/2015\/12\/Lichtstark\u00a9_FW_5179-495x400.jpg' width='495' height='400'  title='Lichtstark\u00a9_FW_5179' alt='' \/><\/a> <a href='http:\/\/work25.lichtstark.com\/rb_wp\/wp-content\/uploads\/2015\/12\/Lichtstark\u00a9_FW_5223-1030x705.jpg' data-rel='gallery-1' data-prev-img='http:\/\/work25.lichtstark.com\/rb_wp\/wp-content\/uploads\/2015\/12\/Lichtstark\u00a9_FW_5223-495x400.jpg' class='lightbox ' data-onclick='9' title=''  itemprop=\"thumbnailUrl\" ><img  src='http:\/\/work25.lichtstark.com\/rb_wp\/wp-content\/uploads\/2015\/12\/Lichtstark\u00a9_FW_5223-495x400.jpg' width='495' height='400'  title='Lichtstark\u00a9_FW_5223' alt='' \/><\/a> <a href='http:\/\/work25.lichtstark.com\/rb_wp\/wp-content\/uploads\/2015\/12\/Lichtstark\u00a9_FW_4920-1030x705.jpg' data-rel='gallery-1' data-prev-img='http:\/\/work25.lichtstark.com\/rb_wp\/wp-content\/uploads\/2015\/12\/Lichtstark\u00a9_FW_4920-495x400.jpg' class='lightbox ' data-onclick='10' title=''  itemprop=\"thumbnailUrl\" ><img  src='http:\/\/work25.lichtstark.com\/rb_wp\/wp-content\/uploads\/2015\/12\/Lichtstark\u00a9_FW_4920-495x400.jpg' width='495' height='400'  title='Lichtstark\u00a9_FW_4920' alt='' \/><\/a><\/div><\/div><\/div><\/p>\n<div style=' margin-top:30; margin-bottom:30px;'  class='hr hr-custom hr-center hr-icon-no  '><span class='hr-inner   inner-border-av-border-none' style=' width:50px;' ><span class='hr-inner-style'><\/span><\/span><\/div>\n","protected":false},"excerpt":{"rendered":"","protected":false},"author":2,"featured_media":0,"parent":0,"menu_order":0,"comment_status":"closed","ping_status":"closed","template":"","meta":[],"_links":{"self":[{"href":"http:\/\/work25.lichtstark.com\/rb_wp\/cs\/wp-json\/wp\/v2\/pages\/2342"}],"collection":[{"href":"http:\/\/work25.lichtstark.com\/rb_wp\/cs\/wp-json\/wp\/v2\/pages"}],"about":[{"href":"http:\/\/work25.lichtstark.com\/rb_wp\/cs\/wp-json\/wp\/v2\/types\/page"}],"author":[{"embeddable":true,"href":"http:\/\/work25.lichtstark.com\/rb_wp\/cs\/wp-json\/wp\/v2\/users\/2"}],"replies":[{"embeddable":true,"href":"http:\/\/work25.lichtstark.com\/rb_wp\/cs\/wp-json\/wp\/v2\/comments?post=2342"}],"version-history":[{"count":1,"href":"http:\/\/work25.lichtstark.com\/rb_wp\/cs\/wp-json\/wp\/v2\/pages\/2342\/revisions"}],"predecessor-version":[{"id":2343,"href":"http:\/\/work25.lichtstark.com\/rb_wp\/cs\/wp-json\/wp\/v2\/pages\/2342\/revisions\/2343"}],"wp:attachment":[{"href":"http:\/\/work25.lichtstark.com\/rb_wp\/cs\/wp-json\/wp\/v2\/media?parent=2342"}],"curies":[{"name":"wp","href":"https:\/\/api.w.org\/{rel}","templated":true}]}}