{"id":2339,"date":"2017-03-14T15:52:28","date_gmt":"2017-03-14T14:52:28","guid":{"rendered":"http:\/\/work25.lichtstark.com\/rb_wp\/cs\/?page_id=2339"},"modified":"2021-01-12T12:16:48","modified_gmt":"2021-01-12T11:16:48","slug":"zamecky-hostinec-rosenburg","status":"publish","type":"page","link":"http:\/\/work25.lichtstark.com\/rb_wp\/cs\/zamecky-hostinec-rosenburg\/","title":{"rendered":"Z\u00e1meck\u00fd hostinec Rosenburg"},"content":{"rendered":"<\/div><\/div><\/div><!-- close content main div --><\/div><\/div><div id='av_section_1' class='avia-section main_color avia-section-default avia-shadow avia-full-stretch avia-bg-style-scroll   av-minimum-height av-minimum-height-custom container_wrap fullsize' style = 'background-repeat: no-repeat; background-image: url(http:\/\/work25.lichtstark.com\/rb_wp\/wp-content\/uploads\/2015\/12\/1500x430liebesreich-2-1500x430.jpg); background-attachment: scroll; background-position: center center; ' data-section-bg-repeat='stretch' ><div class='container' style='height:350px'><div class='template-page content  av-content-full alpha units'><div class='post-entry post-entry-type-page post-entry-2339'><div class='entry-content-wrapper clearfix'>\n<div class=\"flex_column av_one_full  flex_column_div av-zero-column-padding first  \" style='border-radius:0px; '><p><div style='padding-bottom:10px;' class='av-special-heading av-special-heading-h1  blockquote modern-quote   '><div class ='av-subheading av-subheading_above  ' style='font-size:15px;'><p>Gastronomie na z\u00e1mku Rosenburg<\/p>\n<\/div><h1 class='av-special-heading-tag '  itemprop=\"headline\"  >Z\u00e1meck\u00fd hostinec Rosenburg<\/h1><div class='special-heading-border'><div class='special-heading-inner-border' ><\/div><\/div><\/div><br \/>\n<div  class='hr hr-short hr-center  '><span class='hr-inner ' ><span class='hr-inner-style'><\/span><\/span><\/div><\/p><\/div>\n<div class=\"flex_column av_one_half  flex_column_div av-zero-column-padding first  \" style='border-radius:0px; '><section class=\"av_textblock_section \"  itemscope=\"itemscope\" itemtype=\"https:\/\/schema.org\/CreativeWork\" ><div class='avia_textblock  '   itemprop=\"text\" ><h4>Tradice a po\u017eitek \u2013 klid a odpo\u010dinek<\/h4>\n<p>D\u016fm stoj\u00ed za tradic\u00ed a po\u017eitkem a svou nesrovnatelnou atmosf\u00e9rou poskytuje vnit\u0159n\u00ed klid a odpo\u010dinek. V\u0161echny pokoje otev\u00edraj\u00ed srdce a mysl s velkou pozornost\u00ed k detail\u016fm.<\/p>\n<h4>P\u0159enocov\u00e1n\u00ed<\/h4>\n<p>Sedm p\u0159en\u00e1dhern\u00fdch odpo\u010dinkov\u00fdch pokoj\u016f ale tak\u00e9 rodinn\u00fd apartm\u00e1n a apartm\u00e1 je k dispozici pro n\u00e1ro\u010dn\u00e9 hosty. Pokoje maj\u00ed bu\u010f dech berouc\u00ed pohled na renesan\u010dn\u00ed z\u00e1mek nebo odpo\u010dinkov\u00fd v\u00fdhled do zahrady pro o\u010di a du\u0161i.<\/p>\n<p>Z\u00e1\u017eitek a po\u017eitek s p\u0159evy\u0161uj\u00edc\u00ed kvalitou v restauraci a v pokoj\u00edch. Nechejte se h\u00fd\u010dkat b\u011bhem pobytu v z\u00e1meck\u00e9m hostinci.<\/p>\n<h4><\/h4>\n<h4>Kulin\u00e1\u0159stv\u00ed<\/h4>\n<p>Pro Va\u0161\u00ed t\u011blesnou pohodu nab\u00edz\u00ed z\u00e1meck\u00fd hostinec region\u00e1ln\u00ed j\u00eddla v \u00fatuln\u00e9 atmosf\u00e9\u0159e. Pravideln\u00e9 grilovac\u00ed ve\u010dery a ned\u011bln\u00ed brunch se staraj\u00ed o kulin\u00e1\u0159skou pestrost.<br \/>\nRomantick\u00e9 ve\u010de\u0159e p\u0159i sv\u00ed\u010dk\u00e1ch a gurm\u00e1nsk\u00e9 menu si m\u016f\u017eete kdykoliv objednat s p\u0159edb\u011b\u017enou rezervac\u00ed.<br \/>\nSamoz\u0159ejm\u011b jsou tak\u00e9 v\u00edt\u00e1ny autobusov\u00e9 skupiny ( ptejte se na na\u0161e nab\u00eddky).<\/p>\n<h4>Oslavte slavnosti<\/h4>\n<p><strong><span style=\"color: #993300;\">Svatby I firemn\u00ed ve\u010d\u00edrky I semin\u00e1\u0159e\u00a0I speci\u00e1ln\u00ed p\u0159\u00edle\u017eitosti<\/span><\/strong><br \/>\nR\u00e1di V\u00e1m zorganizujeme tenhle d\u016fle\u017eit\u00fd den!<br \/>\nVyberte si velkolep\u00fd s\u00e1l na z\u00e1mku, slavnostn\u00ed s\u00e1l v z\u00e1meck\u00e9m hostinci nebo men\u0161\u00ed sal\u00f3nky.<br \/>\nDle Va\u0161eho p\u0159\u00e1n\u00ed se postar\u00e1me o Va\u0161i pohodu a Va\u0161e hosty.<\/p>\n<\/div><\/section><br \/>\n<div  class='hr hr-short hr-left  '><span class='hr-inner ' ><span class='hr-inner-style'><\/span><\/span><\/div><br \/>\n<div class=\"togglecontainer   toggle_close_all \" >\n<section class=\"av_toggle_section\"  itemscope=\"itemscope\" itemtype=\"https:\/\/schema.org\/CreativeWork\"  >    <div class=\"single_toggle\" data-tags=\"{All} \"  >        <p data-fake-id=\"#toggle-id-1\" class=\"toggler activeTitle\"  itemprop=\"headline\"  >Kontakt a rezervace<span class=\"toggle_icon\" >        <span class=\"vert_icon\"><\/span><span class=\"hor_icon\"><\/span><\/span><\/p>        <div id=\"toggle-id-1-container\" class=\"toggle_wrap active_tc\"  style='display:block;'>            <div class=\"toggle_content invers-color \"  itemprop=\"text\"   ><p><strong>Otv\u00edrac\u00ed doba a dal\u0161\u00ed informace na<\/strong><\/p>\n<p>Schlossgasthof Rosenburg<br \/>\nRosenburg 2<br \/>\n3573 Rosenburg,<\/p>\n<p>+43 664 22 68 444<br \/>\n<a href=\"mailto:schlossgasthof@rosenburg.at\">schlossgasthof@rosenburg.at<\/a><br \/>\n<a href=\"http:\/\/www.schlossgasthofrosenburg.at\">www.schlossgasthofrosenburg.at<\/a><\/p>\n            <\/div>        <\/div>    <\/div><\/section>\n<\/div><\/p><\/div>\n<div class=\"flex_column av_one_half  flex_column_div av-zero-column-padding   \" style='border-radius:0px; '><article class=\"iconbox iconbox_left    \"  itemscope=\"itemscope\" itemtype=\"https:\/\/schema.org\/CreativeWork\" ><div class=\"iconbox_content\"><header class=\"entry-content-header\"><div class=\"iconbox_icon heading-color \" aria-hidden='true' data-av_icon='\ue81e' data-av_iconfont='entypo-fontello'  style='background-color:#b02b2c; color:#ffffff; ' ><\/div><h3 class='iconbox_content_title '  itemprop=\"headline\"  >Otev\u00edrac\u00ed doba 2021<\/h3><\/header><div class='iconbox_content_container  '  itemprop=\"text\"  ><h4 id=\"tw-target-text\" class=\"tw-data-text tw-text-large XcVN5d tw-ta\" dir=\"ltr\" data-placeholder=\"\u00dcbersetzung\"><span lang=\"cs\" style=\"color: #800000;\">20. b\u0159ezna do 31. \u0159\u00edjna 2021<\/span><\/h4>\n<\/div><\/div><footer class=\"entry-footer\"><\/footer><\/article><\/div><div style=' margin-top:30; margin-bottom:30px;'  class='hr hr-custom hr-center hr-icon-no  '><span class='hr-inner   inner-border-av-border-none' style=' width:50px;' ><span class='hr-inner-style'><\/span><\/span><\/div><\/p>\n","protected":false},"excerpt":{"rendered":"","protected":false},"author":2,"featured_media":0,"parent":0,"menu_order":0,"comment_status":"closed","ping_status":"closed","template":"","meta":[],"_links":{"self":[{"href":"http:\/\/work25.lichtstark.com\/rb_wp\/cs\/wp-json\/wp\/v2\/pages\/2339"}],"collection":[{"href":"http:\/\/work25.lichtstark.com\/rb_wp\/cs\/wp-json\/wp\/v2\/pages"}],"about":[{"href":"http:\/\/work25.lichtstark.com\/rb_wp\/cs\/wp-json\/wp\/v2\/types\/page"}],"author":[{"embeddable":true,"href":"http:\/\/work25.lichtstark.com\/rb_wp\/cs\/wp-json\/wp\/v2\/users\/2"}],"replies":[{"embeddable":true,"href":"http:\/\/work25.lichtstark.com\/rb_wp\/cs\/wp-json\/wp\/v2\/comments?post=2339"}],"version-history":[{"count":9,"href":"http:\/\/work25.lichtstark.com\/rb_wp\/cs\/wp-json\/wp\/v2\/pages\/2339\/revisions"}],"predecessor-version":[{"id":14191,"href":"http:\/\/work25.lichtstark.com\/rb_wp\/cs\/wp-json\/wp\/v2\/pages\/2339\/revisions\/14191"}],"wp:attachment":[{"href":"http:\/\/work25.lichtstark.com\/rb_wp\/cs\/wp-json\/wp\/v2\/media?parent=2339"}],"curies":[{"name":"wp","href":"https:\/\/api.w.org\/{rel}","templated":true}]}}