{"id":2337,"date":"2017-03-14T15:32:09","date_gmt":"2017-03-14T14:32:09","guid":{"rendered":"http:\/\/work25.lichtstark.com\/rb_wp\/cs\/?page_id=2337"},"modified":"2020-05-20T12:49:32","modified_gmt":"2020-05-20T10:49:32","slug":"rytirsky-hodokvas","status":"publish","type":"page","link":"http:\/\/work25.lichtstark.com\/rb_wp\/cs\/rytirsky-hodokvas\/","title":{"rendered":"Ryt\u00ed\u0159sk\u00fd hodokvas"},"content":{"rendered":"<\/div><\/div><\/div><!-- close content main div --><\/div><\/div><div id='av_section_1' class='avia-section main_color avia-section-default avia-shadow avia-full-stretch avia-bg-style-scroll   av-minimum-height av-minimum-height-custom container_wrap fullsize' style = 'background-repeat: no-repeat; background-image: url(http:\/\/work25.lichtstark.com\/rb_wp\/wp-content\/uploads\/2016\/01\/ritteressen\u00a9lichtstark-1.jpg); background-attachment: scroll; background-position: center center; ' data-section-bg-repeat='stretch' ><div class='container' style='height:350px'><div class='template-page content  av-content-full alpha units'><div class='post-entry post-entry-type-page post-entry-2337'><div class='entry-content-wrapper clearfix'>\n<div class=\"flex_column av_one_full  flex_column_div av-zero-column-padding first  \" style='border-radius:0px; '><p><div style='padding-bottom:10px;' class='av-special-heading av-special-heading-h1  blockquote modern-quote  '><h1 class='av-special-heading-tag '  itemprop=\"headline\"  >Rosenburg &#8211; Ryt\u00ed\u0159sk\u00e1 hostina<\/h1><div class ='av-subheading av-subheading_below  ' style='font-size:15px;'><p>Za\u017e\u00edjte histrorii zbl\u00edzka a ochutnejte ji u ryt\u00ed\u0159sk\u00e9ho j\u00eddla. Historick\u00e1 &#8211; kulin\u00e1\u0159sk\u00e1 toulka stoln\u00fdmi zvyky a pokrmy st\u0159edov\u011bku.<\/p>\n<\/div><div class='special-heading-border'><div class='special-heading-inner-border' ><\/div><\/div><\/div><br \/>\n<div  class='hr hr-short hr-center  '><span class='hr-inner ' ><span class='hr-inner-style'><\/span><\/span><\/div><\/p><\/div>\n<div class=\"flex_column av_one_half  flex_column_div av-zero-column-padding first  \" style='border-radius:0px; '><section class=\"av_textblock_section \"  itemscope=\"itemscope\" itemtype=\"https:\/\/schema.org\/CreativeWork\" ><div class='avia_textblock  '   itemprop=\"text\" ><p><span style=\"color: #800000;\"><strong>Gott zum Gru\u00dfe edle Herren und Damen, stolze Ritter und M\u00e4gde, vornehmen Prinzen und Prinzessinnen aus edlem Geschlecht!<\/strong><\/span><\/p>\n<p>Je n\u00e1m velk\u00fdm pot\u011b\u0161en\u00edm V\u00e1s pozvat na na\u0161\u00ed skv\u011blou slavnost rosenbursk\u00fdch ryt\u00ed\u0159u v historick\u00e9 klenut\u00e9 s\u00edni.<\/p>\n<p>Ve sv\u011btle tis\u00edce sv\u00ed\u010dek se pono\u0159\u00edte do st\u0159edov\u011bku a pro\u017eijete historii zbl\u00edzka. Za\u017eijete historickou-kulin\u00e1\u0159skou toulku skrze stolov\u00e1n\u00ed, zvyky v stolov\u00e1n\u00ed a j\u00eddla st\u0159edov\u011bku. Jedine\u010dn\u00fd program V\u00e1s provede u\u0161lechtil\u00fdm j\u00eddlem a o z\u00e1bavu se postaraj\u00ed um\u011blci z bl\u00edzk\u00e9ho i vzd\u00e1len\u00e9ho sv\u011bta.<\/p>\n<p>Po skv\u011bl\u00e9m j\u00eddle a z\u00e1bavn\u00e9m ve\u010deru nab\u00edz\u00edme za p\u0159\u00edplatek pro skupinu od 6 osob ochutn\u00e1vku r\u016fz\u00fdch st\u0159edov\u011bk\u00fdch medov\u00fdch v\u00edn. Tuto speci\u00e1ln\u00ed sommelierskou akci prov\u00e1d\u00ed n\u00e1\u0161 v\u010dela\u0159 a hostinec v\u00fdhradn\u011b pro na\u0161e hosty z\u00e1meck\u00e9 kuchyn\u011b v atmosf\u00e9rick\u00e9m prost\u0159ed\u00ed star\u00e9ho m\u011bsta.<\/p>\n<p>Rosenburg- ryt\u00ed\u0159sk\u00e1 hostina se kon\u00e1 otev\u0159en\u011b a kon\u010d\u00ed pohodln\u011b v klenut\u00e9 hale, v Taverne nebo na n\u00e1dvo\u0159\u00ed z\u00e1mku!<\/p>\n<h4><\/h4>\n<\/div><\/section><\/div>\n<div class=\"flex_column av_one_half  flex_column_div av-zero-column-padding   \" style='border-radius:0px; '><div class='avia-gallery  avia-gallery-1 deactivate_avia_lazyload avia_animate_when_visible '  itemprop=\"ImageObject\" itemscope=\"itemscope\" itemtype=\"https:\/\/schema.org\/ImageObject\" ><a class='avia-gallery-big fakeLightbox avianolink noLightbox avia-gallery-big-crop-thumb ' href='http:\/\/work25.lichtstark.com\/rb_wp\/wp-content\/uploads\/2016\/01\/FW_4339-1030x705.jpg'  data-onclick='1' title='' ><span class='avia-gallery-big-inner'  itemprop=\"thumbnailUrl\" >\t<img width='495' height='400' src='http:\/\/work25.lichtstark.com\/rb_wp\/wp-content\/uploads\/2016\/01\/FW_4339-495x400.jpg' title='_FW_4339' alt='' \/><\/span><\/a><div class='avia-gallery-thumb'> <a href='http:\/\/work25.lichtstark.com\/rb_wp\/wp-content\/uploads\/2016\/01\/FW_4339-1030x705.jpg' data-rel='gallery-1' data-prev-img='http:\/\/work25.lichtstark.com\/rb_wp\/wp-content\/uploads\/2016\/01\/FW_4339-495x400.jpg' class='first_thumb avianolink noLightbox ' data-onclick='1' title=''  itemprop=\"thumbnailUrl\" ><img  src='http:\/\/work25.lichtstark.com\/rb_wp\/wp-content\/uploads\/2016\/01\/FW_4339-495x400.jpg' width='495' height='400'  title='_FW_4339' alt='' \/><\/a> <a href='http:\/\/work25.lichtstark.com\/rb_wp\/wp-content\/uploads\/2016\/01\/FW_4333-1030x705.jpg' data-rel='gallery-1' data-prev-img='http:\/\/work25.lichtstark.com\/rb_wp\/wp-content\/uploads\/2016\/01\/FW_4333-495x400.jpg' class='avianolink noLightbox ' data-onclick='2' title=''  itemprop=\"thumbnailUrl\" ><img  src='http:\/\/work25.lichtstark.com\/rb_wp\/wp-content\/uploads\/2016\/01\/FW_4333-495x400.jpg' width='495' height='400'  title='_FW_4333' alt='' \/><\/a> <a href='http:\/\/work25.lichtstark.com\/rb_wp\/wp-content\/uploads\/2016\/01\/FW_4335-1030x705.jpg' data-rel='gallery-1' data-prev-img='http:\/\/work25.lichtstark.com\/rb_wp\/wp-content\/uploads\/2016\/01\/FW_4335-495x400.jpg' class='avianolink noLightbox ' data-onclick='3' title=''  itemprop=\"thumbnailUrl\" ><img  src='http:\/\/work25.lichtstark.com\/rb_wp\/wp-content\/uploads\/2016\/01\/FW_4335-495x400.jpg' width='495' height='400'  title='_FW_4335' alt='' \/><\/a> <a href='http:\/\/work25.lichtstark.com\/rb_wp\/wp-content\/uploads\/2016\/01\/FW_4338-1030x705.jpg' data-rel='gallery-1' data-prev-img='http:\/\/work25.lichtstark.com\/rb_wp\/wp-content\/uploads\/2016\/01\/FW_4338-495x400.jpg' class='avianolink noLightbox ' data-onclick='4' title=''  itemprop=\"thumbnailUrl\" ><img  src='http:\/\/work25.lichtstark.com\/rb_wp\/wp-content\/uploads\/2016\/01\/FW_4338-495x400.jpg' width='495' height='400'  title='_FW_4338' alt='' \/><\/a> <a href='http:\/\/work25.lichtstark.com\/rb_wp\/wp-content\/uploads\/2016\/01\/FW_4341-1030x705.jpg' data-rel='gallery-1' data-prev-img='http:\/\/work25.lichtstark.com\/rb_wp\/wp-content\/uploads\/2016\/01\/FW_4341-495x400.jpg' class='avianolink noLightbox ' data-onclick='5' title=''  itemprop=\"thumbnailUrl\" ><img  src='http:\/\/work25.lichtstark.com\/rb_wp\/wp-content\/uploads\/2016\/01\/FW_4341-495x400.jpg' width='495' height='400'  title='_FW_4341' alt='' \/><\/a> <a href='http:\/\/work25.lichtstark.com\/rb_wp\/wp-content\/uploads\/2016\/01\/FW_4348-1030x705.jpg' data-rel='gallery-1' data-prev-img='http:\/\/work25.lichtstark.com\/rb_wp\/wp-content\/uploads\/2016\/01\/FW_4348-495x400.jpg' class='avianolink noLightbox ' data-onclick='6' title=''  itemprop=\"thumbnailUrl\" ><img  src='http:\/\/work25.lichtstark.com\/rb_wp\/wp-content\/uploads\/2016\/01\/FW_4348-495x400.jpg' width='495' height='400'  title='_FW_4348' alt='' \/><\/a> <a href='http:\/\/work25.lichtstark.com\/rb_wp\/wp-content\/uploads\/2016\/01\/FW_4351-1030x705.jpg' data-rel='gallery-1' data-prev-img='http:\/\/work25.lichtstark.com\/rb_wp\/wp-content\/uploads\/2016\/01\/FW_4351-495x400.jpg' class='avianolink noLightbox ' data-onclick='7' title=''  itemprop=\"thumbnailUrl\" ><img  src='http:\/\/work25.lichtstark.com\/rb_wp\/wp-content\/uploads\/2016\/01\/FW_4351-495x400.jpg' width='495' height='400'  title='_FW_4351' alt='' \/><\/a> <a href='http:\/\/work25.lichtstark.com\/rb_wp\/wp-content\/uploads\/2016\/01\/FW_4360-1030x705.jpg' data-rel='gallery-1' data-prev-img='http:\/\/work25.lichtstark.com\/rb_wp\/wp-content\/uploads\/2016\/01\/FW_4360-495x400.jpg' class='first_thumb avianolink noLightbox ' data-onclick='8' title=''  itemprop=\"thumbnailUrl\" ><img  src='http:\/\/work25.lichtstark.com\/rb_wp\/wp-content\/uploads\/2016\/01\/FW_4360-495x400.jpg' width='495' height='400'  title='_FW_4360' alt='' \/><\/a> <a href='http:\/\/work25.lichtstark.com\/rb_wp\/wp-content\/uploads\/2016\/01\/FW_4349-1030x705.jpg' data-rel='gallery-1' data-prev-img='http:\/\/work25.lichtstark.com\/rb_wp\/wp-content\/uploads\/2016\/01\/FW_4349-495x400.jpg' class='avianolink noLightbox ' data-onclick='9' title=''  itemprop=\"thumbnailUrl\" ><img  src='http:\/\/work25.lichtstark.com\/rb_wp\/wp-content\/uploads\/2016\/01\/FW_4349-495x400.jpg' width='495' height='400'  title='_FW_4349' alt='' \/><\/a> <a href='http:\/\/work25.lichtstark.com\/rb_wp\/wp-content\/uploads\/2016\/01\/FW_4366-1030x705.jpg' data-rel='gallery-1' data-prev-img='http:\/\/work25.lichtstark.com\/rb_wp\/wp-content\/uploads\/2016\/01\/FW_4366-495x400.jpg' class='avianolink noLightbox ' data-onclick='10' title=''  itemprop=\"thumbnailUrl\" ><img  src='http:\/\/work25.lichtstark.com\/rb_wp\/wp-content\/uploads\/2016\/01\/FW_4366-495x400.jpg' width='495' height='400'  title='_FW_4366' alt='' \/><\/a> <a href='http:\/\/work25.lichtstark.com\/rb_wp\/wp-content\/uploads\/2016\/01\/FW_4367-1030x705.jpg' data-rel='gallery-1' data-prev-img='http:\/\/work25.lichtstark.com\/rb_wp\/wp-content\/uploads\/2016\/01\/FW_4367-495x400.jpg' class='avianolink noLightbox ' data-onclick='11' title=''  itemprop=\"thumbnailUrl\" ><img  src='http:\/\/work25.lichtstark.com\/rb_wp\/wp-content\/uploads\/2016\/01\/FW_4367-495x400.jpg' width='495' height='400'  title='_FW_4367' alt='' \/><\/a> <a href='http:\/\/work25.lichtstark.com\/rb_wp\/wp-content\/uploads\/2016\/01\/FW_4418-1030x705.jpg' data-rel='gallery-1' data-prev-img='http:\/\/work25.lichtstark.com\/rb_wp\/wp-content\/uploads\/2016\/01\/FW_4418-495x400.jpg' class='avianolink noLightbox ' data-onclick='12' title=''  itemprop=\"thumbnailUrl\" ><img  src='http:\/\/work25.lichtstark.com\/rb_wp\/wp-content\/uploads\/2016\/01\/FW_4418-495x400.jpg' width='495' height='400'  title='_FW_4418' alt='' \/><\/a> <a href='http:\/\/work25.lichtstark.com\/rb_wp\/wp-content\/uploads\/2016\/01\/FW_4437-1030x705.jpg' data-rel='gallery-1' data-prev-img='http:\/\/work25.lichtstark.com\/rb_wp\/wp-content\/uploads\/2016\/01\/FW_4437-495x400.jpg' class='avianolink noLightbox ' data-onclick='13' title=''  itemprop=\"thumbnailUrl\" ><img  src='http:\/\/work25.lichtstark.com\/rb_wp\/wp-content\/uploads\/2016\/01\/FW_4437-495x400.jpg' width='495' height='400'  title='_FW_4437' alt='' \/><\/a><\/div><\/div><\/div>\n<div class=\"flex_column av_one_full  flex_column_div av-zero-column-padding first  \" style='border-radius:0px; '><p><div style='padding-bottom:10px;color:#af0000;' class='av-special-heading av-special-heading-h1 custom-color-heading blockquote modern-quote modern-centered  '><h1 class='av-special-heading-tag '  itemprop=\"headline\"  >Men\u00fc<\/h1><div class='special-heading-border'><div class='special-heading-inner-border' style='border-color:#af0000'><\/div><\/div><\/div><br \/>\n<section class=\"av_textblock_section \"  itemscope=\"itemscope\" itemtype=\"https:\/\/schema.org\/CreativeWork\" ><div class='avia_textblock  av_inherit_color '   itemprop=\"text\" ><p style=\"text-align: center;\">Gemeinsamer Umtrunk im BurgInnenhof<\/p>\n<p style=\"text-align: center;\"><span style=\"color: #800000;\"><strong>Vorspeisen auf dem gro\u00dfen Brettl<\/strong><\/span><\/p>\n<p style=\"text-align: center;\">Gef\u00fcllte Eier von Rosenburger Bauern<\/p>\n<p style=\"text-align: center;\">HonigKrustenSchinken aus dem R\u00e4ucherofen<\/p>\n<p style=\"text-align: center;\">Hausgemachte Pasteten und Aufstriche<\/p>\n<p style=\"text-align: center;\">Waldviertler TopfenKas mit Kr\u00e4utern<\/p>\n<p style=\"text-align: center;\">Saisonale Schmankerln zum Durchprobieren<\/p>\n<p style=\"text-align: center;\">Laib Bauernbrot vom B\u00e4ckermeister Burger<\/p>\n<p style=\"text-align: center;\"><span style=\"color: #800000;\"><strong>Hauptspeisen<\/strong><\/span><\/p>\n<p style=\"text-align: center;\">Tafelspitz im Gem\u00fcsetopf<\/p>\n<p style=\"text-align: center;\">G\u00b4schmackige Ripperln und Schweinshaxen vom Grill<\/p>\n<p style=\"text-align: center;\">BurgBraten vom Schwein<\/p>\n<p style=\"text-align: center;\">Waldviertler W\u00fcrsteln im Topf<\/p>\n<p style=\"text-align: center;\">FreilandHendl in Gew\u00fcrzSauce<\/p>\n<p style=\"text-align: center;\">Kn\u00f6delvariationen<\/p>\n<p style=\"text-align: center;\">Linsentopf<\/p>\n<p style=\"text-align: center;\">Verschiedenste Salate wie Kraut, Blatt etc.<\/p>\n<p style=\"text-align: center;\"><strong><span style=\"color: #800000;\">Nachspeisen<\/span><\/strong><\/p>\n<p style=\"text-align: center;\">Originale Waldviertler Mohnnudeln<\/p>\n<p style=\"text-align: center;\">Mohntorte nach Tavernenart<\/p>\n<p style=\"text-align: center;\">Honigtorte<\/p>\n<\/div><\/section><\/p><\/div><div class=\"flex_column av_one_half  flex_column_div av-zero-column-padding first  \" style='border-radius:0px; '><div class='avia-icon-list-container  '><ul class='avia-icon-list avia-icon-list-left av-iconlist-big avia_animate_when_almost_visible'>\n<li><div  style='background-color:#af1818; ' class='iconlist_icon  avia-font-entypo-fontello'><span class='iconlist-char ' aria-hidden='true' data-av_icon='\ue81f' data-av_iconfont='entypo-fontello'><\/span><\/div><article class=\"article-icon-entry \"  itemscope=\"itemscope\" itemtype=\"https:\/\/schema.org\/CreativeWork\" ><div class='iconlist_content_wrap'><header class=\"entry-content-header\"><h4 class='av_iconlist_title iconlist_title  '  itemprop=\"headline\"  >Ryt\u00ed\u0159sk\u00e9 j\u00eddlo - term\u00edny &amp; informace <\/h4><\/header><div class='iconlist_content  '  itemprop=\"text\"  ><p><strong><span style=\"color: #800000;\">Term\u00edny 2020<\/span><br \/>\n<\/strong>19. \u010dervna, od 19:00.<br \/>\n07. srpna, od 19:00<br \/>\n21. srpna, od 19:00<br \/>\n22. srpna, od 19:00<br \/>\n11. z\u00e1\u0159\u00ed, od 19:00<br \/>\n18. z\u00e1\u0159\u00ed, od 19:00<br \/>\n03. \u0159\u00edjna, od 19:00<strong><br \/>\n<\/strong><\/p>\n<p><span style=\"color: #800000;\"><strong><em>Vy\u017eaduje se p\u0159edb\u011b\u017en\u00e1 rezervace&#8217;<\/em><\/strong><\/span><\/p>\n<p><strong><span style=\"color: #800000;\">Informace o cen\u011b<\/span><br \/>\n<\/strong>Dosp\u011bly \u20ac 45,-<br \/>\nD\u011bti do 6 let zdarma<br \/>\nD\u011bti 7 \u2013 14 let \u20ac 15,-<br \/>\nV cen\u011b je zahrnuta z\u00e1bava, muzika a j\u00eddlo. <strong><br \/>\n<\/strong><\/p>\n<p>Dal\u0161\u00ed degustace medov\u00fdch v\u00edn s na\u0161\u00edm hostitelem v p\u0159\u00edtomnosti ( od 6 osob) \u20ac10,-<br \/>\nCena v\u010detn\u011b z\u00e1bavy, musiky a j\u00eddla.<\/p>\n<p><span style=\"color: #000000;\"><span style=\"color: #800000;\"><strong>Informace &amp; p\u0159ihl\u00e1\u0161en\u00ed<\/strong> <\/span><br \/>\nRezervace stolu nezbytn\u011b nutn\u00e1:<br \/>\nFamilie Hagelkruys<br \/>\nTel. +43 (0) 664 4129630<br \/>\nE-Mail:<a href=\"mailto:info@tavernerosenburg.at\">\u00a0info@tavernerosenburg.at<\/a><\/span><\/p>\n<\/div><\/div><footer class=\"entry-footer\"><\/footer><\/article><div class='iconlist-timeline'><\/div><\/li>\n<\/ul><\/div><\/div><div style=' margin-top:30; margin-bottom:30px;'  class='hr hr-custom hr-center hr-icon-no  '><span class='hr-inner   inner-border-av-border-none' style=' width:50px;' ><span class='hr-inner-style'><\/span><\/span><\/div><\/p>\n","protected":false},"excerpt":{"rendered":"","protected":false},"author":2,"featured_media":0,"parent":0,"menu_order":0,"comment_status":"closed","ping_status":"closed","template":"","meta":[],"_links":{"self":[{"href":"http:\/\/work25.lichtstark.com\/rb_wp\/cs\/wp-json\/wp\/v2\/pages\/2337"}],"collection":[{"href":"http:\/\/work25.lichtstark.com\/rb_wp\/cs\/wp-json\/wp\/v2\/pages"}],"about":[{"href":"http:\/\/work25.lichtstark.com\/rb_wp\/cs\/wp-json\/wp\/v2\/types\/page"}],"author":[{"embeddable":true,"href":"http:\/\/work25.lichtstark.com\/rb_wp\/cs\/wp-json\/wp\/v2\/users\/2"}],"replies":[{"embeddable":true,"href":"http:\/\/work25.lichtstark.com\/rb_wp\/cs\/wp-json\/wp\/v2\/comments?post=2337"}],"version-history":[{"count":12,"href":"http:\/\/work25.lichtstark.com\/rb_wp\/cs\/wp-json\/wp\/v2\/pages\/2337\/revisions"}],"predecessor-version":[{"id":10759,"href":"http:\/\/work25.lichtstark.com\/rb_wp\/cs\/wp-json\/wp\/v2\/pages\/2337\/revisions\/10759"}],"wp:attachment":[{"href":"http:\/\/work25.lichtstark.com\/rb_wp\/cs\/wp-json\/wp\/v2\/media?parent=2337"}],"curies":[{"name":"wp","href":"https:\/\/api.w.org\/{rel}","templated":true}]}}