{"id":2335,"date":"2017-03-14T15:52:28","date_gmt":"2017-03-14T14:52:28","guid":{"rendered":"http:\/\/work25.lichtstark.com\/rb_wp\/cs\/?page_id=2335"},"modified":"2020-06-07T22:35:00","modified_gmt":"2020-06-07T20:35:00","slug":"zamecka-taverna","status":"publish","type":"page","link":"http:\/\/work25.lichtstark.com\/rb_wp\/cs\/zamecka-taverna\/","title":{"rendered":"Z\u00e1meck\u00e1 taverna"},"content":{"rendered":"<\/div><\/div><\/div><!-- close content main div --><\/div><\/div><div id='av_section_1' class='avia-section main_color avia-section-default avia-shadow avia-full-stretch avia-bg-style-scroll   av-minimum-height av-minimum-height-custom container_wrap fullsize' style = 'background-repeat: no-repeat; background-image: url(http:\/\/work25.lichtstark.com\/rb_wp\/wp-content\/uploads\/2020\/06\/Rosenburg@lichtstark_Pan_x1a4689.jpg); background-attachment: scroll; background-position: center center; ' data-section-bg-repeat='stretch' ><div class='container' style='height:350px'><div class='template-page content  av-content-full alpha units'><div class='post-entry post-entry-type-page post-entry-2335'><div class='entry-content-wrapper clearfix'>\n<div class=\"flex_column av_one_full  flex_column_div av-zero-column-padding first  \" style='border-radius:0px; '><p><div style='padding-bottom:10px;' class='av-special-heading av-special-heading-h1  blockquote modern-quote  '><div class ='av-subheading av-subheading_above  ' style='font-size:15px;'><p>Z\u00e1\u017eitek pro v\u0161echny smysly<\/p>\n<\/div><h1 class='av-special-heading-tag '  itemprop=\"headline\"  >Taverne Rosenburg <span class='special_amp'>&amp;<\/span> Greisslerei<\/h1><div class='special-heading-border'><div class='special-heading-inner-border' ><\/div><\/div><\/div><br \/>\n<section class=\"av_textblock_section \"  itemscope=\"itemscope\" itemtype=\"https:\/\/schema.org\/CreativeWork\" ><div class='avia_textblock  '   itemprop=\"text\" ><p style=\"text-align: left;\">P\u0159\u00edmo v z\u00e1mku se nach\u00e1z\u00ed Taverne Rosenburg a Greisslerei. Zde na V\u00e1s \u010dek\u00e1 rozs\u00e1hl\u00e1 gastronomick\u00e1 nab\u00eddka ale tak\u00e9 kr\u00e1sn\u00e9 suven\u00fdry.<\/p>\n<\/div><\/section><br \/>\n<div  class='hr hr-short hr-center  '><span class='hr-inner ' ><span class='hr-inner-style'><\/span><\/span><\/div><\/p><\/div>\n<div class=\"flex_column av_one_half  flex_column_div av-zero-column-padding first  \" style='border-radius:0px; '><p><div style='padding-bottom:10px;' class='av-special-heading av-special-heading-h2  blockquote modern-quote   '><h2 class='av-special-heading-tag '  itemprop=\"headline\"  >Taverne Rosenburg<\/h2><div class='special-heading-border'><div class='special-heading-inner-border' ><\/div><\/div><\/div><br \/>\n<section class=\"av_textblock_section \"  itemscope=\"itemscope\" itemtype=\"https:\/\/schema.org\/CreativeWork\" ><div class='avia_textblock  '   itemprop=\"text\" ><h4>V\u00edce ne\u017e dobr\u00e9 j\u00eddlo a pit\u00ed<\/h4>\n<p>Taverne je provozov\u00e1na jako sm\u011bs bistra a kav\u00e1rny za klasick\u00e9 ceny. D\u016fraz je kladen na \u010derstv\u00e9 a region\u00e1ln\u00ed produkty v jejich nejchutn\u011bj\u0161\u00ed p\u0159\u00edprav\u011b.<br \/>\nDom\u00e1c\u00ed pe\u010divo, Waldviertler BIO k\u00e1va, osv\u011b\u017euj\u00edc\u00ed zmrzlina a sez\u00f3nn\u00ed se m\u011bn\u00edc\u00ed produkty jsou v nab\u00eddce pro n\u00e1v\u0161t\u011bvn\u00edky z\u00e1mku Rosenburg ale tak\u00e9 pro v\u0161echny hosty, i ty kte\u0159\u00ed cht\u011bj\u00ed p\u0159ij\u00edt jen na zmrzlinu.<br \/>\nTaverne Roseburg je tak\u00e9 vhodn\u00e1 pro skupiny. Turisti, \u0161koln\u00ed nebo autobusov\u00e9 v\u00fdlety jsou u n\u00e1s tak\u00e9 v\u00edtan\u00ed. R\u00e1di pro V\u00e1s p\u0159iprav\u00edme nab\u00eddku pro Va\u0161i aktivitu.<\/p>\n<p><b>Zvl\u00e1\u0161tn\u00ed ud\u00e1losti<br \/>\n<\/b>Slavnosti\/ rodinn\u00e9 oslavy\/ firemn\u00ed oslavy\/ workshops\/ semin\u00e1\u0159e<\/p>\n<p>Slavnosti\/ rodinn\u00e9 oslavy\/ firemn\u00ed oslavy\/ workshops\/ semin\u00e1\u0159e<br \/>\nR\u00e1di V\u00e1m pom\u016f\u017eeme napl\u00e1novat Va\u0161i slavnost. A\u0165 u\u017e u n\u00e1s v Taverne nebo na n\u00e1dvo\u0159\u00ed, v ryt\u00ed\u0159sk\u00e9m s\u00e1le nebo v p\u0159epychov\u00fdch m\u00edstech z\u00e1mku, budeme V\u00e1s rozmazlovat m\u00edstn\u00edmi specialitami.<br \/>\n<em>Spojte svou n\u00e1v\u0161t\u011bvu z\u00e1mku Rosenburg s lahodn\u00fdm j\u00eddle v Taverne Roseburg.<\/em><\/p>\n<\/div><\/section><br \/>\n<div  class='hr hr-short hr-left  '><span class='hr-inner ' ><span class='hr-inner-style'><\/span><\/span><\/div><br \/>\n<div class=\"togglecontainer   toggle_close_all \" >\n<section class=\"av_toggle_section\"  itemscope=\"itemscope\" itemtype=\"https:\/\/schema.org\/CreativeWork\"  >    <div class=\"single_toggle\" data-tags=\"{All} \"  >        <p data-fake-id=\"#toggle-id-1\" class=\"toggler activeTitle\"  itemprop=\"headline\"  >Kontaktn\u00ed informace<span class=\"toggle_icon\" >        <span class=\"vert_icon\"><\/span><span class=\"hor_icon\"><\/span><\/span><\/p>        <div id=\"toggle-id-1-container\" class=\"toggle_wrap active_tc\"  style='display:block;'>            <div class=\"toggle_content invers-color \"  itemprop=\"text\"   ><p>Taverne Rosenburg<br \/>\nIng. Verena und Ing. Thomas Hagelkruys<br \/>\nTel.: 0664 \/ 4129640<br \/>\n<a href=\"mailto:info@tavernerosenburg.at\">info@tavernerosenburg.at<\/a><br \/>\n<a href=\"http:\/\/www.tavernerosenburg.at\">www.tavernerosenburg.at<\/a><br \/>\n<a href=\"http:\/\/www.facebook.com\/TaverneRosenburg\">www.facebook.com\/TaverneRosenburg<\/a><\/p>\n            <\/div>        <\/div>    <\/div><\/section>\n<\/div><br \/>\n<div  class='hr hr-default  '><span class='hr-inner ' ><span class='hr-inner-style'><\/span><\/span><\/div><\/p><\/div>\n<div class=\"flex_column av_two_fifth  av-animated-generic fade-in  flex_column_div   \" style='padding:0px 0px 0px 0px ; border-radius:0px; '><p><div class='avia-gallery  avia-gallery-1 deactivate_avia_lazyload avia_animate_when_visible '  itemprop=\"ImageObject\" itemscope=\"itemscope\" itemtype=\"https:\/\/schema.org\/ImageObject\" ><a class='avia-gallery-big fakeLightbox avianolink noLightbox avia-gallery-big-crop-thumb ' href='http:\/\/work25.lichtstark.com\/rb_wp\/wp-content\/uploads\/2015\/12\/lichtstark.com_FW_8408-1030x687.jpg'  data-onclick='1' title='' ><span class='avia-gallery-big-inner'  itemprop=\"thumbnailUrl\" >\t<img width='495' height='400' src='http:\/\/work25.lichtstark.com\/rb_wp\/wp-content\/uploads\/2015\/12\/lichtstark.com_FW_8408-495x400.jpg' title='lichtstark.com_FW_8408' alt='' \/><\/span><\/a><div class='avia-gallery-thumb'> <a href='http:\/\/work25.lichtstark.com\/rb_wp\/wp-content\/uploads\/2015\/12\/lichtstark.com_FW_8408-1030x687.jpg' data-rel='gallery-1' data-prev-img='http:\/\/work25.lichtstark.com\/rb_wp\/wp-content\/uploads\/2015\/12\/lichtstark.com_FW_8408-495x400.jpg' class='first_thumb avianolink noLightbox ' data-onclick='1' title=''  itemprop=\"thumbnailUrl\" ><img  src='http:\/\/work25.lichtstark.com\/rb_wp\/wp-content\/uploads\/2015\/12\/lichtstark.com_FW_8408-495x400.jpg' width='495' height='400'  title='lichtstark.com_FW_8408' alt='' \/><\/a> <a href='http:\/\/work25.lichtstark.com\/rb_wp\/wp-content\/uploads\/2019\/05\/Taverne1-1030x773.jpg' data-rel='gallery-1' data-prev-img='http:\/\/work25.lichtstark.com\/rb_wp\/wp-content\/uploads\/2019\/05\/Taverne1-495x400.jpg' class='avianolink noLightbox ' data-onclick='2' title=''  itemprop=\"thumbnailUrl\" ><img  src='http:\/\/work25.lichtstark.com\/rb_wp\/wp-content\/uploads\/2019\/05\/Taverne1-495x400.jpg' width='495' height='400'  title='Taverne1' alt='' \/><\/a> <a href='http:\/\/work25.lichtstark.com\/rb_wp\/wp-content\/uploads\/2015\/12\/lichtstark.com_FW_8392-1030x687.jpg' data-rel='gallery-1' data-prev-img='http:\/\/work25.lichtstark.com\/rb_wp\/wp-content\/uploads\/2015\/12\/lichtstark.com_FW_8392-495x400.jpg' class='avianolink noLightbox ' data-onclick='3' title=''  itemprop=\"thumbnailUrl\" ><img  src='http:\/\/work25.lichtstark.com\/rb_wp\/wp-content\/uploads\/2015\/12\/lichtstark.com_FW_8392-495x400.jpg' width='495' height='400'  title='lichtstark.com_FW_8392' alt='' \/><\/a> <a href='http:\/\/work25.lichtstark.com\/rb_wp\/wp-content\/uploads\/2015\/12\/lichtstark.com_FW_8407-1030x687.jpg' data-rel='gallery-1' data-prev-img='http:\/\/work25.lichtstark.com\/rb_wp\/wp-content\/uploads\/2015\/12\/lichtstark.com_FW_8407-495x400.jpg' class='avianolink noLightbox ' data-onclick='4' title=''  itemprop=\"thumbnailUrl\" ><img  src='http:\/\/work25.lichtstark.com\/rb_wp\/wp-content\/uploads\/2015\/12\/lichtstark.com_FW_8407-495x400.jpg' width='495' height='400'  title='lichtstark.com_FW_8407' alt='' \/><\/a> <a href='http:\/\/work25.lichtstark.com\/rb_wp\/wp-content\/uploads\/2015\/12\/lichtstark.com_FW_8376-1030x687.jpg' data-rel='gallery-1' data-prev-img='http:\/\/work25.lichtstark.com\/rb_wp\/wp-content\/uploads\/2015\/12\/lichtstark.com_FW_8376-495x400.jpg' class='avianolink noLightbox ' data-onclick='5' title=''  itemprop=\"thumbnailUrl\" ><img  src='http:\/\/work25.lichtstark.com\/rb_wp\/wp-content\/uploads\/2015\/12\/lichtstark.com_FW_8376-495x400.jpg' width='495' height='400'  title='lichtstark.com_FW_8376' alt='' \/><\/a> <a href='http:\/\/work25.lichtstark.com\/rb_wp\/wp-content\/uploads\/2019\/05\/Taverne-x2-1030x773.jpeg' data-rel='gallery-1' data-prev-img='http:\/\/work25.lichtstark.com\/rb_wp\/wp-content\/uploads\/2019\/05\/Taverne-x2-495x400.jpeg' class='first_thumb avianolink noLightbox ' data-onclick='6' title=''  itemprop=\"thumbnailUrl\" ><img  src='http:\/\/work25.lichtstark.com\/rb_wp\/wp-content\/uploads\/2019\/05\/Taverne-x2-495x400.jpeg' width='495' height='400'  title='Taverne x2' alt='' \/><\/a> <a href='http:\/\/work25.lichtstark.com\/rb_wp\/wp-content\/uploads\/2015\/12\/lichtstark.com_FW_8385-1030x687.jpg' data-rel='gallery-1' data-prev-img='http:\/\/work25.lichtstark.com\/rb_wp\/wp-content\/uploads\/2015\/12\/lichtstark.com_FW_8385-495x400.jpg' class='avianolink noLightbox ' data-onclick='7' title=''  itemprop=\"thumbnailUrl\" ><img  src='http:\/\/work25.lichtstark.com\/rb_wp\/wp-content\/uploads\/2015\/12\/lichtstark.com_FW_8385-495x400.jpg' width='495' height='400'  title='lichtstark.com_FW_8385' alt='' \/><\/a> <a href='http:\/\/work25.lichtstark.com\/rb_wp\/wp-content\/uploads\/2015\/12\/lichtstark.com_FW_8391-1030x687.jpg' data-rel='gallery-1' data-prev-img='http:\/\/work25.lichtstark.com\/rb_wp\/wp-content\/uploads\/2015\/12\/lichtstark.com_FW_8391-495x400.jpg' class='avianolink noLightbox ' data-onclick='8' title=''  itemprop=\"thumbnailUrl\" ><img  src='http:\/\/work25.lichtstark.com\/rb_wp\/wp-content\/uploads\/2015\/12\/lichtstark.com_FW_8391-495x400.jpg' width='495' height='400'  title='lichtstark.com_FW_8391' alt='' \/><\/a> <a href='http:\/\/work25.lichtstark.com\/rb_wp\/wp-content\/uploads\/2015\/12\/lichtstark.com_FW_8397-1030x686.jpg' data-rel='gallery-1' data-prev-img='http:\/\/work25.lichtstark.com\/rb_wp\/wp-content\/uploads\/2015\/12\/lichtstark.com_FW_8397-495x400.jpg' class='avianolink noLightbox ' data-onclick='9' title=''  itemprop=\"thumbnailUrl\" ><img  src='http:\/\/work25.lichtstark.com\/rb_wp\/wp-content\/uploads\/2015\/12\/lichtstark.com_FW_8397-495x400.jpg' width='495' height='400'  title='lichtstark.com_FW_8397' alt='' \/><\/a> <a href='http:\/\/work25.lichtstark.com\/rb_wp\/wp-content\/uploads\/2015\/12\/lichtstark.com_FW_8402-1030x687.jpg' data-rel='gallery-1' data-prev-img='http:\/\/work25.lichtstark.com\/rb_wp\/wp-content\/uploads\/2015\/12\/lichtstark.com_FW_8402-495x400.jpg' class='avianolink noLightbox ' data-onclick='10' title=''  itemprop=\"thumbnailUrl\" ><img  src='http:\/\/work25.lichtstark.com\/rb_wp\/wp-content\/uploads\/2015\/12\/lichtstark.com_FW_8402-495x400.jpg' width='495' height='400'  title='lichtstark.com_FW_8402' alt='' \/><\/a> <a href='http:\/\/work25.lichtstark.com\/rb_wp\/wp-content\/uploads\/2015\/12\/lichtstark.com_FW_8400-1030x687.jpg' data-rel='gallery-1' data-prev-img='http:\/\/work25.lichtstark.com\/rb_wp\/wp-content\/uploads\/2015\/12\/lichtstark.com_FW_8400-495x400.jpg' class='first_thumb avianolink noLightbox ' data-onclick='11' title=''  itemprop=\"thumbnailUrl\" ><img  src='http:\/\/work25.lichtstark.com\/rb_wp\/wp-content\/uploads\/2015\/12\/lichtstark.com_FW_8400-495x400.jpg' width='495' height='400'  title='lichtstark.com_FW_8400' alt='' \/><\/a> <a href='http:\/\/work25.lichtstark.com\/rb_wp\/wp-content\/uploads\/2019\/05\/Taverne-x3-1030x773.jpeg' data-rel='gallery-1' data-prev-img='http:\/\/work25.lichtstark.com\/rb_wp\/wp-content\/uploads\/2019\/05\/Taverne-x3-495x400.jpeg' class='avianolink noLightbox ' data-onclick='12' title=''  itemprop=\"thumbnailUrl\" ><img  src='http:\/\/work25.lichtstark.com\/rb_wp\/wp-content\/uploads\/2019\/05\/Taverne-x3-495x400.jpeg' width='495' height='400'  title='Taverne x3' alt='' \/><\/a> <a href='http:\/\/work25.lichtstark.com\/rb_wp\/wp-content\/uploads\/2019\/05\/Taverne-x4-1030x773.jpg' data-rel='gallery-1' data-prev-img='http:\/\/work25.lichtstark.com\/rb_wp\/wp-content\/uploads\/2019\/05\/Taverne-x4-495x400.jpg' class='avianolink noLightbox ' data-onclick='13' title=''  itemprop=\"thumbnailUrl\" ><img  src='http:\/\/work25.lichtstark.com\/rb_wp\/wp-content\/uploads\/2019\/05\/Taverne-x4-495x400.jpg' width='495' height='400'  title='Taverne x4' alt='' \/><\/a> <a href='http:\/\/work25.lichtstark.com\/rb_wp\/wp-content\/uploads\/2019\/05\/Taverne-x2.jpg' data-rel='gallery-1' data-prev-img='http:\/\/work25.lichtstark.com\/rb_wp\/wp-content\/uploads\/2019\/05\/Taverne-x2-495x400.jpg' class='avianolink noLightbox ' data-onclick='14' title=''  itemprop=\"thumbnailUrl\" ><img  src='http:\/\/work25.lichtstark.com\/rb_wp\/wp-content\/uploads\/2019\/05\/Taverne-x2-495x400.jpg' width='495' height='400'  title='Taverne x2' alt='' \/><\/a><\/div><\/div><br \/>\n<div style=' margin-top:5px; margin-bottom:10px;'  class='hr hr-custom hr-center hr-icon-no  '><span class='hr-inner   inner-border-av-border-none' style=' width:50px;' ><span class='hr-inner-style'><\/span><\/span><\/div><\/p><\/div>\n<div class=\"flex_column av_one_half  flex_column_div av-zero-column-padding first  \" style='border-radius:0px; '><p><div style='padding-bottom:10px;' class='av-special-heading av-special-heading-h2  blockquote modern-quote   '><h2 class='av-special-heading-tag '  itemprop=\"headline\"  >Greisslerei<\/h2><div class='special-heading-border'><div class='special-heading-inner-border' ><\/div><\/div><\/div><br \/>\n<section class=\"av_textblock_section \"  itemscope=\"itemscope\" itemtype=\"https:\/\/schema.org\/CreativeWork\" ><div class='avia_textblock  '   itemprop=\"text\" ><h4>Vybran\u00e9 produkty nejvy\u0161\u0161\u00ed kvality<\/h4>\n<p>P\u0159\u00edmo v srdci z\u00e1mku se nach\u00e1z\u00ed z\u00e1meck\u00fd obchod s vynikaj\u00edc\u00edmi specialitami a produkty, kter\u00e9 si m\u016f\u017eete koupit.<\/p>\n<p><strong>V\u00edce ne\u017e suven\u00fdr a vzpom\u00ednka<br \/>\n<\/strong>Dom\u00e1c\u00ed a region\u00e1ln\u00ed speciality jsou nab\u00edzeny v Greisslerei a i v Taverne. V\u0161echny produkty poch\u00e1zej\u00ed od mal\u00fdch region\u00e1ln\u00edch podnik\u016f \u2013 p\u0159edev\u0161\u00edm v BIO kvalit\u011b.<\/p>\n<p><strong>V\u0161e o r\u016f\u017e\u00edch<\/strong><\/p>\n<p>Na t\u00e9mata \u201er\u016f\u017ee\u201c najdete velk\u00fd v\u00fdb\u011br jemn\u00fdch rosenbursk\u00fdch seven\u00fdr\u016f, jako je nap\u0159. rosol, med, s\u016fl, cukr, sirup.<\/p>\n<p>N\u00e1\u0161 p\u0159\u00e1telsk\u00fd person\u00e1l V\u00e1m r\u00e1d porad\u00ed. P\u0159i n\u00e1v\u0161t\u011bvu hradu Rosenburg je n\u00e1kup v Greisslerei nezbytn\u00e9.<\/p>\n<\/div><\/section><br \/>\n<div  class='hr hr-short hr-left  '><span class='hr-inner ' ><span class='hr-inner-style'><\/span><\/span><\/div><br \/>\n<div class=\"togglecontainer   toggle_close_all \" >\n<section class=\"av_toggle_section\"  itemscope=\"itemscope\" itemtype=\"https:\/\/schema.org\/CreativeWork\"  >    <div class=\"single_toggle\" data-tags=\"{All} \"  >        <p data-fake-id=\"#toggle-id-2\" class=\"toggler activeTitle\"  itemprop=\"headline\"  >Kontaktn\u00ed informace<span class=\"toggle_icon\" >        <span class=\"vert_icon\"><\/span><span class=\"hor_icon\"><\/span><\/span><\/p>        <div id=\"toggle-id-2-container\" class=\"toggle_wrap active_tc\"  style='display:block;'>            <div class=\"toggle_content invers-color \"  itemprop=\"text\"   ><p>Taverne Rosenburg<br \/>\nIng. Verena und Ing. Thomas Hagelkruys<br \/>\nTel.: 0664 \/ 4129640<br \/>\n<a href=\"mailto:info@tavernerosenburg.at\">info@tavernerosenburg.at<\/a><br \/>\n<a href=\"http:\/\/www.greisslereirosenburg.at\">www.greisslereirosenburg.at<\/a><br \/>\n<a href=\"http:\/\/www.facebook.com\/GreisslereiRosenburg\">www.facebook.com\/GreisslereiRosenburg<\/a><\/p>\n            <\/div>        <\/div>    <\/div><\/section>\n<\/div><\/p><\/div>\n<div class=\"flex_column av_two_fifth  av-animated-generic fade-in  flex_column_div   \" style='padding:0px 0px 0px 0px ; border-radius:0px; '><p><div class='avia-gallery  avia-gallery-2 deactivate_avia_lazyload avia_animate_when_visible '  itemprop=\"ImageObject\" itemscope=\"itemscope\" itemtype=\"https:\/\/schema.org\/ImageObject\" ><a class='avia-gallery-big fakeLightbox avianolink noLightbox avia-gallery-big-crop-thumb ' href='http:\/\/work25.lichtstark.com\/rb_wp\/wp-content\/uploads\/2019\/05\/Greisslerei1-1030x773.jpeg'  data-onclick='1' title='' ><span class='avia-gallery-big-inner'  itemprop=\"thumbnailUrl\" >\t<img width='495' height='400' src='http:\/\/work25.lichtstark.com\/rb_wp\/wp-content\/uploads\/2019\/05\/Greisslerei1-495x400.jpeg' title='Greisslerei1' alt='' \/><\/span><\/a><div class='avia-gallery-thumb'> <a href='http:\/\/work25.lichtstark.com\/rb_wp\/wp-content\/uploads\/2019\/05\/Greisslerei1-1030x773.jpeg' data-rel='gallery-2' data-prev-img='http:\/\/work25.lichtstark.com\/rb_wp\/wp-content\/uploads\/2019\/05\/Greisslerei1-495x400.jpeg' class='first_thumb avianolink noLightbox ' data-onclick='1' title=''  itemprop=\"thumbnailUrl\" ><img  src='http:\/\/work25.lichtstark.com\/rb_wp\/wp-content\/uploads\/2019\/05\/Greisslerei1-495x400.jpeg' width='495' height='400'  title='Greisslerei1' alt='' \/><\/a> <a href='http:\/\/work25.lichtstark.com\/rb_wp\/wp-content\/uploads\/2019\/05\/Greisslerei-x4-1030x773.jpg' data-rel='gallery-2' data-prev-img='http:\/\/work25.lichtstark.com\/rb_wp\/wp-content\/uploads\/2019\/05\/Greisslerei-x4-495x400.jpg' class='avianolink noLightbox ' data-onclick='2' title=''  itemprop=\"thumbnailUrl\" ><img  src='http:\/\/work25.lichtstark.com\/rb_wp\/wp-content\/uploads\/2019\/05\/Greisslerei-x4-495x400.jpg' width='495' height='400'  title='Greisslerei x4' alt='' \/><\/a> <a href='http:\/\/work25.lichtstark.com\/rb_wp\/wp-content\/uploads\/2019\/05\/Greisslerei-x3-1030x773.jpeg' data-rel='gallery-2' data-prev-img='http:\/\/work25.lichtstark.com\/rb_wp\/wp-content\/uploads\/2019\/05\/Greisslerei-x3-495x400.jpeg' class='avianolink noLightbox ' data-onclick='3' title=''  itemprop=\"thumbnailUrl\" ><img  src='http:\/\/work25.lichtstark.com\/rb_wp\/wp-content\/uploads\/2019\/05\/Greisslerei-x3-495x400.jpeg' width='495' height='400'  title='Greisslerei x3' alt='' \/><\/a> <a href='http:\/\/work25.lichtstark.com\/rb_wp\/wp-content\/uploads\/2019\/05\/greisslerei-x5-1030x773.jpg' data-rel='gallery-2' data-prev-img='http:\/\/work25.lichtstark.com\/rb_wp\/wp-content\/uploads\/2019\/05\/greisslerei-x5-495x400.jpg' class='avianolink noLightbox ' data-onclick='4' title=''  itemprop=\"thumbnailUrl\" ><img  src='http:\/\/work25.lichtstark.com\/rb_wp\/wp-content\/uploads\/2019\/05\/greisslerei-x5-495x400.jpg' width='495' height='400'  title='greisslerei x5' alt='' \/><\/a> <a href='http:\/\/work25.lichtstark.com\/rb_wp\/wp-content\/uploads\/2015\/12\/lichtstark.com_FW_8392-1030x687.jpg' data-rel='gallery-2' data-prev-img='http:\/\/work25.lichtstark.com\/rb_wp\/wp-content\/uploads\/2015\/12\/lichtstark.com_FW_8392-495x400.jpg' class='avianolink noLightbox ' data-onclick='5' title=''  itemprop=\"thumbnailUrl\" ><img  src='http:\/\/work25.lichtstark.com\/rb_wp\/wp-content\/uploads\/2015\/12\/lichtstark.com_FW_8392-495x400.jpg' width='495' height='400'  title='lichtstark.com_FW_8392' alt='' \/><\/a> <a href='http:\/\/work25.lichtstark.com\/rb_wp\/wp-content\/uploads\/2015\/12\/lichtstark.com_FW_8376-1030x687.jpg' data-rel='gallery-2' data-prev-img='http:\/\/work25.lichtstark.com\/rb_wp\/wp-content\/uploads\/2015\/12\/lichtstark.com_FW_8376-495x400.jpg' class='first_thumb avianolink noLightbox ' data-onclick='6' title=''  itemprop=\"thumbnailUrl\" ><img  src='http:\/\/work25.lichtstark.com\/rb_wp\/wp-content\/uploads\/2015\/12\/lichtstark.com_FW_8376-495x400.jpg' width='495' height='400'  title='lichtstark.com_FW_8376' alt='' \/><\/a> <a href='http:\/\/work25.lichtstark.com\/rb_wp\/wp-content\/uploads\/2015\/12\/lichtstark.com_FW_8385-1030x687.jpg' data-rel='gallery-2' data-prev-img='http:\/\/work25.lichtstark.com\/rb_wp\/wp-content\/uploads\/2015\/12\/lichtstark.com_FW_8385-495x400.jpg' class='avianolink noLightbox ' data-onclick='7' title=''  itemprop=\"thumbnailUrl\" ><img  src='http:\/\/work25.lichtstark.com\/rb_wp\/wp-content\/uploads\/2015\/12\/lichtstark.com_FW_8385-495x400.jpg' width='495' height='400'  title='lichtstark.com_FW_8385' alt='' \/><\/a> <a href='http:\/\/work25.lichtstark.com\/rb_wp\/wp-content\/uploads\/2015\/12\/lichtstark.com_FW_8391-1030x687.jpg' data-rel='gallery-2' data-prev-img='http:\/\/work25.lichtstark.com\/rb_wp\/wp-content\/uploads\/2015\/12\/lichtstark.com_FW_8391-495x400.jpg' class='avianolink noLightbox ' data-onclick='8' title=''  itemprop=\"thumbnailUrl\" ><img  src='http:\/\/work25.lichtstark.com\/rb_wp\/wp-content\/uploads\/2015\/12\/lichtstark.com_FW_8391-495x400.jpg' width='495' height='400'  title='lichtstark.com_FW_8391' alt='' \/><\/a> <a href='http:\/\/work25.lichtstark.com\/rb_wp\/wp-content\/uploads\/2015\/12\/lichtstark.com_FW_8397-1030x686.jpg' data-rel='gallery-2' data-prev-img='http:\/\/work25.lichtstark.com\/rb_wp\/wp-content\/uploads\/2015\/12\/lichtstark.com_FW_8397-495x400.jpg' class='avianolink noLightbox ' data-onclick='9' title=''  itemprop=\"thumbnailUrl\" ><img  src='http:\/\/work25.lichtstark.com\/rb_wp\/wp-content\/uploads\/2015\/12\/lichtstark.com_FW_8397-495x400.jpg' width='495' height='400'  title='lichtstark.com_FW_8397' alt='' \/><\/a> <a href='http:\/\/work25.lichtstark.com\/rb_wp\/wp-content\/uploads\/2015\/12\/lichtstark.com_FW_8402-1030x687.jpg' data-rel='gallery-2' data-prev-img='http:\/\/work25.lichtstark.com\/rb_wp\/wp-content\/uploads\/2015\/12\/lichtstark.com_FW_8402-495x400.jpg' class='avianolink noLightbox ' data-onclick='10' title=''  itemprop=\"thumbnailUrl\" ><img  src='http:\/\/work25.lichtstark.com\/rb_wp\/wp-content\/uploads\/2015\/12\/lichtstark.com_FW_8402-495x400.jpg' width='495' height='400'  title='lichtstark.com_FW_8402' alt='' \/><\/a> <a href='http:\/\/work25.lichtstark.com\/rb_wp\/wp-content\/uploads\/2015\/12\/lichtstark.com_FW_8407-1030x687.jpg' data-rel='gallery-2' data-prev-img='http:\/\/work25.lichtstark.com\/rb_wp\/wp-content\/uploads\/2015\/12\/lichtstark.com_FW_8407-495x400.jpg' class='first_thumb avianolink noLightbox ' data-onclick='11' title=''  itemprop=\"thumbnailUrl\" ><img  src='http:\/\/work25.lichtstark.com\/rb_wp\/wp-content\/uploads\/2015\/12\/lichtstark.com_FW_8407-495x400.jpg' width='495' height='400'  title='lichtstark.com_FW_8407' alt='' \/><\/a> <a href='http:\/\/work25.lichtstark.com\/rb_wp\/wp-content\/uploads\/2015\/12\/lichtstark.com_FW_8400-1030x687.jpg' data-rel='gallery-2' data-prev-img='http:\/\/work25.lichtstark.com\/rb_wp\/wp-content\/uploads\/2015\/12\/lichtstark.com_FW_8400-495x400.jpg' class='avianolink noLightbox ' data-onclick='12' title=''  itemprop=\"thumbnailUrl\" ><img  src='http:\/\/work25.lichtstark.com\/rb_wp\/wp-content\/uploads\/2015\/12\/lichtstark.com_FW_8400-495x400.jpg' width='495' height='400'  title='lichtstark.com_FW_8400' alt='' \/><\/a> <a href='http:\/\/work25.lichtstark.com\/rb_wp\/wp-content\/uploads\/2015\/12\/lichtstark.com_FW_8408-1030x687.jpg' data-rel='gallery-2' data-prev-img='http:\/\/work25.lichtstark.com\/rb_wp\/wp-content\/uploads\/2015\/12\/lichtstark.com_FW_8408-495x400.jpg' class='avianolink noLightbox ' data-onclick='13' title=''  itemprop=\"thumbnailUrl\" ><img  src='http:\/\/work25.lichtstark.com\/rb_wp\/wp-content\/uploads\/2015\/12\/lichtstark.com_FW_8408-495x400.jpg' width='495' height='400'  title='lichtstark.com_FW_8408' alt='' \/><\/a><\/div><\/div><br \/>\n<div style=' margin-top:5px; margin-bottom:10px;'  class='hr hr-custom hr-center hr-icon-no  '><span class='hr-inner   inner-border-av-border-none' style=' width:50px;' ><span class='hr-inner-style'><\/span><\/span><\/div><\/p><\/div>\n<div style=' margin-top:30; margin-bottom:30px;'  class='hr hr-custom hr-center hr-icon-no  '><span class='hr-inner   inner-border-av-border-none' style=' width:50px;' ><span class='hr-inner-style'><\/span><\/span><\/div>\n","protected":false},"excerpt":{"rendered":"","protected":false},"author":2,"featured_media":0,"parent":0,"menu_order":0,"comment_status":"closed","ping_status":"closed","template":"","meta":[],"_links":{"self":[{"href":"http:\/\/work25.lichtstark.com\/rb_wp\/cs\/wp-json\/wp\/v2\/pages\/2335"}],"collection":[{"href":"http:\/\/work25.lichtstark.com\/rb_wp\/cs\/wp-json\/wp\/v2\/pages"}],"about":[{"href":"http:\/\/work25.lichtstark.com\/rb_wp\/cs\/wp-json\/wp\/v2\/types\/page"}],"author":[{"embeddable":true,"href":"http:\/\/work25.lichtstark.com\/rb_wp\/cs\/wp-json\/wp\/v2\/users\/2"}],"replies":[{"embeddable":true,"href":"http:\/\/work25.lichtstark.com\/rb_wp\/cs\/wp-json\/wp\/v2\/comments?post=2335"}],"version-history":[{"count":4,"href":"http:\/\/work25.lichtstark.com\/rb_wp\/cs\/wp-json\/wp\/v2\/pages\/2335\/revisions"}],"predecessor-version":[{"id":11667,"href":"http:\/\/work25.lichtstark.com\/rb_wp\/cs\/wp-json\/wp\/v2\/pages\/2335\/revisions\/11667"}],"wp:attachment":[{"href":"http:\/\/work25.lichtstark.com\/rb_wp\/cs\/wp-json\/wp\/v2\/media?parent=2335"}],"curies":[{"name":"wp","href":"https:\/\/api.w.org\/{rel}","templated":true}]}}