{"id":2333,"date":"2017-03-14T15:32:09","date_gmt":"2017-03-14T14:32:09","guid":{"rendered":"http:\/\/work25.lichtstark.com\/rb_wp\/cs\/?page_id=2333"},"modified":"2020-06-10T14:45:57","modified_gmt":"2020-06-10T12:45:57","slug":"kulinarik-uebernachtungen","status":"publish","type":"page","link":"http:\/\/work25.lichtstark.com\/rb_wp\/cs\/kulinarik-uebernachtungen\/","title":{"rendered":"Kulin\u00e1\u0159sk\u00e9 z\u00e1\u017eitky a mo\u017enosti p\u0159enocov\u00e1n\u00ed"},"content":{"rendered":"<\/div><\/div><\/div><!-- close content main div --><\/div><\/div><div id='av_section_1' class='avia-section main_color avia-section-default avia-shadow avia-full-stretch avia-bg-style-scroll   av-minimum-height av-minimum-height-custom container_wrap fullsize' style = 'background-repeat: no-repeat; background-image: url(http:\/\/work25.lichtstark.com\/rb_wp\/wp-content\/uploads\/2019\/07\/Burg_FW8165_\u00a9Lichtstark-1500x430.jpg); background-attachment: scroll; background-position: center center; ' data-section-bg-repeat='stretch' ><div class='container' style='height:350px'><div class='template-page content  av-content-full alpha units'><div class='post-entry post-entry-type-page post-entry-2333'><div class='entry-content-wrapper clearfix'>\n<div class=\"flex_column av_one_full  flex_column_div av-zero-column-padding first  \" style='border-radius:0px; '><p><div style='padding-bottom:10px;' class='av-special-heading av-special-heading-h1  blockquote modern-quote  '><div class ='av-subheading av-subheading_above  ' style='font-size:15px;'><p>M\u00edsto setk\u00e1n\u00ed nejvy\u0161\u0161\u00ed pohostinnosti regionu Waldviertel<\/p>\n<\/div><h1 class='av-special-heading-tag '  itemprop=\"headline\"  >Kulin\u00e1\u0159stv\u00ed na hrad\u011b Rosenburg <\/h1><div class='special-heading-border'><div class='special-heading-inner-border' ><\/div><\/div><\/div><br \/>\n<section class=\"av_textblock_section \"  itemscope=\"itemscope\" itemtype=\"https:\/\/schema.org\/CreativeWork\" ><div class='avia_textblock  '   itemprop=\"text\" ><p>Z\u00e1meck\u00fd hostinec a hotel Rosenburg nab\u00edzej\u00ed \u0159adu kulin\u00e1\u0159sk\u00fdch specialit. Ro\u010dn\u00ed obdob\u00ed se odr\u00e1\u017e\u00ed p\u0159\u00edmo v pokrmech. Hlavn\u00ed ingedience jsou p\u0159edev\u0161\u00edm vyb\u00edr\u00e1ny z region\u016f. Na\u0161e ryt\u00ed\u0159sk\u00e1 j\u00eddla<\/p>\n<\/div><\/section><br \/>\n<div  class='hr hr-short hr-center  '><span class='hr-inner ' ><span class='hr-inner-style'><\/span><\/span><\/div><\/p><\/div><div class=\"flex_column av_two_fifth  flex_column_div first  \" style='padding:25px 0px 0px 0px ; border-radius:0px; '><p><div style='padding-bottom:10px;' class='av-special-heading av-special-heading-h2  blockquote modern-quote modern-centered  '><div class ='av-subheading av-subheading_above  ' style='font-size:13px;'><p>Ten kdo to pro\u017e\u00edv\u00e1, ten opravdu \u017eije.<\/p>\n<\/div><h2 class='av-special-heading-tag '  itemprop=\"headline\"  >Z\u00e1meck\u00fd hostinec a hotel Rosenburg<\/h2><div class='special-heading-border'><div class='special-heading-inner-border' ><\/div><\/div><\/div><br \/>\n<div style=' margin-top:10px; margin-bottom:0;'  class='hr hr-custom hr-center hr-icon-no  '><span class='hr-inner   inner-border-av-border-none' style=' width:50px;' ><span class='hr-inner-style'><\/span><\/span><\/div><br \/>\n<div class='avia-image-container avia_animated_image avia_animate_when_almost_visible right-to-left av-styling-    avia-align-center '  itemprop=\"ImageObject\" itemscope=\"itemscope\" itemtype=\"https:\/\/schema.org\/ImageObject\"  ><div class='avia-image-container-inner'><a href='http:\/\/work25.lichtstark.com\/rb_wp\/cs\/zamecky-hostinec-rosenburg\/' class='avia_image'  ><img class='avia_image ' src='http:\/\/work25.lichtstark.com\/rb_wp\/wp-content\/uploads\/2015\/12\/feiern-5-300x225.jpg' alt='' title='feiern-5'  itemprop=\"thumbnailUrl\"  \/><\/a><\/div><\/div><br \/>\n<span class=\"av_font_icon avia_animate_when_visible  av-icon-style-  avia-icon-pos-center \" style=\"color:#c19a63; border-color:#c19a63;\"><a href='http:\/\/work25.lichtstark.com\/rb_wp\/cs\/zamecky-hostinec-rosenburg\/'   class='av-icon-char' style='font-size:25px;line-height:25px;' aria-hidden='true' data-av_icon='\ue81f' data-av_iconfont='entypo-fontello' data-avia-icon-tooltip=\"&lt;br \/&gt;\nMehr Infos hier&lt;br \/&gt;\n\"><\/a><\/span><\/p><\/div><\/p>\n<div class=\"flex_column av_two_fifth  flex_column_div   \" style='padding:25px 0px 0px 0px ; border-radius:0px; '><section class=\"av_textblock_section \"  itemscope=\"itemscope\" itemtype=\"https:\/\/schema.org\/CreativeWork\" ><div class='avia_textblock  '   itemprop=\"text\" ><p>Z\u00e1meck\u00fd hostinec &amp; hotel Rosenburg nab\u00edzej\u00ed rozmanit\u00fd kulin\u00e1\u0159sk\u00fd z\u00e1\u017eitek. Ro\u010dn\u00ed obdob\u00ed se p\u0159\u00edmo odr\u00e1\u017eej\u00ed na pokrmech. Suroviny jsou p\u0159edev\u0161\u00edm vyb\u00edr\u00e1ny z m\u00edstn\u00edho regionu. Na\u0161e ryt\u00ed\u0159sk\u00e9 j\u00eddlo se z\u00e1bavou je velmi obl\u00edben\u00e9 a kon\u00e1 se pravideln\u011b v klenut\u00e9m s\u00e1le. Dal\u0161\u00ed term\u00edny pro skupiny lze objednat kdykoliv. Pro romantick\u00e9 p\u0159enocov\u00e1n\u00ed jsou k dispozici v z\u00e1meck\u00e9m hostinci &amp; hotelu stylov\u00e9 pokoje, \u010d\u00e1ste\u010dn\u011b s v\u00fdhleden na z\u00e1mek.<\/p>\n<\/div><\/section><\/div>\n<div style=' margin-top:30; margin-bottom:30px;'  class='hr hr-custom hr-center hr-icon-no  '><span class='hr-inner   inner-border-av-border-none' style=' width:50px;' ><span class='hr-inner-style'><\/span><\/span><\/div>\n<div class=\"flex_column av_two_fifth  flex_column_div first  \" style='padding:25px 0px 0px 0px ; border-radius:0px; '><p><div style='padding-bottom:10px;' class='av-special-heading av-special-heading-h2  blockquote modern-quote modern-centered   '><div class ='av-subheading av-subheading_above  ' style='font-size:13px;'><p>\u0160t\u011bst\u00ed je sou\u010dtem kr\u00e1sn\u00fdch okam\u017eik\u016f.<\/p>\n<\/div><h2 class='av-special-heading-tag '  itemprop=\"headline\"  >Taverne <span class='special_amp'>&amp;<\/span> Greisslerei Rosenburg<\/h2><div class='special-heading-border'><div class='special-heading-inner-border' ><\/div><\/div><\/div><br \/>\n<div style=' margin-top:10px; margin-bottom:0;'  class='hr hr-custom hr-center hr-icon-no  '><span class='hr-inner   inner-border-av-border-none' style=' width:50px;' ><span class='hr-inner-style'><\/span><\/span><\/div><br \/>\n<div class='avia-image-container avia_animated_image avia_animate_when_almost_visible right-to-left av-styling-    avia-align-center '  itemprop=\"ImageObject\" itemscope=\"itemscope\" itemtype=\"https:\/\/schema.org\/ImageObject\"  ><div class='avia-image-container-inner'><a href='http:\/\/work25.lichtstark.com\/rb_wp\/cs\/zamecky-hostinec-rosenburg\/' class='avia_image'  ><img class='avia_image ' src='http:\/\/work25.lichtstark.com\/rb_wp\/wp-content\/uploads\/2019\/05\/Greisslerei1-300x225.jpeg' alt='' title='Greisslerei1'  itemprop=\"thumbnailUrl\"  \/><\/a><\/div><\/div><br \/>\n<span class=\"av_font_icon avia_animate_when_visible  av-icon-style-  avia-icon-pos-center \" style=\"color:#c19a63; border-color:#c19a63;\"><a href='http:\/\/work25.lichtstark.com\/rb_wp\/cs\/zamecka-taverna\/'   class='av-icon-char' style='font-size:25px;line-height:25px;' aria-hidden='true' data-av_icon='\ue81f' data-av_iconfont='entypo-fontello' data-avia-icon-tooltip=\"&lt;br \/&gt;\nMehr Infos hier&lt;br \/&gt;\n\"><\/a><\/span><\/p><\/div>\n<div class=\"flex_column av_two_fifth  flex_column_div   \" style='padding:25px 0px 0px 0px ; border-radius:0px; '><section class=\"av_textblock_section \"  itemscope=\"itemscope\" itemtype=\"https:\/\/schema.org\/CreativeWork\" ><div class='avia_textblock  '   itemprop=\"text\" ><p>Taverne Rosenburg , veden\u00e1 rodinou Hagelkruys, nab\u00edz\u00ed sv\u00fdm prost\u0159ed\u00edm v hradn\u00edm dvoru romantick\u00fd odpo\u010dinek, kde si m\u016f\u017eete vychutnat BIO k\u00e1vu a dom\u00e1c\u00ed mou\u010dn\u00edky (jako nap\u0159\u00edklad slan\u00fd medov\u00fd kol\u00e1\u010d nebo makov\u00fd kol\u00e1\u010d s \u010dokol\u00e1dovou om\u00e1\u010dkou).<\/p>\n<p>Zde se va\u0159\u00ed z region\u00e1ln\u00edho Waldviertlovsk\u00e9ho BIO hov\u011bz\u00edho a BIO turopjelsk\u00e9ho vep\u0159ov\u00e9ho masa. Ide\u00e1ln\u011b pro zah\u00e1jen\u00ed, ukon\u010den\u00ed nebo mezi n\u00e1v\u0161t\u011bvou hradu. R\u00e1di p\u0159ijmeme tak\u00e9 rezervaci pro V\u00e1\u0161 v\u00fdlet, akci nebo oslavu.<\/p>\n<p>V srdci Taverne se nach\u00e1z\u00ed Greisslerei Rosenburg.<\/p>\n<p>Zde si m\u016f\u017eete v\u0161echny produkty, kter\u00e9 se v Taverne pod\u00e1vaj\u00ed nebo suroviny, ze kter\u00fdch se va\u0159\u00ed, koupit dom\u016f. Nach\u00e1zej\u00ed se zde speciality od mal\u00fdch region\u00e1ln\u00edch v\u00fdrobc\u016f, suven\u00fdry, produkty z r\u016f\u017e\u00ed a doporu\u010den\u00ed z Taverne Rosenburg.<\/p>\n<\/div><\/section><\/div>\n<div style=' margin-top:30; margin-bottom:30px;'  class='hr hr-custom hr-center hr-icon-no  '><span class='hr-inner   inner-border-av-border-none' style=' width:50px;' ><span class='hr-inner-style'><\/span><\/span><\/div>\n","protected":false},"excerpt":{"rendered":"","protected":false},"author":2,"featured_media":0,"parent":0,"menu_order":0,"comment_status":"closed","ping_status":"closed","template":"","meta":[],"_links":{"self":[{"href":"http:\/\/work25.lichtstark.com\/rb_wp\/cs\/wp-json\/wp\/v2\/pages\/2333"}],"collection":[{"href":"http:\/\/work25.lichtstark.com\/rb_wp\/cs\/wp-json\/wp\/v2\/pages"}],"about":[{"href":"http:\/\/work25.lichtstark.com\/rb_wp\/cs\/wp-json\/wp\/v2\/types\/page"}],"author":[{"embeddable":true,"href":"http:\/\/work25.lichtstark.com\/rb_wp\/cs\/wp-json\/wp\/v2\/users\/2"}],"replies":[{"embeddable":true,"href":"http:\/\/work25.lichtstark.com\/rb_wp\/cs\/wp-json\/wp\/v2\/comments?post=2333"}],"version-history":[{"count":15,"href":"http:\/\/work25.lichtstark.com\/rb_wp\/cs\/wp-json\/wp\/v2\/pages\/2333\/revisions"}],"predecessor-version":[{"id":11815,"href":"http:\/\/work25.lichtstark.com\/rb_wp\/cs\/wp-json\/wp\/v2\/pages\/2333\/revisions\/11815"}],"wp:attachment":[{"href":"http:\/\/work25.lichtstark.com\/rb_wp\/cs\/wp-json\/wp\/v2\/media?parent=2333"}],"curies":[{"name":"wp","href":"https:\/\/api.w.org\/{rel}","templated":true}]}}