{"id":2331,"date":"2020-06-08T21:48:14","date_gmt":"2020-06-08T19:48:14","guid":{"rendered":"http:\/\/work25.lichtstark.com\/rb_wp\/cs\/?page_id=2331"},"modified":"2020-06-10T14:44:09","modified_gmt":"2020-06-10T12:44:09","slug":"akce-2","status":"publish","type":"page","link":"http:\/\/work25.lichtstark.com\/rb_wp\/cs\/akce-2\/","title":{"rendered":"Akce"},"content":{"rendered":"<\/div><\/div><\/div><!-- close content main div --><\/div><\/div><div id='av_section_1' class='avia-section main_color avia-section-default avia-shadow avia-full-stretch avia-bg-style-scroll   av-minimum-height av-minimum-height-custom container_wrap fullsize' style = 'background-repeat: no-repeat; background-image: url(http:\/\/work25.lichtstark.com\/rb_wp\/wp-content\/uploads\/2020\/06\/Schloss_Pan3\u00a9lichtstark_X1A4566-1.jpg); background-attachment: scroll; background-position: center center; ' data-section-bg-repeat='stretch' ><div class='container' style='height:350px'><div class='template-page content  av-content-full alpha units'><div class='post-entry post-entry-type-page post-entry-2331'><div class='entry-content-wrapper clearfix'>\n<div class=\"flex_column av_one_full  flex_column_div av-zero-column-padding first  \" style='border-radius:0px; '><p><div style='padding-bottom:10px;' class='av-special-heading av-special-heading-h1  blockquote modern-quote   '><div class ='av-subheading av-subheading_above  ' style='font-size:15px;'><p>Setk\u00e1n\u00ed a oslavy<\/p>\n<\/div><h1 class='av-special-heading-tag '  itemprop=\"headline\"  >Ud\u00e1lost na z\u00e1mku Rosenburg<\/h1><div class='special-heading-border'><div class='special-heading-inner-border' ><\/div><\/div><\/div><br \/>\n<section class=\"av_textblock_section \"  itemscope=\"itemscope\" itemtype=\"https:\/\/schema.org\/CreativeWork\" ><div class='avia_textblock  '   itemprop=\"text\" ><p style=\"text-align: left;\">M\u00e1te n\u00e1pad pro Va\u0161i ud\u00e1lost, my V\u00e1m poskytneme ty spr\u00e1vn\u00e9 prostory. Z\u00e1mek Rosenburg V\u00e1m nab\u00edz\u00ed exkluzivn\u00ed prost\u0159ed\u00ed pro fascinuj\u00edc\u00ed akce, svatebn\u00ed hostiny, p\u016fsobiv\u00e9 firemn\u00ed oslavy, prezentace produkt\u016f a dal\u0161\u00ed okouzluj\u00edc\u00ed ud\u00e1losti.<\/p>\n<\/div><\/section><br \/>\n<div  class='hr hr-short hr-center  '><span class='hr-inner ' ><span class='hr-inner-style'><\/span><\/span><\/div><\/p><\/div><div class=\"flex_column av_one_half  flex_column_div av-zero-column-padding first  \" style='border-radius:0px; '><section class=\"av_textblock_section \"  itemscope=\"itemscope\" itemtype=\"https:\/\/schema.org\/CreativeWork\" ><div class='avia_textblock  '   itemprop=\"text\" ><h4>Konference na z\u00e1mku Rosenburg<\/h4>\n<p><strong>Obsahov\u011b citov\u011b nabit\u00fd<br \/>\n<\/strong>Z\u00e1mek Rosenburg nab\u00edz\u00ed tak\u00e9 prostory a infrastrukturu pro semin\u00e1\u0159e a konference. Vyu\u017eijte energie tohohle p\u016fsobiv\u00e9ho m\u00edsta pro zprost\u0159edkov\u00e1n\u00ed Va\u0161ich proseb.<br \/>\nP\u0159epychov\u00e9 m\u00edstnosti lze vyu\u017e\u00edt od kv\u011btna do z\u00e1\u0159\u00ed pro Va\u0161e zased\u00e1n\u00ed. O Va\u0161e kulin\u00e1\u0159sk\u00e9 pot\u0159eby se postar\u00e1 t\u00fdm z\u00e1mku Roseburg.<br \/>\nStar\u00e1 knihovna s jedine\u010dn\u00fdm d\u0159ev\u011bn\u00fdm stropem je zvl\u00e1\u0161\u0165 vhodn\u00e1 pro zased\u00e1n\u00ed, kongresy a p\u0159edn\u00e1\u0161ky. Konferen\u010dn\u00ed m\u00edstnost je vhodn\u00e1 pro sch\u016fzky v men\u0161\u00edm kruhu osob. Alt\u00e1n je mo\u017eno vyu\u017e\u00edt jako zasedac\u00ed m\u00edstnost p\u0159i akc\u00edch nebo b\u011bhem p\u0159est\u00e1vky na k\u00e1vu.<strong><br \/>\n<\/strong><\/p>\n<h4><\/h4>\n<\/div><\/section><br \/>\n<div  class='hr hr-short hr-left  '><span class='hr-inner ' ><span class='hr-inner-style'><\/span><\/span><\/div><\/p><\/div><div class=\"flex_column av_one_half  flex_column_div av-zero-column-padding   \" style='border-radius:0px; '><section class=\"av_textblock_section \"  itemscope=\"itemscope\" itemtype=\"https:\/\/schema.org\/CreativeWork\" ><div class='avia_textblock  '   itemprop=\"text\" ><h4>Firemn\u00ed oslavy<\/h4>\n<p><strong>Historick\u00e9 prost\u0159ed\u00ed pro Va\u0161i ud\u00e1lost<\/strong><br \/>\nZ\u00e1mek Rosenburg je V\u00e1m k dispozici pro Va\u0161i firemn\u00ed ud\u00e1lost. Vyu\u017eijte p\u0159epychov\u00e9 m\u00edstnosti, zahrady, 4.800 m\u00b2 velkou terasu nebo 5.000 m\u00b2 velk\u00e9 turnajov\u00e9 n\u00e1dvo\u0159\u00ed.<br \/>\nPro firemn\u00ed v\u00fdlety nebo nap\u0159. teambuildingov\u00e9 akce je tu tak\u00e9 mo\u017enost vyu\u017e\u00edt p\u0159ilehl\u00e9ho z\u00e1bavn\u00e9ho parku Rosenburg.<br \/>\nV\u00edce informac\u00ed naleznete zde: <a href=\"http:\/\/www.erlebnisparkrosenburg.at\/teambuilding\/\" target=\"_blank\" rel=\"noopener\">http:\/\/www.erlebnisparkrosenburg.at\/teambuilding\/<\/a><\/p>\n<\/div><\/section><br \/>\n<div  class='hr hr-short hr-left  '><span class='hr-inner ' ><span class='hr-inner-style'><\/span><\/span><\/div><\/p><\/div><\/p>\n<div style=' margin-top:30; margin-bottom:30px;'  class='hr hr-custom hr-center hr-icon-no  '><span class='hr-inner   inner-border-av-border-none' style=' width:50px;' ><span class='hr-inner-style'><\/span><\/span><\/div>\n","protected":false},"excerpt":{"rendered":"","protected":false},"author":2,"featured_media":0,"parent":0,"menu_order":0,"comment_status":"closed","ping_status":"closed","template":"","meta":[],"_links":{"self":[{"href":"http:\/\/work25.lichtstark.com\/rb_wp\/cs\/wp-json\/wp\/v2\/pages\/2331"}],"collection":[{"href":"http:\/\/work25.lichtstark.com\/rb_wp\/cs\/wp-json\/wp\/v2\/pages"}],"about":[{"href":"http:\/\/work25.lichtstark.com\/rb_wp\/cs\/wp-json\/wp\/v2\/types\/page"}],"author":[{"embeddable":true,"href":"http:\/\/work25.lichtstark.com\/rb_wp\/cs\/wp-json\/wp\/v2\/users\/2"}],"replies":[{"embeddable":true,"href":"http:\/\/work25.lichtstark.com\/rb_wp\/cs\/wp-json\/wp\/v2\/comments?post=2331"}],"version-history":[{"count":5,"href":"http:\/\/work25.lichtstark.com\/rb_wp\/cs\/wp-json\/wp\/v2\/pages\/2331\/revisions"}],"predecessor-version":[{"id":11804,"href":"http:\/\/work25.lichtstark.com\/rb_wp\/cs\/wp-json\/wp\/v2\/pages\/2331\/revisions\/11804"}],"wp:attachment":[{"href":"http:\/\/work25.lichtstark.com\/rb_wp\/cs\/wp-json\/wp\/v2\/media?parent=2331"}],"curies":[{"name":"wp","href":"https:\/\/api.w.org\/{rel}","templated":true}]}}