{"id":2329,"date":"2017-03-14T15:52:28","date_gmt":"2017-03-14T14:52:28","guid":{"rendered":"http:\/\/work25.lichtstark.com\/rb_wp\/cs\/?page_id=2329"},"modified":"2020-06-08T22:33:47","modified_gmt":"2020-06-08T20:33:47","slug":"svatby","status":"publish","type":"page","link":"http:\/\/work25.lichtstark.com\/rb_wp\/cs\/svatby\/","title":{"rendered":"Svatby"},"content":{"rendered":"<\/div><\/div><\/div><!-- close content main div --><\/div><\/div><div id='av_section_1' class='avia-section main_color avia-section-default avia-shadow avia-full-stretch avia-bg-style-scroll   av-minimum-height av-minimum-height-custom container_wrap fullsize' style = 'background-repeat: no-repeat; background-image: url(http:\/\/work25.lichtstark.com\/rb_wp\/wp-content\/uploads\/2015\/12\/Lichtstark@_W150839-1500x430.jpg); background-attachment: scroll; background-position: bottom center; ' data-section-bg-repeat='stretch' ><div class='container' style='height:350px'><div class='template-page content  av-content-full alpha units'><div class='post-entry post-entry-type-page post-entry-2329'><div class='entry-content-wrapper clearfix'>\n<div class=\"flex_column av_one_full  flex_column_div av-zero-column-padding first  \" style='border-radius:0px; '><p><div style='padding-bottom:10px;' class='av-special-heading av-special-heading-h1  blockquote modern-quote  '><h1 class='av-special-heading-tag '  itemprop=\"headline\"  >Svatby<\/h1><div class='special-heading-border'><div class='special-heading-inner-border' ><\/div><\/div><\/div><br \/>\n<section class=\"av_textblock_section \"  itemscope=\"itemscope\" itemtype=\"https:\/\/schema.org\/CreativeWork\" ><div class='avia_textblock  '   itemprop=\"text\" ><p style=\"text-align: left;\">Nechte se okouzlit. Za\u017eijete nezapomenutelnou slavnost.<\/p>\n<\/div><\/section><br \/>\n<div  class='hr hr-short hr-center  '><span class='hr-inner ' ><span class='hr-inner-style'><\/span><\/span><\/div><\/p><\/div>\n<div class=\"flex_column av_one_half  flex_column_div av-zero-column-padding first  \" style='border-radius:0px; '><section class=\"av_textblock_section \"  itemscope=\"itemscope\" itemtype=\"https:\/\/schema.org\/CreativeWork\" ><div class='avia_textblock  '   itemprop=\"text\" ><h4>Oslavte romantickou svatbu v dech berouc\u00edm prost\u0159ed\u00ed<\/h4>\n<p>Z\u00e1mek Rosenburg pat\u0159\u00ed k nej\u017e\u00e1dan\u011bj\u0161\u00edm svatebn\u00edm lokalit\u00e1m v okol\u00ed V\u00eddn\u011b. Dodnes neztratil tento historick\u00fd z\u00e1mek nic z \u0161armu minul\u00fdch stalet\u00ed. Je\u0161t\u011b po\u0159\u00e1d vyza\u0159uj\u00ed slavnostn\u00ed prostory zvl\u00e1\u0161tn\u00ed atmosf\u00e9ru. Oslavte svou svatbu elegantn\u011b a stylov\u011b v mramorov\u00e9m s\u00e1le, vyu\u017eijte vlastn\u00ed z\u00e1meckou kapli pro c\u00edrkevn\u00ed svatbu, nebo uhost\u011bte sv\u00e9 hosty na vnit\u0159n\u00edm n\u00e1dvo\u0159\u00ed, nebo na vyhl\u00eddkov\u00e9 terase. Pro civiln\u00ed s\u0148atek se nab\u00edz\u00ed turnajov\u00e9 n\u00e1dvo\u0159\u00ed nebo zasedac\u00ed s\u00e1l se soused\u00edc\u00edm alt\u00e1nem. Zasn\u011bn\u00e1 z\u00e1meck\u00e1 zahrada opl\u00fdv\u00e1 romantick\u00fdmi koutky pro fotografie novoman\u017eel\u016f.<\/p>\n<p>Mo\u017enost\u00ed je u n\u00e1s mnoho! Ka\u017ed\u00e1 oslava se stane zcela v\u00fdjime\u010dnou a nezapomenutelnou. Poznejte na\u0161e dal\u0161\u00ed p\u0159epychov\u00e9 prostory: <a href=\"http:\/\/work25.lichtstark.com\/rb_wp\/cs\/zasedani-a-oslavy\/\">&gt;&gt;&gt;<\/a><\/p>\n<p>Ohledn\u011b informac\u00ed a individu\u00e1ln\u00edch dotaz\u016f n\u00e1s pros\u00edm kontaktujte:<br \/>\nTel: +43 664 5457961 nebo E-Mail: hoyos@rosenburg.at<\/p>\n<h4><\/h4>\n<h4><\/h4>\n<\/div><\/section><br \/>\n<div  class='hr hr-short hr-left  '><span class='hr-inner ' ><span class='hr-inner-style'><\/span><\/span><\/div><\/p><\/div>\n<div class=\"flex_column av_two_fifth  flex_column_div   \" style='padding:50 0px 0px 0px ; border-radius:0px; '><p><div class='avia-gallery  avia-gallery-1 avia_lazyload avia_animate_when_visible '  itemprop=\"ImageObject\" itemscope=\"itemscope\" itemtype=\"https:\/\/schema.org\/ImageObject\" ><a class='avia-gallery-big fakeLightbox lightbox avia-gallery-big-crop-thumb ' href='http:\/\/work25.lichtstark.com\/rb_wp\/wp-content\/uploads\/2015\/12\/HZ-Rosenburg-FotografinDoreliesHofer-019-1030x686.jpg'  data-onclick='1' title='' ><span class='avia-gallery-big-inner'  itemprop=\"thumbnailUrl\" >\t<img width='495' height='400' src='http:\/\/work25.lichtstark.com\/rb_wp\/wp-content\/uploads\/2015\/12\/HZ-Rosenburg-FotografinDoreliesHofer-019-495x400.jpg' title='HZ-Rosenburg-FotografinDoreliesHofer-019' alt='' \/><\/span><\/a><div class='avia-gallery-thumb'> <a href='http:\/\/work25.lichtstark.com\/rb_wp\/wp-content\/uploads\/2015\/12\/HZ-Rosenburg-FotografinDoreliesHofer-019-1030x686.jpg' data-rel='gallery-1' data-prev-img='http:\/\/work25.lichtstark.com\/rb_wp\/wp-content\/uploads\/2015\/12\/HZ-Rosenburg-FotografinDoreliesHofer-019-495x400.jpg' class='first_thumb lightbox ' data-onclick='1' title=''  itemprop=\"thumbnailUrl\" ><img  src='http:\/\/work25.lichtstark.com\/rb_wp\/wp-content\/uploads\/2015\/12\/HZ-Rosenburg-FotografinDoreliesHofer-019-495x400.jpg' width='495' height='400'  title='HZ-Rosenburg-FotografinDoreliesHofer-019' alt='' \/><\/a> <a href='http:\/\/work25.lichtstark.com\/rb_wp\/wp-content\/uploads\/2015\/12\/HZ-Rosenburg-FotografinDoreliesHofer-016-1030x686.jpg' data-rel='gallery-1' data-prev-img='http:\/\/work25.lichtstark.com\/rb_wp\/wp-content\/uploads\/2015\/12\/HZ-Rosenburg-FotografinDoreliesHofer-016-495x400.jpg' class='lightbox ' data-onclick='2' title=''  itemprop=\"thumbnailUrl\" ><img  src='http:\/\/work25.lichtstark.com\/rb_wp\/wp-content\/uploads\/2015\/12\/HZ-Rosenburg-FotografinDoreliesHofer-016-495x400.jpg' width='495' height='400'  title='HZ-Rosenburg-FotografinDoreliesHofer-016' alt='' \/><\/a> <a href='http:\/\/work25.lichtstark.com\/rb_wp\/wp-content\/uploads\/2015\/12\/HZ-Rosenburg-FotografinDoreliesHofer-017-1030x686.jpg' data-rel='gallery-1' data-prev-img='http:\/\/work25.lichtstark.com\/rb_wp\/wp-content\/uploads\/2015\/12\/HZ-Rosenburg-FotografinDoreliesHofer-017-495x400.jpg' class='lightbox ' data-onclick='3' title=''  itemprop=\"thumbnailUrl\" ><img  src='http:\/\/work25.lichtstark.com\/rb_wp\/wp-content\/uploads\/2015\/12\/HZ-Rosenburg-FotografinDoreliesHofer-017-495x400.jpg' width='495' height='400'  title='HZ-Rosenburg-FotografinDoreliesHofer-017' alt='' \/><\/a> <a href='http:\/\/work25.lichtstark.com\/rb_wp\/wp-content\/uploads\/2015\/12\/HZ-Rosenburg-FotografinDoreliesHofer-015-686x1030.jpg' data-rel='gallery-1' data-prev-img='http:\/\/work25.lichtstark.com\/rb_wp\/wp-content\/uploads\/2015\/12\/HZ-Rosenburg-FotografinDoreliesHofer-015-495x400.jpg' class='lightbox ' data-onclick='4' title=''  itemprop=\"thumbnailUrl\" ><img  src='http:\/\/work25.lichtstark.com\/rb_wp\/wp-content\/uploads\/2015\/12\/HZ-Rosenburg-FotografinDoreliesHofer-015-495x400.jpg' width='495' height='400'  title='HZ-Rosenburg-FotografinDoreliesHofer-015' alt='' \/><\/a> <a href='http:\/\/work25.lichtstark.com\/rb_wp\/wp-content\/uploads\/2015\/12\/HZ-Rosenburg-FotografinDoreliesHofer-018-1030x686.jpg' data-rel='gallery-1' data-prev-img='http:\/\/work25.lichtstark.com\/rb_wp\/wp-content\/uploads\/2015\/12\/HZ-Rosenburg-FotografinDoreliesHofer-018-495x400.jpg' class='lightbox ' data-onclick='5' title=''  itemprop=\"thumbnailUrl\" ><img  src='http:\/\/work25.lichtstark.com\/rb_wp\/wp-content\/uploads\/2015\/12\/HZ-Rosenburg-FotografinDoreliesHofer-018-495x400.jpg' width='495' height='400'  title='HZ-Rosenburg-FotografinDoreliesHofer-018' alt='' \/><\/a> <a href='http:\/\/work25.lichtstark.com\/rb_wp\/wp-content\/uploads\/2015\/12\/HZ-Rosenburg-FotografinDoreliesHofer-020-1030x686.jpg' data-rel='gallery-1' data-prev-img='http:\/\/work25.lichtstark.com\/rb_wp\/wp-content\/uploads\/2015\/12\/HZ-Rosenburg-FotografinDoreliesHofer-020-495x400.jpg' class='lightbox ' data-onclick='6' title=''  itemprop=\"thumbnailUrl\" ><img  src='http:\/\/work25.lichtstark.com\/rb_wp\/wp-content\/uploads\/2015\/12\/HZ-Rosenburg-FotografinDoreliesHofer-020-495x400.jpg' width='495' height='400'  title='HZ-Rosenburg-FotografinDoreliesHofer-020' alt='' \/><\/a> <a href='http:\/\/work25.lichtstark.com\/rb_wp\/wp-content\/uploads\/2015\/12\/HZ-Rosenburg-FotografinDoreliesHofer-011-1030x686.jpg' data-rel='gallery-1' data-prev-img='http:\/\/work25.lichtstark.com\/rb_wp\/wp-content\/uploads\/2015\/12\/HZ-Rosenburg-FotografinDoreliesHofer-011-495x400.jpg' class='lightbox ' data-onclick='7' title=''  itemprop=\"thumbnailUrl\" ><img  src='http:\/\/work25.lichtstark.com\/rb_wp\/wp-content\/uploads\/2015\/12\/HZ-Rosenburg-FotografinDoreliesHofer-011-495x400.jpg' width='495' height='400'  title='HZ-Rosenburg-FotografinDoreliesHofer-011' alt='' \/><\/a> <a href='http:\/\/work25.lichtstark.com\/rb_wp\/wp-content\/uploads\/2015\/12\/HZ-Rosenburg-FotografinDoreliesHofer-012-686x1030.jpg' data-rel='gallery-1' data-prev-img='http:\/\/work25.lichtstark.com\/rb_wp\/wp-content\/uploads\/2015\/12\/HZ-Rosenburg-FotografinDoreliesHofer-012-495x400.jpg' class='lightbox ' data-onclick='8' title=''  itemprop=\"thumbnailUrl\" ><img  src='http:\/\/work25.lichtstark.com\/rb_wp\/wp-content\/uploads\/2015\/12\/HZ-Rosenburg-FotografinDoreliesHofer-012-495x400.jpg' width='495' height='400'  title='HZ-Rosenburg-FotografinDoreliesHofer-012' alt='' \/><\/a> <a href='http:\/\/work25.lichtstark.com\/rb_wp\/wp-content\/uploads\/2015\/12\/HZ-Rosenburg-FotografinDoreliesHofer-013-1030x686.jpg' data-rel='gallery-1' data-prev-img='http:\/\/work25.lichtstark.com\/rb_wp\/wp-content\/uploads\/2015\/12\/HZ-Rosenburg-FotografinDoreliesHofer-013-495x400.jpg' class='first_thumb lightbox ' data-onclick='9' title=''  itemprop=\"thumbnailUrl\" ><img  src='http:\/\/work25.lichtstark.com\/rb_wp\/wp-content\/uploads\/2015\/12\/HZ-Rosenburg-FotografinDoreliesHofer-013-495x400.jpg' width='495' height='400'  title='HZ-Rosenburg-FotografinDoreliesHofer-013' alt='' \/><\/a> <a href='http:\/\/work25.lichtstark.com\/rb_wp\/wp-content\/uploads\/2015\/12\/HZ-Rosenburg-FotografinDoreliesHofer-014-1030x686.jpg' data-rel='gallery-1' data-prev-img='http:\/\/work25.lichtstark.com\/rb_wp\/wp-content\/uploads\/2015\/12\/HZ-Rosenburg-FotografinDoreliesHofer-014-495x400.jpg' class='lightbox ' data-onclick='10' title=''  itemprop=\"thumbnailUrl\" ><img  src='http:\/\/work25.lichtstark.com\/rb_wp\/wp-content\/uploads\/2015\/12\/HZ-Rosenburg-FotografinDoreliesHofer-014-495x400.jpg' width='495' height='400'  title='HZ-Rosenburg-FotografinDoreliesHofer-014' alt='' \/><\/a> <a href='http:\/\/work25.lichtstark.com\/rb_wp\/wp-content\/uploads\/2015\/12\/HZ-Rosenburg-FotografinDoreliesHofer-004-1030x686.jpg' data-rel='gallery-1' data-prev-img='http:\/\/work25.lichtstark.com\/rb_wp\/wp-content\/uploads\/2015\/12\/HZ-Rosenburg-FotografinDoreliesHofer-004-495x400.jpg' class='lightbox ' data-onclick='11' title=''  itemprop=\"thumbnailUrl\" ><img  src='http:\/\/work25.lichtstark.com\/rb_wp\/wp-content\/uploads\/2015\/12\/HZ-Rosenburg-FotografinDoreliesHofer-004-495x400.jpg' width='495' height='400'  title='HZ-Rosenburg-FotografinDoreliesHofer-004' alt='' \/><\/a> <a href='http:\/\/work25.lichtstark.com\/rb_wp\/wp-content\/uploads\/2015\/12\/HZ-Rosenburg-FotografinDoreliesHofer-005-1030x686.jpg' data-rel='gallery-1' data-prev-img='http:\/\/work25.lichtstark.com\/rb_wp\/wp-content\/uploads\/2015\/12\/HZ-Rosenburg-FotografinDoreliesHofer-005-495x400.jpg' class='lightbox ' data-onclick='12' title=''  itemprop=\"thumbnailUrl\" ><img  src='http:\/\/work25.lichtstark.com\/rb_wp\/wp-content\/uploads\/2015\/12\/HZ-Rosenburg-FotografinDoreliesHofer-005-495x400.jpg' width='495' height='400'  title='HZ-Rosenburg-FotografinDoreliesHofer-005' alt='' \/><\/a> <a href='http:\/\/work25.lichtstark.com\/rb_wp\/wp-content\/uploads\/2015\/12\/HZ-Rosenburg-FotografinDoreliesHofer-009-686x1030.jpg' data-rel='gallery-1' data-prev-img='http:\/\/work25.lichtstark.com\/rb_wp\/wp-content\/uploads\/2015\/12\/HZ-Rosenburg-FotografinDoreliesHofer-009-495x400.jpg' class='lightbox ' data-onclick='13' title=''  itemprop=\"thumbnailUrl\" ><img  src='http:\/\/work25.lichtstark.com\/rb_wp\/wp-content\/uploads\/2015\/12\/HZ-Rosenburg-FotografinDoreliesHofer-009-495x400.jpg' width='495' height='400'  title='HZ-Rosenburg-FotografinDoreliesHofer-009' alt='' \/><\/a> <a href='http:\/\/work25.lichtstark.com\/rb_wp\/wp-content\/uploads\/2015\/12\/HZ-Rosenburg-FotografinDoreliesHofer-007-1030x686.jpg' data-rel='gallery-1' data-prev-img='http:\/\/work25.lichtstark.com\/rb_wp\/wp-content\/uploads\/2015\/12\/HZ-Rosenburg-FotografinDoreliesHofer-007-495x400.jpg' class='lightbox ' data-onclick='14' title=''  itemprop=\"thumbnailUrl\" ><img  src='http:\/\/work25.lichtstark.com\/rb_wp\/wp-content\/uploads\/2015\/12\/HZ-Rosenburg-FotografinDoreliesHofer-007-495x400.jpg' width='495' height='400'  title='HZ-Rosenburg-FotografinDoreliesHofer-007' alt='' \/><\/a> <a href='http:\/\/work25.lichtstark.com\/rb_wp\/wp-content\/uploads\/2015\/12\/HZ-Rosenburg-FotografinDoreliesHofer-008-1030x686.jpg' data-rel='gallery-1' data-prev-img='http:\/\/work25.lichtstark.com\/rb_wp\/wp-content\/uploads\/2015\/12\/HZ-Rosenburg-FotografinDoreliesHofer-008-495x400.jpg' class='lightbox ' data-onclick='15' title=''  itemprop=\"thumbnailUrl\" ><img  src='http:\/\/work25.lichtstark.com\/rb_wp\/wp-content\/uploads\/2015\/12\/HZ-Rosenburg-FotografinDoreliesHofer-008-495x400.jpg' width='495' height='400'  title='HZ-Rosenburg-FotografinDoreliesHofer-008' alt='' \/><\/a> <a href='http:\/\/work25.lichtstark.com\/rb_wp\/wp-content\/uploads\/2015\/12\/HZ-Rosenburg-FotografinDoreliesHofer-006-686x1030.jpg' data-rel='gallery-1' data-prev-img='http:\/\/work25.lichtstark.com\/rb_wp\/wp-content\/uploads\/2015\/12\/HZ-Rosenburg-FotografinDoreliesHofer-006-495x400.jpg' class='lightbox ' data-onclick='16' title=''  itemprop=\"thumbnailUrl\" ><img  src='http:\/\/work25.lichtstark.com\/rb_wp\/wp-content\/uploads\/2015\/12\/HZ-Rosenburg-FotografinDoreliesHofer-006-495x400.jpg' width='495' height='400'  title='HZ-Rosenburg-FotografinDoreliesHofer-006' alt='' \/><\/a><\/div><\/div><br \/>\n<section class=\"av_textblock_section \"  itemscope=\"itemscope\" itemtype=\"https:\/\/schema.org\/CreativeWork\" ><div class='avia_textblock  '   itemprop=\"text\" ><p style=\"text-align: right;\"><a href=\"http:\/\/dorelieshofer.com\/\" target=\"_blank\" rel=\"noopener\">Fotos: Dorelies Hofer<\/a><\/p>\n<\/div><\/section><\/p><\/div>\n<div class=\"flex_column av_one_half  flex_column_div av-zero-column-padding first  \" style='border-radius:0px; '><section class=\"avia_codeblock_section  avia_code_block_0\"  itemscope=\"itemscope\" itemtype=\"https:\/\/schema.org\/CreativeWork\" ><div class='avia_codeblock '  itemprop=\"text\" > [avia_codeblock_placeholder uid=\"0\"] <\/div><\/section><\/div>\n<div  class='hr hr-full hr-shadow  '><span class='hr-inner ' ><span class='hr-inner-style'><\/span><\/span><\/div>\n","protected":false},"excerpt":{"rendered":"","protected":false},"author":2,"featured_media":0,"parent":0,"menu_order":0,"comment_status":"closed","ping_status":"closed","template":"","meta":[],"_links":{"self":[{"href":"http:\/\/work25.lichtstark.com\/rb_wp\/cs\/wp-json\/wp\/v2\/pages\/2329"}],"collection":[{"href":"http:\/\/work25.lichtstark.com\/rb_wp\/cs\/wp-json\/wp\/v2\/pages"}],"about":[{"href":"http:\/\/work25.lichtstark.com\/rb_wp\/cs\/wp-json\/wp\/v2\/types\/page"}],"author":[{"embeddable":true,"href":"http:\/\/work25.lichtstark.com\/rb_wp\/cs\/wp-json\/wp\/v2\/users\/2"}],"replies":[{"embeddable":true,"href":"http:\/\/work25.lichtstark.com\/rb_wp\/cs\/wp-json\/wp\/v2\/comments?post=2329"}],"version-history":[{"count":8,"href":"http:\/\/work25.lichtstark.com\/rb_wp\/cs\/wp-json\/wp\/v2\/pages\/2329\/revisions"}],"predecessor-version":[{"id":11806,"href":"http:\/\/work25.lichtstark.com\/rb_wp\/cs\/wp-json\/wp\/v2\/pages\/2329\/revisions\/11806"}],"wp:attachment":[{"href":"http:\/\/work25.lichtstark.com\/rb_wp\/cs\/wp-json\/wp\/v2\/media?parent=2329"}],"curies":[{"name":"wp","href":"https:\/\/api.w.org\/{rel}","templated":true}]}}