{"id":2320,"date":"2016-05-02T13:12:27","date_gmt":"2016-05-02T11:12:27","guid":{"rendered":"http:\/\/work25.lichtstark.com\/rb_wp\/cs\/?page_id=2320"},"modified":"2016-05-02T13:13:35","modified_gmt":"2016-05-02T11:13:35","slug":"zazit-sokolnictvi","status":"publish","type":"page","link":"http:\/\/work25.lichtstark.com\/rb_wp\/cs\/zazit-sokolnictvi\/","title":{"rendered":"Za\u017e\u00edt sokolnictv\u00ed"},"content":{"rendered":"<\/div><\/div><\/div><!-- close content main div --><\/div><\/div><div id='av_section_1' class='avia-section main_color avia-section-default avia-shadow avia-full-stretch avia-bg-style-scroll   av-minimum-height av-minimum-height-custom container_wrap fullsize' style = 'background-repeat: no-repeat; background-image: url(http:\/\/work25.lichtstark.com\/rb_wp\/wp-content\/uploads\/2015\/12\/falkner_garja\u00a9lichtstark_5034.jpg); background-attachment: scroll; background-position: center center; ' data-section-bg-repeat='stretch' ><div class='container' style='height:350px'><div class='template-page content  av-content-full alpha units'><div class='post-entry post-entry-type-page post-entry-2320'><div class='entry-content-wrapper clearfix'>\n<div class=\"flex_column av_one_full  flex_column_div av-zero-column-padding first  \" style='border-radius:0px; '><p><div style='padding-bottom:10px;' class='av-special-heading av-special-heading-h1  blockquote modern-quote  '><div class ='av-subheading av-subheading_above  ' style='font-size:15px;'><p>Z\u00e1\u017eitkov\u00e9 bal\u00ed\u010dky pro zainteresovan\u00e9 n\u00e1v\u0161t\u011bvn\u00edky<\/p>\n<\/div><h1 class='av-special-heading-tag '  itemprop=\"headline\"  >Za\u017e\u00edt sokolnictv\u00ed<\/h1><div class='special-heading-border'><div class='special-heading-inner-border' ><\/div><\/div><\/div><br \/>\n<section class=\"av_textblock_section \"  itemscope=\"itemscope\" itemtype=\"https:\/\/schema.org\/CreativeWork\" ><div class='avia_textblock  '   itemprop=\"text\" ><p style=\"text-align: left;\">Pod t\u00edmto heslem nab\u00edzej\u00ed sokolnice a sokoln\u00edci ze z\u00e1mku Rosenburg celou \u0159adu z\u00e1\u017eitk\u016f spojen\u00fdch s\u00a0jejich prac\u00ed s\u00a0drav\u00fdmi pt\u00e1ky.<\/p>\n<\/div><\/section><br \/>\n<div  class='hr hr-short hr-center  '><span class='hr-inner ' ><span class='hr-inner-style'><\/span><\/span><\/div><\/p><\/div>\n<div class=\"flex_column av_one_half  flex_column_div av-zero-column-padding first  \" style='border-radius:0px; '><section class=\"av_textblock_section \"  itemscope=\"itemscope\" itemtype=\"https:\/\/schema.org\/CreativeWork\" ><div class='avia_textblock  '   itemprop=\"text\" ><h4>Za\u017e\u00edt den sokoln\u00edka<\/h4>\n<p>Doprov\u00e1zejte na\u0161e sokolnice a sokoln\u00edky po cel\u00fd den p\u0159i jejich pr\u00e1ci na Rosenburgu. Za\u017eijte drav\u00e9 pt\u00e1ky z\u00a0bezprost\u0159edn\u00ed bl\u00edzkosti a poci\u0165te jejich s\u00edlu, ladnost a eleganci.<br \/>\n<strong>Darujte d\u00e1rkov\u00fd poukaz na:<\/strong> Za\u017e\u00edt sokolnictv\u00ed!<br \/>\nTato nab\u00eddka je k\u00a0dispozici b\u011bhem sez\u00f3ny v\u00a0otev\u00edrac\u00ed doby.<\/p>\n<\/div><\/section><br \/>\n<div class=\"togglecontainer   toggle_close_all \" >\n<section class=\"av_toggle_section\"  itemscope=\"itemscope\" itemtype=\"https:\/\/schema.org\/CreativeWork\"  >    <div class=\"single_toggle\" data-tags=\"{All} \"  >        <p data-fake-id=\"#toggle-id-1\" class=\"toggler \"  itemprop=\"headline\"  >Informace: Za\u017e\u00edt den sokoln\u00edka<span class=\"toggle_icon\" >        <span class=\"vert_icon\"><\/span><span class=\"hor_icon\"><\/span><\/span><\/p>        <div id=\"toggle-id-1-container\" class=\"toggle_wrap \"  >            <div class=\"toggle_content invers-color \"  itemprop=\"text\"   ><p><strong>Cena:<\/strong>\u00a0 \u20ac 140,00 za osobu<br \/>\n<strong>Ur\u010deno pro:<\/strong> Dosp\u011bl\u00e9 a tak\u00e9 pro d\u011bti od 10 let<br \/>\n<span style=\"color: #000000;\"><strong>Informace, rezervace, d\u00e1rkov\u00e9 poukazy:<\/strong><br \/>\n<a href=\"http:\/\/work25.lichtstark.com\/rb_wp\/index.php\/anfrageformular-falkenhof\/\" target=\"_blank\"> Prost\u0159ednictv\u00ed formul\u00e1\u0159e \u21d2<\/a> nebo na tel. \u010d\u00edsle + 43 664 874 18 49<\/span><\/p>\n            <\/div>        <\/div>    <\/div><\/section>\n<\/div><\/p><\/div>\n<div class=\"flex_column av_one_half  flex_column_div   \" style='padding:50 0px 0px 0px ; border-radius:0px; '><section class=\"av_textblock_section \"  itemscope=\"itemscope\" itemtype=\"https:\/\/schema.org\/CreativeWork\" ><div class='avia_textblock  '   itemprop=\"text\" ><h4>Pono\u0159te se do sokolnictv\u00ed<\/h4>\n<p>Poznejte b\u011bhem odpoledne na\u0161e drav\u00e9 pt\u00e1ky a z\u00e1kladn\u00ed pravidla sokolnictv\u00ed. Pom\u00e1hejte p\u0159i\u00a0ka\u017edodenn\u00edm v\u00fdcviku.<br \/>\n<strong>Darujte d\u00e1rkov\u00e9 poukazy na:<\/strong> Pono\u0159te se do sokolnictv\u00ed.<br \/>\nTato nab\u00eddka plat\u00ed po cel\u00fd rok.<\/p>\n<\/div><\/section><br \/>\n<div class=\"togglecontainer   toggle_close_all \" >\n<section class=\"av_toggle_section\"  itemscope=\"itemscope\" itemtype=\"https:\/\/schema.org\/CreativeWork\"  >    <div class=\"single_toggle\" data-tags=\"{All} \"  >        <p data-fake-id=\"#toggle-id-2\" class=\"toggler \"  itemprop=\"headline\"  >Informace: Pono\u0159te se do sokolnictv\u00ed<span class=\"toggle_icon\" >        <span class=\"vert_icon\"><\/span><span class=\"hor_icon\"><\/span><\/span><\/p>        <div id=\"toggle-id-2-container\" class=\"toggle_wrap \"  >            <div class=\"toggle_content invers-color \"  itemprop=\"text\"   ><p><strong>Cena:<\/strong> \u20ac 160,- za osobu<br \/>\n<strong>Ur\u010deno:<\/strong> pro dosp\u011bl\u00e9 a tak\u00e9 pro d\u011bti od 15 let<br \/>\n<strong>Informace, rezervace, d\u00e1rkov\u00e9 poukazy:<\/strong><br \/>\n<a href=\"http:\/\/work25.lichtstark.com\/rb_wp\/index.php\/anfrageformular-falkenhof\/\" target=\"_blank\"> Prost\u0159ednictv\u00edm formul\u00e1\u0159e \u21d2<\/a> nebo na tel. \u010d\u00edsle + 43 664 874 18 49<\/p>\n            <\/div>        <\/div>    <\/div><\/section>\n<\/div><\/p><\/div>\n<div class=\"flex_column av_one_half  flex_column_div av-zero-column-padding first  \" style='border-radius:0px; '><section class=\"av_textblock_section \"  itemscope=\"itemscope\" itemtype=\"https:\/\/schema.org\/CreativeWork\" ><div class='avia_textblock  '   itemprop=\"text\" ><h4>Fotopoint: Nechte se vyfotit s\u00a0drav\u00fdm pt\u00e1kem<\/h4>\n<p>Uk\u00e1\u017eeme V\u00e1m jak spr\u00e1vn\u011b dr\u017eet drav\u00e9ho pt\u00e1ka na ruce. M\u016f\u017eete si p\u016fj\u010dit kost\u00fdm a octnout se v\u00a0roli sokoln\u00edka.<br \/>\nPotom dojde k\u00a0po\u0159\u00edzen\u00ed fotografi\u00ed Va\u0161im vlastn\u00edm fotoapar\u00e1tem.<br \/>\n<strong>Darujte d\u00e1rkov\u00e9 poukazy na<\/strong>: Fotopoint, nechte se vyfotit s\u00a0drav\u00fdm pt\u00e1kem.<br \/>\nTato nab\u00eddka plat\u00ed b\u011bhem cel\u00e9ho roku.<\/p>\n<\/div><\/section><br \/>\n<div class=\"togglecontainer   toggle_close_all \" >\n<section class=\"av_toggle_section\"  itemscope=\"itemscope\" itemtype=\"https:\/\/schema.org\/CreativeWork\"  >    <div class=\"single_toggle\" data-tags=\"{All} \"  >        <p data-fake-id=\"#toggle-id-3\" class=\"toggler \"  itemprop=\"headline\"  >Informace: Fotopoint: Nechte se vyfotit s drav\u00fdm pt\u00e1kem<span class=\"toggle_icon\" >        <span class=\"vert_icon\"><\/span><span class=\"hor_icon\"><\/span><\/span><\/p>        <div id=\"toggle-id-3-container\" class=\"toggle_wrap \"  >            <div class=\"toggle_content invers-color \"  itemprop=\"text\"   ><p><strong>Varianty:<\/strong><br \/>\n<span style=\"color: #000000;\"><strong>cena s kon\u011bm: <\/strong>\u20ac 40,00 za osobu<strong><br \/>\ncena bez kon\u011b: <\/strong>\u20ac 20,00 za osobu<strong><br \/>\nDoba trv\u00e1n\u00ed: <\/strong>cca. 1,5 hodiny p\u0159ed nebo po p\u0159ehl\u00eddce let\u016f<strong><br \/>\nUr\u010deno: <\/strong>Pro dosp\u011bl\u00e9 a tak\u00e9 pro d\u011bti od 10 let<strong><br \/>\nInformace, rezervace, d\u00e1rkov\u00e9 poukazy:<br \/>\n<\/strong><a href=\"http:\/\/work25.lichtstark.com\/rb_wp\/index.php\/anfrageformular-falkenhof\/\" target=\"_blank\"> Prost\u0159ednictv\u00edm formul\u00e1\u0159e\u21d2<\/a> nebo na tel. \u010d\u00edsle: + 43 664 874 18 49<\/span><\/p>\n            <\/div>        <\/div>    <\/div><\/section>\n<\/div><\/p><\/div>\n<div class=\"flex_column av_one_half  flex_column_div av-zero-column-padding   \" style='border-radius:0px; '><section class=\"av_textblock_section \"  itemscope=\"itemscope\" itemtype=\"https:\/\/schema.org\/CreativeWork\" ><div class='avia_textblock  '   itemprop=\"text\" ><h4>Fotografick\u00fd workshop<\/h4>\n<p>Workshop pro nad\u0161en\u00e9 fotografy<br \/>\nV\u00a0tomto workshopu z\u00edsk\u00e1te mo\u017enost, vyfotit si tyto n\u00e1dhern\u00e9, voln\u011b poletuj\u00edc\u00ed drav\u00e9 pt\u00e1ky a p\u0159ed historick\u00fdm pozad\u00edm z\u00e1mku Rosenburg.<\/p>\n<p>Z\u00e1b\u011bry let\u016f r\u016fzn\u00fdch drav\u00fdch pt\u00e1k\u016f v\u010detn\u011b detailn\u00edch sn\u00edmk\u016f t\u011bchto ohromuj\u00edc\u00edch tvor\u016f poskytnou v\u00fdjime\u010dn\u00e9 fotky pro amat\u00e9rsk\u00e9 a profesion\u00e1ln\u00ed fotografy nebo \u010dleny fotografick\u00fdch spolk\u016f.<br \/>\n<strong>Darujte d\u00e1rkov\u00e9 poukazy na:<\/strong> Fotoworkshop<br \/>\nTato nab\u00eddka plat\u00ed po cel\u00fd rok.<\/p>\n<\/div><\/section><br \/>\n<div class=\"togglecontainer   toggle_close_all \" >\n<section class=\"av_toggle_section\"  itemscope=\"itemscope\" itemtype=\"https:\/\/schema.org\/CreativeWork\"  >    <div class=\"single_toggle\" data-tags=\"{All} \"  >        <p data-fake-id=\"#toggle-id-4\" class=\"toggler \"  itemprop=\"headline\"  >Informace: Fotoworkshop<span class=\"toggle_icon\" >        <span class=\"vert_icon\"><\/span><span class=\"hor_icon\"><\/span><\/span><\/p>        <div id=\"toggle-id-4-container\" class=\"toggle_wrap \"  >            <div class=\"toggle_content invers-color \"  itemprop=\"text\"   ><p><strong>Cena:<\/strong> Podle doby trv\u00e1n\u00ed a po\u010dtu osob a drav\u00fdch pt\u00e1k\u016f.<br \/>\n<strong>Informace, rezervace, d\u00e1rkov\u00e9 poukazy na:<\/strong><br \/>\n<span style=\"color: #000000;\"> <a style=\"color: #000000;\" href=\"http:\/\/www.fotostrecke.eu\/greifvogel-fotoworkshop\/\" target=\"_blank\">www.fotostrecke.eu<\/a><\/span><\/p>\n            <\/div>        <\/div>    <\/div><\/section>\n<\/div><\/p><\/div><div class=\"flex_column av_one_half  flex_column_div av-zero-column-padding first  \" style='border-radius:0px; '><section class=\"av_textblock_section \"  itemscope=\"itemscope\" itemtype=\"https:\/\/schema.org\/CreativeWork\" ><div class='avia_textblock  '   itemprop=\"text\" ><h4>Sokolnictv\u00ed pro \u0161koly a \u0161kolky<\/h4>\n<p>Speci\u00e1ln\u011b pro \u0161koly a \u0161kolky nab\u00edz\u00edme dodate\u010dn\u011b k\u00a0denn\u00edm p\u0159ehl\u00eddk\u00e1m tak\u00e9 prohl\u00eddku Muzea sokolnictv\u00ed, chovn\u00e9 stanice a laborato\u0159e. Tam d\u011bti z\u00edskaj\u00ed, zp\u016fsobem p\u0159im\u011b\u0159en\u00fdm jejich v\u011bku, podrobn\u00e9 informace o drav\u00fdch pt\u00e1c\u00edch, o jejich historii, ka\u017edodenn\u00edm programu, chovu, p\u00e9\u010di, zv\u00ed\u0159ec\u00edch znac\u00edch a mnoho dal\u0161\u00edho.<br \/>\nTato nab\u00eddka plat\u00ed po cel\u00fd rok.<\/p>\n<\/div><\/section><br \/>\n<div class=\"togglecontainer   toggle_close_all \" >\n<section class=\"av_toggle_section\"  itemscope=\"itemscope\" itemtype=\"https:\/\/schema.org\/CreativeWork\"  >    <div class=\"single_toggle\" data-tags=\"{All} \"  >        <p data-fake-id=\"#toggle-id-5\" class=\"toggler \"  itemprop=\"headline\"  >Informace: Sokolnictv\u00ed pro \u0161koly a \u0161kolky<span class=\"toggle_icon\" >        <span class=\"vert_icon\"><\/span><span class=\"hor_icon\"><\/span><\/span><\/p>        <div id=\"toggle-id-5-container\" class=\"toggle_wrap \"  >            <div class=\"toggle_content invers-color \"  itemprop=\"text\"   ><p><span style=\"color: #000000;\"><strong>Cena:<\/strong> Dohodou, podle rozsahu, doby trv\u00e1n\u00ed a po\u010dtu p\u0159ihl\u00e1\u0161en\u00fdch osob<br \/>\n<strong>Informace, rezervace, d\u00e1rkov\u00e9 poukazy:<\/strong><br \/>\n<a href=\"http:\/\/work25.lichtstark.com\/rb_wp\/index.php\/anfrageformular-falkenhof\/\" target=\"_blank\"> Prost\u0159ednictv\u00edm formul\u00e1\u0159e\u21d2<\/a> nebo na tel. \u010d\u00edsle + 43 664 874 18 49<\/span><\/p>\n            <\/div>        <\/div>    <\/div><\/section>\n<\/div><\/p><\/div><\/p>\n<div class=\"flex_column av_one_half  flex_column_div av-zero-column-padding   \" style='border-radius:0px; '><section class=\"av_textblock_section \"  itemscope=\"itemscope\" itemtype=\"https:\/\/schema.org\/CreativeWork\" ><div class='avia_textblock  '   itemprop=\"text\" ><h4>Narozeninov\u00e1 oslava s drav\u00fdmi pt\u00e1ky na z\u00e1mku Rosenburg<\/h4>\n<p>M\u00e1te narozeniny?! R\u00e1di V\u00e1m b\u011bhem p\u0159ehl\u00eddky let\u016f osobn\u011b pogratulujeme a p\u0159ekvap\u00edme V\u00e1s d\u00e1rkem.<br \/>\nPot\u00e9 obdr\u017e\u00edte Vy a Va\u0161i host\u00e9 soukromou prohl\u00eddku s\u00a0prohl\u00eddkou voli\u00e9r a chovn\u00e9 stanice.<br \/>\n<strong>Darujte d\u00e1rkov\u00e9 poukazy na:<\/strong> Narozeninov\u00e1 oslava s\u00a0drav\u00fdmi pt\u00e1ky na z\u00e1mku Rosenburg.<\/p>\n<p>Tato nab\u00eddka plat\u00ed po celou sez\u00f3nu a v\u00a0otev\u00edrac\u00ed dob\u011b.<\/p>\n<\/div><\/section><br \/>\n<div class=\"togglecontainer   toggle_close_all \" >\n<section class=\"av_toggle_section\"  itemscope=\"itemscope\" itemtype=\"https:\/\/schema.org\/CreativeWork\"  >    <div class=\"single_toggle\" data-tags=\"{All} \"  >        <p data-fake-id=\"#toggle-id-6\" class=\"toggler \"  itemprop=\"headline\"  >Informace: Narozeninov\u00e1 oslava s drav\u00fdmi pt\u00e1ky na Rosenburgu<span class=\"toggle_icon\" >        <span class=\"vert_icon\"><\/span><span class=\"hor_icon\"><\/span><\/span><\/p>        <div id=\"toggle-id-6-container\" class=\"toggle_wrap \"  >            <div class=\"toggle_content invers-color \"  itemprop=\"text\"   ><p><strong>Cena:<\/strong> \u20ac 40,00<br \/>\n<strong>Ur\u010deno:<\/strong> pro dosp\u011bl\u00e9 a tak\u00e9 pro mal\u00e9 d\u011bti a mladistv\u00e9<br \/>\n<strong>Informace, rezervace, d\u00e1rkov\u00e9 poukazy:<\/strong><span style=\"color: #000000;\"><br \/>\n<a href=\"http:\/\/work25.lichtstark.com\/rb_wp\/index.php\/anfrageformular-falkenhof\/\" target=\"_blank\"> Prost\u0159ednictv\u00edm formul\u00e1\u0159e \u21d2<\/a> nebo na tel. \u010d\u00edsle + 43 664 874 18 49<\/span><\/p>\n            <\/div>        <\/div>    <\/div><\/section>\n<\/div><\/p><\/div>\n<div style=' margin-top:30px; margin-bottom:30px;'  class='hr hr-custom hr-center hr-icon-no  '><span class='hr-inner   inner-border-av-border-none' style=' width:50px;' ><span class='hr-inner-style'><\/span><\/span><\/div>\n<div style='padding-bottom:10px;' class='av-special-heading av-special-heading-h2  blockquote modern-quote modern-centered   '><h2 class='av-special-heading-tag '  itemprop=\"headline\"  >Pro profesion\u00e1ln\u00ed sokoln\u00edky <\/h2><div class ='av-subheading av-subheading_below  ' style='font-size:15px;'><p>nebo osoby se z\u00e1jmem o sokolnictv\u00ed<\/p>\n<\/div><div class='special-heading-border'><div class='special-heading-inner-border' ><\/div><\/div><\/div>\n<div style=' margin-top:15px; margin-bottom:15px;'  class='hr hr-custom hr-center hr-icon-no  '><span class='hr-inner   inner-border-av-border-none' style=' width:50px;' ><span class='hr-inner-style'><\/span><\/span><\/div>\n<div class=\"flex_column av_one_half  flex_column_div av-zero-column-padding first  \" style='border-radius:0px; '><section class=\"av_textblock_section \"  itemscope=\"itemscope\" itemtype=\"https:\/\/schema.org\/CreativeWork\" ><div class='avia_textblock  '   itemprop=\"text\" ><h4>Orienta\u010dn\u00ed kurz sokolnictv\u00ed<\/h4>\n<p>Nab\u00edz\u00edme v\u00e1m t\u0159\u00eddenn\u00ed kurz pro za\u010d\u00ednaj\u00edc\u00ed sokoln\u00edky se sokolnickou zkou\u0161kou, nebo bez n\u00ed.<br \/>\nObsah kurzu: Informace s\u00a0praktick\u00fdmi cvi\u010den\u00edmi v oblasti chovu drav\u00fdch pt\u00e1k\u016f, sokolnick\u00fdch pom\u016fcek, pr\u00e1vn\u00edho r\u00e1mce, zach\u00e1zen\u00ed s\u00a0drav\u00fdmi pt\u00e1ky a\u017e po v\u00fdcvik let\u016f r\u016fzn\u00fdch drav\u00fdch pt\u00e1k\u016f.<br \/>\n<strong>Darujte d\u00e1rkov\u00e9 poukazy na:<\/strong> Orienta\u010dn\u00ed kurz sokolnictv\u00ed<\/p>\n<p>Tato nab\u00eddka plat\u00ed po cel\u00fd rok.<\/p>\n<\/div><\/section><br \/>\n<div class=\"togglecontainer   toggle_close_all \" >\n<section class=\"av_toggle_section\"  itemscope=\"itemscope\" itemtype=\"https:\/\/schema.org\/CreativeWork\"  >    <div class=\"single_toggle\" data-tags=\"{All} \"  >        <p data-fake-id=\"#toggle-id-7\" class=\"toggler \"  itemprop=\"headline\"  >Informace: Orienta\u010dn\u00ed kurz sokolnictv\u00ed<span class=\"toggle_icon\" >        <span class=\"vert_icon\"><\/span><span class=\"hor_icon\"><\/span><\/span><\/p>        <div id=\"toggle-id-7-container\" class=\"toggle_wrap \"  >            <div class=\"toggle_content invers-color \"  itemprop=\"text\"   ><p><span style=\"color: #000000;\"><strong>Cena:<\/strong> \u20ac 450,00<br \/>\n<strong>Informace, rezervace, d\u00e1rkov\u00e9 poukazy:<\/strong><br \/>\n<a href=\"http:\/\/work25.lichtstark.com\/rb_wp\/index.php\/anfrageformular-falkenhof\/\" target=\"_blank\"> Prost\u0159ednictv\u00edm formul\u00e1\u0159e \u21d2<\/a> nebo na tel. \u010d\u00edsle + 43 664 874 18 49<\/span><\/p>\n            <\/div>        <\/div>    <\/div><\/section>\n<\/div><\/p><\/div>\n<div class=\"flex_column av_one_half  flex_column_div av-zero-column-padding   \" style='border-radius:0px; '><section class=\"av_textblock_section \"  itemscope=\"itemscope\" itemtype=\"https:\/\/schema.org\/CreativeWork\" ><div class='avia_textblock  '   itemprop=\"text\" ><h4>Praktick\u00fd kurz z\u00e1klad\u016f sokolnictv\u00ed<\/h4>\n<p>Jste ji\u017e sokoln\u00edkem nebo m\u00e1te drav\u00e9ho pt\u00e1ka?<br \/>\nZ\u00fa\u010dastn\u011bte se na\u0161eho kurzu a vezm\u011bte sv\u00e9ho pt\u00e1ka sebou. Zprost\u0159edkujeme V\u00e1m informace o p\u00e9\u010di, hygien\u011b, v\u00fdcvikov\u00fdch metod\u00e1ch, znalosti o pom\u016fck\u00e1ch, pr\u00e1vn\u00edm r\u00e1mci a praktick\u00e9 nauce o sokolnictv\u00ed.<\/p>\n<p><strong>Darujte d\u00e1rkov\u00fd poukaz na:<\/strong> Praktick\u00fd kurz z\u00e1klad\u016f sokolnictv\u00ed.<br \/>\nTato nab\u00eddka plat\u00ed od srpna do b\u0159ezna.<\/p>\n<\/div><\/section><br \/>\n<div class=\"togglecontainer   toggle_close_all \" >\n<section class=\"av_toggle_section\"  itemscope=\"itemscope\" itemtype=\"https:\/\/schema.org\/CreativeWork\"  >    <div class=\"single_toggle\" data-tags=\"{All} \"  >        <p data-fake-id=\"#toggle-id-8\" class=\"toggler \"  itemprop=\"headline\"  >Informace: Praktick\u00fd kurz z\u00e1klad\u016f sokolnictv\u00ed<span class=\"toggle_icon\" >        <span class=\"vert_icon\"><\/span><span class=\"hor_icon\"><\/span><\/span><\/p>        <div id=\"toggle-id-8-container\" class=\"toggle_wrap \"  >            <div class=\"toggle_content invers-color \"  itemprop=\"text\"   ><p><span style=\"color: #000000;\"><strong>Cena:<\/strong> \u20ac 800,00<br \/>\n<strong>Doba trv\u00e1n\u00ed:<\/strong> 5 dn\u00ed<br \/>\n<strong>Informace, rezervace, d\u00e1rkov\u00e9 poukazy:<\/strong><br \/>\n<a href=\"http:\/\/work25.lichtstark.com\/rb_wp\/index.php\/anfrageformular-falkenhof\/\" target=\"_blank\"> Prost\u0159ednictv\u00edm formul\u00e1\u0159e \u21d2<\/a> nebo na tel. \u010d\u00edsle + 43 664 874 18 49<\/span><\/p>\n<p><span style=\"color: #000000;\">Tento bal\u00ed\u010dek je mo\u017en\u00e9 si zvolit i na del\u0161\u00ed dobu a podle dohody.<\/span><\/p>\n            <\/div>        <\/div>    <\/div><\/section>\n<\/div><\/p><\/div>\n<div style=' margin-top:30px; margin-bottom:30px;'  class='hr hr-custom hr-center hr-icon-no  '><span class='hr-inner   inner-border-av-border-none' style=' width:50px;' ><span class='hr-inner-style'><\/span><\/span><\/div>\n","protected":false},"excerpt":{"rendered":"","protected":false},"author":2,"featured_media":0,"parent":0,"menu_order":0,"comment_status":"closed","ping_status":"closed","template":"","meta":[],"_links":{"self":[{"href":"http:\/\/work25.lichtstark.com\/rb_wp\/cs\/wp-json\/wp\/v2\/pages\/2320"}],"collection":[{"href":"http:\/\/work25.lichtstark.com\/rb_wp\/cs\/wp-json\/wp\/v2\/pages"}],"about":[{"href":"http:\/\/work25.lichtstark.com\/rb_wp\/cs\/wp-json\/wp\/v2\/types\/page"}],"author":[{"embeddable":true,"href":"http:\/\/work25.lichtstark.com\/rb_wp\/cs\/wp-json\/wp\/v2\/users\/2"}],"replies":[{"embeddable":true,"href":"http:\/\/work25.lichtstark.com\/rb_wp\/cs\/wp-json\/wp\/v2\/comments?post=2320"}],"version-history":[{"count":4,"href":"http:\/\/work25.lichtstark.com\/rb_wp\/cs\/wp-json\/wp\/v2\/pages\/2320\/revisions"}],"predecessor-version":[{"id":2463,"href":"http:\/\/work25.lichtstark.com\/rb_wp\/cs\/wp-json\/wp\/v2\/pages\/2320\/revisions\/2463"}],"wp:attachment":[{"href":"http:\/\/work25.lichtstark.com\/rb_wp\/cs\/wp-json\/wp\/v2\/media?parent=2320"}],"curies":[{"name":"wp","href":"https:\/\/api.w.org\/{rel}","templated":true}]}}