{"id":2318,"date":"2017-03-14T15:32:09","date_gmt":"2017-03-14T14:32:09","guid":{"rendered":"http:\/\/work25.lichtstark.com\/rb_wp\/cs\/?page_id=2318"},"modified":"2017-05-04T14:01:17","modified_gmt":"2017-05-04T12:01:17","slug":"muzeum-sokolnictvi","status":"publish","type":"page","link":"http:\/\/work25.lichtstark.com\/rb_wp\/cs\/muzeum-sokolnictvi\/","title":{"rendered":"Muzeum sokolnictv\u00ed"},"content":{"rendered":"<\/div><\/div><\/div><!-- close content main div --><\/div><\/div><div id='av_section_1' class='avia-section main_color avia-section-default avia-shadow avia-full-stretch avia-bg-style-scroll   av-minimum-height av-minimum-height-custom container_wrap fullsize' style = 'background-repeat: no-repeat; background-image: url(http:\/\/work25.lichtstark.com\/rb_wp\/wp-content\/uploads\/2015\/12\/falknerei_2605\u00a9RfW_lichtstark.jpg); background-attachment: scroll; background-position: center center; ' data-section-bg-repeat='stretch' ><div class='container' style='height:350px'><div class='template-page content  av-content-full alpha units'><div class='post-entry post-entry-type-page post-entry-2318'><div class='entry-content-wrapper clearfix'>\n<div class=\"flex_column av_one_full  flex_column_div av-zero-column-padding first  \" style='border-radius:0px; '><p><div style='padding-bottom:10px;' class='av-special-heading av-special-heading-h1  blockquote modern-quote  '><div class ='av-subheading av-subheading_above  ' style='font-size:15px;'><p>D\u011bjiny sokolnictv\u00ed<\/p>\n<\/div><h1 class='av-special-heading-tag '  itemprop=\"headline\"  >Muzeum sokolnictv\u00ed<\/h1><div class='special-heading-border'><div class='special-heading-inner-border' ><\/div><\/div><\/div><br \/>\n<section class=\"av_textblock_section \"  itemscope=\"itemscope\" itemtype=\"https:\/\/schema.org\/CreativeWork\" ><div class='avia_textblock  '   itemprop=\"text\" ><p style=\"text-align: left;\">V\u00a0muzeu sokolnictv\u00ed na z\u00e1mku Rosenburg se n\u00e1v\u0161t\u011bvn\u00edk sezn\u00e1m\u00ed s\u00a0pr\u016f\u0159ezem d\u011bjin sokolnictv\u00ed. K\u00a0vid\u011bn\u00ed je krom\u011b skv\u011ble zachovan\u00fdch exempl\u00e1\u0159\u016f star\u00fdch od\u011bv\u016f tak\u00e9 cel\u00e1 \u0159ada preparovan\u00fdch dravc\u016f.<\/p>\n<\/div><\/section><br \/>\n<div  class='hr hr-short hr-center  '><span class='hr-inner ' ><span class='hr-inner-style'><\/span><\/span><\/div><\/p><\/div>\n<div class=\"flex_column av_one_half  flex_column_div av-zero-column-padding first  \" style='border-radius:0px; '><section class=\"av_textblock_section \"  itemscope=\"itemscope\" itemtype=\"https:\/\/schema.org\/CreativeWork\" ><div class='avia_textblock  '   itemprop=\"text\" ><blockquote>\n<p><strong>Prohl\u00eddky se sokoln\u00edkem Muzeem sokolnictv\u00ed<br \/>\n<\/strong>V n\u00e1vaznosti na p\u0159ehl\u00eddku let\u016f historick\u00e9ho sokolnictv\u00ed V\u00e1s sokoln\u00edk \u010di sokolnice provede Muzeem sokolnictv\u00ed. Pr\u016fvodce od 15 osob na m\u00edst\u011b nebo po p\u0159edchoz\u00ed domluv\u011b.<br \/>\nPoplatek: \u20ac 4,00 za osobu \/ St\u0159 \u2013 Ne: 16:00 hodin<strong><br \/>\n<\/strong><\/p>\n<p><strong>Informace a objedn\u00e1n\u00ed p\u0159edem<\/strong><br \/>\nTel.: + 43 664 874 18 49 oder +43\u00a02982 2911<\/p>\n<\/blockquote>\n<\/div><\/section><\/div><div class=\"flex_column av_two_fifth  flex_column_div av-zero-column-padding   \" style='border-radius:0px; '><div  class='avia-video avia-video-16-9   '  itemprop=\"video\" itemtype=\"https:\/\/schema.org\/VideoObject\" ><div class='avia-iframe-wrap'><iframe width=\"1500\" height=\"844\" src=\"https:\/\/www.youtube.com\/embed\/1Q0dVyNWAbA?feature=oembed\" frameborder=\"0\" allowfullscreen><\/iframe><\/div><\/div><\/div><\/p>\n<div class=\"flex_column av_two_fifth  flex_column_div av-zero-column-padding first  \" style='border-radius:0px; '><div class='avia-gallery  avia-gallery-1 deactivate_avia_lazyload avia_animate_when_visible '  itemprop=\"ImageObject\" itemscope=\"itemscope\" itemtype=\"https:\/\/schema.org\/ImageObject\" ><a class='avia-gallery-big fakeLightbox lightbox avia-gallery-big-crop-thumb ' href='http:\/\/work25.lichtstark.com\/rb_wp\/wp-content\/uploads\/2015\/12\/FW_2535\u00a9RfW_lichtstark-1030x687.jpg'  data-onclick='1' title='' ><span class='avia-gallery-big-inner'  itemprop=\"thumbnailUrl\" >\t<img width='495' height='400' src='http:\/\/work25.lichtstark.com\/rb_wp\/wp-content\/uploads\/2015\/12\/FW_2535\u00a9RfW_lichtstark-495x400.jpg' title='_FW_2535\u00a9RfW_lichtstark' alt='' \/><\/span><\/a><div class='avia-gallery-thumb'> <a href='http:\/\/work25.lichtstark.com\/rb_wp\/wp-content\/uploads\/2015\/12\/FW_2535\u00a9RfW_lichtstark-1030x687.jpg' data-rel='gallery-1' data-prev-img='http:\/\/work25.lichtstark.com\/rb_wp\/wp-content\/uploads\/2015\/12\/FW_2535\u00a9RfW_lichtstark-495x400.jpg' class='first_thumb lightbox ' data-onclick='1' title=''  itemprop=\"thumbnailUrl\" ><img  src='http:\/\/work25.lichtstark.com\/rb_wp\/wp-content\/uploads\/2015\/12\/FW_2535\u00a9RfW_lichtstark-495x400.jpg' width='495' height='400'  title='_FW_2535\u00a9RfW_lichtstark' alt='' \/><\/a> <a href='http:\/\/work25.lichtstark.com\/rb_wp\/wp-content\/uploads\/2015\/12\/FW_2611\u00a9RfW_lichtstark-1030x687.jpg' data-rel='gallery-1' data-prev-img='http:\/\/work25.lichtstark.com\/rb_wp\/wp-content\/uploads\/2015\/12\/FW_2611\u00a9RfW_lichtstark-495x400.jpg' class='lightbox ' data-onclick='2' title=''  itemprop=\"thumbnailUrl\" ><img  src='http:\/\/work25.lichtstark.com\/rb_wp\/wp-content\/uploads\/2015\/12\/FW_2611\u00a9RfW_lichtstark-495x400.jpg' width='495' height='400'  title='_FW_2611\u00a9RfW_lichtstark' alt='' \/><\/a> <a href='http:\/\/work25.lichtstark.com\/rb_wp\/wp-content\/uploads\/2015\/12\/FW_2541\u00a9RfW_lichtstark-1030x687.jpg' data-rel='gallery-1' data-prev-img='http:\/\/work25.lichtstark.com\/rb_wp\/wp-content\/uploads\/2015\/12\/FW_2541\u00a9RfW_lichtstark-495x400.jpg' class='lightbox ' data-onclick='3' title=''  itemprop=\"thumbnailUrl\" ><img  src='http:\/\/work25.lichtstark.com\/rb_wp\/wp-content\/uploads\/2015\/12\/FW_2541\u00a9RfW_lichtstark-495x400.jpg' width='495' height='400'  title='_FW_2541\u00a9RfW_lichtstark' alt='' \/><\/a> <a href='http:\/\/work25.lichtstark.com\/rb_wp\/wp-content\/uploads\/2015\/12\/FW_2555\u00a9RfW_lichtstark-1030x687.jpg' data-rel='gallery-1' data-prev-img='http:\/\/work25.lichtstark.com\/rb_wp\/wp-content\/uploads\/2015\/12\/FW_2555\u00a9RfW_lichtstark-495x400.jpg' class='lightbox ' data-onclick='4' title=''  itemprop=\"thumbnailUrl\" ><img  src='http:\/\/work25.lichtstark.com\/rb_wp\/wp-content\/uploads\/2015\/12\/FW_2555\u00a9RfW_lichtstark-495x400.jpg' width='495' height='400'  title='_FW_2555\u00a9RfW_lichtstark' alt='' \/><\/a> <a href='http:\/\/work25.lichtstark.com\/rb_wp\/wp-content\/uploads\/2015\/12\/FW_2556\u00a9RfW_lichtstark-1030x687.jpg' data-rel='gallery-1' data-prev-img='http:\/\/work25.lichtstark.com\/rb_wp\/wp-content\/uploads\/2015\/12\/FW_2556\u00a9RfW_lichtstark-495x400.jpg' class='lightbox ' data-onclick='5' title=''  itemprop=\"thumbnailUrl\" ><img  src='http:\/\/work25.lichtstark.com\/rb_wp\/wp-content\/uploads\/2015\/12\/FW_2556\u00a9RfW_lichtstark-495x400.jpg' width='495' height='400'  title='_FW_2556\u00a9RfW_lichtstark' alt='' \/><\/a> <a href='http:\/\/work25.lichtstark.com\/rb_wp\/wp-content\/uploads\/2015\/12\/FW_2562\u00a9RfW_lichtstark-1030x687.jpg' data-rel='gallery-1' data-prev-img='http:\/\/work25.lichtstark.com\/rb_wp\/wp-content\/uploads\/2015\/12\/FW_2562\u00a9RfW_lichtstark-495x400.jpg' class='lightbox ' data-onclick='6' title=''  itemprop=\"thumbnailUrl\" ><img  src='http:\/\/work25.lichtstark.com\/rb_wp\/wp-content\/uploads\/2015\/12\/FW_2562\u00a9RfW_lichtstark-495x400.jpg' width='495' height='400'  title='_FW_2562\u00a9RfW_lichtstark' alt='' \/><\/a> <a href='http:\/\/work25.lichtstark.com\/rb_wp\/wp-content\/uploads\/2015\/12\/FW_2568\u00a9RfW_lichtstark-1030x687.jpg' data-rel='gallery-1' data-prev-img='http:\/\/work25.lichtstark.com\/rb_wp\/wp-content\/uploads\/2015\/12\/FW_2568\u00a9RfW_lichtstark-495x400.jpg' class='lightbox ' data-onclick='7' title='Falknerei Museum Schloss Rosenburg'  itemprop=\"thumbnailUrl\" ><img data-avia-tooltip='Falknerei Museum Schloss Rosenburg' src='http:\/\/work25.lichtstark.com\/rb_wp\/wp-content\/uploads\/2015\/12\/FW_2568\u00a9RfW_lichtstark-495x400.jpg' width='495' height='400'  title='_FW_2568\u00a9RfW_lichtstark' alt='' \/><\/a> <a href='http:\/\/work25.lichtstark.com\/rb_wp\/wp-content\/uploads\/2015\/12\/FW_2571\u00a9RfW_lichtstark-1030x687.jpg' data-rel='gallery-1' data-prev-img='http:\/\/work25.lichtstark.com\/rb_wp\/wp-content\/uploads\/2015\/12\/FW_2571\u00a9RfW_lichtstark-495x400.jpg' class='first_thumb lightbox ' data-onclick='8' title='Falknerei Museum Schloss Rosenburg'  itemprop=\"thumbnailUrl\" ><img data-avia-tooltip='Falknerei Museum Schloss Rosenburg' src='http:\/\/work25.lichtstark.com\/rb_wp\/wp-content\/uploads\/2015\/12\/FW_2571\u00a9RfW_lichtstark-495x400.jpg' width='495' height='400'  title='_FW_2571\u00a9RfW_lichtstark' alt='' \/><\/a> <a href='http:\/\/work25.lichtstark.com\/rb_wp\/wp-content\/uploads\/2015\/12\/FW_2575\u00a9RfW_lichtstark-1030x687.jpg' data-rel='gallery-1' data-prev-img='http:\/\/work25.lichtstark.com\/rb_wp\/wp-content\/uploads\/2015\/12\/FW_2575\u00a9RfW_lichtstark-495x400.jpg' class='lightbox ' data-onclick='9' title=''  itemprop=\"thumbnailUrl\" ><img  src='http:\/\/work25.lichtstark.com\/rb_wp\/wp-content\/uploads\/2015\/12\/FW_2575\u00a9RfW_lichtstark-495x400.jpg' width='495' height='400'  title='_FW_2575\u00a9RfW_lichtstark' alt='' \/><\/a> <a href='http:\/\/work25.lichtstark.com\/rb_wp\/wp-content\/uploads\/2015\/12\/FW_2613\u00a9RfW_lichtstark-1030x687.jpg' data-rel='gallery-1' data-prev-img='http:\/\/work25.lichtstark.com\/rb_wp\/wp-content\/uploads\/2015\/12\/FW_2613\u00a9RfW_lichtstark-495x400.jpg' class='lightbox ' data-onclick='10' title=''  itemprop=\"thumbnailUrl\" ><img  src='http:\/\/work25.lichtstark.com\/rb_wp\/wp-content\/uploads\/2015\/12\/FW_2613\u00a9RfW_lichtstark-495x400.jpg' width='495' height='400'  title='_FW_2613\u00a9RfW_lichtstark' alt='' \/><\/a> <a href='http:\/\/work25.lichtstark.com\/rb_wp\/wp-content\/uploads\/2015\/12\/FW_2578\u00a9RfW_lichtstark-1030x687.jpg' data-rel='gallery-1' data-prev-img='http:\/\/work25.lichtstark.com\/rb_wp\/wp-content\/uploads\/2015\/12\/FW_2578\u00a9RfW_lichtstark-495x400.jpg' class='lightbox ' data-onclick='11' title=''  itemprop=\"thumbnailUrl\" ><img  src='http:\/\/work25.lichtstark.com\/rb_wp\/wp-content\/uploads\/2015\/12\/FW_2578\u00a9RfW_lichtstark-495x400.jpg' width='495' height='400'  title='_FW_2578\u00a9RfW_lichtstark' alt='' \/><\/a> <a href='http:\/\/work25.lichtstark.com\/rb_wp\/wp-content\/uploads\/2015\/12\/FW_2582\u00a9RfW_lichtstark-1030x687.jpg' data-rel='gallery-1' data-prev-img='http:\/\/work25.lichtstark.com\/rb_wp\/wp-content\/uploads\/2015\/12\/FW_2582\u00a9RfW_lichtstark-495x400.jpg' class='lightbox ' data-onclick='12' title=''  itemprop=\"thumbnailUrl\" ><img  src='http:\/\/work25.lichtstark.com\/rb_wp\/wp-content\/uploads\/2015\/12\/FW_2582\u00a9RfW_lichtstark-495x400.jpg' width='495' height='400'  title='_FW_2582\u00a9RfW_lichtstark' alt='' \/><\/a> <a href='http:\/\/work25.lichtstark.com\/rb_wp\/wp-content\/uploads\/2015\/12\/FW_2587\u00a9RfW_lichtstark-1030x687.jpg' data-rel='gallery-1' data-prev-img='http:\/\/work25.lichtstark.com\/rb_wp\/wp-content\/uploads\/2015\/12\/FW_2587\u00a9RfW_lichtstark-495x400.jpg' class='lightbox ' data-onclick='13' title=''  itemprop=\"thumbnailUrl\" ><img  src='http:\/\/work25.lichtstark.com\/rb_wp\/wp-content\/uploads\/2015\/12\/FW_2587\u00a9RfW_lichtstark-495x400.jpg' width='495' height='400'  title='_FW_2587\u00a9RfW_lichtstark' alt='' \/><\/a> <a href='http:\/\/work25.lichtstark.com\/rb_wp\/wp-content\/uploads\/2015\/12\/FW_2591\u00a9RfW_lichtstark-1030x687.jpg' data-rel='gallery-1' data-prev-img='http:\/\/work25.lichtstark.com\/rb_wp\/wp-content\/uploads\/2015\/12\/FW_2591\u00a9RfW_lichtstark-495x400.jpg' class='lightbox ' data-onclick='14' title=''  itemprop=\"thumbnailUrl\" ><img  src='http:\/\/work25.lichtstark.com\/rb_wp\/wp-content\/uploads\/2015\/12\/FW_2591\u00a9RfW_lichtstark-495x400.jpg' width='495' height='400'  title='_FW_2591\u00a9RfW_lichtstark' alt='' \/><\/a> <a href='http:\/\/work25.lichtstark.com\/rb_wp\/wp-content\/uploads\/2015\/12\/FW_2594\u00a9RfW_lichtstark-1030x687.jpg' data-rel='gallery-1' data-prev-img='http:\/\/work25.lichtstark.com\/rb_wp\/wp-content\/uploads\/2015\/12\/FW_2594\u00a9RfW_lichtstark-495x400.jpg' class='first_thumb lightbox ' data-onclick='15' title=''  itemprop=\"thumbnailUrl\" ><img  src='http:\/\/work25.lichtstark.com\/rb_wp\/wp-content\/uploads\/2015\/12\/FW_2594\u00a9RfW_lichtstark-495x400.jpg' width='495' height='400'  title='_FW_2594\u00a9RfW_lichtstark' alt='' \/><\/a> <a href='http:\/\/work25.lichtstark.com\/rb_wp\/wp-content\/uploads\/2015\/12\/FW_2596\u00a9RfW_lichtstark-1030x687.jpg' data-rel='gallery-1' data-prev-img='http:\/\/work25.lichtstark.com\/rb_wp\/wp-content\/uploads\/2015\/12\/FW_2596\u00a9RfW_lichtstark-495x400.jpg' class='lightbox ' data-onclick='16' title=''  itemprop=\"thumbnailUrl\" ><img  src='http:\/\/work25.lichtstark.com\/rb_wp\/wp-content\/uploads\/2015\/12\/FW_2596\u00a9RfW_lichtstark-495x400.jpg' width='495' height='400'  title='_FW_2596\u00a9RfW_lichtstark' alt='' \/><\/a> <a href='http:\/\/work25.lichtstark.com\/rb_wp\/wp-content\/uploads\/2015\/12\/FW_2598\u00a9RfW_lichtstark-1030x687.jpg' data-rel='gallery-1' data-prev-img='http:\/\/work25.lichtstark.com\/rb_wp\/wp-content\/uploads\/2015\/12\/FW_2598\u00a9RfW_lichtstark-495x400.jpg' class='lightbox ' data-onclick='17' title=''  itemprop=\"thumbnailUrl\" ><img  src='http:\/\/work25.lichtstark.com\/rb_wp\/wp-content\/uploads\/2015\/12\/FW_2598\u00a9RfW_lichtstark-495x400.jpg' width='495' height='400'  title='_FW_2598\u00a9RfW_lichtstark' alt='' \/><\/a> <a href='http:\/\/work25.lichtstark.com\/rb_wp\/wp-content\/uploads\/2015\/12\/FW_2601\u00a9RfW_lichtstark-1030x687.jpg' data-rel='gallery-1' data-prev-img='http:\/\/work25.lichtstark.com\/rb_wp\/wp-content\/uploads\/2015\/12\/FW_2601\u00a9RfW_lichtstark-495x400.jpg' class='lightbox ' data-onclick='18' title=''  itemprop=\"thumbnailUrl\" ><img  src='http:\/\/work25.lichtstark.com\/rb_wp\/wp-content\/uploads\/2015\/12\/FW_2601\u00a9RfW_lichtstark-495x400.jpg' width='495' height='400'  title='_FW_2601\u00a9RfW_lichtstark' alt='' \/><\/a> <a href='http:\/\/work25.lichtstark.com\/rb_wp\/wp-content\/uploads\/2015\/12\/FW_2606\u00a9RfW_lichtstark-1030x687.jpg' data-rel='gallery-1' data-prev-img='http:\/\/work25.lichtstark.com\/rb_wp\/wp-content\/uploads\/2015\/12\/FW_2606\u00a9RfW_lichtstark-495x400.jpg' class='lightbox ' data-onclick='19' title=''  itemprop=\"thumbnailUrl\" ><img  src='http:\/\/work25.lichtstark.com\/rb_wp\/wp-content\/uploads\/2015\/12\/FW_2606\u00a9RfW_lichtstark-495x400.jpg' width='495' height='400'  title='_FW_2606\u00a9RfW_lichtstark' alt='' \/><\/a> <a href='http:\/\/work25.lichtstark.com\/rb_wp\/wp-content\/uploads\/2015\/12\/FW_2608\u00a9RfW_lichtstark-1030x687.jpg' data-rel='gallery-1' data-prev-img='http:\/\/work25.lichtstark.com\/rb_wp\/wp-content\/uploads\/2015\/12\/FW_2608\u00a9RfW_lichtstark-495x400.jpg' class='lightbox ' data-onclick='20' title=''  itemprop=\"thumbnailUrl\" ><img  src='http:\/\/work25.lichtstark.com\/rb_wp\/wp-content\/uploads\/2015\/12\/FW_2608\u00a9RfW_lichtstark-495x400.jpg' width='495' height='400'  title='_FW_2608\u00a9RfW_lichtstark' alt='' \/><\/a> <a href='http:\/\/work25.lichtstark.com\/rb_wp\/wp-content\/uploads\/2015\/12\/FW_2610\u00a9RfW_lichtstark-1030x687.jpg' data-rel='gallery-1' data-prev-img='http:\/\/work25.lichtstark.com\/rb_wp\/wp-content\/uploads\/2015\/12\/FW_2610\u00a9RfW_lichtstark-495x400.jpg' class='lightbox ' data-onclick='21' title=''  itemprop=\"thumbnailUrl\" ><img  src='http:\/\/work25.lichtstark.com\/rb_wp\/wp-content\/uploads\/2015\/12\/FW_2610\u00a9RfW_lichtstark-495x400.jpg' width='495' height='400'  title='_FW_2610\u00a9RfW_lichtstark' alt='' \/><\/a><\/div><\/div><\/div>\n<div style='height:50px' class='hr hr-invisible  '><span class='hr-inner ' ><span class='hr-inner-style'><\/span><\/span><\/div>\n","protected":false},"excerpt":{"rendered":"","protected":false},"author":2,"featured_media":0,"parent":0,"menu_order":0,"comment_status":"closed","ping_status":"closed","template":"","meta":[],"_links":{"self":[{"href":"http:\/\/work25.lichtstark.com\/rb_wp\/cs\/wp-json\/wp\/v2\/pages\/2318"}],"collection":[{"href":"http:\/\/work25.lichtstark.com\/rb_wp\/cs\/wp-json\/wp\/v2\/pages"}],"about":[{"href":"http:\/\/work25.lichtstark.com\/rb_wp\/cs\/wp-json\/wp\/v2\/types\/page"}],"author":[{"embeddable":true,"href":"http:\/\/work25.lichtstark.com\/rb_wp\/cs\/wp-json\/wp\/v2\/users\/2"}],"replies":[{"embeddable":true,"href":"http:\/\/work25.lichtstark.com\/rb_wp\/cs\/wp-json\/wp\/v2\/comments?post=2318"}],"version-history":[{"count":3,"href":"http:\/\/work25.lichtstark.com\/rb_wp\/cs\/wp-json\/wp\/v2\/pages\/2318\/revisions"}],"predecessor-version":[{"id":3289,"href":"http:\/\/work25.lichtstark.com\/rb_wp\/cs\/wp-json\/wp\/v2\/pages\/2318\/revisions\/3289"}],"wp:attachment":[{"href":"http:\/\/work25.lichtstark.com\/rb_wp\/cs\/wp-json\/wp\/v2\/media?parent=2318"}],"curies":[{"name":"wp","href":"https:\/\/api.w.org\/{rel}","templated":true}]}}