{"id":2316,"date":"2017-03-14T15:32:08","date_gmt":"2017-03-14T14:32:08","guid":{"rendered":"http:\/\/work25.lichtstark.com\/rb_wp\/cs\/?page_id=2316"},"modified":"2020-06-03T11:31:59","modified_gmt":"2020-06-03T09:31:59","slug":"historicke-sokolnictvi","status":"publish","type":"page","link":"http:\/\/work25.lichtstark.com\/rb_wp\/cs\/historicke-sokolnictvi\/","title":{"rendered":"Historick\u00e9 sokolnictv\u00ed"},"content":{"rendered":"<\/div><\/div><\/div><!-- close content main div --><\/div><\/div><div id='av_section_1' class='avia-section main_color avia-section-default avia-shadow avia-full-stretch avia-bg-style-scroll   av-minimum-height av-minimum-height-custom container_wrap fullsize' style = 'background-repeat: no-repeat; background-image: url(http:\/\/work25.lichtstark.com\/rb_wp\/wp-content\/uploads\/2015\/12\/adler\u00a9lichtstark__W153466.jpg); background-attachment: scroll; background-position: center center; ' data-section-bg-repeat='stretch' ><div class='container' style='height:350px'><div class='template-page content  av-content-full alpha units'><div class='post-entry post-entry-type-page post-entry-2316'><div class='entry-content-wrapper clearfix'>\n<div class=\"flex_column av_one_full  flex_column_div av-zero-column-padding first  \" style='border-radius:0px; '><div style='padding-bottom:10px;' class='av-special-heading av-special-heading-h1  blockquote modern-quote  '><div class ='av-subheading av-subheading_above  ' style='font-size:15px;'><p>Sv\u011btov\u00e9 kulturn\u00ed d\u011bdictv\u00ed UNESCO<\/p>\n<\/div><h1 class='av-special-heading-tag '  itemprop=\"headline\"  >Historick\u00e9 sokolnictv\u00ed<\/h1><div class='special-heading-border'><div class='special-heading-inner-border' ><\/div><\/div><\/div><\/div>\n<section class=\"av_textblock_section \"  itemscope=\"itemscope\" itemtype=\"https:\/\/schema.org\/CreativeWork\" ><div class='avia_textblock  '   itemprop=\"text\" ><blockquote>\n<p style=\"text-align: justify;\">Od roku 2012 pat\u0159\u00ed historick\u00e9 sokolnictv\u00ed k\u00a0nehmotn\u00e9ho sv\u011btov\u00e9mu kulturn\u00edmu d\u011bdictv\u00ed.<\/p>\n<\/blockquote>\n<p style=\"text-align: justify;\">Na z\u00e1mku Rosenburg je prastar\u00e1 tradice sokolnictv\u00ed je\u0161t\u011b \u017eiv\u00e1. Sokolnick\u00fd dv\u016fr na z\u00e1mku Rosenburg se leta sna\u017e\u00ed o zachov\u00e1n\u00ed t\u00e9to prastar\u00e9 tradice, p\u0159i kter\u00e9 je mo\u017en\u00e9 p\u0159i venkovn\u00edch uk\u00e1zk\u00e1ch let\u016f na vlastn\u00ed k\u016f\u017ei za\u017e\u00edt leteck\u00e9 um\u011bn\u00ed t\u011bchto majest\u00e1tn\u00edch pt\u00e1k\u016f.<\/p>\n<\/div><\/section>\n<div  class='hr hr-short hr-center  '><span class='hr-inner ' ><span class='hr-inner-style'><\/span><\/span><\/div>\n<div class=\"flex_column av_one_half  flex_column_div av-zero-column-padding first  \" style='border-radius:0px; '><section class=\"av_textblock_section \"  itemscope=\"itemscope\" itemtype=\"https:\/\/schema.org\/CreativeWork\" ><div class='avia_textblock  '   itemprop=\"text\" ><h3>Sokolnick\u00e9 p\u0159ehl\u00eddky<\/h3>\n<p>P\u0159i exkluzivn\u00ed p\u0159ehl\u00eddce dravc\u016f v\u00a0historick\u00fdch kost\u00fdmech za\u017eijete lehkost letu a setk\u00e1te se s\u00a0kr\u00e1lem pov\u011bt\u0159\u00ed. Ji\u017e v\u00a0nejstar\u0161\u00edch dokladech na\u0161\u00ed doby byl orel pova\u017eov\u00e1n za duchovn\u00edho pt\u00e1ka \u2013 setk\u00e1n\u00ed s\u00a0n\u00edm p\u0159in\u00e1\u0161\u00ed \u0161t\u011bst\u00ed.<\/p>\n<p>T\u011b\u017ei\u0161t\u011b pr\u00e1ce na Rosenburgu tvo\u0159\u00ed od roku 1987 krom\u011b v\u0161eobecn\u00e9 nauky o drav\u00fdch pt\u00e1c\u00edch chov a p\u0159edstaven\u00ed historick\u00e9ho sokolnictv\u00ed b\u011bhem p\u0159ehl\u00eddek voln\u00fdch let\u016f.<\/p>\n<p>V\u00a0r\u00e1mci p\u0159ehl\u00eddek se na\u0161i n\u00e1v\u0161t\u011bvn\u00edci dozv\u011bd\u00ed v\u00edce o historick\u00e9m v\u00fdvoji sokolnictv\u00ed, o r\u016fzn\u00fdch chovn\u00fdch programech k\u00a0zachov\u00e1n\u00ed rozmanitosti druh\u016f a o p\u0159irozen\u00e9m chov\u00e1n\u00ed a \u017eivotn\u00edch prost\u0159ed\u00edch r\u016fzn\u00fdch dravc\u016f.<\/p>\n<h4>Udr\u017eiteln\u00e1 loveck\u00e1 tradice<\/h4>\n<p>Sokolnictv\u00ed je prezentov\u00e1no v\u00a0kontextu historick\u00fdch \u00fa\u010del\u016f a tradic. Historick\u00e9 sokolnictv\u00ed je hl\u00e1snou troubou anga\u017eovan\u00e9 ve\u0159ejn\u011b prosp\u011b\u0161n\u00e9 pr\u00e1ce, za zachov\u00e1n\u00ed drav\u00fdch pt\u00e1k\u016f, za zachov\u00e1n\u00ed a vytvo\u0159en\u00ed nov\u00fdch \u017eivotn\u00edch prost\u0159ed\u00ed a pro sokolnictv\u00ed jako udr\u017eiteln\u00fd zp\u016fsob lovu. Na renesan\u010dn\u00edm z\u00e1mku Rosenburg jsou prezentov\u00e1na d\u00edl\u010d\u00ed pr\u00e1ce sokoln\u00edk\u016f v\u00a0renesan\u010dn\u00edch kost\u00fdmech a v\u00a0historick\u00e9m prost\u0159ed\u00ed.<\/p>\n<p>Jako dopln\u011bn\u00ed doporu\u010dujeme n\u00e1v\u0161t\u011bvu muzea sokolnictv\u00ed z\u00e1mku Rosenburg.<\/p>\n<h4><\/h4>\n<\/div><\/section><br \/>\n<div  class='hr hr-short hr-left  '><span class='hr-inner ' ><span class='hr-inner-style'><\/span><\/span><\/div><\/p><\/div>\n<div class=\"flex_column av_one_half  av-animated-generic fade-in  flex_column_div   \" style='padding:50 0px 0px 0px ; border-radius:0px; '><div class='avia-icon-list-container  '><ul class='avia-icon-list avia-icon-list-left av-iconlist-big avia_animate_when_almost_visible'>\n<li><div  style='background-color:#ffffff; border:1px solid #c19a63; color:#c19a63; ' class='iconlist_icon  avia-font-entypo-fontello'><span class='iconlist-char ' aria-hidden='true' data-av_icon='\ue81e' data-av_iconfont='entypo-fontello'><\/span><\/div><article class=\"article-icon-entry \"  itemscope=\"itemscope\" itemtype=\"https:\/\/schema.org\/CreativeWork\" ><div class='iconlist_content_wrap'><header class=\"entry-content-header\"><h4 class='av_iconlist_title iconlist_title  '  itemprop=\"headline\"  >P\u0159ehl\u00eddka dravc\u016f<\/h4><\/header><div class='iconlist_content  '  itemprop=\"text\"  ><p><span style=\"color: #000000;\">Dobra trv\u00e1n\u00ed cca. 40 minut<br \/>\nPr\u00e1ce se sokoly, orly a dal\u0161\u00edmi velk\u00fdmi dravci<\/span><\/p>\n<p><span style=\"color: #000000;\"><strong>P\u0159ehl\u00eddka dravc\u016f<br \/>\n<\/strong>\u201eHistorick\u00e9 sokolnictv\u00ed\u201c renesan\u010dn\u00ed sokolnick\u00fd dv\u016fr z\u00e1mku Rosenburg<br \/>\nV\u017edy v 11:00 a 15:00 hodin.<\/span><\/p>\n<p><strong><span style=\"color: #000000;\">Speci\u00e1ln\u00ed p\u0159ehl\u00eddky \u201eHistorick\u00e9 sokolnictv\u00ed na koni\u201c<br \/>\n<\/span><\/strong><span style=\"color: #000000;\">historick\u00e1 exkurze do st\u0159edov\u011bku a renesance a sokolnictv\u00ed dnes.<\/span><span style=\"color: #000000;\"><br \/>\n<\/span><span style=\"color: #000000;\">V\u017edy prvn\u00ed v\u00edkend v m\u011bs\u00edci (krom\u011b kv\u011btna a \u0159\u00edjna) v 11:00 a 15:00 hodin.<\/span><\/p>\n<p><span style=\"color: #000000;\"><strong>Prohl\u00eddky muzea sokolnictv\u00ed<br \/>\n<\/strong><\/span>V n\u00e1vaznosti na p\u0159ehl\u00eddku let\u016f historick\u00e9ho sokolnictv\u00ed V\u00e1s sokoln\u00edk \u010di sokolnice provede Muzeem sokolnictv\u00ed. Pr\u016fvodce od 15 osob na m\u00edst\u011b nebo po p\u0159edchoz\u00ed domluv\u011b.<\/p>\n<p>Poplatek: : \u20ac 4,00 za osobu \/ St\u0159 \u2013 Ne: 16:00 hodin<span style=\"color: #000000;\"><strong><br \/>\n<\/strong><\/span><\/p>\n<p><span style=\"color: #000000;\">Samoz\u0159ejm\u011b se m\u016f\u017ee uskute\u010dnit p\u0159ehl\u00eddka v\u00fdhradn\u011b pro V\u00e1s a Va\u0161e hosty ve V\u00e1mi ur\u010den\u00e9m term\u00ednu.<\/span><\/p>\n<p>Popt\u00e1vka na<br \/>\n<span style=\"color: #000000;\"> Tel. + 43 664 874 18 49<\/span><br \/>\n<span style=\"color: #000000;\"><a style=\"color: #000000;\" href=\"http:\/\/work25.lichtstark.com\/rb_wp\/index.php\/anfrageformular-falkenhof\/\" target=\"_blank\" rel=\"noopener\"> nebo prost\u0159ednictv\u00edm formul\u00e1\u0159e \u21d2<\/a><\/span><\/p>\n<\/div><\/div><footer class=\"entry-footer\"><\/footer><\/article><div class='iconlist-timeline'><\/div><\/li>\n<\/ul><\/div><\/div>\n<div  data-size='featured'  data-lightbox_size='large'  data-animation='slide'  data-ids='1885'  data-video_counter='0'  data-autoplay='false'  data-bg_slider='false'  data-slide_height=''  data-handle='av_slideshow'  data-interval='5'  data-class=' '  data-css_id=''  data-scroll_down=''  data-control_layout=''  data-custom_markup=''  data-perma_caption=''  data-autoplay_stopper=''  data-image_attachment=''  data-min_height='0px'  data-default-height='28.6666666667'  class='avia-slideshow avia-slideshow-1  av-default-height-applied avia-slideshow-featured av_slideshow   avia-slide-slider '  itemprop=\"ImageObject\" itemscope=\"itemscope\" itemtype=\"https:\/\/schema.org\/ImageObject\" ><ul class='avia-slideshow-inner' style='padding-bottom: 28.6666666667%;'><li  class=' av-single-slide slide-1 ' ><div data-rel='slideshow-1' class='avia-slide-wrap'  ><img src='http:\/\/work25.lichtstark.com\/rb_wp\/wp-content\/uploads\/2015\/12\/besucher-historische-falknerei_FW_7318.jpg' width='1500' height='430' title='besucher historische falknerei_FW_7318' alt=''  itemprop=\"thumbnailUrl\"   \/><\/div><\/li><\/ul><\/div>\n<div class=\"flex_column av_one_half  flex_column_div av-zero-column-padding first  \" style='border-radius:0px; '><section class=\"av_textblock_section \"  itemscope=\"itemscope\" itemtype=\"https:\/\/schema.org\/CreativeWork\" ><div class='avia_textblock  '   itemprop=\"text\" ><h2>Sokolnictv\u00ed na koni<\/h2>\n<p>V\u00a0r\u00e1mci speci\u00e1ln\u00ed p\u0159ehl\u00eddky \u201eSokolnictv\u00ed na koni\u201c maj\u00ed n\u00e1v\u0161t\u011bvn\u00edci mo\u017enost za\u017e\u00edt na vlastn\u00ed k\u016f\u017ei jedine\u010dnou souhru dravc\u016f, kon\u00ed a loveck\u00fdch ps\u016f ve v\u00fdjime\u010dn\u00e9m prost\u0159ed\u00ed z\u00e1mku Rosenburg. Sokoln\u00edci a sokolnice v\u00a0historick\u00fdch kost\u00fdmech nab\u00edzej\u00ed autentick\u00fd n\u00e1hled do sokolnictv\u00ed renesan\u010dn\u00ed doby, kter\u00e1 byla dobou absolutn\u00edho vrcholu rozkv\u011btu evropsk\u00e9ho sokolnictv\u00ed.<\/p>\n<\/div><\/section><\/div>\n<div class=\"flex_column av_one_half  flex_column_div av-zero-column-padding   \" style='border-radius:0px; '><section class=\"av_textblock_section \"  itemscope=\"itemscope\" itemtype=\"https:\/\/schema.org\/CreativeWork\" ><div class='avia_textblock  '   itemprop=\"text\" ><h5>Term\u00edny: Sokolnictv\u00ed na koni<\/h5>\n<\/div><\/section><br \/>\n<div class='avia-data-table-wrap avia_responsive_table'><table class='avia-table avia-data-table avia-table-1  avia_pricing_minimal '  itemscope=\"itemscope\" itemtype=\"https:\/\/schema.org\/Table\" ><tbody><tr class=''><td class='avia-center-col'>Kv\u011btna<\/td><td class='avia-center-col'>\u010dervna<\/td><td class='avia-center-col'>\u010dervence<\/td><td class='avia-center-col'>Srpna<\/td><td class='avia-center-col'>Z\u00e1\u0159\u00ed<\/td><td class='avia-center-col'>\u0159\u00edjen<\/td><\/tr><tr class=''><td class='avia-center-col'>30.<\/td><td class='avia-center-col'>1.<\/td><td class='avia-center-col'>25.<\/td><td class='avia-center-col'>29.<\/td><td class='avia-center-col'>26.<\/td><td class='avia-center-col'><br \/>\n<\/td><\/tr><tr class=''><td class='avia-center-col'>31.<\/td><td class='avia-center-col'>27.<\/td><td class='avia-center-col'>26.<\/td><td class='avia-center-col'>30.<\/td><td class='avia-center-col'>27.<\/td><td class='avia-center-col'>25.<\/td><\/tr><tr class=''><td class='avia-center-col'><\/td><td class='avia-center-col'>28.<\/td><td class='avia-center-col'><\/td><td class='avia-center-col'><\/td><td class='avia-center-col'><\/td><td class='avia-center-col'>26.<\/td><\/tr><\/tbody><\/table><\/div><style type='text\/css'><\/style><\/p><\/div><div class=\"flex_column av_two_fifth  flex_column_div av-zero-column-padding first  \" style='border-radius:0px; '><div class='avia-gallery  avia-gallery-1 avia_lazyload avia_animate_when_visible '  itemprop=\"ImageObject\" itemscope=\"itemscope\" itemtype=\"https:\/\/schema.org\/ImageObject\" ><a class='avia-gallery-big fakeLightbox lightbox avia-gallery-big-crop-thumb ' href='http:\/\/work25.lichtstark.com\/rb_wp\/wp-content\/uploads\/2015\/12\/Lichtstark\u00a9_FW_7552.jpg'  data-onclick='1' title='' ><span class='avia-gallery-big-inner'  itemprop=\"thumbnailUrl\" >\t<img width='495' height='400' src='http:\/\/work25.lichtstark.com\/rb_wp\/wp-content\/uploads\/2015\/12\/Lichtstark\u00a9_FW_7552-495x400.jpg' title='Lichtstark\u00a9_FW_7552' alt='' \/><\/span><\/a><div class='avia-gallery-thumb'> <a href='http:\/\/work25.lichtstark.com\/rb_wp\/wp-content\/uploads\/2015\/12\/Lichtstark\u00a9_FW_7552.jpg' data-rel='gallery-1' data-prev-img='http:\/\/work25.lichtstark.com\/rb_wp\/wp-content\/uploads\/2015\/12\/Lichtstark\u00a9_FW_7552-495x400.jpg' class='first_thumb lightbox ' data-onclick='1' title=''  itemprop=\"thumbnailUrl\" ><img  src='http:\/\/work25.lichtstark.com\/rb_wp\/wp-content\/uploads\/2015\/12\/Lichtstark\u00a9_FW_7552-495x400.jpg' width='495' height='400'  title='Lichtstark\u00a9_FW_7552' alt='' \/><\/a> <a href='http:\/\/work25.lichtstark.com\/rb_wp\/wp-content\/uploads\/2015\/12\/Lichtstark\u00a9_FW_7584.jpg' data-rel='gallery-1' data-prev-img='http:\/\/work25.lichtstark.com\/rb_wp\/wp-content\/uploads\/2015\/12\/Lichtstark\u00a9_FW_7584-495x400.jpg' class='lightbox ' data-onclick='2' title=''  itemprop=\"thumbnailUrl\" ><img  src='http:\/\/work25.lichtstark.com\/rb_wp\/wp-content\/uploads\/2015\/12\/Lichtstark\u00a9_FW_7584-495x400.jpg' width='495' height='400'  title='Lichtstark\u00a9_FW_7584' alt='' \/><\/a> <a href='http:\/\/work25.lichtstark.com\/rb_wp\/wp-content\/uploads\/2015\/12\/Lichtstark\u00a9_FW_7606.jpg' data-rel='gallery-1' data-prev-img='http:\/\/work25.lichtstark.com\/rb_wp\/wp-content\/uploads\/2015\/12\/Lichtstark\u00a9_FW_7606-495x400.jpg' class='lightbox ' data-onclick='3' title=''  itemprop=\"thumbnailUrl\" ><img  src='http:\/\/work25.lichtstark.com\/rb_wp\/wp-content\/uploads\/2015\/12\/Lichtstark\u00a9_FW_7606-495x400.jpg' width='495' height='400'  title='Lichtstark\u00a9_FW_7606' alt='' \/><\/a><\/div><\/div><\/div><\/p>\n","protected":false},"excerpt":{"rendered":"","protected":false},"author":2,"featured_media":0,"parent":0,"menu_order":0,"comment_status":"closed","ping_status":"closed","template":"","meta":[],"_links":{"self":[{"href":"http:\/\/work25.lichtstark.com\/rb_wp\/cs\/wp-json\/wp\/v2\/pages\/2316"}],"collection":[{"href":"http:\/\/work25.lichtstark.com\/rb_wp\/cs\/wp-json\/wp\/v2\/pages"}],"about":[{"href":"http:\/\/work25.lichtstark.com\/rb_wp\/cs\/wp-json\/wp\/v2\/types\/page"}],"author":[{"embeddable":true,"href":"http:\/\/work25.lichtstark.com\/rb_wp\/cs\/wp-json\/wp\/v2\/users\/2"}],"replies":[{"embeddable":true,"href":"http:\/\/work25.lichtstark.com\/rb_wp\/cs\/wp-json\/wp\/v2\/comments?post=2316"}],"version-history":[{"count":6,"href":"http:\/\/work25.lichtstark.com\/rb_wp\/cs\/wp-json\/wp\/v2\/pages\/2316\/revisions"}],"predecessor-version":[{"id":11270,"href":"http:\/\/work25.lichtstark.com\/rb_wp\/cs\/wp-json\/wp\/v2\/pages\/2316\/revisions\/11270"}],"wp:attachment":[{"href":"http:\/\/work25.lichtstark.com\/rb_wp\/cs\/wp-json\/wp\/v2\/media?parent=2316"}],"curies":[{"name":"wp","href":"https:\/\/api.w.org\/{rel}","templated":true}]}}