{"id":2310,"date":"2017-01-31T13:51:14","date_gmt":"2017-01-31T12:51:14","guid":{"rendered":"http:\/\/work25.lichtstark.com\/rb_wp\/cs\/?page_id=2310"},"modified":"2020-06-03T23:50:18","modified_gmt":"2020-06-03T21:50:18","slug":"akce","status":"publish","type":"page","link":"http:\/\/work25.lichtstark.com\/rb_wp\/cs\/akce\/","title":{"rendered":"Akce"},"content":{"rendered":"<\/div><\/div><\/div><!-- close content main div --><\/div><\/div><div id='av_section_1' class='avia-section main_color avia-section-default avia-shadow avia-full-stretch avia-bg-style-scroll   av-minimum-height av-minimum-height-custom container_wrap fullsize' style = 'background-repeat: no-repeat; background-image: url(http:\/\/work25.lichtstark.com\/rb_wp\/wp-content\/uploads\/2015\/12\/Burgtreiben_Panorama2\u00a9lichtstark.jpg); background-attachment: scroll; background-position: center center; ' data-section-bg-repeat='stretch' ><div class='container' style='height:350px'><div class='template-page content  av-content-full alpha units'><div class='post-entry post-entry-type-page post-entry-2310'><div class='entry-content-wrapper clearfix'>\n<div class=\"flex_column av_one_full  flex_column_div av-zero-column-padding first  \" style='border-radius:0px; '><div style='padding-bottom:10px;' class='av-special-heading av-special-heading-h1  blockquote modern-quote  '><div class ='av-subheading av-subheading_above  ' style='font-size:15px;'><p>Autentick\u00e9, nap\u00ednav\u00e9 a r\u016fznorod\u00e9<\/p>\n<\/div><h1 class='av-special-heading-tag '  itemprop=\"headline\"  >Akce<\/h1><div class='special-heading-border'><div class='special-heading-inner-border' ><\/div><\/div><\/div><\/div>\n<section class=\"av_textblock_section \"  itemscope=\"itemscope\" itemtype=\"https:\/\/schema.org\/CreativeWork\" ><div class='avia_textblock  '   itemprop=\"text\" ><p style=\"text-align: left;\">Z\u00e1mek Rosenburg je zn\u00e1m\u00fd sv\u00fdmi autentick\u00fdmi, nap\u00ednav\u00fdmi a r\u016fznorod\u00fdmi akcemi. V\u00a0pr\u016fb\u011bhu sez\u00f3ny se konaj\u00ed akce s\u00a0r\u016fzn\u00fdm tematick\u00fdm zam\u011b\u0159en\u00edm pro celou rodinu a v\u0161echny v\u011bkov\u00e9 Kategorie.<\/p>\n<\/div><\/section>\n<div  class='hr hr-short hr-center  '><span class='hr-inner ' ><span class='hr-inner-style'><\/span><\/span><\/div>\n<div class=\"flex_column av_one_half  flex_column_div av-zero-column-padding first  \" style='border-radius:0px; '><p><section class=\"av_textblock_section \"  itemscope=\"itemscope\" itemtype=\"https:\/\/schema.org\/CreativeWork\" ><div class='avia_textblock  '   itemprop=\"text\" ><p>N\u00e1v\u0161t\u011bva Velikono\u010dn\u00edch trh\u016f regionu Waldviertel na za\u010d\u00e1tku jara, obl\u00edben\u00e9 R\u016f\u017eov\u00e9 a zahradn\u00ed dny pro v\u0161echny milovn\u00edky kv\u011btin, nebo V\u00e1no\u010dn\u00ed trhy regionu Waldviertel se sv\u00fdm neoby\u010dejn\u00fdm ambiente, mno\u017estv\u00edm um\u011bleck\u00fdch \u0159emesln\u00edk\u016f a kulin\u00e1\u0159sk\u00fdch pochoutek regionu nadchne ka\u017ed\u00fdm rokem mno\u017estv\u00ed n\u00e1v\u0161t\u011bvn\u00edk\u016f.<br \/>\nPro v\u0161echny fanou\u0161ky st\u0159edov\u011bk\u00e9ho \u017eivota po\u0159\u00e1d\u00e1me Historick\u00fd hradn\u00ed rej a ryt\u00ed\u0159sk\u00fd turnaj se spektakul\u00e1rn\u00edmi ryt\u00ed\u0159sk\u00fdmi z\u00e1pasy na kon\u00edch. P\u0159itom se Rosenburg prom\u011bn\u00ed na st\u0159edov\u011bk\u00fd hrad, kde m\u016f\u017eete ryt\u00ed\u0159e a pano\u0161e za\u017e\u00edt z\u00a0nejv\u011bt\u0161\u00ed bl\u00edzkosti.<br \/>\nAkce jsou doprov\u00e1zeny kulin\u00e1\u0159sk\u00fdmi specialitami a vhodn\u00fdm r\u00e1mcov\u00fdm programem pro celou rodinu.<\/p>\n<h4><\/h4>\n<\/div><\/section><br \/>\n<div  class='hr hr-short hr-left  '><span class='hr-inner ' ><span class='hr-inner-style'><\/span><\/span><\/div><br \/>\n<section class=\"av_textblock_section \"  itemscope=\"itemscope\" itemtype=\"https:\/\/schema.org\/CreativeWork\" ><div class='avia_textblock  '   itemprop=\"text\" ><p>V na\u0161em kalend\u00e1\u0159i akc\u00ed naleznete nejen na\u0161e vlastn\u00ed akce ale tak\u00e9 term\u00edny pro obl\u00edben\u00e1 j\u00eddla, letn\u00ed divadla nebo r\u016fzn\u00e9 jin\u00e9 v\u00fdstavy. Z\u00edskejte p\u0159ehled!<\/p>\n<\/div><\/section><br \/>\n<div  class='hr hr-short hr-left  '><span class='hr-inner ' ><span class='hr-inner-style'><\/span><\/span><\/div><br \/>\n<section class=\"av_textblock_section \"  itemscope=\"itemscope\" itemtype=\"https:\/\/schema.org\/CreativeWork\" ><div class='avia_textblock  '   itemprop=\"text\" ><p><strong>Registra\u010dn\u00ed podm\u00ednky a informace pro vystavovatele a obchodn\u00edky:<\/strong><br \/>\nInformace pro zaj\u00edmaj\u00edc\u00ed se vystavovatele a obchodn\u00edky, naleznete v sekci ke sta\u017een\u00ed<\/p>\n<\/div><\/section><\/p><\/div>\n<div class=\"flex_column av_one_half  flex_column_div   \" style='padding:50 0px 0px 0px ; border-radius:0px; '><section class=\"av_textblock_section \"  itemscope=\"itemscope\" itemtype=\"https:\/\/schema.org\/CreativeWork\" ><div class='avia_textblock  '   itemprop=\"text\" ><p style=\"text-align: center;\"><span style=\"color: #993300;\"><strong>Nejbli\u017e\u0161\u00ed akce<\/strong><\/span><\/p>\n<\/div><\/section><br \/>\n<\/p><\/div>\n","protected":false},"excerpt":{"rendered":"","protected":false},"author":2,"featured_media":0,"parent":0,"menu_order":0,"comment_status":"closed","ping_status":"closed","template":"","meta":[],"_links":{"self":[{"href":"http:\/\/work25.lichtstark.com\/rb_wp\/cs\/wp-json\/wp\/v2\/pages\/2310"}],"collection":[{"href":"http:\/\/work25.lichtstark.com\/rb_wp\/cs\/wp-json\/wp\/v2\/pages"}],"about":[{"href":"http:\/\/work25.lichtstark.com\/rb_wp\/cs\/wp-json\/wp\/v2\/types\/page"}],"author":[{"embeddable":true,"href":"http:\/\/work25.lichtstark.com\/rb_wp\/cs\/wp-json\/wp\/v2\/users\/2"}],"replies":[{"embeddable":true,"href":"http:\/\/work25.lichtstark.com\/rb_wp\/cs\/wp-json\/wp\/v2\/comments?post=2310"}],"version-history":[{"count":8,"href":"http:\/\/work25.lichtstark.com\/rb_wp\/cs\/wp-json\/wp\/v2\/pages\/2310\/revisions"}],"predecessor-version":[{"id":11358,"href":"http:\/\/work25.lichtstark.com\/rb_wp\/cs\/wp-json\/wp\/v2\/pages\/2310\/revisions\/11358"}],"wp:attachment":[{"href":"http:\/\/work25.lichtstark.com\/rb_wp\/cs\/wp-json\/wp\/v2\/media?parent=2310"}],"curies":[{"name":"wp","href":"https:\/\/api.w.org\/{rel}","templated":true}]}}