{"id":2306,"date":"2017-03-14T15:32:09","date_gmt":"2017-03-14T14:32:09","guid":{"rendered":"http:\/\/work25.lichtstark.com\/rb_wp\/cs\/?page_id=2306"},"modified":"2020-06-08T20:34:39","modified_gmt":"2020-06-08T18:34:39","slug":"kontakt-prijezd","status":"publish","type":"page","link":"http:\/\/work25.lichtstark.com\/rb_wp\/cs\/kontakt-prijezd\/","title":{"rendered":"Kontakt &#038; P\u0159\u00edjezd"},"content":{"rendered":"<\/div><\/div><\/div><!-- close content main div --><\/div><\/div><div id='av_section_1' class='avia-section main_color avia-section-default avia-shadow avia-full-stretch avia-bg-style-scroll   av-minimum-height av-minimum-height-custom container_wrap fullsize' style = 'background-repeat: no-repeat; background-image: url(http:\/\/work25.lichtstark.com\/rb_wp\/wp-content\/uploads\/2015\/12\/besucher-historische-falknerei_FW_7318.jpg); background-attachment: scroll; background-position: center center; ' data-section-bg-repeat='stretch' ><div class='container' style='height:350px'><div class='template-page content  av-content-full alpha units'><div class='post-entry post-entry-type-page post-entry-2306'><div class='entry-content-wrapper clearfix'>\n<div class=\"flex_column av_one_full  flex_column_div av-zero-column-padding first  \" style='border-radius:0px; '><div style='padding-bottom:10px;' class='av-special-heading av-special-heading-h1  blockquote modern-quote  '><div class ='av-subheading av-subheading_above  ' style='font-size:15px;'><p>Renesan\u010dn\u00ed z\u00e1mek Rosenburg<\/p>\n<\/div><h1 class='av-special-heading-tag '  itemprop=\"headline\"  >Kontakt<\/h1><div class='special-heading-border'><div class='special-heading-inner-border' ><\/div><\/div><\/div><\/div>\n<div class=\"flex_column av_one_half  flex_column_div av-zero-column-padding first  \" style='border-radius:0px; '><section class=\"av_textblock_section \"  itemscope=\"itemscope\" itemtype=\"https:\/\/schema.org\/CreativeWork\" ><div class='avia_textblock  '   itemprop=\"text\" ><p class=\"text\"><strong>Renaissanceschloss Rosenburg<\/strong><br \/>\nRosenburg 1<br \/>\n3573 Rosenburg<br \/>\n\u00d6sterreich<\/p>\n<p class=\"text textDivider\">Tel: +43 2982 2911<br \/>\nFax: +43 2982 4511<br \/>\nE-Mail: <a class=\"link\" href=\"mailto:schloss@rosenburg.at\">schloss@rosenburg.at<\/a><\/p>\n<hr \/>\n<p class=\"title textDivider\"><strong>Ohledn\u011b informac\u00ed o svatb\u00e1ch, firemn\u00edch akc\u00edch, plesech, semin\u00e1\u0159\u00edch atd. se pros\u00edm obra\u0165te na:<br \/>\n<\/strong><\/p>\n<p class=\"textUnderline\">Pan\u00ed Maria Widhalm-Pfeiffer<br \/>\nTel: +43 664 855 72 59<br \/>\nE-Mail: <a class=\"link\" href=\"mailto:schloss@rosenburg.at\">schloss@rosenburg.at<\/a><\/p>\n<hr \/>\n<\/div><\/section><br \/>\n<form action=\"http:\/\/work25.lichtstark.com\/rb_wp\/cs\/kontakt-prijezd\/\" method=\"post\"  class=\"avia_ajax_form av-form-labels-visible   av-centered-form   \" data-avia-form-id=\"1\" data-avia-redirect=''><fieldset><h3>Po\u0161li n\u00e1m email<\/h3><p class=' first_form  form_element form_fullwidth' id='element_avia_1_1'><label for=\"avia_1_1\">P\u0159\u00edjmen\u00ed <abbr class=\"required\" title=\"required\">*<\/abbr><\/label> <input name=\"avia_1_1\" class=\"text_input is_empty\" type=\"text\" id=\"avia_1_1\" value=\"\" \/><\/p><p class=' first_form  form_element form_fullwidth' id='element_avia_2_1'><label for=\"avia_2_1\">e-mailem <abbr class=\"required\" title=\"required\">*<\/abbr><\/label> <input name=\"avia_2_1\" class=\"text_input is_email\" type=\"text\" id=\"avia_2_1\" value=\"\" \/><\/p><p class=' first_form  form_element form_fullwidth' id='element_avia_3_1'>\t <label for=\"avia_3_1\" class=\"textare_label hidden textare_label_avia_3_1\">zpr\u00e1va <abbr class=\"required\" title=\"required\">*<\/abbr><\/label>\t <textarea  name=\"avia_3_1\" class=\"text_area is_empty\" cols=\"40\" rows=\"7\" id=\"avia_3_1\" ><\/textarea><\/p><p class=\"hidden\"><input type=\"text\" name=\"avia_4_1\" class=\"hidden \" id=\"avia_4_1\" value=\"\" \/><\/p><p class='' id='element_avia_5_1'>    <span class='value_verifier_label'>0 + 4 = ?<\/span>    <input name=\"avia_5_1_verifier\" type=\"hidden\" id=\"avia_5_1_verifier\" value=\"224387752\"\/><label for=\"avia_5_1\">Please prove that you are human by solving the equation <abbr class=\"required\" title=\"required\">*<\/abbr><\/label>    <input name=\"avia_5_1\" class=\"text_input captcha\" type=\"text\" id=\"avia_5_1\" value=\"\"\/><\/p><p class=\"form_element \"><input type=\"hidden\" value=\"1\" name=\"avia_generated_form1\" \/><input type=\"submit\" value=\"Senden\" class=\"button\"  data-sending-label=\"Sending\"\/><\/p><\/fieldset><\/form><div id=\"ajaxresponse_1\" class=\"ajaxresponse ajaxresponse_1 hidden\"><\/div><\/p><\/div><div class=\"flex_column av_two_fifth  flex_column_div av-zero-column-padding   \" style='border-radius:0px; '><section class=\"av_textblock_section \"  itemscope=\"itemscope\" itemtype=\"https:\/\/schema.org\/CreativeWork\" ><div class='avia_textblock  '   itemprop=\"text\" ><p style=\"text-align: center;\"><span style=\"color: #000000;\"><strong>Do Rosenburgu p\u0159ijedete za hodinu z V\u00eddn\u011b p\u0159es A22 a B4 nebo za 20 minut od Kremsu p\u0159es B34.<\/strong><\/span><\/p>\n<\/div><\/section><br \/>\n<div class='avia-image-container  av-styling- av-hover-grow   avia-align-center '  itemprop=\"ImageObject\" itemscope=\"itemscope\" itemtype=\"https:\/\/schema.org\/ImageObject\"  ><div class='avia-image-container-inner'><img class='avia_image ' src='http:\/\/work25.lichtstark.com\/rb_wp\/wp-content\/uploads\/2015\/12\/Anfahrtsplan-Rosenburg_2015-1-300x288.png' alt='' title='Anfahrtsplan-Rosenburg_2015'   itemprop=\"thumbnailUrl\"  \/><\/div><\/div><br \/>\n<section class=\"av_textblock_section \"  itemscope=\"itemscope\" itemtype=\"https:\/\/schema.org\/CreativeWork\" ><div class='avia_textblock  '   itemprop=\"text\" ><p style=\"text-align: center;\"><strong>Na z\u00e1mek Rosenburg p\u0159ijedete s ve\u0159ejnou m\u011bstskou dopravou:<br \/>\n<\/strong><br \/>\n<strong>S \u00d6BB<\/strong><br \/>\n<strong>Z V\u00eddn\u011b \/Tulln p\u0159ijedete:<\/strong><\/p>\n<p style=\"text-align: center;\">K hradu Rosenburg se dostanete s ve\u0159ejnou m\u011bstskou dopravou Franz Josefs Bahn sm\u011br Krems.<br \/>\nVe stanici Hadersdorf am Kamp p\u0159estoup\u00edte a pojedete s Kamptalbahn sm\u011br Horn\/Sigmundsherberg, a\u017e do Rosenburg.<\/p>\n<p style=\"text-align: center;\"><strong>Od St. P\u00f6lten\/ Krems p\u0159ijedete:<\/strong><br \/>\nJe\u010fte vlakem sm\u011br Horn\/Sigmundgsherberg a vystupte ve stanici Rosenburg.<br \/>\nZde odkaz na \u00d6BB Fahrplansuche<\/p>\n<p style=\"text-align: center;\"><strong>Cesta p\u011b\u0161\u00ed:<\/strong><br \/>\nOd n\u00e1dra\u017e\u00ed Rosenburg vede cesta p\u011b\u0161\u00ed na hrad Rosenburg.<br \/>\nCesta trv\u00e1 ca. 15-20 minut<br \/>\n<a href=\"https:\/\/www.google.com\/maps\/d\/viewer?mid=1rOFbTimmUAsCp45XYS8KbeosGEQ&amp;ll=48.62759486222202%2C15.637499806167616&amp;z=17\" target=\"_blank\" rel=\"noopener\">Zde odkaz na mapu pro cestu p\u011b\u0161\u00ed<\/a><\/p>\n<\/div><\/section><\/p><\/div><\/p>\n","protected":false},"excerpt":{"rendered":"","protected":false},"author":2,"featured_media":0,"parent":0,"menu_order":0,"comment_status":"closed","ping_status":"closed","template":"","meta":[],"_links":{"self":[{"href":"http:\/\/work25.lichtstark.com\/rb_wp\/cs\/wp-json\/wp\/v2\/pages\/2306"}],"collection":[{"href":"http:\/\/work25.lichtstark.com\/rb_wp\/cs\/wp-json\/wp\/v2\/pages"}],"about":[{"href":"http:\/\/work25.lichtstark.com\/rb_wp\/cs\/wp-json\/wp\/v2\/types\/page"}],"author":[{"embeddable":true,"href":"http:\/\/work25.lichtstark.com\/rb_wp\/cs\/wp-json\/wp\/v2\/users\/2"}],"replies":[{"embeddable":true,"href":"http:\/\/work25.lichtstark.com\/rb_wp\/cs\/wp-json\/wp\/v2\/comments?post=2306"}],"version-history":[{"count":9,"href":"http:\/\/work25.lichtstark.com\/rb_wp\/cs\/wp-json\/wp\/v2\/pages\/2306\/revisions"}],"predecessor-version":[{"id":10362,"href":"http:\/\/work25.lichtstark.com\/rb_wp\/cs\/wp-json\/wp\/v2\/pages\/2306\/revisions\/10362"}],"wp:attachment":[{"href":"http:\/\/work25.lichtstark.com\/rb_wp\/cs\/wp-json\/wp\/v2\/media?parent=2306"}],"curies":[{"name":"wp","href":"https:\/\/api.w.org\/{rel}","templated":true}]}}