{"id":2304,"date":"2017-01-31T11:56:39","date_gmt":"2017-01-31T10:56:39","guid":{"rendered":"http:\/\/work25.lichtstark.com\/rb_wp\/cs\/?page_id=2304"},"modified":"2020-06-08T20:22:05","modified_gmt":"2020-06-08T18:22:05","slug":"informace","status":"publish","type":"page","link":"http:\/\/work25.lichtstark.com\/rb_wp\/cs\/informace\/","title":{"rendered":"INFORMACE"},"content":{"rendered":"<\/div><\/div><\/div><!-- close content main div --><\/div><\/div><div id='av_section_1' class='avia-section main_color avia-section-default avia-shadow avia-full-stretch avia-bg-style-scroll   av-minimum-height av-minimum-height-custom container_wrap fullsize' style = 'background-repeat: no-repeat; background-image: url(http:\/\/work25.lichtstark.com\/rb_wp\/wp-content\/uploads\/2015\/12\/lichtstark.com_FW_8145-1500x430.jpg); background-attachment: scroll; background-position: center center; ' data-section-bg-repeat='stretch' ><div class='container' style='height:350px'><div class='template-page content  av-content-full alpha units'><div class='post-entry post-entry-type-page post-entry-2304'><div class='entry-content-wrapper clearfix'>\n<div class=\"flex_column av_one_full  flex_column_div av-zero-column-padding first  \" style='border-radius:0px; '><p><div style='padding-bottom:10px;font-size:30px;' class='av-special-heading av-special-heading-h1  blockquote modern-quote  av-inherit-size '><div class ='av-subheading av-subheading_above  ' style='font-size:15px;'><p>Renesan\u010dn\u00ed z\u00e1mek Rosenburg<\/p>\n<\/div><h1 class='av-special-heading-tag '  itemprop=\"headline\"  >Informace pro n\u00e1v\u0161t\u011bvn\u00edky<\/h1><div class='special-heading-border'><div class='special-heading-inner-border' ><\/div><\/div><\/div><br \/>\n<div  class='hr hr-short hr-center  '><span class='hr-inner ' ><span class='hr-inner-style'><\/span><\/span><\/div><\/p><\/div>\n<div class=\"flex_column av_three_fifth  flex_column_div first  \" style='padding:5 10 5 5 ; border-radius:0px; '><section class=\"av_textblock_section \"  itemscope=\"itemscope\" itemtype=\"https:\/\/schema.org\/CreativeWork\" ><div class='avia_textblock  '   itemprop=\"text\" ><h4>Nejbli\u017e\u0161\u00ed akce:<\/h4>\n<\/div><\/section><br \/>\n<div style=' margin-top:10 px; margin-bottom:0 px;'  class='hr hr-custom hr-left hr-icon-no  '><span class='hr-inner   inner-border-av-border-none' style=' width:50px;' ><span class='hr-inner-style'><\/span><\/span><\/div><br \/>\n<\/p><\/div>\n<div class=\"flex_column av_one_fifth  flex_column_div   \" style='padding:50 0px 0px 0px ; border-radius:0px; '><p><div style=' margin-top:20; margin-bottom:30px;'  class='hr hr-custom hr-left hr-icon-no  '><span class='hr-inner   inner-border-av-border-none' style=' width:50px;' ><span class='hr-inner-style'><\/span><\/span><\/div><br \/>\n<div class='avia-image-container avia_animated_image avia_animate_when_almost_visible fade-in av-styling-    avia-align-center '  itemprop=\"ImageObject\" itemscope=\"itemscope\" itemtype=\"https:\/\/schema.org\/ImageObject\"  ><div class='avia-image-container-inner'><img class='avia_image ' src='http:\/\/work25.lichtstark.com\/rb_wp\/wp-content\/uploads\/2015\/12\/Free-Wi-Fi.gif' alt='Schloss Rosenburg freies WLAN' title='Free-Wi-Fi'   itemprop=\"thumbnailUrl\"  \/><\/div><\/div><\/p><\/div>\n<div class=\"flex_column av_one_fifth  flex_column_div   \" style='padding:50 0px 0px 0px ; border-radius:0px; '><p><div style=' margin-top:20; margin-bottom:30px;'  class='hr hr-custom hr-left hr-icon-no  '><span class='hr-inner   inner-border-av-border-none' style=' width:50px;' ><span class='hr-inner-style'><\/span><\/span><\/div><br \/>\n<div class='avia-image-container avia_animated_image avia_animate_when_almost_visible fade-in av-styling-    avia-align-center '  itemprop=\"ImageObject\" itemscope=\"itemscope\" itemtype=\"https:\/\/schema.org\/ImageObject\"  ><div class='avia-image-container-inner'><img class='avia_image ' src='http:\/\/work25.lichtstark.com\/rb_wp\/wp-content\/uploads\/2015\/12\/Hunde_Willkommmen_2ai_0-80x80.png' alt='' title='Hunde_Willkommmen_2ai_0'   itemprop=\"thumbnailUrl\"  \/><\/div><\/div><br \/>\n<section class=\"av_textblock_section \"  itemscope=\"itemscope\" itemtype=\"https:\/\/schema.org\/CreativeWork\" ><div class='avia_textblock  '  style='font-size:10px; '  itemprop=\"text\" ><p style=\"text-align: center;\"><span style=\"color: #c19a63;\"><br \/>\nPsi jsou povoleno na vod\u00edtku!<\/span><\/p>\n<div>\n<div><\/div>\n<\/div>\n<p style=\"text-align: center;\"><span style=\"color: #c19a63;\">\u00a0<\/span><\/p>\n<\/div><\/section><br \/>\n<div class='avia-image-container  av-styling-    avia-align-center '  itemprop=\"ImageObject\" itemscope=\"itemscope\" itemtype=\"https:\/\/schema.org\/ImageObject\"  ><div class='avia-image-container-inner'><a href='http:\/\/www.top-ausflug.at\/' class='avia_image'   target=\"_blank\" ><img class='avia_image ' src='http:\/\/work25.lichtstark.com\/rb_wp\/wp-content\/uploads\/2015\/12\/Logo_TAZ-80x80.png' alt='' title='Logo_TAZ'  itemprop=\"thumbnailUrl\"  \/><\/a><\/div><\/div><\/p><\/div>\n<div class=\"flex_column av_one_half  flex_column_div first  \" style='padding:50 0px 0px 0px ; border-radius:0px; '><p><span class=\"av_font_icon avia_animate_when_visible  av-icon-style-  avia-icon-pos-left \" style=\"color:#c19a63; border-color:#c19a63;\"><span class='av-icon-char' style='font-size:25px;line-height:25px;' aria-hidden='true' data-av_icon='\ue825' data-av_iconfont='entypo-fontello' ><\/span><\/span><br \/>\n<div style=' margin-top:0px; margin-bottom:5px;'  class='hr hr-custom hr-left hr-icon-no  '><span class='hr-inner   inner-border-av-border-none' style=' width:50px;' ><span class='hr-inner-style'><\/span><\/span><\/div><br \/>\n<section class=\"av_textblock_section \"  itemscope=\"itemscope\" itemtype=\"https:\/\/schema.org\/CreativeWork\" ><div class='avia_textblock  '  style='font-size:15px; '  itemprop=\"text\" ><p><span style=\"color: #ff0000;\"><span style=\"font-family: inherit, serif;\"><span style=\"font-size: large;\"><b>Sez\u00f3na 2020 od 21. kv\u011btna do 31. \u0159\u00edjna <\/b><\/span><\/span><\/span><\/p>\n<h4><span lang=\"cs\">\u00a0<\/span><\/h4>\n<h4><strong>\u00a0<\/strong><\/h4>\n<\/div><\/section><br \/>\n<div class='avia-data-table-wrap avia_responsive_table'><table class='avia-table avia-data-table avia-table-1  avia_pricing_default '  itemscope=\"itemscope\" itemtype=\"https:\/\/schema.org\/Table\" ><tbody><tr class=''><td class=''>Otev\u0159eno<\/td><td class=''>2020<\/td><\/tr><tr class=''><td class=''>Kv\u011bten, \u010derven a \u0159\u00edjen<\/p>\n<p><\/td><td class=''>P\u00e1tek a\u017e ned\u011ble &amp; st\u00e1tn\u00ed sv\u00e1tky<br \/>\nod 9:30 do 17:00<\/td><\/tr><tr class=''><td class=''>\u010dervenec a\u017e z\u00e1\u0159\u00ed<br \/>\n<\/td><td class=''>St\u0159eda a\u017e pond\u011bl\u00ed (\u00fater\u00fd zav\u0159eno)<br \/>\nod 9:30 do 17:00<br \/>\n<\/td><\/tr><tr class=''><td class=''>Platn\u00e9 pro celou sez\u00f3nu<br \/>\n<\/td><td class=''>Po nahl\u00e1\u0161en\u00ed p\u0159edem otev\u0159eme tak\u00e9 mimo n\u00e1v\u0161t\u011bvn\u00ed dobu pro skupinu od 60 osob. B\u011bhem na\u0161\u00ed sez\u00f3ny je n\u00e1\u0161 z\u00e1mek pro V\u00e1s ka\u017ed\u00fd st\u00e1tn\u00ed sv\u00e1tek otev\u0159en. <\/td><\/tr><\/tbody><\/table><\/div><style type='text\/css'><\/style><\/p><\/div>\n<div class=\"flex_column av_one_half  flex_column_div av-zero-column-padding   \" style='border-radius:0px; '><p><div style=' margin-top:30; margin-bottom:30px;'  class='hr hr-custom hr-left hr-icon-no  '><span class='hr-inner   inner-border-av-border-none' style=' width:50px;' ><span class='hr-inner-style'><\/span><\/span><\/div><br \/>\n<section class=\"av_textblock_section \"  itemscope=\"itemscope\" itemtype=\"https:\/\/schema.org\/CreativeWork\" ><div class='avia_textblock  '   itemprop=\"text\" ><h5><strong>Historick\u00e9 sokolnictv\u00ed na koni<\/strong><\/h5>\n<\/div><\/section><br \/>\n<div class='avia-data-table-wrap avia_responsive_table'><table class='avia-table avia-data-table avia-table-2  avia_pricing_minimal '  itemscope=\"itemscope\" itemtype=\"https:\/\/schema.org\/Table\" ><tbody><tr class=''><td class='avia-center-col'>Kv\u011btna<\/td><td class='avia-center-col'>\u010dervna<\/td><td class='avia-center-col'>\u010dervence<\/td><td class='avia-center-col'>Srpna<\/td><td class='avia-center-col'>Z\u00e1\u0159\u00ed<\/td><td class='avia-center-col'>\u0159\u00edjen<\/td><\/tr><tr class=''><td class='avia-center-col'>30.<\/td><td class='avia-center-col'>1.<\/td><td class='avia-center-col'>25.<\/td><td class='avia-center-col'>29.<\/td><td class='avia-center-col'>26.<\/td><td class='avia-center-col'><br \/>\n<\/td><\/tr><tr class=''><td class='avia-center-col'>31.<\/td><td class='avia-center-col'>27.<\/td><td class='avia-center-col'>26.<\/td><td class='avia-center-col'>30.<\/td><td class='avia-center-col'>27.<\/td><td class='avia-center-col'>25.<\/td><\/tr><tr class=''><td class='avia-center-col'><\/td><td class='avia-center-col'>28.<\/td><td class='avia-center-col'><\/td><td class='avia-center-col'><\/td><td class='avia-center-col'><\/td><td class='avia-center-col'>26.<\/td><\/tr><\/tbody><\/table><\/div><style type='text\/css'><\/style><\/p><\/div>\n<div style=' margin-top:50; margin-bottom:30px;'  class='hr hr-custom hr-left hr-icon-no  '><span class='hr-inner   inner-border-av-border-none' style=' width:50px;' ><span class='hr-inner-style'><\/span><\/span><\/div>\n<div class=\"flex_column av_four_fifth  flex_column_div av-zero-column-padding first  \" style='border-radius:0px; '><p><span class=\"av_font_icon avia_animate_when_visible  av-icon-style-  avia-icon-pos-left \" style=\"color:#c19a63; border-color:#c19a63;\"><span class='av-icon-char' style='font-size:25px;line-height:25px;' aria-hidden='true' data-av_icon='\ue849' data-av_iconfont='entypo-fontello' ><\/span><\/span><br \/>\n<div class='avia-data-table-wrap avia_scrollable_table'><table class='avia-table avia-data-table avia-table-3  avia_pricing_minimal '  itemscope=\"itemscope\" itemtype=\"https:\/\/schema.org\/Table\" ><tbody><tr class=''><td class=''>Vstupn\u00e9<\/td><td class=''>V\u010detn\u011b zahrad \/ Uk\u00e1zek sokolnictv\u00ed \/ Muzea sokolnictv\u00ed \/ P\u0159epychov\u00e9 pokoje<br \/>\n<\/td><\/tr><tr class=''><td class=''>Dosp\u011bl\u00ed<\/td><td class=''>EUR 15,00<\/td><\/tr><tr class=''><td class=''>D\u011bti<br \/>\n6 &#8211; 15 let<br \/>\n<\/td><td class=''>EUR 8,00<\/td><\/tr><tr class=''><td class=''>Rodina: 2 Dosp\u011bl\u00ed. s<br \/>\nmax. 2 D\u011bti<\/td><td class=''>EUR 36,00<\/td><\/tr><tr class=''><td class=''>Senio\u0159i od 60 let \/ 65 let s pr\u016fkazem<br \/>\nStudenti do 26 let s pr\u016fkazem<br \/>\nSkupiny od 20 osob<br \/>\nOsoby se zdravotn\u00edm posti\u017een\u00edm s pr\u016fkazem (voln\u00fd vstup pro registrovanou doprovodnou osobu)<\/td><td class=''>EUR 12,00<\/td><\/tr><tr class=''><td class=''>RO\u010cN\u00cd VSTUPENKA<br \/>\nkrom\u011b prohl\u00eddek z\u00e1mku a<br \/>\nhistorick\u00e9ho sokolnictv\u00ed na koni<br \/>\n<\/td><td class=''><\/td><\/tr><tr class=''><td class=''>Dosp\u011bl\u00ed<\/td><td class=''>EUR 50,00<\/td><\/tr><tr class=''><td class=''>D\u011bti<br \/>\n6-15 let<\/td><td class=''>EUR 20,00<\/td><\/tr><tr class=''><td class=''>Rodina<\/td><td class=''>EUR 80,00<\/td><\/tr><\/tbody><\/table><\/div><br \/>\n<div class='avia-data-table-wrap avia_scrollable_table'><table class='avia-table avia-data-table avia-table-4  avia_pricing_minimal '  itemscope=\"itemscope\" itemtype=\"https:\/\/schema.org\/Table\" ><tbody><tr class=''><td class=''>Poplatek<\/td><td class=''>Prohl\u00eddka z\u00e1meck\u00e1 muzeum<\/td><td class=''>Prohl\u00eddka muzea sokolnictv\u00ed<\/td><td class=''>Historick\u00e9 sokolnictv\u00ed na koni<br \/>\n<\/td><\/tr><tr class=''><td class=''>Dosp\u011bl\u00ed<\/td><td class=''>+ EUR 4,00<\/td><td class=''>+ EUR 4,00<\/td><td class=''>+ EUR 5,00<\/td><\/tr><tr class=''><td class=''>D\u011bti<br \/>\n6 &#8211; 15 let<br \/>\n<\/td><td class=''>+ EUR 4,00<\/td><td class=''>+ EUR 4,00<\/td><td class=''>+ EUR 5,00<\/td><\/tr><tr class=''><td class=''>Rodina: 2 Dosp\u011bl\u00ed s<br \/>\nmax. 2 D\u011bti<\/td><td class=''>+ EUR 12,00<\/td><td class=''>+ EUR 12,00<\/td><td class=''>+ EUR 15,00<\/td><\/tr><tr class=''><td class=''>Senio\u0159i, studenti<br \/>\nSkupiny od 20 osob<\/td><td class=''>+ EUR 4,00<\/td><td class=''>+ EUR 4,00<\/td><td class=''>+ EUR 5,00<\/td><\/tr><\/tbody><\/table><\/div><br \/>\n<div class='avia-data-table-wrap avia_scrollable_table'><table class='avia-table avia-data-table avia-table-5  avia_pricing_minimal '  itemscope=\"itemscope\" itemtype=\"https:\/\/schema.org\/Table\" ><tbody><tr class=''><td class=''>Kombinovan\u00e1 vstupenka:<br \/>\nZ\u00e1\u017eitkov\u00fd park<br \/>\na z\u00e1mek Rosenburg<br \/>\n<\/td><td class=''>Denn\u00ed vstupenka<br \/>\nZ\u00e1\u017eitkov\u00fd park<br \/>\na z\u00e1mek Rosenburg<\/td><\/tr><tr class=''><td class=''>D\u011bti 6 &#8211; 9 let<\/td><td class=''>EUR 20,00<\/td><\/tr><tr class=''><td class=''>Mladistv\u00ed 10 &#8211; 18 let<\/td><td class=''>EUR 24,00<\/td><\/tr><tr class=''><td class=''>Dosp\u011bl\u00ed<br \/>\n<\/td><td class=''>EUR 36,00<\/td><\/tr><\/tbody><\/table><\/div><br \/>\n<section class=\"av_textblock_section \"  itemscope=\"itemscope\" itemtype=\"https:\/\/schema.org\/CreativeWork\" ><div class='avia_textblock  '   itemprop=\"text\" ><p>Na z\u00e1mku Rosenburg a tak\u00e9 v Taverne lze platit v\u0161emi b\u011b\u017en\u00fdmi bankovn\u00edmi a kreditn\u00edmi kartami.<\/p>\n<\/div><\/section><br \/>\n<div style=' margin-top:50; margin-bottom:30px;'  class='hr hr-custom hr-left hr-icon-no  '><span class='hr-inner   inner-border-av-border-none' style=' width:50px;' ><span class='hr-inner-style'><\/span><\/span><\/div><br \/>\n<div class='avia-icon-list-container  '><ul class='avia-icon-list avia-icon-list-left av-iconlist-big avia_animate_when_almost_visible'>\n<li><div  style='background-color:#c19a63; ' class='iconlist_icon  avia-font-entypo-fontello'><span class='iconlist-char ' aria-hidden='true' data-av_icon='\ue81f' data-av_iconfont='entypo-fontello'><\/span><\/div><article class=\"article-icon-entry \"  itemscope=\"itemscope\" itemtype=\"https:\/\/schema.org\/CreativeWork\" ><div class='iconlist_content_wrap'><header class=\"entry-content-header\"><\/header><div class='iconlist_content  '  itemprop=\"text\"  ><p><strong>Prohl\u00eddky z\u00e1mku*<\/strong><br \/>\nProhl\u00eddky v n\u011bmeck\u00e9m jazyce b\u011bhem otv\u00edrac\u00ed doby,<\/p>\n<p><span style=\"color: #993300;\"><em><span style=\"font-family: inherit, serif;\"><span style=\"font-size: small;\">*Na z\u00e1klad\u011b aktu\u00e1ln\u00edch z\u00e1konn\u00fdch opat\u0159en\u00ed jsou prohl\u00eddky z\u00e1mku omezen\u00e9.<\/span><\/span><\/em><\/span><\/p>\n<p>v\u017edy v 9:45, 12:00, 13:45 a 16:00<\/p>\n<p>Bezplatn\u00e1 aplikace s audiopr\u016fvodcem nab\u00edz\u00ed mo\u017enost komentovan\u00fdch prohl\u00eddek v n\u011bmeck\u00e9m, \u010desk\u00e9m, anglick\u00e9m a \u0161pan\u011blsk\u00e9m jazyce. Aplikaci si lze st\u00e1hnout na kase nebo p\u0159es domovskou str\u00e1nku. <a href=\"http:\/\/work25.lichtstark.com\/rb_wp\/cs\/app\/\">Odkaz na aplikaci<\/a><\/p>\n<p><strong>P\u0159ehl\u00eddka dravc\u016f<br \/>\n<\/strong>\u201eHistorick\u00e9 sokolnictv\u00ed\u201c renesan\u010dn\u00ed sokolnick\u00fd dv\u016fr Rosenburg<br \/>\nV\u017edy v 11.00 a 15.00 hodin.<\/p>\n<p><strong>Mimo\u0159\u00e1dn\u00e1 uk\u00e1zka \u201e Historick\u00e9 sokolnictv\u00ed na koni\u201c<\/strong><br \/>\nhistorick\u00e1 cesta \u010dasem p\u0159es st\u0159edov\u011bk &amp; renesanci a sokolnictv\u00ed dnes<br \/>\nVe v\u00fdstavn\u00edch dnech (viz v\u00fd\u0161e) v\u017edy v 11:00 a 15:00 hodin<\/p>\n<p><strong>Prohl\u00eddka muzea sokolnictv\u00ed<\/strong><br \/>\nPo letov\u00e9 prohl\u00eddce historick\u00e9ho sokolnictv\u00ed V\u00e1s sokoln\u00edk provede muzeem sokolnictv\u00ed. Prohl\u00eddka od 15 osob na m\u00edst\u011b nebo po p\u0159ede\u0161l\u00e9m p\u0159ihl\u00e1\u0161en\u00edm.P\u0159\u00edplatek: : \u20ac 4,00 za osobu \/ St \u2013 Ne : 16:00 hodin.<\/p>\n<p><strong>Skupinov\u00e9 prohl\u00eddky po domluv\u011b a s registrac\u00ed<br \/>\n<\/strong>Skupinov\u00e9 prohl\u00eddky jsou mo\u017en\u00e9 tak\u00e9 i v angli\u010dtin\u011b, francouz\u0161tin\u011b nebo \u010de\u0161tin\u011b \u2013 nutn\u00e1 registrace.<\/p>\n<p>Vzhledem k velk\u00e9 hodnot\u011b sb\u00edrek a \u010detn\u00fdch unik\u00e1tn\u00edch expon\u00e1tu je v\u00fdstava p\u0159\u00edstupn\u00e1 pouze s pr\u016fvodcem (nen\u00ed zahrnuto v cen\u011b vstupn\u00e9ho).<\/p>\n<p>Muzeum sokolnictv\u00ed a speci\u00e1ln\u00ed v\u00fdstavy lze nav\u0161t\u00edvit i bez osobn\u00edho pr\u016fvodce kdykoliv.<\/p>\n<p>Po p\u0159edchoz\u00ed rezervaci nab\u00edz\u00edme tak\u00e9 osobn\u00ed prohl\u00eddky v jin\u00e9m \u010dase a jazyce (nap\u0159\u00edklad v angli\u010dtin\u011b, \u010de\u0161tin\u011b)<\/p>\n<p>D\u00e1le tak\u00e9 nab\u00edz\u00edme osobn\u00ed prohl\u00eddky: ( od 20 osob, 4 \u20ac za osobu)<\/p>\n<p>\u2022 Mimo\u0159\u00e1dn\u00e1 v\u00fdstava \u201e CESTOVN\u00cd D\u011aN\u00cdKY SE PROBOUZEJ\u00cd K \u017dIVOTU\u201c<br \/>\n\u2022 Muzeum sokolnictv\u00ed<br \/>\n\u2022 Zahrada<br \/>\n\u2022 Sb\u00edrka zbran\u00ed (nejv\u011bt\u0161\u00ed soukrom\u00e1 sb\u00edrka v Doln\u00edm Rakousku)<br \/>\n\u2022 Rodinn\u00e1 prohl\u00eddka<\/p>\n<p><strong>Informace pro voz\u00ed\u010dk\u00e1\u0159e a osoby s posti\u017een\u00edm p\u0159i ch\u016fzi!<\/strong><br \/>\nBohu\u017eel ne v\u0161echny na\u0161e nab\u00eddky jsou bezbari\u00e9rov\u00e9.<br \/>\nKv\u016fli ochran\u011b pam\u00e1tek nejsou \u017e\u00e1dn\u00e9 rampy ani v\u00fdtahy. Do muzejn\u00edch m\u00edstnost\u00ed se dostanete pouze po schodech.<\/p>\n<p><strong>P\u0159\u00edstupn\u00e9 jsou tyto oblasti a nab\u00eddky:<\/strong><br \/>\n\u2022 prohl\u00eddka drav\u00fdch pt\u00e1k\u016f (p\u0159es bo\u010dn\u00ed vchod, pros\u00edm uve\u010fte u kasy)<br \/>\n\u2022 muzeum sokolnictv\u00ed (pozor nach\u00e1zej\u00ed se zde 2 schody)<br \/>\n\u2022 zahrada<br \/>\n\u2022 Taverne<br \/>\n\u2022 Z\u00e1meck\u00e1 hospoda<br \/>\n\u2022 WC \u2013 hradn\u00ed dv\u016fr, parkovi\u0161t\u011b a z\u00e1meck\u00fd hostinec<\/p>\n<p><strong>Mo\u017enost vyu\u017eit\u00ed d\u011btsk\u00e9 p\u0159epravn\u00ed ta\u0161ky<\/strong><br \/>\nNa z\u00e1klad\u011b ochrany pam\u00e1tek nelze prov\u00e9st prohl\u00eddku muzeum s d\u011btsk\u00fdm ko\u010d\u00e1rem. Proto z tohoto d\u016fvodu nab\u00edz\u00edme mo\u017enost vyp\u016fj\u010den\u00ed d\u011btsk\u00e9 nos\u00edc\u00ed ta\u0161ky na pokladn\u011b.<br \/>\nP\u0159epravn\u00ed ta\u0161ku lze vyp\u016fj\u010dit po dobu pobytu na hrad\u011b po p\u0159edlo\u017een\u00ed pr\u016fkazu nebo kauce.<\/p>\n<p><strong>Tisk<\/strong><br \/>\nVoln\u00fd vstup osob s novin\u00e1\u0159sk\u00fdm pr\u016fkazem (inkl.1 doprovodnou osobou)<\/p>\n<p><strong>Vstupn\u00e9<\/strong><br \/>\nvstupn\u00e9 je 100% hrazena na \u00fadr\u017ebu Rosenburgu .<br \/>\nStejn\u011b jako i dnes jsou v\u0161echna opat\u0159en\u00ed financov\u00e1na t\u00e9m\u011b\u0159 na soukrom\u00e9 b\u00e1zi.<br \/>\n\u010c\u00e1st pot\u0159ebn\u00fdch finan\u010dn\u00edch prost\u0159edk\u016f se z\u00edsk\u00e1v\u00e1 pr\u00e1v\u011b ze vstupn\u00e9ho.<\/p>\n<\/div><\/div><footer class=\"entry-footer\"><\/footer><\/article><div class='iconlist-timeline'><\/div><\/li>\n<\/ul><\/div><\/p><\/div><div style=' margin-top:50; margin-bottom:30px;'  class='hr hr-custom hr-left hr-icon-no  '><span class='hr-inner   inner-border-av-border-none' style=' width:50px;' ><span class='hr-inner-style'><\/span><\/span><\/div><\/p>\n","protected":false},"excerpt":{"rendered":"","protected":false},"author":2,"featured_media":0,"parent":0,"menu_order":0,"comment_status":"closed","ping_status":"closed","template":"","meta":[],"_links":{"self":[{"href":"http:\/\/work25.lichtstark.com\/rb_wp\/cs\/wp-json\/wp\/v2\/pages\/2304"}],"collection":[{"href":"http:\/\/work25.lichtstark.com\/rb_wp\/cs\/wp-json\/wp\/v2\/pages"}],"about":[{"href":"http:\/\/work25.lichtstark.com\/rb_wp\/cs\/wp-json\/wp\/v2\/types\/page"}],"author":[{"embeddable":true,"href":"http:\/\/work25.lichtstark.com\/rb_wp\/cs\/wp-json\/wp\/v2\/users\/2"}],"replies":[{"embeddable":true,"href":"http:\/\/work25.lichtstark.com\/rb_wp\/cs\/wp-json\/wp\/v2\/comments?post=2304"}],"version-history":[{"count":31,"href":"http:\/\/work25.lichtstark.com\/rb_wp\/cs\/wp-json\/wp\/v2\/pages\/2304\/revisions"}],"predecessor-version":[{"id":12694,"href":"http:\/\/work25.lichtstark.com\/rb_wp\/cs\/wp-json\/wp\/v2\/pages\/2304\/revisions\/12694"}],"wp:attachment":[{"href":"http:\/\/work25.lichtstark.com\/rb_wp\/cs\/wp-json\/wp\/v2\/media?parent=2304"}],"curies":[{"name":"wp","href":"https:\/\/api.w.org\/{rel}","templated":true}]}}