{"id":2299,"date":"2017-03-14T15:32:08","date_gmt":"2017-03-14T14:32:08","guid":{"rendered":"http:\/\/work25.lichtstark.com\/rb_wp\/cs\/?page_id=2299"},"modified":"2017-05-04T13:53:18","modified_gmt":"2017-05-04T11:53:18","slug":"historie-zamku-rosenburg","status":"publish","type":"page","link":"http:\/\/work25.lichtstark.com\/rb_wp\/cs\/historie-zamku-rosenburg\/","title":{"rendered":"Historie z\u00e1mku Rosenburg"},"content":{"rendered":"<\/div><\/div><\/div><!-- close content main div --><\/div><\/div><div id='av_section_1' class='avia-section main_color avia-section-default avia-shadow avia-full-stretch avia-bg-style-scroll   av-minimum-height av-minimum-height-custom container_wrap fullsize' style = 'background-repeat: no-repeat; background-image: url(http:\/\/work25.lichtstark.com\/rb_wp\/wp-content\/uploads\/2015\/12\/rosenb_V5J4377@lichtstark.jpg); background-attachment: scroll; background-position: center center; ' data-section-bg-repeat='stretch' ><div class='container' style='height:350px'><div class='template-page content  av-content-full alpha units'><div class='post-entry post-entry-type-page post-entry-2299'><div class='entry-content-wrapper clearfix'>\n<div class=\"flex_column av_one_full  flex_column_div av-zero-column-padding first  \" style='border-radius:0px; '><p><div style='padding-bottom:10px;' class='av-special-heading av-special-heading-h1  blockquote modern-quote  '><div class ='av-subheading av-subheading_above  ' style='font-size:15px;'><p>\u010casov\u00fd dokument prom\u011bny<\/p>\n<\/div><h1 class='av-special-heading-tag '  itemprop=\"headline\"  >Historie z\u00e1mku Rosenburg<\/h1><div class='special-heading-border'><div class='special-heading-inner-border' ><\/div><\/div><\/div><br \/>\n<section class=\"av_textblock_section \"  itemscope=\"itemscope\" itemtype=\"https:\/\/schema.org\/CreativeWork\" ><div class='avia_textblock  '   itemprop=\"text\" ><p style=\"text-align: left;\">Region Waldviertel, tich\u00e1, p\u016fvabn\u00e1 krajina, s\u00a0rozs\u00e1hl\u00fdmi souvisl\u00fdmi zalesn\u011bn\u00fdmi plochami, schov\u00e1v\u00e1 ve sv\u00e9 drsn\u00e9 kr\u00e1se mnoho romantick\u00fdch a malebn\u00fdch pam\u011btihodnost\u00ed. Hrady a z\u00e1mky po stalet\u00ed formovali hospod\u00e1\u0159sk\u00fd a soci\u00e1ln\u00ed \u017eivot regionu. Jedn\u00edm z\u00a0nejv\u00fdznamn\u011bj\u0161\u00edch je z\u00e1mek Rosenburg.<\/p>\n<\/div><\/section><br \/>\n<div  class='hr hr-short hr-center  '><span class='hr-inner ' ><span class='hr-inner-style'><\/span><\/span><\/div><\/p><\/div>\n<div class=\"flex_column av_one_half  flex_column_div av-zero-column-padding first  \" style='border-radius:0px; '><p><section class=\"av_textblock_section \"  itemscope=\"itemscope\" itemtype=\"https:\/\/schema.org\/CreativeWork\" ><div class='avia_textblock  '   itemprop=\"text\" ><p><strong>Ji\u017e v\u00a0prehistorick\u00fdch dob\u00e1ch byly velk\u00e9 \u010d\u00e1sti \u00fadol\u00ed \u0159eky Kamp a Hornsk\u00e9 kotliny obl\u00edben\u00fdm m\u00edstem osidlov\u00e1n\u00ed.<\/strong><\/p>\n<p>Je\u0161t\u011b ve st\u0159edov\u011bku byl region Waldviertel sou\u010d\u00e1st\u00ed velk\u00e9ho Severn\u00edho lesa, kter\u00fd odd\u011bloval t\u0159i velk\u00e9 oblasti os\u00eddlen\u00ed, bavorsko-rakouskou dunajskou pl\u00e1\u0148, region Weinviertel (Vinn\u00e1 \u010dtvr\u0165) a ji\u017en\u00ed Moravu a \u010ceskou kotlinu. \u0158eka Kamp plnila v\u00fdznamnou roli dopravn\u00edho spojen\u00ed s\u00a0p\u0159irozenou dopravn\u00ed tepnou \u2013 Dunajem.<\/p>\n<p>Os\u00eddlen\u00ed t\u00e9to t\u011b\u017ece p\u0159\u00edstupn\u00e9 oblasti za\u010dalo asi p\u0159ed 1000 lety pod veden\u00edm babenbersk\u00fdch markrabat. N\u011bkolik vysokosvobodn\u00fdch \u0161lechtick\u00fdch rod\u016f zah\u00e1jilo kolonizaci a zalo\u017eili tak v\u011bt\u0161\u00ed po\u010det hrabstv\u00ed. Markantn\u00edm p\u0159\u00edkladem je v\u00a0oblasti Hornsk\u00e9 kotliny oblast mocn\u00e9ho hrab\u011bte\u00a0 von Poigen-Hohenburg-Wildberg. Kolem roku 1156 byla \u201ePoigsk\u00e1 \u0159\u00ed\u0161e\u201c slou\u010dena s\u00a0Markou pov\u00fd\u0161enou na hrabstv\u00ed a i s \u010derveno-b\u00edlo-\u010derven\u00fdm pruhovan\u00fdm erbem p\u0159evzata Babenberky.<br \/>\nV oblasti hranice Kampu mezi Poigskou \u0159\u00ed\u0161\u00ed a babenbersk\u00fdmi s\u00eddli\u0161ti s\u00a0centry, benedikt\u00fdnsk\u00fd kl\u00e1\u0161ter Altenburg a hradn\u00ed komplex Gars Thunau, byl v\u00a0roce 1175 poprv\u00e9 p\u00edsemn\u011b zm\u00edn\u011bn Rosenburg. Jako majitel byl jmenov\u00e1n n\u011bjak\u00fd Gozwin de Rosenberg, jm\u00e9no, kter\u00e9 rozhodlo i o jeho pojmenov\u00e1n\u00ed.<\/p>\n<\/div><\/section><br \/>\n<div  class='hr hr-default  '><span class='hr-inner ' ><span class='hr-inner-style'><\/span><\/span><\/div><br \/>\n<div class='avia-gallery  avia-gallery-1 avia_lazyload avia_animate_when_visible '  itemprop=\"ImageObject\" itemscope=\"itemscope\" itemtype=\"https:\/\/schema.org\/ImageObject\" ><a class='avia-gallery-big fakeLightbox lightbox avia-gallery-big-crop-thumb ' href='http:\/\/work25.lichtstark.com\/rb_wp\/wp-content\/uploads\/2015\/12\/rosenburg-825x1030.jpg'  data-onclick='1' title='' ><span class='avia-gallery-big-inner'  itemprop=\"thumbnailUrl\" >\t<img width='495' height='400' src='http:\/\/work25.lichtstark.com\/rb_wp\/wp-content\/uploads\/2015\/12\/rosenburg-495x400.jpg' title='rosenburg' alt='' \/><\/span><\/a><div class='avia-gallery-thumb'> <a href='http:\/\/work25.lichtstark.com\/rb_wp\/wp-content\/uploads\/2015\/12\/rosenburg-825x1030.jpg' data-rel='gallery-1' data-prev-img='http:\/\/work25.lichtstark.com\/rb_wp\/wp-content\/uploads\/2015\/12\/rosenburg-495x400.jpg' class='first_thumb lightbox ' data-onclick='1' title=''  itemprop=\"thumbnailUrl\" ><img  src='http:\/\/work25.lichtstark.com\/rb_wp\/wp-content\/uploads\/2015\/12\/rosenburg-495x400.jpg' width='495' height='400'  title='rosenburg' alt='' \/><\/a><\/div><\/div><\/p><\/div><div class=\"flex_column av_one_half  flex_column_div   \" style='padding:50 0px 0px 0px ; border-radius:0px; '><p><section class=\"av_textblock_section \"  itemscope=\"itemscope\" itemtype=\"https:\/\/schema.org\/CreativeWork\" ><div class='avia_textblock  '   itemprop=\"text\" ><p>D\u016eLE\u017dIT\u00c9 UD\u00c1LOSTI<\/p>\n<\/div><\/section><br \/>\n<div class='avia-icon-list-container  '><ul class='avia-icon-list avia-icon-list-left av-iconlist-big avia_animate_when_almost_visible'>\n<li><div  style='background-color:#c19a63; ' class='iconlist_icon  avia-font-entypo-fontello'><span class='iconlist-char ' aria-hidden='true' data-av_icon='\ue828' data-av_iconfont='entypo-fontello'><\/span><\/div><article class=\"article-icon-entry \"  itemscope=\"itemscope\" itemtype=\"https:\/\/schema.org\/CreativeWork\" ><div class='iconlist_content_wrap'><header class=\"entry-content-header\"><h4 class='av_iconlist_title iconlist_title  '  itemprop=\"headline\"  >1175<\/h4><\/header><div class='iconlist_content  '  itemprop=\"text\"  ><p>Prvn\u00ed p\u00edsemn\u00e1 zm\u00ednka \u201eGozwin de Rosenberg\u201c. Rod Rosenberg\u016f ur\u010doval d\u011bjiny hradu Rosenburg do ran\u00e9ho 14. stolet\u00ed.<\/p>\n<\/div><\/div><footer class=\"entry-footer\"><\/footer><\/article><div class='iconlist-timeline'><\/div><\/li>\n<li><div  style='background-color:#c19a63; ' class='iconlist_icon  avia-font-entypo-fontello'><span class='iconlist-char ' aria-hidden='true' data-av_icon='\ue828' data-av_iconfont='entypo-fontello'><\/span><\/div><article class=\"article-icon-entry \"  itemscope=\"itemscope\" itemtype=\"https:\/\/schema.org\/CreativeWork\" ><div class='iconlist_content_wrap'><header class=\"entry-content-header\"><h4 class='av_iconlist_title iconlist_title  '  itemprop=\"headline\"  >1478<\/h4><\/header><div class='iconlist_content  '  itemprop=\"text\"  ><p>Dostavba kaple rodinou Roggendorf.<\/p>\n<\/div><\/div><footer class=\"entry-footer\"><\/footer><\/article><div class='iconlist-timeline'><\/div><\/li>\n<li><div  style='background-color:#c19a63; ' class='iconlist_icon  avia-font-entypo-fontello'><span class='iconlist-char ' aria-hidden='true' data-av_icon='\ue828' data-av_iconfont='entypo-fontello'><\/span><\/div><article class=\"article-icon-entry \"  itemscope=\"itemscope\" itemtype=\"https:\/\/schema.org\/CreativeWork\" ><div class='iconlist_content_wrap'><header class=\"entry-content-header\"><h4 class='av_iconlist_title iconlist_title  '  itemprop=\"headline\"  >1487<\/h4><\/header><div class='iconlist_content  '  itemprop=\"text\"  ><p>Rosenburg z\u00edsk\u00e1vaj\u00ed brat\u0159i Grabnerov\u00e9. P\u0159estavba st\u0159edov\u011bk\u00e9ho obrann\u00e9ho hradu na renesan\u010dn\u00ed z\u00e1mek. Rosenburg z\u016fst\u00e1v\u00e1 ve vlastnictv\u00ed rodiny Grabner do roku 1604.<\/p>\n<\/div><\/div><footer class=\"entry-footer\"><\/footer><\/article><div class='iconlist-timeline'><\/div><\/li>\n<li><div  style='background-color:#c19a63; ' class='iconlist_icon  avia-font-entypo-fontello'><span class='iconlist-char ' aria-hidden='true' data-av_icon='\ue828' data-av_iconfont='entypo-fontello'><\/span><\/div><article class=\"article-icon-entry \"  itemscope=\"itemscope\" itemtype=\"https:\/\/schema.org\/CreativeWork\" ><div class='iconlist_content_wrap'><header class=\"entry-content-header\"><h4 class='av_iconlist_title iconlist_title  '  itemprop=\"headline\"  >Za\u010d\u00e1tek 17. stol.<\/h4><\/header><div class='iconlist_content  '  itemprop=\"text\"  ><p>Z\u00e1mek z\u00edsk\u00e1v\u00e1 Vinzenz Muschinger a nech\u00e1v\u00e1 vybudovat turnajov\u00e9 n\u00e1dvo\u0159\u00ed. Turnajov\u00e9 n\u00e1dvo\u0159\u00ed je dodnes nejv\u011bt\u0161\u00edm zachoval\u00fdm turnajov\u00fdm n\u00e1dvo\u0159\u00edm v\u00a0Evrop\u011b.<\/p>\n<\/div><\/div><footer class=\"entry-footer\"><\/footer><\/article><div class='iconlist-timeline'><\/div><\/li>\n<li><div  style='background-color:#c19a63; ' class='iconlist_icon  avia-font-entypo-fontello'><span class='iconlist-char ' aria-hidden='true' data-av_icon='\ue828' data-av_iconfont='entypo-fontello'><\/span><\/div><article class=\"article-icon-entry \"  itemscope=\"itemscope\" itemtype=\"https:\/\/schema.org\/CreativeWork\" ><div class='iconlist_content_wrap'><header class=\"entry-content-header\"><h4 class='av_iconlist_title iconlist_title  '  itemprop=\"headline\"  >1681<\/h4><\/header><div class='iconlist_content  '  itemprop=\"text\"  ><p>S\u0148atek Leopolda Karla Hoyose a Marie Reginy von Sprinzenstein. Hrad p\u0159ech\u00e1z\u00ed do vlastnictv\u00ed rodu Hoyos, \u0161lechtick\u00e9ho rodu z\u00a0regionu Burgos ve \u0160pan\u011blsku.<\/p>\n<\/div><\/div><footer class=\"entry-footer\"><\/footer><\/article><div class='iconlist-timeline'><\/div><\/li>\n<\/ul><\/div><\/p><\/div><\/p>\n<div style=' margin-top:30; margin-bottom:30px;'  class='hr hr-custom hr-center hr-icon-no  '><span class='hr-inner   inner-border-av-border-none' style=' width:50px;' ><span class='hr-inner-style'><\/span><\/span><\/div>\n","protected":false},"excerpt":{"rendered":"","protected":false},"author":2,"featured_media":0,"parent":0,"menu_order":0,"comment_status":"closed","ping_status":"closed","template":"","meta":[],"_links":{"self":[{"href":"http:\/\/work25.lichtstark.com\/rb_wp\/cs\/wp-json\/wp\/v2\/pages\/2299"}],"collection":[{"href":"http:\/\/work25.lichtstark.com\/rb_wp\/cs\/wp-json\/wp\/v2\/pages"}],"about":[{"href":"http:\/\/work25.lichtstark.com\/rb_wp\/cs\/wp-json\/wp\/v2\/types\/page"}],"author":[{"embeddable":true,"href":"http:\/\/work25.lichtstark.com\/rb_wp\/cs\/wp-json\/wp\/v2\/users\/2"}],"replies":[{"embeddable":true,"href":"http:\/\/work25.lichtstark.com\/rb_wp\/cs\/wp-json\/wp\/v2\/comments?post=2299"}],"version-history":[{"count":2,"href":"http:\/\/work25.lichtstark.com\/rb_wp\/cs\/wp-json\/wp\/v2\/pages\/2299\/revisions"}],"predecessor-version":[{"id":3285,"href":"http:\/\/work25.lichtstark.com\/rb_wp\/cs\/wp-json\/wp\/v2\/pages\/2299\/revisions\/3285"}],"wp:attachment":[{"href":"http:\/\/work25.lichtstark.com\/rb_wp\/cs\/wp-json\/wp\/v2\/media?parent=2299"}],"curies":[{"name":"wp","href":"https:\/\/api.w.org\/{rel}","templated":true}]}}