{"id":2296,"date":"2017-03-14T11:43:10","date_gmt":"2017-03-14T10:43:10","guid":{"rendered":"http:\/\/work25.lichtstark.com\/rb_wp\/cs\/?page_id=2296"},"modified":"2017-03-14T11:43:10","modified_gmt":"2017-03-14T10:43:10","slug":"zahrady","status":"publish","type":"page","link":"http:\/\/work25.lichtstark.com\/rb_wp\/cs\/zahrady\/","title":{"rendered":"Zahrady"},"content":{"rendered":"<\/div><\/div><\/div><!-- close content main div --><\/div><\/div><div id='av_section_1' class='avia-section main_color avia-section-default avia-shadow avia-full-stretch avia-bg-style-scroll   av-minimum-height av-minimum-height-custom container_wrap fullsize' style = 'background-repeat: no-repeat; background-image: url(http:\/\/work25.lichtstark.com\/rb_wp\/wp-content\/uploads\/2016\/01\/rosenwand_lichtstark.com_FW_8702.jpg); background-attachment: scroll; background-position: center center; ' data-section-bg-repeat='stretch' ><div class='container' style='height:350px'><div class='template-page content  av-content-full alpha units'><div class='post-entry post-entry-type-page post-entry-2296'><div class='entry-content-wrapper clearfix'>\n<div class=\"flex_column av_one_full  flex_column_div av-zero-column-padding first  \" style='border-radius:0px; '><p><div style='padding-bottom:10px;' class='av-special-heading av-special-heading-h1  blockquote modern-quote  '><div class ='av-subheading av-subheading_above  ' style='font-size:15px;'><p>R\u016f\u017ee a romantika<\/p>\n<\/div><h1 class='av-special-heading-tag '  itemprop=\"headline\"  >ZAHRADY Z\u00c1MKU ROSENBURG<\/h1><div class='special-heading-border'><div class='special-heading-inner-border' ><\/div><\/div><\/div><br \/>\n<section class=\"av_textblock_section \"  itemscope=\"itemscope\" itemtype=\"https:\/\/schema.org\/CreativeWork\" ><div class='avia_textblock  '   itemprop=\"text\" ><p style=\"text-align: left;\">Z\u00e1mek Rosenburg roz\u0161\u00ed\u0159il svou nab\u00eddku o nov\u011b, s\u00a0l\u00e1skou upraven\u00e9 zahrady. V\u00a0centru p\u0159itom stoj\u00ed r\u016f\u017ee a romantika. N\u00e1v\u0161t\u011bvn\u00edky zvou k\u00a0proch\u00e1zce \u010dty\u0159i samostatn\u00e9 \u010d\u00e1sti zahrady se \u010dty\u0159mi r\u016fzn\u00fdmi t\u00e9maty. Vejdete zde do sv\u011bta klidu a rozj\u00edm\u00e1n\u00ed. Dojem na V\u00e1s jist\u011b ud\u011bl\u00e1 R\u016e\u017dOV\u00c1 ZE\u010e, R\u016e\u017dOV\u00c1 ZAHRADA a r\u016f\u017eov\u00e1 zahrada podle \u00a0DAVIDA AUSTINA.<\/p>\n<\/div><\/section><br \/>\n<div  class='hr hr-short hr-center  '><span class='hr-inner ' ><span class='hr-inner-style'><\/span><\/span><\/div><\/p><\/div><div class=\"flex_column av_one_half  flex_column_div av-zero-column-padding first  \" style='border-radius:0px; '><section class=\"av_textblock_section \"  itemscope=\"itemscope\" itemtype=\"https:\/\/schema.org\/CreativeWork\" ><div class='avia_textblock  '   itemprop=\"text\" ><h4><strong>R\u016f\u017eov\u00e1 ze\u010f<\/strong><\/h4>\n<p>Nejstar\u0161\u00ed zachoval\u00e9 turnajov\u00e9 n\u00e1dvo\u0159\u00ed je jednou z\u00a0hlavn\u00edch atrakc\u00ed hradu Rosenburg. Na z\u00e1padn\u00ed stran\u011b se po celkov\u00e9 d\u00e9lce 120 metr\u016f t\u00e1hne ze\u010f porostl\u00e1 pop\u00ednav\u00fdmi r\u016f\u017eemi. V\u00a0dob\u011b kv\u011btu bud\u00ed mno\u017estv\u00ed kv\u011bt\u016f dojem impozantn\u00ed r\u016f\u017eov\u00e9 zdi.<\/p>\n<p>\u0158ada v\u00fdklenk\u016f s\u00a0lavi\u010dkou v\u00a0rud\u00e1 z\u00e1plav\u011b kv\u011bt\u016f vyb\u00edz\u00ed k\u00a0posezen\u00ed a chodn\u00ed\u010dek pod\u00e9l r\u016f\u017eov\u00e9 zdi odvede n\u00e1v\u0161t\u011bvn\u00edky do romantick\u00e9 star\u00e9 r\u016f\u017eov\u00e9 zahrady.<\/p>\n<p>Protilehl\u00e1 strana turnajov\u00e9ho n\u00e1dvo\u0159\u00ed je lemovan\u00e1 star\u00fdmi ke\u0159i \u0161\u00edpkov\u00fdch r\u016f\u017e\u00ed, kter\u00e9 se vyzna\u010duj\u00ed svou v\u016fn\u00ed a v\u00a0zim\u011b velk\u00fdmi \u0161\u00edpky.<\/p>\n<h4><\/h4>\n<\/div><\/section><br \/>\n<div  class='hr hr-short hr-left  '><span class='hr-inner ' ><span class='hr-inner-style'><\/span><\/span><\/div><\/p><\/div><div class=\"flex_column av_two_fifth  flex_column_div   \" style='padding:50px 0px 0px 0px ; border-radius:0px; '><div class='avia-image-container  av-styling-    avia-align-center '  itemprop=\"ImageObject\" itemscope=\"itemscope\" itemtype=\"https:\/\/schema.org\/ImageObject\"  ><div class='avia-image-container-inner'><img class='avia_image ' src='http:\/\/work25.lichtstark.com\/rb_wp\/wp-content\/uploads\/2016\/01\/rosenwand\u00a9lichtstark_FW_0374-495x400.jpg' alt='' title='rosenwand\u00a9lichtstark_FW_0374'   itemprop=\"thumbnailUrl\"  \/><\/div><\/div><\/div><\/p>\n<div class=\"flex_column av_one_half  flex_column_div av-zero-column-padding first  \" style='border-radius:0px; '><section class=\"av_textblock_section \"  itemscope=\"itemscope\" itemtype=\"https:\/\/schema.org\/CreativeWork\" ><div class='avia_textblock  '   itemprop=\"text\" ><h4><strong>Star\u00e1 r\u016f\u017eov\u00e1 zahrada<\/strong><\/h4>\n<p><strong>R\u016f\u017ee a romantika<br \/>\n<\/strong>Z\u00e1mek Rosenburg pat\u0159il k\u00a0prvn\u00edm z\u00e1mk\u016fm v\u00a0Doln\u00edch Rakousech, kter\u00e9 zalo\u017eily vlastn\u00ed r\u016f\u017eovou zahradu. Ta se nach\u00e1z\u00ed na sv\u00e9m historick\u00e9m m\u00edst\u011b, kter\u00e9 se ji\u017e v renesanci vyu\u017e\u00edvalo jako oddechov\u00e1 a proch\u00e1zkov\u00e1 zahrada.<\/p>\n<p>Tato \u010d\u00e1st zahrady, um\u00edst\u011bn\u00e1 v\u00a0b\u00fdval\u00e9m hradn\u00edm p\u0159\u00edkopu, si V\u00e1s z\u00edsk\u00e1 p\u0159irozen\u00fdm p\u016fvabem ke\u0159\u00ed\u010dkov\u00fdch a z\u00e1honov\u00fdch r\u016f\u017e\u00ed, kter\u00e9 se honos\u00ed v\u00a0harmonick\u00e9 kompozici s\u00a0klasick\u00fdmi pr\u016fvodci r\u016f\u017e\u00ed, jako jsou kontryhel, kakost a \u0161anta ko\u010di\u010d\u00ed. Toto aran\u017em\u00e1 dokresluj\u00ed kv\u011btiny, kvetouc\u00ed ke\u0159e a drobn\u00e9 d\u0159eviny. Schovan\u00e9 v\u00fdklenky s\u00a0lavi\u010dkami or\u00e1movan\u00e9 vonn\u00fdmi r\u016f\u017eemi V\u00e1m poskytnou mo\u017enost si odpo\u010dinout a zasn\u00edt se. Mal\u00e1 font\u00e1na uprost\u0159ed vizu\u00e1ln\u00ed osy potrhuje zdej\u0161\u00ed n\u011b\u017enou atmosf\u00e9ru. Tich\u00e1 hudba pom\u016f\u017ee n\u00e1v\u0161t\u011bvn\u00edk\u016fm na chv\u00edli vypnout a zapomenout na v\u0161echno kolem.<\/p>\n<p><strong>Romantick\u00e9 r\u016f\u017ee v kombinaci s podsadbou<br \/>\n<\/strong>Ve star\u00e9 r\u016f\u017eov\u00e9 zahrad\u011b se poda\u0159ilo dos\u00e1hnout p\u0159ekr\u00e1sn\u00e9 kombinace romantick\u00fdch vonn\u00fdch r\u016f\u017e\u00ed a vyv\u00e1\u017een\u00e9 podsadby ke\u0159\u00edky a travami. Milovn\u00edci r\u016f\u017e\u00ed zde mohou naj\u00edt inspiraci pro zalo\u017een\u00ed nebo prom\u011bnu vlastn\u00ed zahrady.<\/p>\n<\/div><\/section><br \/>\n<div  class='hr hr-short hr-left  '><span class='hr-inner ' ><span class='hr-inner-style'><\/span><\/span><\/div><\/p><\/div><div class=\"flex_column av_two_fifth  flex_column_div   \" style='padding:50px 0px 0px 0px ; border-radius:0px; '><div class='avia-image-container  av-styling-    avia-align-center '  itemprop=\"ImageObject\" itemscope=\"itemscope\" itemtype=\"https:\/\/schema.org\/ImageObject\"  ><div class='avia-image-container-inner'><img class='avia_image ' src='http:\/\/work25.lichtstark.com\/rb_wp\/wp-content\/uploads\/2016\/01\/alter-rosen-garten\u00a9lichtstark_FW_0489-1-495x400.jpg' alt='' title='alter-rosen-garten\u00a9lichtstark_FW_0489'   itemprop=\"thumbnailUrl\"  \/><\/div><\/div><\/div><\/p>\n<div class=\"flex_column av_one_half  flex_column_div av-zero-column-padding first  \" style='border-radius:0px; '><section class=\"av_textblock_section \"  itemscope=\"itemscope\" itemtype=\"https:\/\/schema.org\/CreativeWork\" ><div class='avia_textblock  '   itemprop=\"text\" ><div>\n<h4><strong>Bylinkov\u00e1 zahrada<\/strong><\/h4>\n<p><strong>Dom\u00e1c\u00ed bylinky u lekn\u00ednov\u00e9ho jez\u00edrka<br \/>\n<\/strong>P\u0159\u00edmo p\u0159ed vstupem do star\u00e9 z\u00e1meck\u00e9 kuchyn\u011b se nach\u00e1z\u00ed bylinkov\u00e1 zahrada, odkud kuchyn\u011b Z\u00e1meck\u00e9 taverny bere bylinky i dnes. Centrum bylinkov\u00e9 zahrady tvo\u0159\u00ed lekn\u00ednov\u00e9 jez\u00edrko. Kolem n\u011bj jsou rozm\u00edst\u011bny \u010dty\u0159i z\u00e1hony s r\u016fzn\u00fdmi bylinkami.<br \/>\nKrom\u011b klasick\u00fdch bylinek na va\u0159en\u00ed zde najdete i speci\u00e1ln\u00ed vonn\u00e9 a l\u00e9\u010div\u00e9 byliny. Osazen\u00ed z\u00e1hon\u016f se ka\u017ed\u00fd rok m\u011bn\u00ed s c\u00edlem uk\u00e1zat zde \u0161irok\u00e9 spektrum r\u016fzn\u00fdch dom\u00e1c\u00edch bylinek.<\/p>\n<\/div>\n<\/div><\/section><br \/>\n<div  class='hr hr-short hr-left  '><span class='hr-inner ' ><span class='hr-inner-style'><\/span><\/span><\/div><\/p><\/div><div class=\"flex_column av_two_fifth  flex_column_div   \" style='padding:50px 0px 0px 0px ; border-radius:0px; '><div class='avia-image-container  av-styling-    avia-align-center '  itemprop=\"ImageObject\" itemscope=\"itemscope\" itemtype=\"https:\/\/schema.org\/ImageObject\"  ><div class='avia-image-container-inner'><img class='avia_image ' src='http:\/\/work25.lichtstark.com\/rb_wp\/wp-content\/uploads\/2016\/01\/seerosengarten\u00a9lichtstark-495x400.jpg' alt='Schloss Rosenburg' title='Rosenburg'   itemprop=\"thumbnailUrl\"  \/><\/div><\/div><\/div><\/p>\n<div style=' margin-top:30; margin-bottom:30px;'  class='hr hr-custom hr-center hr-icon-no  '><span class='hr-inner   inner-border-av-border-none' style=' width:50px;' ><span class='hr-inner-style'><\/span><\/span><\/div>\n<div class=\"flex_column av_one_half  flex_column_div av-zero-column-padding first  \" style='border-radius:0px; '><section class=\"av_textblock_section \"  itemscope=\"itemscope\" itemtype=\"https:\/\/schema.org\/CreativeWork\" ><div class='avia_textblock  '   itemprop=\"text\" ><h4><strong>R\u016f\u017eov\u00e1 zahrada podle DAVIDA AUSTINA<\/strong><\/h4>\n<div><strong>Vid\u011bt a c\u00edtit<br \/>\n<\/strong>Od b\u0159ezna 2012 m\u00e1 z\u00e1mek Rosenburg r\u016f\u017eovou zahradu, kter\u00e1 je kompletn\u011b v\u011bnovan\u00e1 r\u016f\u017e\u00edm vy\u0161lecht\u011bn\u00fdm legend\u00e1rn\u00edm mistrovsk\u00fdm britsk\u00fdm p\u011bstitelem Davidem Austinem a kter\u00e1 je zalo\u017een\u00e1 podle jeho konceptu. Takov\u00e1 zahrada je v\u00a0Rakousku jedine\u010dn\u00e1. Na nov\u011b zalo\u017een\u00fdch teras\u00e1ch bylo naaran\u017eov\u00e1no v\u00edce ne\u017e 500 anglick\u00fdch r\u016f\u017e\u00ed do skupin po t\u0159ech a\u017e p\u011bti kusech stejn\u00e9ho druhu.Z\u00a0jednotliv\u00fdch r\u016f\u017e\u00ed tak vzniknou velk\u00e9 ke\u0159e, na kter\u00fdch se pln\u011b rozvine kr\u00e1sa jedine\u010dn\u00fdch a zcela r\u016fzn\u00fdch kv\u011bt\u016f r\u016f\u017e\u00ed. A\u0165 ji\u017e se d\u00edv\u00e1te na terasy svrchu, nebo na n\u011b hled\u00edte zespod, v\u017edy se V\u00e1m naskytne \u00fachvatn\u00fd pohled. V\u00a0dob\u011b nejv\u011bt\u0161\u00edho rozkv\u011btu na za\u010d\u00e1tku \u010dervna se zahrada p\u0159edvede ve sv\u00e9 pln\u00e9 kr\u00e1se. Ve chv\u00edl\u00edch bezv\u011bt\u0159\u00ed se rozvine okouzluj\u00edc\u00ed v\u016fn\u011b t\u011bchto n\u00e1dhern\u00fdch r\u016f\u017e\u00ed.<\/div>\n<div><\/div>\n<div><\/div>\n<div><\/div>\n<div><\/div>\n<div><strong>David Austin<\/strong><\/div>\n<div><\/div>\n<div>\n<p>P\u011bstov\u00e1n\u00ed r\u016f\u017e\u00ed m\u00e1 u David Austin Roses v\u00edce ne\u017e 50letou tradici. Z\u00a0t\u011bchto zku\u0161enost\u00ed byly za dlouh\u00e1 l\u00e9ta vyp\u011bstovan\u00e9 r\u016f\u017ee, kter\u00e9 spojuj\u00ed delik\u00e1tn\u00ed \u0161arm a formu r\u016fstu star\u00fdch r\u016f\u017e\u00ed s\u00a0\u0161irokou barevnou paletou \u010dast\u011bji kvetouc\u00edch modern\u00edch r\u016f\u017e\u00ed. Specialitou anglick\u00e9ho p\u011bstov\u00e1n\u00ed r\u016f\u017e\u00ed jsou star\u00e9 anglick\u00e9 vonn\u00e9 r\u016f\u017ee, kter\u00e9 jsou ozna\u010dov\u00e1ny tak\u00e9 jako romantick\u00e9 r\u016f\u017ee. Tyto p\u0159ekr\u00e1sn\u00e9 r\u016f\u017ee jsou cen\u011bny p\u0159edev\u0161\u00edm kv\u016fli sv\u00e9mu n\u00e1dhern\u011b pln\u00e9mu tvaru kv\u011btu, od hlubok\u00e9ho miskov\u00e9ho tvaru a\u017e po dokonal\u00fd tvar rozety. Spektrum jejich v\u016fn\u00ed zahrnuje aroma \u010dajov\u00e9 r\u016f\u017ee, p\u0159es mo\u0161us, myrhu a ovocn\u00e9 v\u016fn\u011b, a\u017e po neidentifikovateln\u00e9 v\u016fn\u011b star\u00fdch r\u016f\u017e\u00ed. \u0160irok\u00e9 spektrum barev dopl\u0148uje p\u0159ednosti t\u011bchto druh\u016f r\u016f\u017e\u00ed.<\/p>\n<\/div>\n<div><\/div>\n<div><\/div>\n<div>\n<div><\/div>\n<div><\/div>\n<p><strong>R\u016fznorodost druh\u016f a rarity<\/strong><\/p>\n<\/div>\n<div><\/div>\n<div>Dlouh\u00e1 tradice \u0161lecht\u011bn\u00ed r\u016f\u017e\u00ed Davidem Austinem p\u0159inesla obrovsk\u00e9 mno\u017estv\u00ed druh\u016f. Ty se od sebe li\u0161\u00ed r\u016fstem, barvou kv\u011bt\u016f, tvarem kv\u011bt\u016f a samoz\u0159ejm\u011b v\u016fn\u00ed. Krom\u011b ke\u0159\u00edkov\u00fdch a pop\u00ednav\u00fdch r\u016f\u017e\u00ed jsou u milovn\u00edk\u016f r\u016f\u017e\u00ed obzvl\u00e1\u0161\u0165 obl\u00edben\u00e9 a \u017e\u00e1dan\u00e9 legend\u00e1rn\u00ed r\u016f\u017ee rambler se mohou vy\u0161plhat a\u017e do v\u00fd\u0161ky 8 metr\u016f a s\u00a0oblibou jsou p\u011bstov\u00e1ny jako optick\u00e9 dopln\u011bn\u00ed velk\u00fdch strom\u016f. R\u016f\u017ee se vy\u0161plh\u00e1 do koruny stromu a vytvo\u0159\u00ed tam skute\u010dnou kask\u00e1du kv\u011bt\u016f. K\u00a0r\u016f\u017eov\u00fdm rarit\u00e1m pat\u0159\u00ed zp\u011btn\u011b \u0161lecht\u011bn\u00e9 r\u016f\u017ee, kter\u00e9 se p\u0159ibli\u017euj\u00ed vzhledem a v\u016fn\u00ed prastar\u00fdm druh\u016fm ze st\u0159edov\u011bku.<\/div>\n<div><\/div>\n<\/div><\/section><br \/>\n<div  class='hr hr-short hr-left  '><span class='hr-inner ' ><span class='hr-inner-style'><\/span><\/span><\/div><\/p><\/div><div class=\"flex_column av_two_fifth  flex_column_div   \" style='padding:0 0px 0px 0px ; border-radius:0px; '><div id='av-masonry-1' class='av-masonry  noHover av-flex-size av-no-gap av-hover-overlay- av-masonry-col-flexible av-caption-always av-caption-style- av-masonry-gallery     '  ><div class='av-masonry-container isotope av-js-disabled ' ><div class='av-masonry-entry isotope-item av-masonry-item-no-image '><\/div><a href=\"http:\/\/work25.lichtstark.com\/rb_wp\/wp-content\/uploads\/2016\/01\/FW_7460.jpg\" id='av-masonry-1-item-4908' data-av-masonry-item='4908' class='av-masonry-entry isotope-item post-4908 attachment type-attachment status-inherit hentry  av-masonry-item-with-image' title=\"\"  itemprop=\"thumbnailUrl\" ><div class='av-inner-masonry-sizer'><\/div><figure class='av-inner-masonry main_color'><div class=\"av-masonry-outerimage-container\"><div class=\"av-masonry-image-container\" style=\"background-image: url(http:\/\/work25.lichtstark.com\/rb_wp\/wp-content\/uploads\/2016\/01\/FW_7460-705x470.jpg);\"><img src=\"http:\/\/work25.lichtstark.com\/rb_wp\/wp-content\/uploads\/2016\/01\/FW_7460-705x470.jpg\" title=\"_FW_7460\" alt=\"\" \/><\/div><\/div><\/figure><\/a><!--end av-masonry entry--><a href=\"http:\/\/work25.lichtstark.com\/rb_wp\/wp-content\/uploads\/2016\/01\/FW_7469.jpg\" id='av-masonry-1-item-4918' data-av-masonry-item='4918' class='av-masonry-entry isotope-item post-4918 attachment type-attachment status-inherit hentry  av-masonry-item-with-image' title=\"\"  itemprop=\"thumbnailUrl\" ><div class='av-inner-masonry-sizer'><\/div><figure class='av-inner-masonry main_color'><div class=\"av-masonry-outerimage-container\"><div class=\"av-masonry-image-container\" style=\"background-image: url(http:\/\/work25.lichtstark.com\/rb_wp\/wp-content\/uploads\/2016\/01\/FW_7469-705x470.jpg);\"><img src=\"http:\/\/work25.lichtstark.com\/rb_wp\/wp-content\/uploads\/2016\/01\/FW_7469-705x470.jpg\" title=\"_FW_7469\" alt=\"\" \/><\/div><\/div><\/figure><\/a><!--end av-masonry entry--><a href=\"http:\/\/work25.lichtstark.com\/rb_wp\/wp-content\/uploads\/2016\/01\/IMG_5057.jpg\" id='av-masonry-1-item-4742' data-av-masonry-item='4742' class='av-masonry-entry isotope-item post-4742 attachment type-attachment status-inherit hentry  av-masonry-item-with-image' title=\"\"  itemprop=\"thumbnailUrl\" ><div class='av-inner-masonry-sizer'><\/div><figure class='av-inner-masonry main_color'><div class=\"av-masonry-outerimage-container\"><div class=\"av-masonry-image-container\" style=\"background-image: url(http:\/\/work25.lichtstark.com\/rb_wp\/wp-content\/uploads\/2016\/01\/IMG_5057-705x470.jpg);\"><img src=\"http:\/\/work25.lichtstark.com\/rb_wp\/wp-content\/uploads\/2016\/01\/IMG_5057-705x470.jpg\" title=\"IMG_5057\" alt=\"\" \/><\/div><\/div><\/figure><\/a><!--end av-masonry entry--><a href=\"http:\/\/work25.lichtstark.com\/rb_wp\/wp-content\/uploads\/2016\/01\/IMG_8078.jpg\" id='av-masonry-1-item-4740' data-av-masonry-item='4740' class='av-masonry-entry isotope-item post-4740 attachment type-attachment status-inherit hentry  av-masonry-item-with-image' title=\"\"  itemprop=\"thumbnailUrl\" ><div class='av-inner-masonry-sizer'><\/div><figure class='av-inner-masonry main_color'><div class=\"av-masonry-outerimage-container\"><div class=\"av-masonry-image-container\" style=\"background-image: url(http:\/\/work25.lichtstark.com\/rb_wp\/wp-content\/uploads\/2016\/01\/IMG_8078-705x470.jpg);\"><img src=\"http:\/\/work25.lichtstark.com\/rb_wp\/wp-content\/uploads\/2016\/01\/IMG_8078-705x470.jpg\" title=\"IMG_8078\" alt=\"\" \/><\/div><\/div><\/figure><\/a><!--end av-masonry entry--><a href=\"http:\/\/work25.lichtstark.com\/rb_wp\/wp-content\/uploads\/2016\/01\/FW_7465.jpg\" id='av-masonry-1-item-4912' data-av-masonry-item='4912' class='av-masonry-entry isotope-item post-4912 attachment type-attachment status-inherit hentry  av-masonry-item-with-image' title=\"\"  itemprop=\"thumbnailUrl\" ><div class='av-inner-masonry-sizer'><\/div><figure class='av-inner-masonry main_color'><div class=\"av-masonry-outerimage-container\"><div class=\"av-masonry-image-container\" style=\"background-image: url(http:\/\/work25.lichtstark.com\/rb_wp\/wp-content\/uploads\/2016\/01\/FW_7465-705x470.jpg);\"><img src=\"http:\/\/work25.lichtstark.com\/rb_wp\/wp-content\/uploads\/2016\/01\/FW_7465-705x470.jpg\" title=\"_FW_7465\" alt=\"\" \/><\/div><\/div><\/figure><\/a><!--end av-masonry entry--><a href=\"http:\/\/work25.lichtstark.com\/rb_wp\/wp-content\/uploads\/2016\/01\/IMG_8004.jpg\" id='av-masonry-1-item-4730' data-av-masonry-item='4730' class='av-masonry-entry isotope-item post-4730 attachment type-attachment status-inherit hentry  av-masonry-item-with-image' title=\"\"  itemprop=\"thumbnailUrl\" ><div class='av-inner-masonry-sizer'><\/div><figure class='av-inner-masonry main_color'><div class=\"av-masonry-outerimage-container\"><div class=\"av-masonry-image-container\" style=\"background-image: url(http:\/\/work25.lichtstark.com\/rb_wp\/wp-content\/uploads\/2016\/01\/IMG_8004.jpg);\"><img src=\"http:\/\/work25.lichtstark.com\/rb_wp\/wp-content\/uploads\/2016\/01\/IMG_8004.jpg\" title=\"IMG_8004\" alt=\"\" \/><\/div><\/div><\/figure><\/a><!--end av-masonry entry--><a href=\"http:\/\/work25.lichtstark.com\/rb_wp\/wp-content\/uploads\/2016\/01\/FW_7468.jpg\" id='av-masonry-1-item-4916' data-av-masonry-item='4916' class='av-masonry-entry isotope-item post-4916 attachment type-attachment status-inherit hentry  av-masonry-item-with-image' title=\"\"  itemprop=\"thumbnailUrl\" ><div class='av-inner-masonry-sizer'><\/div><figure class='av-inner-masonry main_color'><div class=\"av-masonry-outerimage-container\"><div class=\"av-masonry-image-container\" style=\"background-image: url(http:\/\/work25.lichtstark.com\/rb_wp\/wp-content\/uploads\/2016\/01\/FW_7468.jpg);\"><img src=\"http:\/\/work25.lichtstark.com\/rb_wp\/wp-content\/uploads\/2016\/01\/FW_7468.jpg\" title=\"_FW_7468\" alt=\"\" \/><\/div><\/div><\/figure><\/a><!--end av-masonry entry--><a href=\"http:\/\/work25.lichtstark.com\/rb_wp\/wp-content\/uploads\/2016\/01\/IMG_8046.jpg\" id='av-masonry-1-item-4738' data-av-masonry-item='4738' class='av-masonry-entry isotope-item post-4738 attachment type-attachment status-inherit hentry  av-masonry-item-with-image' title=\"\"  itemprop=\"thumbnailUrl\" ><div class='av-inner-masonry-sizer'><\/div><figure class='av-inner-masonry main_color'><div class=\"av-masonry-outerimage-container\"><div class=\"av-masonry-image-container\" style=\"background-image: url(http:\/\/work25.lichtstark.com\/rb_wp\/wp-content\/uploads\/2016\/01\/IMG_8046-705x470.jpg);\"><img src=\"http:\/\/work25.lichtstark.com\/rb_wp\/wp-content\/uploads\/2016\/01\/IMG_8046-705x470.jpg\" title=\"IMG_8046\" alt=\"\" \/><\/div><\/div><\/figure><\/a><!--end av-masonry entry--><a href=\"http:\/\/work25.lichtstark.com\/rb_wp\/wp-content\/uploads\/2016\/01\/IMG_8045.jpg\" id='av-masonry-1-item-4736' data-av-masonry-item='4736' class='av-masonry-entry isotope-item post-4736 attachment type-attachment status-inherit hentry  av-masonry-item-with-image' title=\"\"  itemprop=\"thumbnailUrl\" ><div class='av-inner-masonry-sizer'><\/div><figure class='av-inner-masonry main_color'><div class=\"av-masonry-outerimage-container\"><div class=\"av-masonry-image-container\" style=\"background-image: url(http:\/\/work25.lichtstark.com\/rb_wp\/wp-content\/uploads\/2016\/01\/IMG_8045-705x470.jpg);\"><img src=\"http:\/\/work25.lichtstark.com\/rb_wp\/wp-content\/uploads\/2016\/01\/IMG_8045-705x470.jpg\" title=\"IMG_8045\" alt=\"\" \/><\/div><\/div><\/figure><\/a><!--end av-masonry entry--><\/div><a class='av-masonry-pagination av-masonry-load-more' href='#load-more'  data-ids='1944,1949,1549,1548,1946,1543,1948,1547,1546,1942,1943,1545,1544,1955,1539,1537,1536,1552,1540,779,1535,1212,1931,1932,1933,1934,1953,1936,1937,1938,1939,1940,1941,1945,1947,1950,1951,1952,1954'  data-action=''  data-link='category'  data-post_type='post, page, attachment, revision, nav_menu_item, custom_css, customize_changeset, oembed_cache, user_request, wp_block, wp_template, wp_template_part, wp_global_styles, wp_navigation, product, product_variation, shop_order, shop_order_refund, tribe_venue, tribe_organizer, tribe_events, tribe-ea-record, deleted_event, portfolio, avia_framework_post'  data-items='9'  data-size='flex'  data-gap='no'  data-overlay_fx=''  data-offset='0'  data-container_links='active'  data-container_class='av-masonry-gallery  '  data-paginate='load_more'  data-caption_elements='none'  data-caption_display='always'  data-caption_styling=''  data-wc_prod_visible=''  data-prod_order_by=''  data-prod_order=''  data-sort='no'  data-columns='flexible'  data-auto_ratio='1.7'  data-set_breadcrumb='1'  data-custom_markup=''  data-query_orderby='date'  data-query_order='DESC'  data-color=''  data-custom_bg=''  data-custom_class=''  data-orientation=''  data-avno='1548f9cdcf'>Load more<\/a><\/div><\/div><\/p>\n","protected":false},"excerpt":{"rendered":"","protected":false},"author":2,"featured_media":0,"parent":0,"menu_order":0,"comment_status":"closed","ping_status":"closed","template":"","meta":[],"_links":{"self":[{"href":"http:\/\/work25.lichtstark.com\/rb_wp\/cs\/wp-json\/wp\/v2\/pages\/2296"}],"collection":[{"href":"http:\/\/work25.lichtstark.com\/rb_wp\/cs\/wp-json\/wp\/v2\/pages"}],"about":[{"href":"http:\/\/work25.lichtstark.com\/rb_wp\/cs\/wp-json\/wp\/v2\/types\/page"}],"author":[{"embeddable":true,"href":"http:\/\/work25.lichtstark.com\/rb_wp\/cs\/wp-json\/wp\/v2\/users\/2"}],"replies":[{"embeddable":true,"href":"http:\/\/work25.lichtstark.com\/rb_wp\/cs\/wp-json\/wp\/v2\/comments?post=2296"}],"version-history":[{"count":2,"href":"http:\/\/work25.lichtstark.com\/rb_wp\/cs\/wp-json\/wp\/v2\/pages\/2296\/revisions"}],"predecessor-version":[{"id":2298,"href":"http:\/\/work25.lichtstark.com\/rb_wp\/cs\/wp-json\/wp\/v2\/pages\/2296\/revisions\/2298"}],"wp:attachment":[{"href":"http:\/\/work25.lichtstark.com\/rb_wp\/cs\/wp-json\/wp\/v2\/media?parent=2296"}],"curies":[{"name":"wp","href":"https:\/\/api.w.org\/{rel}","templated":true}]}}