{"id":2289,"date":"2017-03-14T15:32:09","date_gmt":"2017-03-14T14:32:09","guid":{"rendered":"http:\/\/work25.lichtstark.com\/rb_wp\/cs\/?page_id=2289"},"modified":"2017-03-14T15:32:09","modified_gmt":"2017-03-14T14:32:09","slug":"rodina-hoyos","status":"publish","type":"page","link":"http:\/\/work25.lichtstark.com\/rb_wp\/cs\/rodina-hoyos\/","title":{"rendered":"Rodina Hoyos"},"content":{"rendered":"<\/div><\/div><\/div><!-- close content main div --><\/div><\/div><div id='av_section_1' class='avia-section main_color avia-section-default avia-shadow avia-full-stretch avia-bg-style-scroll   av-minimum-height av-minimum-height-custom container_wrap fullsize' style = 'background-repeat: no-repeat; background-image: url(http:\/\/work25.lichtstark.com\/rb_wp\/wp-content\/uploads\/2015\/12\/lichtstark_V5J3760-1500x430.jpg); background-attachment: scroll; background-position: center center; ' data-section-bg-repeat='stretch' ><div class='container' style='height:350px'><div class='template-page content  av-content-full alpha units'><div class='post-entry post-entry-type-page post-entry-2289'><div class='entry-content-wrapper clearfix'>\n<div class=\"flex_column av_one_full  flex_column_div av-zero-column-padding first  \" style='border-radius:0px; '><p><div style='padding-bottom:10px;' class='av-special-heading av-special-heading-h1  blockquote modern-quote   '><div class ='av-subheading av-subheading_above  ' style='font-size:15px;'><p>DI Markus Hoyos<\/p>\n<\/div><h1 class='av-special-heading-tag '  itemprop=\"headline\"  >Rodina Hoyos<\/h1><div class='special-heading-border'><div class='special-heading-inner-border' ><\/div><\/div><\/div><br \/>\n<section class=\"av_textblock_section \"  itemscope=\"itemscope\" itemtype=\"https:\/\/schema.org\/CreativeWork\" ><div class='avia_textblock  '   itemprop=\"text\" ><p style=\"text-align: left;\">Renesan\u010dn\u00ed z\u00e1mek Rosenburg je ve vlastnictv\u00ed na\u0161\u00ed rodiny od roku 1681. Hrab\u011b Ernst Karl Hoyos-Sprinzenstein nechal prov\u00e9st v letech 1859 a\u017e 1875 pravd\u011bpodobn\u011b nejrozs\u00e1hlej\u0161\u00ed restaura\u010dn\u00ed pr\u00e1ce v d\u011bjin\u00e1ch z\u00e1mku Rosenburg. V roce 1987 pak byly v\u00a0r\u00e1mci p\u0159\u00edprav na zemskou v\u00fdstavu v\u00a0roce 1990 op\u011bt renovov\u00e1ny a sanov\u00e1ny velk\u00e9 \u010d\u00e1sti z\u00e1meck\u00e9ho are\u00e1lu. Od t\u00e9 doby se ka\u017edoro\u010dn\u011b prov\u00e1d\u00ed dal\u0161\u00ed renova\u010dn\u00ed pr\u00e1ce. To vedlo k\u00a0tomu, \u017ee z\u00e1mek Rosenburg je dnes jedn\u00edm z\u00a0nejl\u00e9pe zachoval\u00fdch renesan\u010dn\u00edch z\u00e1mk\u016f v\u00a0Rakousku a je obl\u00edbenou kulisou dom\u00e1c\u00edch i zahrani\u010dn\u00edch filmov\u00fdch producent\u016f.<\/p>\n<blockquote>\n<p style=\"text-align: left;\">V\u00a0minulosti, stejn\u011b jako dnes jsou v\u0161echna opat\u0159en\u00ed financov\u00e1na t\u00e9m\u011b\u0159 v\u00fdhradn\u011b na soukrom\u00e9 b\u00e1zi. \u010c\u00e1st pot\u0159ebn\u00fdch finan\u010dn\u00edch prost\u0159edk\u016f tvo\u0159\u00ed vybran\u00e9 vstupn\u00e9.<\/p>\n<\/blockquote>\n<\/div><\/section><br \/>\n<div  class='hr hr-short hr-center  '><span class='hr-inner ' ><span class='hr-inner-style'><\/span><\/span><\/div><\/p><\/div><div class=\"flex_column av_one_half  flex_column_div av-zero-column-padding first  \" style='border-radius:0px; '><section class=\"av_textblock_section \"  itemscope=\"itemscope\" itemtype=\"https:\/\/schema.org\/CreativeWork\" ><div class='avia_textblock  '   itemprop=\"text\" ><h4>Srde\u010dn\u011b V\u00e1s v\u00edt\u00e1me!<\/h4>\n<p><strong>Poc\u00edtit d\u011bjiny \u2013 <\/strong>(za)<strong>\u017e\u00edt tradici<\/strong><\/p>\n<p>Toto moto jsme si zvolili jako heslo pro z\u00e1\u017eitek n\u00e1v\u0161t\u011bvn\u00edk\u016f na z\u00e1mku Rosenburg. A\u0165 ji\u017e se jedn\u00e1 o nov\u011b uspo\u0159\u00e1dan\u00e9 v\u00fdstavn\u00ed prostory o d\u011bjin\u00e1ch na\u0161\u00ed rodiny, o nejv\u011bt\u0161\u00ed soukromou sb\u00edrku zbran\u00ed, nebo denn\u00ed historick\u00e9 p\u0159ehl\u00eddky sokolnictv\u00ed po\u0159\u00e1dan\u00e9 v\u00a0otv\u00edrac\u00ed dob\u011b. V\u0161e m\u00e1 historick\u00e9 z\u00e1klady a m\u00e1 p\u0159isp\u00edvat k\u00a0tomu, abyste mohli d\u011bjiny za\u017e\u00edt na vlastn\u00ed k\u016f\u017ei. V\u00a0t\u00e9to souvislosti je t\u0159eba p\u0159ipomenout i na\u0161e slavnosti, jako Historische Burgtreiben (Historick\u00fd hradn\u00ed rej) na ja\u0159e, nebo ryt\u00ed\u0159sk\u00fd turnaj Rosenburger Ritterturnier na podzim.<\/p>\n<p>T\u011b\u0161\u00edme se na Va\u0161i n\u00e1v\u0161t\u011bvu a p\u0159ejeme V\u00e1m<br \/>\nnezapomenuteln\u00fd pobyt na z\u00e1mku Rosenburg.<\/p>\n<p>Va\u0161e<br \/>\nRodina Hoyos<\/p>\n<\/div><\/section><br \/>\n<div  class='hr hr-short hr-left  '><span class='hr-inner ' ><span class='hr-inner-style'><\/span><\/span><\/div><\/p><\/div><div class=\"flex_column av_one_half  flex_column_div   \" style='padding:0px 0px 0px 0px ; border-radius:0px; '><p><div class='avia-image-container  av-styling-    avia-align-center '  itemprop=\"ImageObject\" itemscope=\"itemscope\" itemtype=\"https:\/\/schema.org\/ImageObject\"  ><div class='avia-image-container-inner'><img class='avia_image ' src='http:\/\/work25.lichtstark.com\/rb_wp\/wp-content\/uploads\/2015\/12\/Fam.-Hoyos\u00a9Foto-Andraschek-Horn-495x373.jpg' alt='Familie Hoyos' title='Familie Hoyos \/ Foto-Andraschek-Horn'   itemprop=\"thumbnailUrl\"  \/><\/div><\/div><br \/>\n<section class=\"av_textblock_section \"  itemscope=\"itemscope\" itemtype=\"https:\/\/schema.org\/CreativeWork\" ><div class='avia_textblock  '  style='font-size:10px; '  itemprop=\"text\" ><p style=\"text-align: right;\">Foto: Andraschek Horn<\/p>\n<\/div><\/section><\/p><\/div><\/p>\n<div class=\"flex_column av_one_half  flex_column_div av-zero-column-padding first  \" style='border-radius:0px; '><p><section class=\"av_textblock_section \"  itemscope=\"itemscope\" itemtype=\"https:\/\/schema.org\/CreativeWork\" ><div class='avia_textblock  '   itemprop=\"text\" ><p><strong>Rodinn\u00e9 d\u011bjiny s tradic\u00ed<\/strong><\/p>\n<p>P\u016fvodn\u011b poch\u00e1z\u00ed rodina Hoyos z oblasti Burgos ve Star\u00e9 Kastilii v\u00a0srdci \u0160pan\u011blska. Srdcov\u00fd \u0161t\u00edtek rodov\u00e9ho erbu se dv\u011bma zlat\u00fdmi dra\u010d\u00edmi hlavami odkazuje na tento geografick\u00fd prostor.<\/p>\n<hr \/>\n<p>Prv\u00ed p\u00edsemn\u00e9 doklady o p\u016fvodu rodiny Hoyos jsou dva \u0161lechtick\u00e9 rodokmeny z\u00a0let 1527 a 1532, kter\u00e9 m\u011bly s\u00a0nejv\u011bt\u0161\u00ed pravd\u011bpodobnost\u00ed slou\u017eit k\u00a0p\u0159ijet\u00ed do \u0161pan\u011blsk\u00e9ho ryt\u00ed\u0159sk\u00e9ho \u0159\u00e1du. Synov\u00e9 Juana de Hoyos (1481 \u2013 1538), Anton a Hans p\u0159i\u0161li v\u00a0dru\u017ein\u011b arciv\u00e9vody Ferdinanda, pozd\u011bj\u0161\u00edho c\u00edsa\u0159e, ze \u0160pan\u011blska p\u0159es Terst do Korutan, p\u0159ibli\u017en\u011b v roce 1525 do Doln\u00edch Rakous. I n\u00e1sleduj\u00edc\u00ed \u010dlenov\u00e9 rodiny podporovali mlad\u00e9ho Ferdinanda a v\u0161echny n\u00e1sleduj\u00edc\u00ed rakousk\u00e9 panovn\u00edky ve st\u011b\u017eejn\u00edch politick\u00fdch ot\u00e1zk\u00e1ch a ve v\u011bci zachov\u00e1n\u00ed katolick\u00e9 v\u00edry.<\/p>\n<\/div><\/section><br \/>\n<div  class='hr hr-short hr-left  '><span class='hr-inner ' ><span class='hr-inner-style'><\/span><\/span><\/div><\/p><\/div><div class=\"flex_column av_one_half  av-animated-generic fade-in  flex_column_div av-zero-column-padding   \" style='border-radius:0px; '><p><div class='avia-image-container  av-styling-    avia-align-center '  itemprop=\"ImageObject\" itemscope=\"itemscope\" itemtype=\"https:\/\/schema.org\/ImageObject\"  ><div class='avia-image-container-inner'><img class='avia_image ' src='http:\/\/work25.lichtstark.com\/rb_wp\/wp-content\/uploads\/2015\/12\/Hoyos-Wappen-180x180.png' alt='Familie Hoyos Schloss Rosenburg' title='Familie Hoyos Wappen'   itemprop=\"thumbnailUrl\"  \/><\/div><\/div><br \/>\n<section class=\"av_textblock_section \"  itemscope=\"itemscope\" itemtype=\"https:\/\/schema.org\/CreativeWork\" ><div class='avia_textblock  '  style='font-size:10px; '  itemprop=\"text\" ><p style=\"text-align: center;\">Die Geschichte der Familien Hoyos<br \/>\nals \u2192 PDF downloaden.<\/p>\n<p style=\"text-align: center;\"><a href=\"http:\/\/work25.lichtstark.com\/rb_wp\/wp-content\/uploads\/2016\/01\/geschichte_hoyos.pdf\" target=\"_blank\" rel=\"attachment wp-att-1257\"><img loading=\"lazy\" class=\"wp-image-1257 size-full aligncenter\" src=\"http:\/\/work25.lichtstark.com\/rb_wp\/wp-content\/uploads\/2015\/12\/pdf-icon.png\" alt=\"pdf-icon\" width=\"45\" height=\"50\" \/><\/a><\/p>\n<\/div><\/section><\/p><\/div><\/p>\n<div style=' margin-top:30; margin-bottom:30px;'  class='hr hr-custom hr-center hr-icon-no  '><span class='hr-inner   inner-border-av-border-none' style=' width:50px;' ><span class='hr-inner-style'><\/span><\/span><\/div>\n","protected":false},"excerpt":{"rendered":"","protected":false},"author":2,"featured_media":0,"parent":0,"menu_order":0,"comment_status":"closed","ping_status":"closed","template":"","meta":[],"_links":{"self":[{"href":"http:\/\/work25.lichtstark.com\/rb_wp\/cs\/wp-json\/wp\/v2\/pages\/2289"}],"collection":[{"href":"http:\/\/work25.lichtstark.com\/rb_wp\/cs\/wp-json\/wp\/v2\/pages"}],"about":[{"href":"http:\/\/work25.lichtstark.com\/rb_wp\/cs\/wp-json\/wp\/v2\/types\/page"}],"author":[{"embeddable":true,"href":"http:\/\/work25.lichtstark.com\/rb_wp\/cs\/wp-json\/wp\/v2\/users\/2"}],"replies":[{"embeddable":true,"href":"http:\/\/work25.lichtstark.com\/rb_wp\/cs\/wp-json\/wp\/v2\/comments?post=2289"}],"version-history":[{"count":3,"href":"http:\/\/work25.lichtstark.com\/rb_wp\/cs\/wp-json\/wp\/v2\/pages\/2289\/revisions"}],"predecessor-version":[{"id":2292,"href":"http:\/\/work25.lichtstark.com\/rb_wp\/cs\/wp-json\/wp\/v2\/pages\/2289\/revisions\/2292"}],"wp:attachment":[{"href":"http:\/\/work25.lichtstark.com\/rb_wp\/cs\/wp-json\/wp\/v2\/media?parent=2289"}],"curies":[{"name":"wp","href":"https:\/\/api.w.org\/{rel}","templated":true}]}}