{"id":11684,"date":"2017-05-11T21:35:59","date_gmt":"2017-05-11T19:35:59","guid":{"rendered":"http:\/\/work25.lichtstark.com\/rb_wp\/app\/"},"modified":"2020-06-08T17:31:10","modified_gmt":"2020-06-08T15:31:10","slug":"app","status":"publish","type":"page","link":"http:\/\/work25.lichtstark.com\/rb_wp\/cs\/app\/","title":{"rendered":"App"},"content":{"rendered":"<\/div><\/div><\/div><!-- close content main div --><\/div><\/div><div id='av_section_1' class='avia-section main_color avia-section-default avia-shadow avia-full-stretch avia-bg-style-scroll   av-minimum-height av-minimum-height-custom container_wrap fullsize' style = 'background-repeat: no-repeat; background-image: url(http:\/\/work25.lichtstark.com\/rb_wp\/wp-content\/uploads\/2015\/12\/lichtstark.com_FW_8145-1030x687.jpg); background-attachment: scroll; background-position: center center; ' data-section-bg-repeat='stretch' ><div class='container' style='height:350px'><div class='template-page content  av-content-full alpha units'><div class='post-entry post-entry-type-page post-entry-11684'><div class='entry-content-wrapper clearfix'>\n<div class=\"flex_column av_one_full  flex_column_div av-zero-column-padding first  \" style='border-radius:0px; '><div style='padding-bottom:10px;' class='av-special-heading av-special-heading-h1  blockquote modern-quote  '><h1 class='av-special-heading-tag '  itemprop=\"headline\"  >S aplikac\u00ed po hrad\u011b Rosenburg<\/h1><div class='special-heading-border'><div class='special-heading-inner-border' ><\/div><\/div><\/div><\/div>\n<div class=\"flex_column av_one_full  flex_column_div av-zero-column-padding first  \" style='border-radius:0px; '><section class=\"av_textblock_section \"  itemscope=\"itemscope\" itemtype=\"https:\/\/schema.org\/CreativeWork\" ><div class='avia_textblock  '   itemprop=\"text\" ><div class=\"QmZWSe\">\n<div class=\"DHcWmd\"><\/div>\n<\/div>\n<div class=\"oSioSc\">\n<div id=\"tw-target\">\n<div id=\"kAz1tf\" class=\"g9WsWb\">\n<div id=\"tw-target-text-container\" class=\"tw-ta-container hide-focus-ring tw-nfl\" tabindex=\"0\">\n<p id=\"tw-target-text\" class=\"tw-data-text tw-text-large XcVN5d tw-ta\" dir=\"ltr\" data-placeholder=\"\u00dcbersetzung\"><span lang=\"cs\">St\u00e1hn\u011bte si aplikaci Rosenburg do sv\u00e9ho smartphonu nebo tabletu a pono\u0159te se do virtu\u00e1ln\u00edho sv\u011bta hradu Rosenburg.<\/span><\/p>\n<\/div>\n<\/div>\n<\/div>\n<\/div>\n<\/div><\/section><br \/>\n<div class='avia-image-container  av-styling-    avia-align-center '  itemprop=\"ImageObject\" itemscope=\"itemscope\" itemtype=\"https:\/\/schema.org\/ImageObject\"  ><div class='avia-image-container-inner'><a href='http:\/\/work25.lichtstark.com\/rb_wp\/wp-content\/uploads\/2020\/06\/rosenburg-app-1030x773_cz-1030x773.jpg' class='avia_image'  ><img class='avia_image ' src='http:\/\/work25.lichtstark.com\/rb_wp\/wp-content\/uploads\/2020\/06\/rosenburg-app-1030x773_cz-845x684.jpg' alt='' title='rosenburg-app-1030x773_cz'  itemprop=\"thumbnailUrl\"  \/><\/a><\/div><\/div><br \/>\n<section class=\"av_textblock_section \"  itemscope=\"itemscope\" itemtype=\"https:\/\/schema.org\/CreativeWork\" ><div class='avia_textblock  '   itemprop=\"text\" ><h2><strong>Funkce<\/strong><\/h2>\n<ul>\n<li>Virtu\u00e1ln\u00ed poloha hradu<\/li>\n<li>Informace k turistick\u00fdm stezk\u00e1m okolo hradu<\/li>\n<li>Informace o aktu\u00e1ln\u00edch ud\u00e1lostech<\/li>\n<li>V\u00edcejazy\u010dnost: n\u011bm\u010dina, angli\u010dtina a \u010de\u0161tina<\/li>\n<li>Text nebo audio pr\u016fvodce prohl\u00eddky hradu<\/li>\n<\/ul>\n<h3>Speci\u00e1ln\u00ed zv\u00fdrazn\u011bn\u00ed<\/h3>\n<p>Funkce pohlednice s 12 motivy.<\/p>\n<h3><\/h3>\n<h4><\/h4>\n<\/div><\/section><\/p><\/div><div class=\"flex_column av_one_half  flex_column_div av-zero-column-padding first  \" style='border-radius:0px; '><section class=\"av_textblock_section \"  itemscope=\"itemscope\" itemtype=\"https:\/\/schema.org\/CreativeWork\" ><div class='avia_textblock  '   itemprop=\"text\" ><h4>Zde si m\u016f\u017eete aplikaci hradu Rosenburg st\u00e1hnout<\/h4>\n<\/div><\/section><br \/>\n<div style=' margin-top:30; margin-bottom:30px;'  class='hr hr-custom hr-center hr-icon-no  '><span class='hr-inner   inner-border-av-border-none' style=' width:50px;' ><span class='hr-inner-style'><\/span><\/span><\/div><br \/>\n<div class='avia-image-container  av-styling-    avia-align-center '  itemprop=\"ImageObject\" itemscope=\"itemscope\" itemtype=\"https:\/\/schema.org\/ImageObject\"  ><div class='avia-image-container-inner'><a href='https:\/\/itunes.apple.com\/us\/app\/renaissanceschloss-rosenburg\/id1217811816?l=de&amp;ls=1&amp;mt=8' class='avia_image'   target=\"_blank\" ><img class='avia_image ' src='http:\/\/work25.lichtstark.com\/rb_wp\/wp-content\/uploads\/2017\/05\/Badge_Apple.jpg' alt='' title='App_Store_Badge_135x40_Master_062012'  itemprop=\"thumbnailUrl\"  \/><\/a><\/div><\/div><br \/>\n<div class='avia-image-container  av-styling-    avia-align-center '  itemprop=\"ImageObject\" itemscope=\"itemscope\" itemtype=\"https:\/\/schema.org\/ImageObject\"  ><div class='avia-image-container-inner'><a href='https:\/\/play.google.com\/store\/apps\/details?id=com.fluxguide.rosenburg' class='avia_image'   target=\"_blank\" ><img class='avia_image ' src='http:\/\/work25.lichtstark.com\/rb_wp\/wp-content\/uploads\/2017\/05\/Badge_Google-300x88.png' alt='' title='Badge_Google'  itemprop=\"thumbnailUrl\"  \/><\/a><\/div><\/div><\/p><\/div><\/p>\n<div class=\"flex_column av_one_half  flex_column_div av-zero-column-padding   \" style='border-radius:0px; '><div class='avia-gallery  avia-gallery-1 avia_lazyload avia_animate_when_visible '  itemprop=\"ImageObject\" itemscope=\"itemscope\" itemtype=\"https:\/\/schema.org\/ImageObject\" ><a class='avia-gallery-big fakeLightbox lightbox avia-gallery-big-crop-thumb ' href='http:\/\/work25.lichtstark.com\/rb_wp\/wp-content\/uploads\/2017\/05\/iPhone7plus-11.05.2017-12.21.18_iphone7plusgold_portrait-1030x1030.png'  data-onclick='1' title='' ><span class='avia-gallery-big-inner'  itemprop=\"thumbnailUrl\" >\t<img width='495' height='400' src='http:\/\/work25.lichtstark.com\/rb_wp\/wp-content\/uploads\/2017\/05\/iPhone7plus-11.05.2017-12.21.18_iphone7plusgold_portrait-495x400.png' title='iPhone7plus 11.05.2017, 12.21.18_iphone7plusgold_portrait' alt='' \/><\/span><\/a><div class='avia-gallery-thumb'> <a href='http:\/\/work25.lichtstark.com\/rb_wp\/wp-content\/uploads\/2017\/05\/iPhone7plus-11.05.2017-12.21.18_iphone7plusgold_portrait-1030x1030.png' data-rel='gallery-1' data-prev-img='http:\/\/work25.lichtstark.com\/rb_wp\/wp-content\/uploads\/2017\/05\/iPhone7plus-11.05.2017-12.21.18_iphone7plusgold_portrait-495x400.png' class='first_thumb lightbox ' data-onclick='1' title=''  itemprop=\"thumbnailUrl\" ><img  src='http:\/\/work25.lichtstark.com\/rb_wp\/wp-content\/uploads\/2017\/05\/iPhone7plus-11.05.2017-12.21.18_iphone7plusgold_portrait-495x400.png' width='495' height='400'  title='iPhone7plus 11.05.2017, 12.21.18_iphone7plusgold_portrait' alt='' \/><\/a> <a href='http:\/\/work25.lichtstark.com\/rb_wp\/wp-content\/uploads\/2017\/05\/iPhone7plus-11.05.2017-12.21.21_iphone7plusgold_portrait-1030x1030.png' data-rel='gallery-1' data-prev-img='http:\/\/work25.lichtstark.com\/rb_wp\/wp-content\/uploads\/2017\/05\/iPhone7plus-11.05.2017-12.21.21_iphone7plusgold_portrait-495x400.png' class='lightbox ' data-onclick='2' title=''  itemprop=\"thumbnailUrl\" ><img  src='http:\/\/work25.lichtstark.com\/rb_wp\/wp-content\/uploads\/2017\/05\/iPhone7plus-11.05.2017-12.21.21_iphone7plusgold_portrait-495x400.png' width='495' height='400'  title='iPhone7plus 11.05.2017, 12.21.21_iphone7plusgold_portrait' alt='' \/><\/a> <a href='http:\/\/work25.lichtstark.com\/rb_wp\/wp-content\/uploads\/2017\/05\/iPhone7plus-11.05.2017-12.21.24_iphone7plusgold_portrait-1030x1030.png' data-rel='gallery-1' data-prev-img='http:\/\/work25.lichtstark.com\/rb_wp\/wp-content\/uploads\/2017\/05\/iPhone7plus-11.05.2017-12.21.24_iphone7plusgold_portrait-495x400.png' class='lightbox ' data-onclick='3' title=''  itemprop=\"thumbnailUrl\" ><img  src='http:\/\/work25.lichtstark.com\/rb_wp\/wp-content\/uploads\/2017\/05\/iPhone7plus-11.05.2017-12.21.24_iphone7plusgold_portrait-495x400.png' width='495' height='400'  title='iPhone7plus 11.05.2017, 12.21.24_iphone7plusgold_portrait' alt='' \/><\/a> <a href='http:\/\/work25.lichtstark.com\/rb_wp\/wp-content\/uploads\/2017\/05\/iPhone7plus-11.05.2017-12.21.27_iphone7plusgold_portrait-1030x1030.png' data-rel='gallery-1' data-prev-img='http:\/\/work25.lichtstark.com\/rb_wp\/wp-content\/uploads\/2017\/05\/iPhone7plus-11.05.2017-12.21.27_iphone7plusgold_portrait-495x400.png' class='lightbox ' data-onclick='4' title=''  itemprop=\"thumbnailUrl\" ><img  src='http:\/\/work25.lichtstark.com\/rb_wp\/wp-content\/uploads\/2017\/05\/iPhone7plus-11.05.2017-12.21.27_iphone7plusgold_portrait-495x400.png' width='495' height='400'  title='iPhone7plus 11.05.2017, 12.21.27_iphone7plusgold_portrait' alt='' \/><\/a> <a href='http:\/\/work25.lichtstark.com\/rb_wp\/wp-content\/uploads\/2017\/05\/iPhone7plus-11.05.2017-12.21.39_iphone7plusgold_portrait-1030x1030.png' data-rel='gallery-1' data-prev-img='http:\/\/work25.lichtstark.com\/rb_wp\/wp-content\/uploads\/2017\/05\/iPhone7plus-11.05.2017-12.21.39_iphone7plusgold_portrait-495x400.png' class='lightbox ' data-onclick='5' title=''  itemprop=\"thumbnailUrl\" ><img  src='http:\/\/work25.lichtstark.com\/rb_wp\/wp-content\/uploads\/2017\/05\/iPhone7plus-11.05.2017-12.21.39_iphone7plusgold_portrait-495x400.png' width='495' height='400'  title='iPhone7plus 11.05.2017, 12.21.39_iphone7plusgold_portrait' alt='' \/><\/a><\/div><\/div><\/div>\n","protected":false},"excerpt":{"rendered":"","protected":false},"author":2,"featured_media":0,"parent":0,"menu_order":0,"comment_status":"closed","ping_status":"closed","template":"","meta":[],"_links":{"self":[{"href":"http:\/\/work25.lichtstark.com\/rb_wp\/cs\/wp-json\/wp\/v2\/pages\/11684"}],"collection":[{"href":"http:\/\/work25.lichtstark.com\/rb_wp\/cs\/wp-json\/wp\/v2\/pages"}],"about":[{"href":"http:\/\/work25.lichtstark.com\/rb_wp\/cs\/wp-json\/wp\/v2\/types\/page"}],"author":[{"embeddable":true,"href":"http:\/\/work25.lichtstark.com\/rb_wp\/cs\/wp-json\/wp\/v2\/users\/2"}],"replies":[{"embeddable":true,"href":"http:\/\/work25.lichtstark.com\/rb_wp\/cs\/wp-json\/wp\/v2\/comments?post=11684"}],"version-history":[{"count":8,"href":"http:\/\/work25.lichtstark.com\/rb_wp\/cs\/wp-json\/wp\/v2\/pages\/11684\/revisions"}],"predecessor-version":[{"id":11748,"href":"http:\/\/work25.lichtstark.com\/rb_wp\/cs\/wp-json\/wp\/v2\/pages\/11684\/revisions\/11748"}],"wp:attachment":[{"href":"http:\/\/work25.lichtstark.com\/rb_wp\/cs\/wp-json\/wp\/v2\/media?parent=11684"}],"curies":[{"name":"wp","href":"https:\/\/api.w.org\/{rel}","templated":true}]}}