{"id":10874,"date":"2018-04-19T10:41:26","date_gmt":"2018-04-19T08:41:26","guid":{"rendered":"http:\/\/work25.lichtstark.com\/rb_wp\/sonderausstellung\/"},"modified":"2020-05-27T21:24:13","modified_gmt":"2020-05-27T19:24:13","slug":"specialni-vystava","status":"publish","type":"page","link":"http:\/\/work25.lichtstark.com\/rb_wp\/cs\/specialni-vystava\/","title":{"rendered":"Speci\u00e1ln\u00ed v\u00fdstava &#8220;Cestovn\u00ed den\u00edky se probouzej\u00ed k \u017eivotu&#8221;"},"content":{"rendered":"<\/div><\/div><\/div><!-- close content main div --><\/div><\/div><div id='av_section_1' class='avia-section main_color avia-section-default avia-shadow avia-full-stretch avia-bg-style-scroll   av-minimum-height av-minimum-height-custom container_wrap fullsize' style = 'background-repeat: no-repeat; background-image: url(http:\/\/work25.lichtstark.com\/rb_wp\/wp-content\/uploads\/2020\/05\/SA20_Rosenburg@Lichtstark-11-1210x423.jpg); background-attachment: scroll; background-position: top left; ' data-section-bg-repeat='stretch' ><div class='container' style='height:350px'><div class='template-page content  av-content-full alpha units'><div class='post-entry post-entry-type-page post-entry-10874'><div class='entry-content-wrapper clearfix'>\n<div class=\"flex_column av_one_full  flex_column_div av-zero-column-padding first  \" style='border-radius:0px; '><p><div style='padding-bottom:10px;' class='av-special-heading av-special-heading-h1  blockquote modern-quote   '><h1 class='av-special-heading-tag '  itemprop=\"headline\"  >Cestovn\u00ed den\u00edky se probouzej\u00ed k \u017eivotu<\/h1><div class ='av-subheading av-subheading_below  ' style='font-size:15px;'><p>Africk\u00e1 expedice p\u00e1na z\u00e1mku Rosenburg v 19. Stolet\u00ed<\/p>\n<\/div><div class='special-heading-border'><div class='special-heading-inner-border' ><\/div><\/div><\/div><br \/>\n<div  class='hr hr-default  '><span class='hr-inner ' ><span class='hr-inner-style'><\/span><\/span><\/div><\/p><\/div>\n<div class=\"flex_column av_two_fifth  flex_column_div av-zero-column-padding first  \" style='border-radius:0px; '><p><section class=\"av_textblock_section \"  itemscope=\"itemscope\" itemtype=\"https:\/\/schema.org\/CreativeWork\" ><div class='avia_textblock  '   itemprop=\"text\" ><p><em>Kur\u00e1torky v\u00fdstavy:<br \/>\nClaudia Rapberger a Daniela Horvath<\/em><\/p>\n<hr \/>\n<p>Po tragick\u00e9 p\u0159ed\u010dasn\u00e9 smrti jeho milovan\u00e9 \u017eeny se b\u00fdval\u00fd z\u00e1meck\u00fd p\u00e1n z\u00e1mku Rosenburg, hrab\u011b Ernst Carl Hoyos \u2013 Sprinzenstein, siln\u011bj\u0161\u00ed jako kdy p\u0159edt\u00edm, vzd\u00e1lil do ciziny. P\u0159\u00ed hled\u00e1n\u00ed po podm\u00ednk\u00e1ch a dobrodru\u017estv\u00ed se vydal na doposud neprozkouman\u00e9 kontinenty.<\/p>\n<p>V listopadu 1893 se vydal na cestu po Somaliland, p\u0159il\u00e1k\u00e1n africk\u00fdm kouzlem. Sv\u00e9 z\u00e1\u017eitky uschoval v rozs\u00e1hl\u00fdch dokumentech, kter\u00e9 si rodina Hoyoys uchov\u00e1vala des\u00edtky let. Jako odpov\u00eddaj\u00edc\u00ed \u010dl\u00e1nek geografick\u00e9 spole\u010dnosti p\u0159inesl pro svou expedici topografick\u00e9 jako tak\u00e9 i p\u0159\u00edrodov\u011bdeck\u00e9 data.<\/p>\n<p>Sou\u010dasn\u00e1 mimo\u0159\u00e1dn\u00e1 v\u00fdstava p\u0159edstavuje dosud nepublikovan\u00e9 dokumenty ze soukrom\u00e9ho archivu rodiny Hoyos. Krom\u011b osobn\u00edch poznatk\u016f z jeho cest z 19. stolet\u00ed existuje tak\u00e9 mnoho informaci o karavanech, vybaven\u00ed na safari a nebezpe\u010d\u00ed b\u011bhem expedice. Tyhle t\u00e9mata budou prezentov\u00e1na v m\u00edstnostech, kter\u00e9 doposud nebyly p\u0159\u00edstupn\u00e9 n\u00e1v\u0161t\u011bvn\u00edk\u016fm. V\u00fdstava nab\u00edz\u00ed interaktivn\u00ed stanice a proto je ide\u00e1ln\u00ed pro objevitele v\u0161ech v\u011bkov\u00fdch kategori\u00ed.<\/p>\n<hr \/>\n<h6><\/h6>\n<\/div><\/section><br \/>\n<div style=' margin-top:30px; margin-bottom:30px;'  class='hr hr-custom hr-center hr-icon-yes  '><span class='hr-inner   inner-border-av-border-thin' style=' width:50px; border-color:#ffffff;' ><span class='hr-inner-style'><\/span><\/span><span class='av-seperator-icon'  aria-hidden='true' data-av_icon='\ue808' data-av_iconfont='entypo-fontello'><\/span><span class='hr-inner   inner-border-av-border-thin' style=' width:50px; border-color:#ffffff;' ><span class='hr-inner-style'><\/span><\/span><\/div><br \/>\n<section class=\"av_textblock_section \"  itemscope=\"itemscope\" itemtype=\"https:\/\/schema.org\/CreativeWork\" ><div class='avia_textblock  '   itemprop=\"text\" ><h3><\/h3>\n<p>V\u00fdstavu lze nav\u0161t\u00edvit ve v\u0161echny otev\u0159en\u00e9 dny. Nab\u00edz\u00edme tak\u00e9 prohl\u00eddky od na\u0161ich zku\u0161en\u00fdch kulturn\u00edch zprost\u0159edkovatel\u016f \u2013 nutn\u00e1 registrace.<\/p>\n<p>Ka\u017edou ned\u011bli ve 12 hodin se kon\u00e1 osobn\u00ed prohl\u00eddka. Ka\u017edou posledn\u00ed ned\u011bli prov\u00e1d\u011bj\u00ed v\u00fdstavu osobn\u011b samotn\u00e9 kur\u00e1torky &#8211; absolutn\u00ed vrchol leto\u0161n\u00edho roku!<\/p>\n<\/div><\/section><br \/>\n<div  class='hr hr-default  '><span class='hr-inner ' ><span class='hr-inner-style'><\/span><\/span><\/div><br \/>\n<section class=\"av_textblock_section \"  itemscope=\"itemscope\" itemtype=\"https:\/\/schema.org\/CreativeWork\" ><div class='avia_textblock  '   itemprop=\"text\" ><h3>Download the Rosenburg APP<\/h3>\n<\/div><\/section><br \/>\n<div style=' margin-top:30; margin-bottom:30px;'  class='hr hr-custom hr-center hr-icon-no  '><span class='hr-inner   inner-border-av-border-none' style=' width:50px;' ><span class='hr-inner-style'><\/span><\/span><\/div><br \/>\n<div class='avia-image-container  av-styling-    avia-align-center '  itemprop=\"ImageObject\" itemscope=\"itemscope\" itemtype=\"https:\/\/schema.org\/ImageObject\"  ><div class='avia-image-container-inner'><img class='avia_image ' src='http:\/\/work25.lichtstark.com\/rb_wp\/wp-content\/uploads\/2017\/05\/iPhone7plus-11.05.2017-12.21.27_iphone7plusgold_portrait-300x300.png' alt='' title='iPhone7plus 11.05.2017, 12.21.27_iphone7plusgold_portrait'   itemprop=\"thumbnailUrl\"  \/><\/div><\/div><br \/>\n<div class='avia-image-container  av-styling-    avia-align-center '  itemprop=\"ImageObject\" itemscope=\"itemscope\" itemtype=\"https:\/\/schema.org\/ImageObject\"  ><div class='avia-image-container-inner'><a href='https:\/\/play.google.com\/store\/apps\/details?id=com.fluxguide.rosenburg' class='avia_image'   target=\"_blank\" ><img class='avia_image ' src='http:\/\/work25.lichtstark.com\/rb_wp\/wp-content\/uploads\/2017\/05\/Badge_Google-e1524254757890.png' alt='' title='Badge_Google'  itemprop=\"thumbnailUrl\"  \/><\/a><\/div><\/div><br \/>\n<div class='avia-image-container  av-styling-    avia-align-center '  itemprop=\"ImageObject\" itemscope=\"itemscope\" itemtype=\"https:\/\/schema.org\/ImageObject\"  ><div class='avia-image-container-inner'><a href='https:\/\/itunes.apple.com\/us\/app\/renaissanceschloss-rosenburg\/id1217811816?l=de&amp;ls=1&amp;mt=8' class='avia_image'   target=\"_blank\" ><img class='avia_image ' src='http:\/\/work25.lichtstark.com\/rb_wp\/wp-content\/uploads\/2017\/05\/Badge_Apple.jpg' alt='' title='App_Store_Badge_135x40_Master_062012'  itemprop=\"thumbnailUrl\"  \/><\/a><\/div><\/div><\/p><\/div><div class=\"flex_column av_two_fifth  flex_column_div av-zero-column-padding   \" style='border-radius:0px; '><p><div class='avia-image-container avia_animated_image avia_animate_when_almost_visible bottom-to-top av-styling-    avia-align-center '  itemprop=\"ImageObject\" itemscope=\"itemscope\" itemtype=\"https:\/\/schema.org\/ImageObject\"  ><div class='avia-image-container-inner'><img class='avia_image ' src='http:\/\/work25.lichtstark.com\/rb_wp\/wp-content\/uploads\/2020\/05\/Plakat_A2ohne-267x300.jpg' alt='' title='Soderausstellung Schloss Rosenburg'   itemprop=\"thumbnailUrl\"  \/><\/div><\/div><br \/>\n<div class='avia-gallery  avia-gallery-1 avia_lazyload avia_animate_when_visible '  itemprop=\"ImageObject\" itemscope=\"itemscope\" itemtype=\"https:\/\/schema.org\/ImageObject\" ><a class='avia-gallery-big fakeLightbox lightbox avia-gallery-big-crop-thumb ' href='http:\/\/work25.lichtstark.com\/rb_wp\/wp-content\/uploads\/2020\/05\/SA20_Rosenburg@Lichtstark-14-1030x705.jpg'  data-onclick='1' title='' ><span class='avia-gallery-big-inner'  itemprop=\"thumbnailUrl\" >\t<img width='495' height='400' src='http:\/\/work25.lichtstark.com\/rb_wp\/wp-content\/uploads\/2020\/05\/SA20_Rosenburg@Lichtstark-14-495x400.jpg' title='SA20_Rosenburg@Lichtstark 14' alt='' \/><\/span><\/a><div class='avia-gallery-thumb'> <a href='http:\/\/work25.lichtstark.com\/rb_wp\/wp-content\/uploads\/2020\/05\/SA20_Rosenburg@Lichtstark-14-1030x705.jpg' data-rel='gallery-1' data-prev-img='http:\/\/work25.lichtstark.com\/rb_wp\/wp-content\/uploads\/2020\/05\/SA20_Rosenburg@Lichtstark-14-495x400.jpg' class='first_thumb lightbox ' data-onclick='1' title=''  itemprop=\"thumbnailUrl\" ><img  src='http:\/\/work25.lichtstark.com\/rb_wp\/wp-content\/uploads\/2020\/05\/SA20_Rosenburg@Lichtstark-14-180x180.jpg' width='180' height='180'  title='SA20_Rosenburg@Lichtstark 14' alt='' \/><\/a> <a href='http:\/\/work25.lichtstark.com\/rb_wp\/wp-content\/uploads\/2020\/05\/sonderausstellung_rosenburg@Lichtstark_X1A4640-1030x705.jpg' data-rel='gallery-1' data-prev-img='http:\/\/work25.lichtstark.com\/rb_wp\/wp-content\/uploads\/2020\/05\/sonderausstellung_rosenburg@Lichtstark_X1A4640-495x400.jpg' class='lightbox ' data-onclick='2' title=''  itemprop=\"thumbnailUrl\" ><img  src='http:\/\/work25.lichtstark.com\/rb_wp\/wp-content\/uploads\/2020\/05\/sonderausstellung_rosenburg@Lichtstark_X1A4640-180x180.jpg' width='180' height='180'  title='sonderausstellung_rosenburg@Lichtstark_X1A4640' alt='' \/><\/a> <a href='http:\/\/work25.lichtstark.com\/rb_wp\/wp-content\/uploads\/2020\/05\/SA20_Rosenburg@Lichtstark-3-1030x705.jpg' data-rel='gallery-1' data-prev-img='http:\/\/work25.lichtstark.com\/rb_wp\/wp-content\/uploads\/2020\/05\/SA20_Rosenburg@Lichtstark-3-495x400.jpg' class='lightbox ' data-onclick='3' title=''  itemprop=\"thumbnailUrl\" ><img  src='http:\/\/work25.lichtstark.com\/rb_wp\/wp-content\/uploads\/2020\/05\/SA20_Rosenburg@Lichtstark-3-180x180.jpg' width='180' height='180'  title='SA20_Rosenburg@Lichtstark 3' alt='' \/><\/a> <a href='http:\/\/work25.lichtstark.com\/rb_wp\/wp-content\/uploads\/2020\/05\/SA20_Rosenburg@Lichtstark-4-1030x705.jpg' data-rel='gallery-1' data-prev-img='http:\/\/work25.lichtstark.com\/rb_wp\/wp-content\/uploads\/2020\/05\/SA20_Rosenburg@Lichtstark-4-495x400.jpg' class='lightbox ' data-onclick='4' title=''  itemprop=\"thumbnailUrl\" ><img  src='http:\/\/work25.lichtstark.com\/rb_wp\/wp-content\/uploads\/2020\/05\/SA20_Rosenburg@Lichtstark-4-180x180.jpg' width='180' height='180'  title='SA20_Rosenburg@Lichtstark 4' alt='' \/><\/a> <a href='http:\/\/work25.lichtstark.com\/rb_wp\/wp-content\/uploads\/2020\/05\/SA20_Rosenburg@Lichtstark-8-1030x705.jpg' data-rel='gallery-1' data-prev-img='http:\/\/work25.lichtstark.com\/rb_wp\/wp-content\/uploads\/2020\/05\/SA20_Rosenburg@Lichtstark-8-495x400.jpg' class='lightbox ' data-onclick='5' title=''  itemprop=\"thumbnailUrl\" ><img  src='http:\/\/work25.lichtstark.com\/rb_wp\/wp-content\/uploads\/2020\/05\/SA20_Rosenburg@Lichtstark-8-180x180.jpg' width='180' height='180'  title='SA20_Rosenburg@Lichtstark 8' alt='' \/><\/a> <a href='http:\/\/work25.lichtstark.com\/rb_wp\/wp-content\/uploads\/2020\/05\/SA20_Rosenburg@Lichtstark-10-1030x705.jpg' data-rel='gallery-1' data-prev-img='http:\/\/work25.lichtstark.com\/rb_wp\/wp-content\/uploads\/2020\/05\/SA20_Rosenburg@Lichtstark-10-495x400.jpg' class='first_thumb lightbox ' data-onclick='6' title=''  itemprop=\"thumbnailUrl\" ><img  src='http:\/\/work25.lichtstark.com\/rb_wp\/wp-content\/uploads\/2020\/05\/SA20_Rosenburg@Lichtstark-10-180x180.jpg' width='180' height='180'  title='SA20_Rosenburg@Lichtstark 10' alt='' \/><\/a> <a href='http:\/\/work25.lichtstark.com\/rb_wp\/wp-content\/uploads\/2020\/05\/SA20_Rosenburg@Lichtstark-12-1030x705.jpg' data-rel='gallery-1' data-prev-img='http:\/\/work25.lichtstark.com\/rb_wp\/wp-content\/uploads\/2020\/05\/SA20_Rosenburg@Lichtstark-12-495x400.jpg' class='lightbox ' data-onclick='7' title=''  itemprop=\"thumbnailUrl\" ><img  src='http:\/\/work25.lichtstark.com\/rb_wp\/wp-content\/uploads\/2020\/05\/SA20_Rosenburg@Lichtstark-12-180x180.jpg' width='180' height='180'  title='SA20_Rosenburg@Lichtstark 12' alt='' \/><\/a> <a href='http:\/\/work25.lichtstark.com\/rb_wp\/wp-content\/uploads\/2020\/05\/SA20_Rosenburg@Lichtstark-20-1030x705.jpg' data-rel='gallery-1' data-prev-img='http:\/\/work25.lichtstark.com\/rb_wp\/wp-content\/uploads\/2020\/05\/SA20_Rosenburg@Lichtstark-20-495x400.jpg' class='lightbox ' data-onclick='8' title=''  itemprop=\"thumbnailUrl\" ><img  src='http:\/\/work25.lichtstark.com\/rb_wp\/wp-content\/uploads\/2020\/05\/SA20_Rosenburg@Lichtstark-20-180x180.jpg' width='180' height='180'  title='SA20_Rosenburg@Lichtstark 20' alt='' \/><\/a> <a href='http:\/\/work25.lichtstark.com\/rb_wp\/wp-content\/uploads\/2020\/05\/SA20_Rosenburg@Lichtstark-15-1030x705.jpg' data-rel='gallery-1' data-prev-img='http:\/\/work25.lichtstark.com\/rb_wp\/wp-content\/uploads\/2020\/05\/SA20_Rosenburg@Lichtstark-15-495x400.jpg' class='lightbox ' data-onclick='9' title=''  itemprop=\"thumbnailUrl\" ><img  src='http:\/\/work25.lichtstark.com\/rb_wp\/wp-content\/uploads\/2020\/05\/SA20_Rosenburg@Lichtstark-15-180x180.jpg' width='180' height='180'  title='SA20_Rosenburg@Lichtstark 15' alt='' \/><\/a> <a href='http:\/\/work25.lichtstark.com\/rb_wp\/wp-content\/uploads\/2020\/05\/SA20_Rosenburg@Lichtstark-1030x705.jpg' data-rel='gallery-1' data-prev-img='http:\/\/work25.lichtstark.com\/rb_wp\/wp-content\/uploads\/2020\/05\/SA20_Rosenburg@Lichtstark-495x400.jpg' class='lightbox ' data-onclick='10' title=''  itemprop=\"thumbnailUrl\" ><img  src='http:\/\/work25.lichtstark.com\/rb_wp\/wp-content\/uploads\/2020\/05\/SA20_Rosenburg@Lichtstark-180x180.jpg' width='180' height='180'  title='SA20_Rosenburg@Lichtstark' alt='' \/><\/a> <a href='http:\/\/work25.lichtstark.com\/rb_wp\/wp-content\/uploads\/2020\/05\/sonderausstellung_rosenburg@Lichtstark_X1A4598-1030x705.jpg' data-rel='gallery-1' data-prev-img='http:\/\/work25.lichtstark.com\/rb_wp\/wp-content\/uploads\/2020\/05\/sonderausstellung_rosenburg@Lichtstark_X1A4598-495x400.jpg' class='first_thumb lightbox ' data-onclick='11' title=''  itemprop=\"thumbnailUrl\" ><img  src='http:\/\/work25.lichtstark.com\/rb_wp\/wp-content\/uploads\/2020\/05\/sonderausstellung_rosenburg@Lichtstark_X1A4598-180x180.jpg' width='180' height='180'  title='sonderausstellung_rosenburg@Lichtstark_X1A4598' alt='' \/><\/a> <a href='http:\/\/work25.lichtstark.com\/rb_wp\/wp-content\/uploads\/2020\/05\/sonderausstellung_rosenburg@Lichtstark_X1A4622-1030x705.jpg' data-rel='gallery-1' data-prev-img='http:\/\/work25.lichtstark.com\/rb_wp\/wp-content\/uploads\/2020\/05\/sonderausstellung_rosenburg@Lichtstark_X1A4622-495x400.jpg' class='lightbox ' data-onclick='12' title=''  itemprop=\"thumbnailUrl\" ><img  src='http:\/\/work25.lichtstark.com\/rb_wp\/wp-content\/uploads\/2020\/05\/sonderausstellung_rosenburg@Lichtstark_X1A4622-180x180.jpg' width='180' height='180'  title='sonderausstellung_rosenburg@Lichtstark_X1A4622' alt='' \/><\/a> <a href='http:\/\/work25.lichtstark.com\/rb_wp\/wp-content\/uploads\/2020\/05\/sonderausstellung_rosenburg@Lichtstark_X1A4623-1030x705.jpg' data-rel='gallery-1' data-prev-img='http:\/\/work25.lichtstark.com\/rb_wp\/wp-content\/uploads\/2020\/05\/sonderausstellung_rosenburg@Lichtstark_X1A4623-495x400.jpg' class='lightbox ' data-onclick='13' title=''  itemprop=\"thumbnailUrl\" ><img  src='http:\/\/work25.lichtstark.com\/rb_wp\/wp-content\/uploads\/2020\/05\/sonderausstellung_rosenburg@Lichtstark_X1A4623-180x180.jpg' width='180' height='180'  title='sonderausstellung_rosenburg@Lichtstark_X1A4623' alt='' \/><\/a> <a href='http:\/\/work25.lichtstark.com\/rb_wp\/wp-content\/uploads\/2020\/05\/sonderausstellung_rosenburg@Lichtstark_X1A4625-1030x705.jpg' data-rel='gallery-1' data-prev-img='http:\/\/work25.lichtstark.com\/rb_wp\/wp-content\/uploads\/2020\/05\/sonderausstellung_rosenburg@Lichtstark_X1A4625-495x400.jpg' class='lightbox ' data-onclick='14' title=''  itemprop=\"thumbnailUrl\" ><img  src='http:\/\/work25.lichtstark.com\/rb_wp\/wp-content\/uploads\/2020\/05\/sonderausstellung_rosenburg@Lichtstark_X1A4625-180x180.jpg' width='180' height='180'  title='sonderausstellung_rosenburg@Lichtstark_X1A4625' alt='' \/><\/a> <a href='http:\/\/work25.lichtstark.com\/rb_wp\/wp-content\/uploads\/2020\/05\/sonderausstellung_rosenburg@Lichtstark_X1A4597-1030x705.jpg' data-rel='gallery-1' data-prev-img='http:\/\/work25.lichtstark.com\/rb_wp\/wp-content\/uploads\/2020\/05\/sonderausstellung_rosenburg@Lichtstark_X1A4597-495x400.jpg' class='lightbox ' data-onclick='15' title=''  itemprop=\"thumbnailUrl\" ><img  src='http:\/\/work25.lichtstark.com\/rb_wp\/wp-content\/uploads\/2020\/05\/sonderausstellung_rosenburg@Lichtstark_X1A4597-180x180.jpg' width='180' height='180'  title='sonderausstellung_rosenburg@Lichtstark_X1A4597' alt='' \/><\/a><\/div><\/div><\/p><\/div><\/p>\n","protected":false},"excerpt":{"rendered":"","protected":false},"author":2,"featured_media":0,"parent":0,"menu_order":0,"comment_status":"closed","ping_status":"closed","template":"","meta":[],"_links":{"self":[{"href":"http:\/\/work25.lichtstark.com\/rb_wp\/cs\/wp-json\/wp\/v2\/pages\/10874"}],"collection":[{"href":"http:\/\/work25.lichtstark.com\/rb_wp\/cs\/wp-json\/wp\/v2\/pages"}],"about":[{"href":"http:\/\/work25.lichtstark.com\/rb_wp\/cs\/wp-json\/wp\/v2\/types\/page"}],"author":[{"embeddable":true,"href":"http:\/\/work25.lichtstark.com\/rb_wp\/cs\/wp-json\/wp\/v2\/users\/2"}],"replies":[{"embeddable":true,"href":"http:\/\/work25.lichtstark.com\/rb_wp\/cs\/wp-json\/wp\/v2\/comments?post=10874"}],"version-history":[{"count":12,"href":"http:\/\/work25.lichtstark.com\/rb_wp\/cs\/wp-json\/wp\/v2\/pages\/10874\/revisions"}],"predecessor-version":[{"id":10885,"href":"http:\/\/work25.lichtstark.com\/rb_wp\/cs\/wp-json\/wp\/v2\/pages\/10874\/revisions\/10885"}],"wp:attachment":[{"href":"http:\/\/work25.lichtstark.com\/rb_wp\/cs\/wp-json\/wp\/v2\/media?parent=10874"}],"curies":[{"name":"wp","href":"https:\/\/api.w.org\/{rel}","templated":true}]}}